{"id":1119,"date":"2022-02-08T22:00:38","date_gmt":"2022-02-08T22:00:38","guid":{"rendered":"https:\/\/mat.uab.cat\/web\/agusti\/?page_id=1119"},"modified":"2022-02-08T22:05:46","modified_gmt":"2022-02-08T22:05:46","slug":"pailheres-25-06-2006","status":"publish","type":"page","link":"https:\/\/mat.uab.cat\/web\/agusti\/pailheres-25-06-2006\/","title":{"rendered":"Pailheres (25-06-2006)"},"content":{"rendered":"<p><a href=\"http:\/\/mat.uab.cat\/web\/agusti\/wp-content\/uploads\/sites\/13\/2022\/02\/5F418EC9-F687-484E-A9E6-B384FDECB353_1_105_c.jpeg\"><img loading=\"lazy\" decoding=\"async\" class=\"alignnone size-medium wp-image-1120\" src=\"http:\/\/mat.uab.cat\/web\/agusti\/wp-content\/uploads\/sites\/13\/2022\/02\/5F418EC9-F687-484E-A9E6-B384FDECB353_1_105_c-300x202.jpeg\" alt=\"\" width=\"300\" height=\"202\" srcset=\"https:\/\/mat.uab.cat\/web\/agusti\/wp-content\/uploads\/sites\/13\/2022\/02\/5F418EC9-F687-484E-A9E6-B384FDECB353_1_105_c-300x202.jpeg 300w, https:\/\/mat.uab.cat\/web\/agusti\/wp-content\/uploads\/sites\/13\/2022\/02\/5F418EC9-F687-484E-A9E6-B384FDECB353_1_105_c-768x517.jpeg 768w, https:\/\/mat.uab.cat\/web\/agusti\/wp-content\/uploads\/sites\/13\/2022\/02\/5F418EC9-F687-484E-A9E6-B384FDECB353_1_105_c-624x420.jpeg 624w, https:\/\/mat.uab.cat\/web\/agusti\/wp-content\/uploads\/sites\/13\/2022\/02\/5F418EC9-F687-484E-A9E6-B384FDECB353_1_105_c.jpeg 1024w\" sizes=\"auto, (max-width: 300px) 100vw, 300px\" \/><\/a> <a href=\"http:\/\/mat.uab.cat\/web\/agusti\/wp-content\/uploads\/sites\/13\/2022\/02\/FF80EC94-B9C4-411E-9C98-36A80FD8FE8E_1_105_c.jpeg\"><img loading=\"lazy\" decoding=\"async\" class=\"alignnone size-medium wp-image-1121\" src=\"http:\/\/mat.uab.cat\/web\/agusti\/wp-content\/uploads\/sites\/13\/2022\/02\/FF80EC94-B9C4-411E-9C98-36A80FD8FE8E_1_105_c-300x204.jpeg\" alt=\"\" width=\"300\" height=\"204\" srcset=\"https:\/\/mat.uab.cat\/web\/agusti\/wp-content\/uploads\/sites\/13\/2022\/02\/FF80EC94-B9C4-411E-9C98-36A80FD8FE8E_1_105_c-300x204.jpeg 300w, https:\/\/mat.uab.cat\/web\/agusti\/wp-content\/uploads\/sites\/13\/2022\/02\/FF80EC94-B9C4-411E-9C98-36A80FD8FE8E_1_105_c-768x524.jpeg 768w, https:\/\/mat.uab.cat\/web\/agusti\/wp-content\/uploads\/sites\/13\/2022\/02\/FF80EC94-B9C4-411E-9C98-36A80FD8FE8E_1_105_c-624x425.jpeg 624w, https:\/\/mat.uab.cat\/web\/agusti\/wp-content\/uploads\/sites\/13\/2022\/02\/FF80EC94-B9C4-411E-9C98-36A80FD8FE8E_1_105_c.jpeg 1024w\" sizes=\"auto, (max-width: 300px) 100vw, 300px\" \/><\/a> <a href=\"http:\/\/mat.uab.cat\/web\/agusti\/wp-content\/uploads\/sites\/13\/2022\/02\/24B64EA6-82A6-40A2-9C01-BC4E5C79731F_1_105_c.jpeg\"><img loading=\"lazy\" decoding=\"async\" class=\"alignnone size-medium wp-image-1122\" src=\"http:\/\/mat.uab.cat\/web\/agusti\/wp-content\/uploads\/sites\/13\/2022\/02\/24B64EA6-82A6-40A2-9C01-BC4E5C79731F_1_105_c-300x206.jpeg\" alt=\"\" width=\"300\" height=\"206\" srcset=\"https:\/\/mat.uab.cat\/web\/agusti\/wp-content\/uploads\/sites\/13\/2022\/02\/24B64EA6-82A6-40A2-9C01-BC4E5C79731F_1_105_c-300x206.jpeg 300w, https:\/\/mat.uab.cat\/web\/agusti\/wp-content\/uploads\/sites\/13\/2022\/02\/24B64EA6-82A6-40A2-9C01-BC4E5C79731F_1_105_c-768x528.jpeg 768w, https:\/\/mat.uab.cat\/web\/agusti\/wp-content\/uploads\/sites\/13\/2022\/02\/24B64EA6-82A6-40A2-9C01-BC4E5C79731F_1_105_c-624x429.jpeg 624w, https:\/\/mat.uab.cat\/web\/agusti\/wp-content\/uploads\/sites\/13\/2022\/02\/24B64EA6-82A6-40A2-9C01-BC4E5C79731F_1_105_c.jpeg 1024w\" sizes=\"auto, (max-width: 300px) 100vw, 300px\" \/><\/a> <a href=\"http:\/\/mat.uab.cat\/web\/agusti\/wp-content\/uploads\/sites\/13\/2022\/02\/DB77CC41-7ED2-44C7-B246-619CA6BD9DFF.jpeg\"><img loading=\"lazy\" decoding=\"async\" class=\"alignnone size-medium wp-image-1123\" src=\"http:\/\/mat.uab.cat\/web\/agusti\/wp-content\/uploads\/sites\/13\/2022\/02\/DB77CC41-7ED2-44C7-B246-619CA6BD9DFF-203x300.jpeg\" alt=\"\" width=\"203\" height=\"300\" srcset=\"https:\/\/mat.uab.cat\/web\/agusti\/wp-content\/uploads\/sites\/13\/2022\/02\/DB77CC41-7ED2-44C7-B246-619CA6BD9DFF-203x300.jpeg 203w, https:\/\/mat.uab.cat\/web\/agusti\/wp-content\/uploads\/sites\/13\/2022\/02\/DB77CC41-7ED2-44C7-B246-619CA6BD9DFF.jpeg 601w\" sizes=\"auto, (max-width: 203px) 100vw, 203px\" \/><\/a> <a href=\"http:\/\/mat.uab.cat\/web\/agusti\/wp-content\/uploads\/sites\/13\/2022\/02\/4DF8E598-940B-43A9-B643-1B64A9F18CCF_1_105_c.jpeg\"><img loading=\"lazy\" decoding=\"async\" class=\"alignnone size-medium wp-image-1124\" src=\"http:\/\/mat.uab.cat\/web\/agusti\/wp-content\/uploads\/sites\/13\/2022\/02\/4DF8E598-940B-43A9-B643-1B64A9F18CCF_1_105_c-300x203.jpeg\" alt=\"\" width=\"300\" height=\"203\" srcset=\"https:\/\/mat.uab.cat\/web\/agusti\/wp-content\/uploads\/sites\/13\/2022\/02\/4DF8E598-940B-43A9-B643-1B64A9F18CCF_1_105_c-300x203.jpeg 300w, https:\/\/mat.uab.cat\/web\/agusti\/wp-content\/uploads\/sites\/13\/2022\/02\/4DF8E598-940B-43A9-B643-1B64A9F18CCF_1_105_c-768x520.jpeg 768w, https:\/\/mat.uab.cat\/web\/agusti\/wp-content\/uploads\/sites\/13\/2022\/02\/4DF8E598-940B-43A9-B643-1B64A9F18CCF_1_105_c-624x422.jpeg 624w, https:\/\/mat.uab.cat\/web\/agusti\/wp-content\/uploads\/sites\/13\/2022\/02\/4DF8E598-940B-43A9-B643-1B64A9F18CCF_1_105_c.jpeg 1024w\" sizes=\"auto, (max-width: 300px) 100vw, 300px\" \/><\/a> <a href=\"http:\/\/mat.uab.cat\/web\/agusti\/wp-content\/uploads\/sites\/13\/2022\/02\/22474D6A-EB7A-4C54-8B5F-4D940880ABFC_1_105_c.jpeg\"><img loading=\"lazy\" decoding=\"async\" class=\"alignnone size-medium wp-image-1125\" src=\"http:\/\/mat.uab.cat\/web\/agusti\/wp-content\/uploads\/sites\/13\/2022\/02\/22474D6A-EB7A-4C54-8B5F-4D940880ABFC_1_105_c-202x300.jpeg\" alt=\"\" width=\"202\" height=\"300\" srcset=\"https:\/\/mat.uab.cat\/web\/agusti\/wp-content\/uploads\/sites\/13\/2022\/02\/22474D6A-EB7A-4C54-8B5F-4D940880ABFC_1_105_c-202x300.jpeg 202w, https:\/\/mat.uab.cat\/web\/agusti\/wp-content\/uploads\/sites\/13\/2022\/02\/22474D6A-EB7A-4C54-8B5F-4D940880ABFC_1_105_c-624x926.jpeg 624w, https:\/\/mat.uab.cat\/web\/agusti\/wp-content\/uploads\/sites\/13\/2022\/02\/22474D6A-EB7A-4C54-8B5F-4D940880ABFC_1_105_c.jpeg 690w\" sizes=\"auto, (max-width: 202px) 100vw, 202px\" \/><\/a> <a href=\"http:\/\/mat.uab.cat\/web\/agusti\/wp-content\/uploads\/sites\/13\/2022\/02\/94634224-2E99-4FD9-92A6-805A7E3DE8F8_1_105_c.jpeg\"><img loading=\"lazy\" decoding=\"async\" class=\"alignnone size-medium wp-image-1126\" src=\"http:\/\/mat.uab.cat\/web\/agusti\/wp-content\/uploads\/sites\/13\/2022\/02\/94634224-2E99-4FD9-92A6-805A7E3DE8F8_1_105_c-300x204.jpeg\" alt=\"\" width=\"300\" height=\"204\" srcset=\"https:\/\/mat.uab.cat\/web\/agusti\/wp-content\/uploads\/sites\/13\/2022\/02\/94634224-2E99-4FD9-92A6-805A7E3DE8F8_1_105_c-300x204.jpeg 300w, https:\/\/mat.uab.cat\/web\/agusti\/wp-content\/uploads\/sites\/13\/2022\/02\/94634224-2E99-4FD9-92A6-805A7E3DE8F8_1_105_c-768x522.jpeg 768w, https:\/\/mat.uab.cat\/web\/agusti\/wp-content\/uploads\/sites\/13\/2022\/02\/94634224-2E99-4FD9-92A6-805A7E3DE8F8_1_105_c-624x424.jpeg 624w, https:\/\/mat.uab.cat\/web\/agusti\/wp-content\/uploads\/sites\/13\/2022\/02\/94634224-2E99-4FD9-92A6-805A7E3DE8F8_1_105_c.jpeg 1024w\" sizes=\"auto, (max-width: 300px) 100vw, 300px\" \/><\/a> <a href=\"http:\/\/mat.uab.cat\/web\/agusti\/wp-content\/uploads\/sites\/13\/2022\/02\/77A5668C-11F4-4191-93A1-BDDDB3E0ED50_1_105_c.jpeg\"><img loading=\"lazy\" decoding=\"async\" class=\"alignnone size-medium wp-image-1127\" src=\"http:\/\/mat.uab.cat\/web\/agusti\/wp-content\/uploads\/sites\/13\/2022\/02\/77A5668C-11F4-4191-93A1-BDDDB3E0ED50_1_105_c-300x201.jpeg\" alt=\"\" width=\"300\" height=\"201\" srcset=\"https:\/\/mat.uab.cat\/web\/agusti\/wp-content\/uploads\/sites\/13\/2022\/02\/77A5668C-11F4-4191-93A1-BDDDB3E0ED50_1_105_c-300x201.jpeg 300w, https:\/\/mat.uab.cat\/web\/agusti\/wp-content\/uploads\/sites\/13\/2022\/02\/77A5668C-11F4-4191-93A1-BDDDB3E0ED50_1_105_c-768x515.jpeg 768w, https:\/\/mat.uab.cat\/web\/agusti\/wp-content\/uploads\/sites\/13\/2022\/02\/77A5668C-11F4-4191-93A1-BDDDB3E0ED50_1_105_c-624x419.jpeg 624w, https:\/\/mat.uab.cat\/web\/agusti\/wp-content\/uploads\/sites\/13\/2022\/02\/77A5668C-11F4-4191-93A1-BDDDB3E0ED50_1_105_c.jpeg 1024w\" sizes=\"auto, (max-width: 300px) 100vw, 300px\" \/><\/a> <a href=\"http:\/\/mat.uab.cat\/web\/agusti\/wp-content\/uploads\/sites\/13\/2022\/02\/578B850D-B01B-4A5D-9355-E6A6EF99F26C_1_105_c.jpeg\"><img loading=\"lazy\" decoding=\"async\" class=\"alignnone size-medium wp-image-1128\" src=\"http:\/\/mat.uab.cat\/web\/agusti\/wp-content\/uploads\/sites\/13\/2022\/02\/578B850D-B01B-4A5D-9355-E6A6EF99F26C_1_105_c-300x206.jpeg\" alt=\"\" width=\"300\" height=\"206\" srcset=\"https:\/\/mat.uab.cat\/web\/agusti\/wp-content\/uploads\/sites\/13\/2022\/02\/578B850D-B01B-4A5D-9355-E6A6EF99F26C_1_105_c-300x206.jpeg 300w, https:\/\/mat.uab.cat\/web\/agusti\/wp-content\/uploads\/sites\/13\/2022\/02\/578B850D-B01B-4A5D-9355-E6A6EF99F26C_1_105_c-768x528.jpeg 768w, https:\/\/mat.uab.cat\/web\/agusti\/wp-content\/uploads\/sites\/13\/2022\/02\/578B850D-B01B-4A5D-9355-E6A6EF99F26C_1_105_c-624x429.jpeg 624w, https:\/\/mat.uab.cat\/web\/agusti\/wp-content\/uploads\/sites\/13\/2022\/02\/578B850D-B01B-4A5D-9355-E6A6EF99F26C_1_105_c.jpeg 1024w\" sizes=\"auto, (max-width: 300px) 100vw, 300px\" \/><\/a> <a href=\"http:\/\/mat.uab.cat\/web\/agusti\/wp-content\/uploads\/sites\/13\/2022\/02\/222E687D-A498-4DA7-84D1-C2047330EEEC_1_105_c.jpeg\"><img loading=\"lazy\" decoding=\"async\" class=\"alignnone size-medium wp-image-1129\" src=\"http:\/\/mat.uab.cat\/web\/agusti\/wp-content\/uploads\/sites\/13\/2022\/02\/222E687D-A498-4DA7-84D1-C2047330EEEC_1_105_c-300x211.jpeg\" alt=\"\" width=\"300\" height=\"211\" srcset=\"https:\/\/mat.uab.cat\/web\/agusti\/wp-content\/uploads\/sites\/13\/2022\/02\/222E687D-A498-4DA7-84D1-C2047330EEEC_1_105_c-300x211.jpeg 300w, https:\/\/mat.uab.cat\/web\/agusti\/wp-content\/uploads\/sites\/13\/2022\/02\/222E687D-A498-4DA7-84D1-C2047330EEEC_1_105_c-768x540.jpeg 768w, https:\/\/mat.uab.cat\/web\/agusti\/wp-content\/uploads\/sites\/13\/2022\/02\/222E687D-A498-4DA7-84D1-C2047330EEEC_1_105_c-624x439.jpeg 624w, https:\/\/mat.uab.cat\/web\/agusti\/wp-content\/uploads\/sites\/13\/2022\/02\/222E687D-A498-4DA7-84D1-C2047330EEEC_1_105_c.jpeg 1024w\" sizes=\"auto, (max-width: 300px) 100vw, 300px\" \/><\/a> <a href=\"http:\/\/mat.uab.cat\/web\/agusti\/wp-content\/uploads\/sites\/13\/2022\/02\/A8EE6294-6F9F-4A6A-BF39-F2911F8A4376_1_105_c.jpeg\"><img loading=\"lazy\" decoding=\"async\" class=\"alignnone size-medium wp-image-1130\" src=\"http:\/\/mat.uab.cat\/web\/agusti\/wp-content\/uploads\/sites\/13\/2022\/02\/A8EE6294-6F9F-4A6A-BF39-F2911F8A4376_1_105_c-300x202.jpeg\" alt=\"\" width=\"300\" height=\"202\" srcset=\"https:\/\/mat.uab.cat\/web\/agusti\/wp-content\/uploads\/sites\/13\/2022\/02\/A8EE6294-6F9F-4A6A-BF39-F2911F8A4376_1_105_c-300x202.jpeg 300w, https:\/\/mat.uab.cat\/web\/agusti\/wp-content\/uploads\/sites\/13\/2022\/02\/A8EE6294-6F9F-4A6A-BF39-F2911F8A4376_1_105_c-768x516.jpeg 768w, https:\/\/mat.uab.cat\/web\/agusti\/wp-content\/uploads\/sites\/13\/2022\/02\/A8EE6294-6F9F-4A6A-BF39-F2911F8A4376_1_105_c-624x419.jpeg 624w, https:\/\/mat.uab.cat\/web\/agusti\/wp-content\/uploads\/sites\/13\/2022\/02\/A8EE6294-6F9F-4A6A-BF39-F2911F8A4376_1_105_c.jpeg 1024w\" sizes=\"auto, (max-width: 300px) 100vw, 300px\" \/><\/a> <a href=\"http:\/\/mat.uab.cat\/web\/agusti\/wp-content\/uploads\/sites\/13\/2022\/02\/0FBC8E8A-12DE-4843-A7F2-995DFEC0CF5E_1_105_c.jpeg\"><img loading=\"lazy\" decoding=\"async\" class=\"alignnone size-medium wp-image-1131\" src=\"http:\/\/mat.uab.cat\/web\/agusti\/wp-content\/uploads\/sites\/13\/2022\/02\/0FBC8E8A-12DE-4843-A7F2-995DFEC0CF5E_1_105_c-300x204.jpeg\" alt=\"\" width=\"300\" height=\"204\" srcset=\"https:\/\/mat.uab.cat\/web\/agusti\/wp-content\/uploads\/sites\/13\/2022\/02\/0FBC8E8A-12DE-4843-A7F2-995DFEC0CF5E_1_105_c-300x204.jpeg 300w, https:\/\/mat.uab.cat\/web\/agusti\/wp-content\/uploads\/sites\/13\/2022\/02\/0FBC8E8A-12DE-4843-A7F2-995DFEC0CF5E_1_105_c-768x521.jpeg 768w, https:\/\/mat.uab.cat\/web\/agusti\/wp-content\/uploads\/sites\/13\/2022\/02\/0FBC8E8A-12DE-4843-A7F2-995DFEC0CF5E_1_105_c-624x424.jpeg 624w, https:\/\/mat.uab.cat\/web\/agusti\/wp-content\/uploads\/sites\/13\/2022\/02\/0FBC8E8A-12DE-4843-A7F2-995DFEC0CF5E_1_105_c.jpeg 1024w\" sizes=\"auto, (max-width: 300px) 100vw, 300px\" \/><\/a> <a href=\"http:\/\/mat.uab.cat\/web\/agusti\/wp-content\/uploads\/sites\/13\/2022\/02\/4A7DA2EA-D700-4886-A4DF-EDA2531028A7_1_105_c.jpeg\"><img loading=\"lazy\" decoding=\"async\" class=\"alignnone size-medium wp-image-1132\" src=\"http:\/\/mat.uab.cat\/web\/agusti\/wp-content\/uploads\/sites\/13\/2022\/02\/4A7DA2EA-D700-4886-A4DF-EDA2531028A7_1_105_c-300x206.jpeg\" alt=\"\" width=\"300\" height=\"206\" srcset=\"https:\/\/mat.uab.cat\/web\/agusti\/wp-content\/uploads\/sites\/13\/2022\/02\/4A7DA2EA-D700-4886-A4DF-EDA2531028A7_1_105_c-300x206.jpeg 300w, https:\/\/mat.uab.cat\/web\/agusti\/wp-content\/uploads\/sites\/13\/2022\/02\/4A7DA2EA-D700-4886-A4DF-EDA2531028A7_1_105_c-768x527.jpeg 768w, https:\/\/mat.uab.cat\/web\/agusti\/wp-content\/uploads\/sites\/13\/2022\/02\/4A7DA2EA-D700-4886-A4DF-EDA2531028A7_1_105_c-624x428.jpeg 624w, https:\/\/mat.uab.cat\/web\/agusti\/wp-content\/uploads\/sites\/13\/2022\/02\/4A7DA2EA-D700-4886-A4DF-EDA2531028A7_1_105_c.jpeg 1024w\" sizes=\"auto, (max-width: 300px) 100vw, 300px\" \/><\/a> <a href=\"http:\/\/mat.uab.cat\/web\/agusti\/wp-content\/uploads\/sites\/13\/2022\/02\/F17E4B2C-DCC3-4A35-B236-001C6798858C_1_105_c.jpeg\"><img loading=\"lazy\" decoding=\"async\" class=\"alignnone size-medium wp-image-1133\" src=\"http:\/\/mat.uab.cat\/web\/agusti\/wp-content\/uploads\/sites\/13\/2022\/02\/F17E4B2C-DCC3-4A35-B236-001C6798858C_1_105_c-203x300.jpeg\" alt=\"\" width=\"203\" height=\"300\" srcset=\"https:\/\/mat.uab.cat\/web\/agusti\/wp-content\/uploads\/sites\/13\/2022\/02\/F17E4B2C-DCC3-4A35-B236-001C6798858C_1_105_c-203x300.jpeg 203w, https:\/\/mat.uab.cat\/web\/agusti\/wp-content\/uploads\/sites\/13\/2022\/02\/F17E4B2C-DCC3-4A35-B236-001C6798858C_1_105_c-624x921.jpeg 624w, https:\/\/mat.uab.cat\/web\/agusti\/wp-content\/uploads\/sites\/13\/2022\/02\/F17E4B2C-DCC3-4A35-B236-001C6798858C_1_105_c.jpeg 694w\" sizes=\"auto, (max-width: 203px) 100vw, 203px\" \/><\/a> <a href=\"http:\/\/mat.uab.cat\/web\/agusti\/wp-content\/uploads\/sites\/13\/2022\/02\/CC12BD74-98CD-4F7D-AA35-8C4CC00A80F8_1_105_c.jpeg\"><img loading=\"lazy\" decoding=\"async\" class=\"alignnone size-medium wp-image-1134\" src=\"http:\/\/mat.uab.cat\/web\/agusti\/wp-content\/uploads\/sites\/13\/2022\/02\/CC12BD74-98CD-4F7D-AA35-8C4CC00A80F8_1_105_c-300x203.jpeg\" alt=\"\" width=\"300\" height=\"203\" srcset=\"https:\/\/mat.uab.cat\/web\/agusti\/wp-content\/uploads\/sites\/13\/2022\/02\/CC12BD74-98CD-4F7D-AA35-8C4CC00A80F8_1_105_c-300x203.jpeg 300w, https:\/\/mat.uab.cat\/web\/agusti\/wp-content\/uploads\/sites\/13\/2022\/02\/CC12BD74-98CD-4F7D-AA35-8C4CC00A80F8_1_105_c-768x519.jpeg 768w, https:\/\/mat.uab.cat\/web\/agusti\/wp-content\/uploads\/sites\/13\/2022\/02\/CC12BD74-98CD-4F7D-AA35-8C4CC00A80F8_1_105_c-624x422.jpeg 624w, https:\/\/mat.uab.cat\/web\/agusti\/wp-content\/uploads\/sites\/13\/2022\/02\/CC12BD74-98CD-4F7D-AA35-8C4CC00A80F8_1_105_c.jpeg 1024w\" sizes=\"auto, (max-width: 300px) 100vw, 300px\" \/><\/a> <a href=\"http:\/\/mat.uab.cat\/web\/agusti\/wp-content\/uploads\/sites\/13\/2022\/02\/DF88A715-C1E3-4E57-830A-F6ABCC321E71_1_105_c.jpeg\"><img loading=\"lazy\" decoding=\"async\" class=\"alignnone size-medium wp-image-1135\" src=\"http:\/\/mat.uab.cat\/web\/agusti\/wp-content\/uploads\/sites\/13\/2022\/02\/DF88A715-C1E3-4E57-830A-F6ABCC321E71_1_105_c-202x300.jpeg\" alt=\"\" width=\"202\" height=\"300\" srcset=\"https:\/\/mat.uab.cat\/web\/agusti\/wp-content\/uploads\/sites\/13\/2022\/02\/DF88A715-C1E3-4E57-830A-F6ABCC321E71_1_105_c-202x300.jpeg 202w, https:\/\/mat.uab.cat\/web\/agusti\/wp-content\/uploads\/sites\/13\/2022\/02\/DF88A715-C1E3-4E57-830A-F6ABCC321E71_1_105_c-624x927.jpeg 624w, https:\/\/mat.uab.cat\/web\/agusti\/wp-content\/uploads\/sites\/13\/2022\/02\/DF88A715-C1E3-4E57-830A-F6ABCC321E71_1_105_c.jpeg 689w\" sizes=\"auto, (max-width: 202px) 100vw, 202px\" \/><\/a> <a href=\"http:\/\/mat.uab.cat\/web\/agusti\/wp-content\/uploads\/sites\/13\/2022\/02\/6CB11ECC-4C96-46C9-A23E-0FF73C835E49_1_105_c.jpeg\"><img loading=\"lazy\" decoding=\"async\" class=\"alignnone size-medium wp-image-1136\" src=\"http:\/\/mat.uab.cat\/web\/agusti\/wp-content\/uploads\/sites\/13\/2022\/02\/6CB11ECC-4C96-46C9-A23E-0FF73C835E49_1_105_c-300x201.jpeg\" alt=\"\" width=\"300\" height=\"201\" srcset=\"https:\/\/mat.uab.cat\/web\/agusti\/wp-content\/uploads\/sites\/13\/2022\/02\/6CB11ECC-4C96-46C9-A23E-0FF73C835E49_1_105_c-300x201.jpeg 300w, https:\/\/mat.uab.cat\/web\/agusti\/wp-content\/uploads\/sites\/13\/2022\/02\/6CB11ECC-4C96-46C9-A23E-0FF73C835E49_1_105_c-768x515.jpeg 768w, https:\/\/mat.uab.cat\/web\/agusti\/wp-content\/uploads\/sites\/13\/2022\/02\/6CB11ECC-4C96-46C9-A23E-0FF73C835E49_1_105_c-624x419.jpeg 624w, https:\/\/mat.uab.cat\/web\/agusti\/wp-content\/uploads\/sites\/13\/2022\/02\/6CB11ECC-4C96-46C9-A23E-0FF73C835E49_1_105_c.jpeg 1024w\" sizes=\"auto, (max-width: 300px) 100vw, 300px\" \/><\/a> <a href=\"http:\/\/mat.uab.cat\/web\/agusti\/wp-content\/uploads\/sites\/13\/2022\/02\/0F2BDB56-4058-46B1-9575-3696D35DFA1A.jpeg\"><img loading=\"lazy\" decoding=\"async\" class=\"alignnone size-medium wp-image-1137\" src=\"http:\/\/mat.uab.cat\/web\/agusti\/wp-content\/uploads\/sites\/13\/2022\/02\/0F2BDB56-4058-46B1-9575-3696D35DFA1A-199x300.jpeg\" alt=\"\" width=\"199\" height=\"300\" srcset=\"https:\/\/mat.uab.cat\/web\/agusti\/wp-content\/uploads\/sites\/13\/2022\/02\/0F2BDB56-4058-46B1-9575-3696D35DFA1A-199x300.jpeg 199w, https:\/\/mat.uab.cat\/web\/agusti\/wp-content\/uploads\/sites\/13\/2022\/02\/0F2BDB56-4058-46B1-9575-3696D35DFA1A-678x1024.jpeg 678w, https:\/\/mat.uab.cat\/web\/agusti\/wp-content\/uploads\/sites\/13\/2022\/02\/0F2BDB56-4058-46B1-9575-3696D35DFA1A-768x1160.jpeg 768w, https:\/\/mat.uab.cat\/web\/agusti\/wp-content\/uploads\/sites\/13\/2022\/02\/0F2BDB56-4058-46B1-9575-3696D35DFA1A-1017x1536.jpeg 1017w, https:\/\/mat.uab.cat\/web\/agusti\/wp-content\/uploads\/sites\/13\/2022\/02\/0F2BDB56-4058-46B1-9575-3696D35DFA1A-1356x2048.jpeg 1356w, https:\/\/mat.uab.cat\/web\/agusti\/wp-content\/uploads\/sites\/13\/2022\/02\/0F2BDB56-4058-46B1-9575-3696D35DFA1A-624x942.jpeg 624w, https:\/\/mat.uab.cat\/web\/agusti\/wp-content\/uploads\/sites\/13\/2022\/02\/0F2BDB56-4058-46B1-9575-3696D35DFA1A.jpeg 1439w\" sizes=\"auto, (max-width: 199px) 100vw, 199px\" \/><\/a> <a href=\"http:\/\/mat.uab.cat\/web\/agusti\/wp-content\/uploads\/sites\/13\/2022\/02\/F6D07D33-EDF6-454F-9811-038EDE0A4B70.jpeg\"><img loading=\"lazy\" decoding=\"async\" class=\"alignnone size-medium wp-image-1138\" src=\"http:\/\/mat.uab.cat\/web\/agusti\/wp-content\/uploads\/sites\/13\/2022\/02\/F6D07D33-EDF6-454F-9811-038EDE0A4B70-199x300.jpeg\" alt=\"\" width=\"199\" height=\"300\" srcset=\"https:\/\/mat.uab.cat\/web\/agusti\/wp-content\/uploads\/sites\/13\/2022\/02\/F6D07D33-EDF6-454F-9811-038EDE0A4B70-199x300.jpeg 199w, https:\/\/mat.uab.cat\/web\/agusti\/wp-content\/uploads\/sites\/13\/2022\/02\/F6D07D33-EDF6-454F-9811-038EDE0A4B70-678x1024.jpeg 678w, https:\/\/mat.uab.cat\/web\/agusti\/wp-content\/uploads\/sites\/13\/2022\/02\/F6D07D33-EDF6-454F-9811-038EDE0A4B70-768x1160.jpeg 768w, https:\/\/mat.uab.cat\/web\/agusti\/wp-content\/uploads\/sites\/13\/2022\/02\/F6D07D33-EDF6-454F-9811-038EDE0A4B70-1017x1536.jpeg 1017w, https:\/\/mat.uab.cat\/web\/agusti\/wp-content\/uploads\/sites\/13\/2022\/02\/F6D07D33-EDF6-454F-9811-038EDE0A4B70-1356x2048.jpeg 1356w, https:\/\/mat.uab.cat\/web\/agusti\/wp-content\/uploads\/sites\/13\/2022\/02\/F6D07D33-EDF6-454F-9811-038EDE0A4B70-624x942.jpeg 624w, https:\/\/mat.uab.cat\/web\/agusti\/wp-content\/uploads\/sites\/13\/2022\/02\/F6D07D33-EDF6-454F-9811-038EDE0A4B70.jpeg 1477w\" sizes=\"auto, (max-width: 199px) 100vw, 199px\" \/><\/a><\/p>\n\n\n<ol class=\"wp-block-list\" start=\"2167\"><li>Juny 25 diumenge. Aliot\u2013Jes\u00fas D\u00edaz\u2013Agust\u00ed. Puigcerd\u00e0, Font Romeu, Quillane, Paihlieres, Aix les Termes, Puymorens, Puigcerd\u00e0. Finalment ciclisme d\u2019alt nivell. Anem dissabte a All, on hi t\u00e9 casa Jes\u00fas. Dinem i sopem a Puigcerd\u00e0 amb els Aliots. Esmorzem a les 6:30 a casa el Jesu\u00fas. La Berta i l\u2019Anna ens segueixen en cotxe. Ens plou suaument 1h 50\u2019. El coll de Quillane t\u00e9 uns 1850 m d\u2019altitud. Al Pailheres coincidim en gent d\u2019una marxa. Els percentatges s\u00f3n 4, 9.6, 7.8, 10.1, 9.5, 7.6, 6.2, 8.6, 9.3, 10.2, 5.8, i 2001 m d\u2019altitud. A dalt la Berta ens diu que l\u2019Anna acaba de sortir. Arribant a Aix Les Termes ens agafa un fort aiguat i Jesus i jo ens fiquem al cotxe. Aliot s\u2019havia avan\u00e7at. Esmorzem els 5 a Aix mullats i freds. Despr\u00e9s d\u2019esmorzar puja sempre al 5%. Quan portem 20 km aix\u00ed, i segons Aliot ja est\u00e0vem <br>arribant, resulta que falten encara 9 km m\u00e9s i de m\u00e9s percentatge. \u00c9s tard i em poso nervi\u00f3s i cansat i estic a punt, a punt, d\u2019agafar el cotxe a 6 km del cim. La Berta fa els 2 \u00faltims km i no els troba massa durs. Puymorens t\u00e9 uns 1950 m d\u2019altitud. 25 km de baixada fins Puigcerd\u00e0 on arribem a les 16. Dinem a casa del Jes\u00fas on estem fins les 19. Content d\u2019haver superat aquesta prova. 145 km.<\/li><\/ol>\n","protected":false},"excerpt":{"rendered":"<p>Juny 25 diumenge. Aliot\u2013Jes\u00fas D\u00edaz\u2013Agust\u00ed. Puigcerd\u00e0, Font Romeu, Quillane, Paihlieres, Aix les Termes, Puymorens, Puigcerd\u00e0. Finalment ciclisme d\u2019alt nivell. Anem dissabte a All, on hi t\u00e9 casa Jes\u00fas. Dinem i sopem a Puigcerd\u00e0 amb els Aliots. Esmorzem a les 6:30 a casa el Jesu\u00fas. La Berta i l\u2019Anna ens segueixen en cotxe. Ens plou suaument [&hellip;]<\/p>\n","protected":false},"author":19,"featured_media":0,"parent":0,"menu_order":0,"comment_status":"closed","ping_status":"closed","template":"","meta":{"footnotes":""},"class_list":["post-1119","page","type-page","status-publish","hentry"],"_links":{"self":[{"href":"https:\/\/mat.uab.cat\/web\/agusti\/wp-json\/wp\/v2\/pages\/1119","targetHints":{"allow":["GET"]}}],"collection":[{"href":"https:\/\/mat.uab.cat\/web\/agusti\/wp-json\/wp\/v2\/pages"}],"about":[{"href":"https:\/\/mat.uab.cat\/web\/agusti\/wp-json\/wp\/v2\/types\/page"}],"author":[{"embeddable":true,"href":"https:\/\/mat.uab.cat\/web\/agusti\/wp-json\/wp\/v2\/users\/19"}],"replies":[{"embeddable":true,"href":"https:\/\/mat.uab.cat\/web\/agusti\/wp-json\/wp\/v2\/comments?post=1119"}],"version-history":[{"count":2,"href":"https:\/\/mat.uab.cat\/web\/agusti\/wp-json\/wp\/v2\/pages\/1119\/revisions"}],"predecessor-version":[{"id":1143,"href":"https:\/\/mat.uab.cat\/web\/agusti\/wp-json\/wp\/v2\/pages\/1119\/revisions\/1143"}],"wp:attachment":[{"href":"https:\/\/mat.uab.cat\/web\/agusti\/wp-json\/wp\/v2\/media?parent=1119"}],"curies":[{"name":"wp","href":"https:\/\/api.w.org\/{rel}","templated":true}]}}