{"id":1607,"date":"2022-02-14T18:37:56","date_gmt":"2022-02-14T18:37:56","guid":{"rendered":"https:\/\/mat.uab.cat\/web\/agusti\/?page_id=1607"},"modified":"2022-02-14T18:42:03","modified_gmt":"2022-02-14T18:42:03","slug":"roncesvalles","status":"publish","type":"page","link":"https:\/\/mat.uab.cat\/web\/agusti\/roncesvalles\/","title":{"rendered":"Roncesvalles"},"content":{"rendered":"<p><a href=\"http:\/\/mat.uab.cat\/web\/agusti\/wp-content\/uploads\/sites\/13\/2022\/02\/roncesvalles-1.jpeg\"><img loading=\"lazy\" decoding=\"async\" class=\"alignnone size-medium wp-image-1608\" src=\"http:\/\/mat.uab.cat\/web\/agusti\/wp-content\/uploads\/sites\/13\/2022\/02\/roncesvalles-1-300x194.jpeg\" alt=\"\" width=\"300\" height=\"194\" srcset=\"https:\/\/mat.uab.cat\/web\/agusti\/wp-content\/uploads\/sites\/13\/2022\/02\/roncesvalles-1-300x194.jpeg 300w, https:\/\/mat.uab.cat\/web\/agusti\/wp-content\/uploads\/sites\/13\/2022\/02\/roncesvalles-1-1024x661.jpeg 1024w, https:\/\/mat.uab.cat\/web\/agusti\/wp-content\/uploads\/sites\/13\/2022\/02\/roncesvalles-1-768x496.jpeg 768w, https:\/\/mat.uab.cat\/web\/agusti\/wp-content\/uploads\/sites\/13\/2022\/02\/roncesvalles-1-1536x992.jpeg 1536w, https:\/\/mat.uab.cat\/web\/agusti\/wp-content\/uploads\/sites\/13\/2022\/02\/roncesvalles-1-624x403.jpeg 624w, https:\/\/mat.uab.cat\/web\/agusti\/wp-content\/uploads\/sites\/13\/2022\/02\/roncesvalles-1.jpeg 1719w\" sizes=\"auto, (max-width: 300px) 100vw, 300px\" \/><\/a> <a href=\"http:\/\/mat.uab.cat\/web\/agusti\/wp-content\/uploads\/sites\/13\/2022\/02\/roncesvalles-2.jpeg\"><img loading=\"lazy\" decoding=\"async\" class=\"alignnone size-medium wp-image-1609\" src=\"http:\/\/mat.uab.cat\/web\/agusti\/wp-content\/uploads\/sites\/13\/2022\/02\/roncesvalles-2-300x194.jpeg\" alt=\"\" width=\"300\" height=\"194\" srcset=\"https:\/\/mat.uab.cat\/web\/agusti\/wp-content\/uploads\/sites\/13\/2022\/02\/roncesvalles-2-300x194.jpeg 300w, https:\/\/mat.uab.cat\/web\/agusti\/wp-content\/uploads\/sites\/13\/2022\/02\/roncesvalles-2-1024x661.jpeg 1024w, https:\/\/mat.uab.cat\/web\/agusti\/wp-content\/uploads\/sites\/13\/2022\/02\/roncesvalles-2-768x496.jpeg 768w, https:\/\/mat.uab.cat\/web\/agusti\/wp-content\/uploads\/sites\/13\/2022\/02\/roncesvalles-2-1536x992.jpeg 1536w, https:\/\/mat.uab.cat\/web\/agusti\/wp-content\/uploads\/sites\/13\/2022\/02\/roncesvalles-2-624x403.jpeg 624w, https:\/\/mat.uab.cat\/web\/agusti\/wp-content\/uploads\/sites\/13\/2022\/02\/roncesvalles-2.jpeg 1719w\" sizes=\"auto, (max-width: 300px) 100vw, 300px\" \/><\/a> <a href=\"http:\/\/mat.uab.cat\/web\/agusti\/wp-content\/uploads\/sites\/13\/2022\/02\/xavier-2.jpeg\"><img loading=\"lazy\" decoding=\"async\" class=\"alignnone size-medium wp-image-1610\" src=\"http:\/\/mat.uab.cat\/web\/agusti\/wp-content\/uploads\/sites\/13\/2022\/02\/xavier-2-300x194.jpeg\" alt=\"\" width=\"300\" height=\"194\" srcset=\"https:\/\/mat.uab.cat\/web\/agusti\/wp-content\/uploads\/sites\/13\/2022\/02\/xavier-2-300x194.jpeg 300w, https:\/\/mat.uab.cat\/web\/agusti\/wp-content\/uploads\/sites\/13\/2022\/02\/xavier-2-1024x661.jpeg 1024w, https:\/\/mat.uab.cat\/web\/agusti\/wp-content\/uploads\/sites\/13\/2022\/02\/xavier-2-768x496.jpeg 768w, https:\/\/mat.uab.cat\/web\/agusti\/wp-content\/uploads\/sites\/13\/2022\/02\/xavier-2-1536x992.jpeg 1536w, https:\/\/mat.uab.cat\/web\/agusti\/wp-content\/uploads\/sites\/13\/2022\/02\/xavier-2-624x403.jpeg 624w, https:\/\/mat.uab.cat\/web\/agusti\/wp-content\/uploads\/sites\/13\/2022\/02\/xavier-2.jpeg 1719w\" sizes=\"auto, (max-width: 300px) 100vw, 300px\" \/><\/a> <a href=\"http:\/\/mat.uab.cat\/web\/agusti\/wp-content\/uploads\/sites\/13\/2022\/02\/xavier-5.jpeg\"><img loading=\"lazy\" decoding=\"async\" class=\"alignnone size-medium wp-image-1611\" src=\"http:\/\/mat.uab.cat\/web\/agusti\/wp-content\/uploads\/sites\/13\/2022\/02\/xavier-5-300x194.jpeg\" alt=\"\" width=\"300\" height=\"194\" srcset=\"https:\/\/mat.uab.cat\/web\/agusti\/wp-content\/uploads\/sites\/13\/2022\/02\/xavier-5-300x194.jpeg 300w, https:\/\/mat.uab.cat\/web\/agusti\/wp-content\/uploads\/sites\/13\/2022\/02\/xavier-5-1024x661.jpeg 1024w, https:\/\/mat.uab.cat\/web\/agusti\/wp-content\/uploads\/sites\/13\/2022\/02\/xavier-5-768x496.jpeg 768w, https:\/\/mat.uab.cat\/web\/agusti\/wp-content\/uploads\/sites\/13\/2022\/02\/xavier-5-1536x992.jpeg 1536w, https:\/\/mat.uab.cat\/web\/agusti\/wp-content\/uploads\/sites\/13\/2022\/02\/xavier-5-624x403.jpeg 624w, https:\/\/mat.uab.cat\/web\/agusti\/wp-content\/uploads\/sites\/13\/2022\/02\/xavier-5.jpeg 1719w\" sizes=\"auto, (max-width: 300px) 100vw, 300px\" \/><\/a> <a href=\"http:\/\/mat.uab.cat\/web\/agusti\/wp-content\/uploads\/sites\/13\/2022\/02\/xavier-6.jpeg\"><img loading=\"lazy\" decoding=\"async\" class=\"alignnone size-medium wp-image-1612\" src=\"http:\/\/mat.uab.cat\/web\/agusti\/wp-content\/uploads\/sites\/13\/2022\/02\/xavier-6-300x194.jpeg\" alt=\"\" width=\"300\" height=\"194\" srcset=\"https:\/\/mat.uab.cat\/web\/agusti\/wp-content\/uploads\/sites\/13\/2022\/02\/xavier-6-300x194.jpeg 300w, https:\/\/mat.uab.cat\/web\/agusti\/wp-content\/uploads\/sites\/13\/2022\/02\/xavier-6-1024x661.jpeg 1024w, https:\/\/mat.uab.cat\/web\/agusti\/wp-content\/uploads\/sites\/13\/2022\/02\/xavier-6-768x496.jpeg 768w, https:\/\/mat.uab.cat\/web\/agusti\/wp-content\/uploads\/sites\/13\/2022\/02\/xavier-6-1536x992.jpeg 1536w, https:\/\/mat.uab.cat\/web\/agusti\/wp-content\/uploads\/sites\/13\/2022\/02\/xavier-6-624x403.jpeg 624w, https:\/\/mat.uab.cat\/web\/agusti\/wp-content\/uploads\/sites\/13\/2022\/02\/xavier-6.jpeg 1719w\" sizes=\"auto, (max-width: 300px) 100vw, 300px\" \/><\/a> <a href=\"http:\/\/mat.uab.cat\/web\/agusti\/wp-content\/uploads\/sites\/13\/2022\/02\/xavier-8.jpeg\"><img loading=\"lazy\" decoding=\"async\" class=\"alignnone size-medium wp-image-1613\" src=\"http:\/\/mat.uab.cat\/web\/agusti\/wp-content\/uploads\/sites\/13\/2022\/02\/xavier-8-300x282.jpeg\" alt=\"\" width=\"300\" height=\"282\" srcset=\"https:\/\/mat.uab.cat\/web\/agusti\/wp-content\/uploads\/sites\/13\/2022\/02\/xavier-8-300x282.jpeg 300w, https:\/\/mat.uab.cat\/web\/agusti\/wp-content\/uploads\/sites\/13\/2022\/02\/xavier-8-1024x964.jpeg 1024w, https:\/\/mat.uab.cat\/web\/agusti\/wp-content\/uploads\/sites\/13\/2022\/02\/xavier-8-768x723.jpeg 768w, https:\/\/mat.uab.cat\/web\/agusti\/wp-content\/uploads\/sites\/13\/2022\/02\/xavier-8-624x587.jpeg 624w, https:\/\/mat.uab.cat\/web\/agusti\/wp-content\/uploads\/sites\/13\/2022\/02\/xavier-8.jpeg 1173w\" sizes=\"auto, (max-width: 300px) 100vw, 300px\" \/><\/a> <a href=\"http:\/\/mat.uab.cat\/web\/agusti\/wp-content\/uploads\/sites\/13\/2022\/02\/xavier-9.jpeg\"><img loading=\"lazy\" decoding=\"async\" class=\"alignnone size-medium wp-image-1614\" src=\"http:\/\/mat.uab.cat\/web\/agusti\/wp-content\/uploads\/sites\/13\/2022\/02\/xavier-9-300x246.jpeg\" alt=\"\" width=\"300\" height=\"246\" srcset=\"https:\/\/mat.uab.cat\/web\/agusti\/wp-content\/uploads\/sites\/13\/2022\/02\/xavier-9-300x246.jpeg 300w, https:\/\/mat.uab.cat\/web\/agusti\/wp-content\/uploads\/sites\/13\/2022\/02\/xavier-9-1024x840.jpeg 1024w, https:\/\/mat.uab.cat\/web\/agusti\/wp-content\/uploads\/sites\/13\/2022\/02\/xavier-9-768x630.jpeg 768w, https:\/\/mat.uab.cat\/web\/agusti\/wp-content\/uploads\/sites\/13\/2022\/02\/xavier-9-624x512.jpeg 624w, https:\/\/mat.uab.cat\/web\/agusti\/wp-content\/uploads\/sites\/13\/2022\/02\/xavier-9.jpeg 1404w\" sizes=\"auto, (max-width: 300px) 100vw, 300px\" \/><\/a> <a href=\"http:\/\/mat.uab.cat\/web\/agusti\/wp-content\/uploads\/sites\/13\/2022\/02\/xavier-10.jpeg\"><img loading=\"lazy\" decoding=\"async\" class=\"alignnone size-medium wp-image-1615\" src=\"http:\/\/mat.uab.cat\/web\/agusti\/wp-content\/uploads\/sites\/13\/2022\/02\/xavier-10-300x246.jpeg\" alt=\"\" width=\"300\" height=\"246\" srcset=\"https:\/\/mat.uab.cat\/web\/agusti\/wp-content\/uploads\/sites\/13\/2022\/02\/xavier-10-300x246.jpeg 300w, https:\/\/mat.uab.cat\/web\/agusti\/wp-content\/uploads\/sites\/13\/2022\/02\/xavier-10-1024x840.jpeg 1024w, https:\/\/mat.uab.cat\/web\/agusti\/wp-content\/uploads\/sites\/13\/2022\/02\/xavier-10-768x630.jpeg 768w, https:\/\/mat.uab.cat\/web\/agusti\/wp-content\/uploads\/sites\/13\/2022\/02\/xavier-10-624x512.jpeg 624w, https:\/\/mat.uab.cat\/web\/agusti\/wp-content\/uploads\/sites\/13\/2022\/02\/xavier-10.jpeg 1404w\" sizes=\"auto, (max-width: 300px) 100vw, 300px\" \/><\/a><\/p>\n\n\n<ol class=\"wp-block-list\" start=\"1489\"><li>Juny 11 diumenge. Berta, ecc. Pamplona, Erro, Roncesvalles, Iba\u00f1eta, Roncesvalles. Turmenta molt forta durant la nit. Entre Abrera i Esparraguera ha caigut un pont i quedem bloquejats a l\u2019autopista. Van haver-hi dos morts. Passegem pel Valle del Roncal. Alfaro 2, Luque 2, Gil 2, Trabal\u00f3n 2, Marta, Berta i jo, Rosendo 2, Garcia 2, Lasheras 2, Chico 2, Rodri 2, Vicens 2, Nicolau, P\u00e9rez, Gonz\u00e1lez, Teixidor, Pere L\u00f3pez, Serena 2. Dissabte per la tarda visitem Pamplona. Ajudo a la Berta per Erro que fem despenjats i plovent suaument. Fred els 3.5 km de baixada. Una mica de planer i un altre port. Ja anem xops i no veiem res per les ulleres molles. Molta boira de Roncesvalles a Iba\u00f1eta, 1.5 km. Sentim a Teixidor per\u00f2 no el veiem. Dilluns visitem Xavier on faig de guia tur\u00edstic. 51 km.<\/li><\/ol>\n","protected":false},"excerpt":{"rendered":"<p>Juny 11 diumenge. Berta, ecc. Pamplona, Erro, Roncesvalles, Iba\u00f1eta, Roncesvalles. Turmenta molt forta durant la nit. Entre Abrera i Esparraguera ha caigut un pont i quedem bloquejats a l\u2019autopista. Van haver-hi dos morts. Passegem pel Valle del Roncal. Alfaro 2, Luque 2, Gil 2, Trabal\u00f3n 2, Marta, Berta i jo, Rosendo 2, Garcia 2, Lasheras [&hellip;]<\/p>\n","protected":false},"author":19,"featured_media":0,"parent":0,"menu_order":0,"comment_status":"closed","ping_status":"closed","template":"","meta":{"footnotes":""},"class_list":["post-1607","page","type-page","status-publish","hentry"],"_links":{"self":[{"href":"https:\/\/mat.uab.cat\/web\/agusti\/wp-json\/wp\/v2\/pages\/1607","targetHints":{"allow":["GET"]}}],"collection":[{"href":"https:\/\/mat.uab.cat\/web\/agusti\/wp-json\/wp\/v2\/pages"}],"about":[{"href":"https:\/\/mat.uab.cat\/web\/agusti\/wp-json\/wp\/v2\/types\/page"}],"author":[{"embeddable":true,"href":"https:\/\/mat.uab.cat\/web\/agusti\/wp-json\/wp\/v2\/users\/19"}],"replies":[{"embeddable":true,"href":"https:\/\/mat.uab.cat\/web\/agusti\/wp-json\/wp\/v2\/comments?post=1607"}],"version-history":[{"count":2,"href":"https:\/\/mat.uab.cat\/web\/agusti\/wp-json\/wp\/v2\/pages\/1607\/revisions"}],"predecessor-version":[{"id":1619,"href":"https:\/\/mat.uab.cat\/web\/agusti\/wp-json\/wp\/v2\/pages\/1607\/revisions\/1619"}],"wp:attachment":[{"href":"https:\/\/mat.uab.cat\/web\/agusti\/wp-json\/wp\/v2\/media?parent=1607"}],"curies":[{"name":"wp","href":"https:\/\/api.w.org\/{rel}","templated":true}]}}