{"id":1718,"date":"2022-02-15T22:19:36","date_gmt":"2022-02-15T22:19:36","guid":{"rendered":"https:\/\/mat.uab.cat\/web\/agusti\/?page_id=1718"},"modified":"2022-02-15T22:25:42","modified_gmt":"2022-02-15T22:25:42","slug":"saldes","status":"publish","type":"page","link":"https:\/\/mat.uab.cat\/web\/agusti\/saldes\/","title":{"rendered":"Saldes"},"content":{"rendered":"<p><a href=\"http:\/\/mat.uab.cat\/web\/agusti\/wp-content\/uploads\/sites\/13\/2022\/02\/A0DC50C6-616A-4419-8597-116E36A27A69_1_105_c.jpeg\"><img loading=\"lazy\" decoding=\"async\" class=\"alignnone size-medium wp-image-1719\" src=\"http:\/\/mat.uab.cat\/web\/agusti\/wp-content\/uploads\/sites\/13\/2022\/02\/A0DC50C6-616A-4419-8597-116E36A27A69_1_105_c-300x169.jpeg\" alt=\"\" width=\"300\" height=\"169\" srcset=\"https:\/\/mat.uab.cat\/web\/agusti\/wp-content\/uploads\/sites\/13\/2022\/02\/A0DC50C6-616A-4419-8597-116E36A27A69_1_105_c-300x169.jpeg 300w, https:\/\/mat.uab.cat\/web\/agusti\/wp-content\/uploads\/sites\/13\/2022\/02\/A0DC50C6-616A-4419-8597-116E36A27A69_1_105_c-768x432.jpeg 768w, https:\/\/mat.uab.cat\/web\/agusti\/wp-content\/uploads\/sites\/13\/2022\/02\/A0DC50C6-616A-4419-8597-116E36A27A69_1_105_c-624x351.jpeg 624w, https:\/\/mat.uab.cat\/web\/agusti\/wp-content\/uploads\/sites\/13\/2022\/02\/A0DC50C6-616A-4419-8597-116E36A27A69_1_105_c.jpeg 1024w\" sizes=\"auto, (max-width: 300px) 100vw, 300px\" \/><\/a> <a href=\"http:\/\/mat.uab.cat\/web\/agusti\/wp-content\/uploads\/sites\/13\/2022\/02\/15DE426E-26DC-4B40-96C6-CA86E1E2ED10_1_105_c.jpeg\"><img loading=\"lazy\" decoding=\"async\" class=\"alignnone size-medium wp-image-1720\" src=\"http:\/\/mat.uab.cat\/web\/agusti\/wp-content\/uploads\/sites\/13\/2022\/02\/15DE426E-26DC-4B40-96C6-CA86E1E2ED10_1_105_c-300x169.jpeg\" alt=\"\" width=\"300\" height=\"169\" srcset=\"https:\/\/mat.uab.cat\/web\/agusti\/wp-content\/uploads\/sites\/13\/2022\/02\/15DE426E-26DC-4B40-96C6-CA86E1E2ED10_1_105_c-300x169.jpeg 300w, https:\/\/mat.uab.cat\/web\/agusti\/wp-content\/uploads\/sites\/13\/2022\/02\/15DE426E-26DC-4B40-96C6-CA86E1E2ED10_1_105_c-768x432.jpeg 768w, https:\/\/mat.uab.cat\/web\/agusti\/wp-content\/uploads\/sites\/13\/2022\/02\/15DE426E-26DC-4B40-96C6-CA86E1E2ED10_1_105_c-624x351.jpeg 624w, https:\/\/mat.uab.cat\/web\/agusti\/wp-content\/uploads\/sites\/13\/2022\/02\/15DE426E-26DC-4B40-96C6-CA86E1E2ED10_1_105_c.jpeg 1024w\" sizes=\"auto, (max-width: 300px) 100vw, 300px\" \/><\/a> <a href=\"http:\/\/mat.uab.cat\/web\/agusti\/wp-content\/uploads\/sites\/13\/2022\/02\/4A93EBDB-5C73-4A17-94BC-D2B39186C322_1_105_c.jpeg\"><img loading=\"lazy\" decoding=\"async\" class=\"alignnone size-medium wp-image-1721\" src=\"http:\/\/mat.uab.cat\/web\/agusti\/wp-content\/uploads\/sites\/13\/2022\/02\/4A93EBDB-5C73-4A17-94BC-D2B39186C322_1_105_c-300x169.jpeg\" alt=\"\" width=\"300\" height=\"169\" srcset=\"https:\/\/mat.uab.cat\/web\/agusti\/wp-content\/uploads\/sites\/13\/2022\/02\/4A93EBDB-5C73-4A17-94BC-D2B39186C322_1_105_c-300x169.jpeg 300w, https:\/\/mat.uab.cat\/web\/agusti\/wp-content\/uploads\/sites\/13\/2022\/02\/4A93EBDB-5C73-4A17-94BC-D2B39186C322_1_105_c-768x432.jpeg 768w, https:\/\/mat.uab.cat\/web\/agusti\/wp-content\/uploads\/sites\/13\/2022\/02\/4A93EBDB-5C73-4A17-94BC-D2B39186C322_1_105_c-624x351.jpeg 624w, https:\/\/mat.uab.cat\/web\/agusti\/wp-content\/uploads\/sites\/13\/2022\/02\/4A93EBDB-5C73-4A17-94BC-D2B39186C322_1_105_c.jpeg 1024w\" sizes=\"auto, (max-width: 300px) 100vw, 300px\" \/><\/a> <a href=\"http:\/\/mat.uab.cat\/web\/agusti\/wp-content\/uploads\/sites\/13\/2022\/02\/753B0D65-A4E8-4389-923A-704A06EF464B_1_105_c.jpeg\"><img loading=\"lazy\" decoding=\"async\" class=\"alignnone size-medium wp-image-1722\" src=\"http:\/\/mat.uab.cat\/web\/agusti\/wp-content\/uploads\/sites\/13\/2022\/02\/753B0D65-A4E8-4389-923A-704A06EF464B_1_105_c-300x225.jpeg\" alt=\"\" width=\"300\" height=\"225\" srcset=\"https:\/\/mat.uab.cat\/web\/agusti\/wp-content\/uploads\/sites\/13\/2022\/02\/753B0D65-A4E8-4389-923A-704A06EF464B_1_105_c-300x225.jpeg 300w, https:\/\/mat.uab.cat\/web\/agusti\/wp-content\/uploads\/sites\/13\/2022\/02\/753B0D65-A4E8-4389-923A-704A06EF464B_1_105_c-768x576.jpeg 768w, https:\/\/mat.uab.cat\/web\/agusti\/wp-content\/uploads\/sites\/13\/2022\/02\/753B0D65-A4E8-4389-923A-704A06EF464B_1_105_c-624x468.jpeg 624w, https:\/\/mat.uab.cat\/web\/agusti\/wp-content\/uploads\/sites\/13\/2022\/02\/753B0D65-A4E8-4389-923A-704A06EF464B_1_105_c.jpeg 1024w\" sizes=\"auto, (max-width: 300px) 100vw, 300px\" \/><\/a> <a href=\"http:\/\/mat.uab.cat\/web\/agusti\/wp-content\/uploads\/sites\/13\/2022\/02\/565D7B75-F24E-4BC5-89BF-BCE6E2E7FC0A_1_105_c.jpeg\"><img loading=\"lazy\" decoding=\"async\" class=\"alignnone size-medium wp-image-1723\" src=\"http:\/\/mat.uab.cat\/web\/agusti\/wp-content\/uploads\/sites\/13\/2022\/02\/565D7B75-F24E-4BC5-89BF-BCE6E2E7FC0A_1_105_c-300x169.jpeg\" alt=\"\" width=\"300\" height=\"169\" srcset=\"https:\/\/mat.uab.cat\/web\/agusti\/wp-content\/uploads\/sites\/13\/2022\/02\/565D7B75-F24E-4BC5-89BF-BCE6E2E7FC0A_1_105_c-300x169.jpeg 300w, https:\/\/mat.uab.cat\/web\/agusti\/wp-content\/uploads\/sites\/13\/2022\/02\/565D7B75-F24E-4BC5-89BF-BCE6E2E7FC0A_1_105_c-768x432.jpeg 768w, https:\/\/mat.uab.cat\/web\/agusti\/wp-content\/uploads\/sites\/13\/2022\/02\/565D7B75-F24E-4BC5-89BF-BCE6E2E7FC0A_1_105_c-624x351.jpeg 624w, https:\/\/mat.uab.cat\/web\/agusti\/wp-content\/uploads\/sites\/13\/2022\/02\/565D7B75-F24E-4BC5-89BF-BCE6E2E7FC0A_1_105_c.jpeg 1024w\" sizes=\"auto, (max-width: 300px) 100vw, 300px\" \/><\/a> <a href=\"http:\/\/mat.uab.cat\/web\/agusti\/wp-content\/uploads\/sites\/13\/2022\/02\/64557521-DFDC-47FA-9D20-E8BDF67FDA94_1_105_c.jpeg\"><img loading=\"lazy\" decoding=\"async\" class=\"alignnone size-medium wp-image-1724\" src=\"http:\/\/mat.uab.cat\/web\/agusti\/wp-content\/uploads\/sites\/13\/2022\/02\/64557521-DFDC-47FA-9D20-E8BDF67FDA94_1_105_c-300x169.jpeg\" alt=\"\" width=\"300\" height=\"169\" srcset=\"https:\/\/mat.uab.cat\/web\/agusti\/wp-content\/uploads\/sites\/13\/2022\/02\/64557521-DFDC-47FA-9D20-E8BDF67FDA94_1_105_c-300x169.jpeg 300w, https:\/\/mat.uab.cat\/web\/agusti\/wp-content\/uploads\/sites\/13\/2022\/02\/64557521-DFDC-47FA-9D20-E8BDF67FDA94_1_105_c-768x432.jpeg 768w, https:\/\/mat.uab.cat\/web\/agusti\/wp-content\/uploads\/sites\/13\/2022\/02\/64557521-DFDC-47FA-9D20-E8BDF67FDA94_1_105_c-624x351.jpeg 624w, https:\/\/mat.uab.cat\/web\/agusti\/wp-content\/uploads\/sites\/13\/2022\/02\/64557521-DFDC-47FA-9D20-E8BDF67FDA94_1_105_c.jpeg 1024w\" sizes=\"auto, (max-width: 300px) 100vw, 300px\" \/><\/a> <a href=\"http:\/\/mat.uab.cat\/web\/agusti\/wp-content\/uploads\/sites\/13\/2022\/02\/8B107024-0826-4D1E-9EA5-847F3F479E4E.jpeg\"><img loading=\"lazy\" decoding=\"async\" class=\"alignnone size-medium wp-image-1725\" src=\"http:\/\/mat.uab.cat\/web\/agusti\/wp-content\/uploads\/sites\/13\/2022\/02\/8B107024-0826-4D1E-9EA5-847F3F479E4E-300x180.jpeg\" alt=\"\" width=\"300\" height=\"180\" srcset=\"https:\/\/mat.uab.cat\/web\/agusti\/wp-content\/uploads\/sites\/13\/2022\/02\/8B107024-0826-4D1E-9EA5-847F3F479E4E-300x180.jpeg 300w, https:\/\/mat.uab.cat\/web\/agusti\/wp-content\/uploads\/sites\/13\/2022\/02\/8B107024-0826-4D1E-9EA5-847F3F479E4E-1024x613.jpeg 1024w, https:\/\/mat.uab.cat\/web\/agusti\/wp-content\/uploads\/sites\/13\/2022\/02\/8B107024-0826-4D1E-9EA5-847F3F479E4E-768x460.jpeg 768w, https:\/\/mat.uab.cat\/web\/agusti\/wp-content\/uploads\/sites\/13\/2022\/02\/8B107024-0826-4D1E-9EA5-847F3F479E4E-624x374.jpeg 624w, https:\/\/mat.uab.cat\/web\/agusti\/wp-content\/uploads\/sites\/13\/2022\/02\/8B107024-0826-4D1E-9EA5-847F3F479E4E.jpeg 1296w\" sizes=\"auto, (max-width: 300px) 100vw, 300px\" \/><\/a> <a href=\"http:\/\/mat.uab.cat\/web\/agusti\/wp-content\/uploads\/sites\/13\/2022\/02\/507392D2-A4C0-4A9B-BF5D-E3FC4B14CBB5.jpeg\"><img loading=\"lazy\" decoding=\"async\" class=\"alignnone size-medium wp-image-1726\" src=\"http:\/\/mat.uab.cat\/web\/agusti\/wp-content\/uploads\/sites\/13\/2022\/02\/507392D2-A4C0-4A9B-BF5D-E3FC4B14CBB5-300x169.jpeg\" alt=\"\" width=\"300\" height=\"169\" srcset=\"https:\/\/mat.uab.cat\/web\/agusti\/wp-content\/uploads\/sites\/13\/2022\/02\/507392D2-A4C0-4A9B-BF5D-E3FC4B14CBB5-300x169.jpeg 300w, https:\/\/mat.uab.cat\/web\/agusti\/wp-content\/uploads\/sites\/13\/2022\/02\/507392D2-A4C0-4A9B-BF5D-E3FC4B14CBB5-1024x576.jpeg 1024w, https:\/\/mat.uab.cat\/web\/agusti\/wp-content\/uploads\/sites\/13\/2022\/02\/507392D2-A4C0-4A9B-BF5D-E3FC4B14CBB5-768x432.jpeg 768w, https:\/\/mat.uab.cat\/web\/agusti\/wp-content\/uploads\/sites\/13\/2022\/02\/507392D2-A4C0-4A9B-BF5D-E3FC4B14CBB5-1536x864.jpeg 1536w, https:\/\/mat.uab.cat\/web\/agusti\/wp-content\/uploads\/sites\/13\/2022\/02\/507392D2-A4C0-4A9B-BF5D-E3FC4B14CBB5-624x351.jpeg 624w, https:\/\/mat.uab.cat\/web\/agusti\/wp-content\/uploads\/sites\/13\/2022\/02\/507392D2-A4C0-4A9B-BF5D-E3FC4B14CBB5.jpeg 1600w\" sizes=\"auto, (max-width: 300px) 100vw, 300px\" \/><\/a> <a href=\"http:\/\/mat.uab.cat\/web\/agusti\/wp-content\/uploads\/sites\/13\/2022\/02\/5794285C-0351-4935-85C6-4DC7421CF1F0.jpeg\"><img loading=\"lazy\" decoding=\"async\" class=\"alignnone size-medium wp-image-1727\" src=\"http:\/\/mat.uab.cat\/web\/agusti\/wp-content\/uploads\/sites\/13\/2022\/02\/5794285C-0351-4935-85C6-4DC7421CF1F0-300x169.jpeg\" alt=\"\" width=\"300\" height=\"169\" srcset=\"https:\/\/mat.uab.cat\/web\/agusti\/wp-content\/uploads\/sites\/13\/2022\/02\/5794285C-0351-4935-85C6-4DC7421CF1F0-300x169.jpeg 300w, https:\/\/mat.uab.cat\/web\/agusti\/wp-content\/uploads\/sites\/13\/2022\/02\/5794285C-0351-4935-85C6-4DC7421CF1F0-1024x576.jpeg 1024w, https:\/\/mat.uab.cat\/web\/agusti\/wp-content\/uploads\/sites\/13\/2022\/02\/5794285C-0351-4935-85C6-4DC7421CF1F0-768x432.jpeg 768w, https:\/\/mat.uab.cat\/web\/agusti\/wp-content\/uploads\/sites\/13\/2022\/02\/5794285C-0351-4935-85C6-4DC7421CF1F0-1536x864.jpeg 1536w, https:\/\/mat.uab.cat\/web\/agusti\/wp-content\/uploads\/sites\/13\/2022\/02\/5794285C-0351-4935-85C6-4DC7421CF1F0-624x351.jpeg 624w, https:\/\/mat.uab.cat\/web\/agusti\/wp-content\/uploads\/sites\/13\/2022\/02\/5794285C-0351-4935-85C6-4DC7421CF1F0.jpeg 1600w\" sizes=\"auto, (max-width: 300px) 100vw, 300px\" \/><\/a> <a href=\"http:\/\/mat.uab.cat\/web\/agusti\/wp-content\/uploads\/sites\/13\/2022\/02\/1D603B26-1EC4-4811-AE47-C5482A09FC48.jpeg\"><img loading=\"lazy\" decoding=\"async\" class=\"alignnone size-medium wp-image-1728\" src=\"http:\/\/mat.uab.cat\/web\/agusti\/wp-content\/uploads\/sites\/13\/2022\/02\/1D603B26-1EC4-4811-AE47-C5482A09FC48-300x169.jpeg\" alt=\"\" width=\"300\" height=\"169\" srcset=\"https:\/\/mat.uab.cat\/web\/agusti\/wp-content\/uploads\/sites\/13\/2022\/02\/1D603B26-1EC4-4811-AE47-C5482A09FC48-300x169.jpeg 300w, https:\/\/mat.uab.cat\/web\/agusti\/wp-content\/uploads\/sites\/13\/2022\/02\/1D603B26-1EC4-4811-AE47-C5482A09FC48-1024x576.jpeg 1024w, https:\/\/mat.uab.cat\/web\/agusti\/wp-content\/uploads\/sites\/13\/2022\/02\/1D603B26-1EC4-4811-AE47-C5482A09FC48-768x432.jpeg 768w, https:\/\/mat.uab.cat\/web\/agusti\/wp-content\/uploads\/sites\/13\/2022\/02\/1D603B26-1EC4-4811-AE47-C5482A09FC48-1536x864.jpeg 1536w, https:\/\/mat.uab.cat\/web\/agusti\/wp-content\/uploads\/sites\/13\/2022\/02\/1D603B26-1EC4-4811-AE47-C5482A09FC48-624x351.jpeg 624w, https:\/\/mat.uab.cat\/web\/agusti\/wp-content\/uploads\/sites\/13\/2022\/02\/1D603B26-1EC4-4811-AE47-C5482A09FC48.jpeg 1600w\" sizes=\"auto, (max-width: 300px) 100vw, 300px\" \/><\/a> <a href=\"http:\/\/mat.uab.cat\/web\/agusti\/wp-content\/uploads\/sites\/13\/2022\/02\/8131D552-90E4-42DA-9F2B-D477AD66BF53.jpeg\"><img loading=\"lazy\" decoding=\"async\" class=\"alignnone size-medium wp-image-1729\" src=\"http:\/\/mat.uab.cat\/web\/agusti\/wp-content\/uploads\/sites\/13\/2022\/02\/8131D552-90E4-42DA-9F2B-D477AD66BF53-300x169.jpeg\" alt=\"\" width=\"300\" height=\"169\" srcset=\"https:\/\/mat.uab.cat\/web\/agusti\/wp-content\/uploads\/sites\/13\/2022\/02\/8131D552-90E4-42DA-9F2B-D477AD66BF53-300x169.jpeg 300w, https:\/\/mat.uab.cat\/web\/agusti\/wp-content\/uploads\/sites\/13\/2022\/02\/8131D552-90E4-42DA-9F2B-D477AD66BF53-1024x576.jpeg 1024w, https:\/\/mat.uab.cat\/web\/agusti\/wp-content\/uploads\/sites\/13\/2022\/02\/8131D552-90E4-42DA-9F2B-D477AD66BF53-768x432.jpeg 768w, https:\/\/mat.uab.cat\/web\/agusti\/wp-content\/uploads\/sites\/13\/2022\/02\/8131D552-90E4-42DA-9F2B-D477AD66BF53-1536x864.jpeg 1536w, https:\/\/mat.uab.cat\/web\/agusti\/wp-content\/uploads\/sites\/13\/2022\/02\/8131D552-90E4-42DA-9F2B-D477AD66BF53-624x351.jpeg 624w, https:\/\/mat.uab.cat\/web\/agusti\/wp-content\/uploads\/sites\/13\/2022\/02\/8131D552-90E4-42DA-9F2B-D477AD66BF53.jpeg 1600w\" sizes=\"auto, (max-width: 300px) 100vw, 300px\" \/><\/a> <a href=\"http:\/\/mat.uab.cat\/web\/agusti\/wp-content\/uploads\/sites\/13\/2022\/02\/BB09E052-4CBB-4D24-AF06-26CEC2EFBE5D.jpeg\"><img loading=\"lazy\" decoding=\"async\" class=\"alignnone size-medium wp-image-1730\" src=\"http:\/\/mat.uab.cat\/web\/agusti\/wp-content\/uploads\/sites\/13\/2022\/02\/BB09E052-4CBB-4D24-AF06-26CEC2EFBE5D-300x169.jpeg\" alt=\"\" width=\"300\" height=\"169\" srcset=\"https:\/\/mat.uab.cat\/web\/agusti\/wp-content\/uploads\/sites\/13\/2022\/02\/BB09E052-4CBB-4D24-AF06-26CEC2EFBE5D-300x169.jpeg 300w, https:\/\/mat.uab.cat\/web\/agusti\/wp-content\/uploads\/sites\/13\/2022\/02\/BB09E052-4CBB-4D24-AF06-26CEC2EFBE5D-1024x576.jpeg 1024w, https:\/\/mat.uab.cat\/web\/agusti\/wp-content\/uploads\/sites\/13\/2022\/02\/BB09E052-4CBB-4D24-AF06-26CEC2EFBE5D-768x432.jpeg 768w, https:\/\/mat.uab.cat\/web\/agusti\/wp-content\/uploads\/sites\/13\/2022\/02\/BB09E052-4CBB-4D24-AF06-26CEC2EFBE5D-1536x864.jpeg 1536w, https:\/\/mat.uab.cat\/web\/agusti\/wp-content\/uploads\/sites\/13\/2022\/02\/BB09E052-4CBB-4D24-AF06-26CEC2EFBE5D-624x351.jpeg 624w, https:\/\/mat.uab.cat\/web\/agusti\/wp-content\/uploads\/sites\/13\/2022\/02\/BB09E052-4CBB-4D24-AF06-26CEC2EFBE5D.jpeg 1600w\" sizes=\"auto, (max-width: 300px) 100vw, 300px\" \/><\/a><\/p>\n\n\n<ol class=\"wp-block-list\" start=\"3364\"><li>Agost 15 dilluns [63+364]. Saldes, Coll de la Trapa, G\u00f3sol, Coll de Josa, Coll de la Trava, G\u00f3sol. Cap de setmana a ca l\u2019Andreu, prop de Saldes, amb bones vistes al Pedraforca amb Sergi, Neus i Gen\u00eds. Els dies abans la Berta va agafar febre fins 37.7 i la primera nit prevista no hi varem poder anar [i la varem pagar!] Per sort millora i podem anar-hi diumenge i fer bici dilluns. Fem fotos a tots els ports. Per G\u00f3sol i Josa cap problema. Quan veiem Trava 19 km 2% ve baixada. Aquests kms es fan durets per\u00f2 el m \u00e9s dur \u00e9s la tornada els dos \u00faltims kms de Josa que faig a 8 km\/h amb el Sergi pujant i baixant. A G\u00f3sol prenem una cocacola amb Berta, Neus i Gen\u00eds i porto el cotxe fins l\u2019hotel. 2000m desnivell acumulat. 90 km.<\/li><\/ol>\n","protected":false},"excerpt":{"rendered":"<p>Agost 15 dilluns [63+364]. Saldes, Coll de la Trapa, G\u00f3sol, Coll de Josa, Coll de la Trava, G\u00f3sol. Cap de setmana a ca l\u2019Andreu, prop de Saldes, amb bones vistes al Pedraforca amb Sergi, Neus i Gen\u00eds. Els dies abans la Berta va agafar febre fins 37.7 i la primera nit prevista no hi varem [&hellip;]<\/p>\n","protected":false},"author":19,"featured_media":0,"parent":0,"menu_order":0,"comment_status":"closed","ping_status":"closed","template":"","meta":{"footnotes":""},"class_list":["post-1718","page","type-page","status-publish","hentry"],"_links":{"self":[{"href":"https:\/\/mat.uab.cat\/web\/agusti\/wp-json\/wp\/v2\/pages\/1718","targetHints":{"allow":["GET"]}}],"collection":[{"href":"https:\/\/mat.uab.cat\/web\/agusti\/wp-json\/wp\/v2\/pages"}],"about":[{"href":"https:\/\/mat.uab.cat\/web\/agusti\/wp-json\/wp\/v2\/types\/page"}],"author":[{"embeddable":true,"href":"https:\/\/mat.uab.cat\/web\/agusti\/wp-json\/wp\/v2\/users\/19"}],"replies":[{"embeddable":true,"href":"https:\/\/mat.uab.cat\/web\/agusti\/wp-json\/wp\/v2\/comments?post=1718"}],"version-history":[{"count":4,"href":"https:\/\/mat.uab.cat\/web\/agusti\/wp-json\/wp\/v2\/pages\/1718\/revisions"}],"predecessor-version":[{"id":1736,"href":"https:\/\/mat.uab.cat\/web\/agusti\/wp-json\/wp\/v2\/pages\/1718\/revisions\/1736"}],"wp:attachment":[{"href":"https:\/\/mat.uab.cat\/web\/agusti\/wp-json\/wp\/v2\/media?parent=1718"}],"curies":[{"name":"wp","href":"https:\/\/api.w.org\/{rel}","templated":true}]}}