{"id":35,"date":"2018-10-01T11:17:37","date_gmt":"2018-10-01T11:17:37","guid":{"rendered":"http:\/\/mat.uab.cat\/web\/agusti\/?page_id=35"},"modified":"2022-03-01T22:08:39","modified_gmt":"2022-03-01T22:08:39","slug":"aficions","status":"publish","type":"page","link":"https:\/\/mat.uab.cat\/web\/agusti\/aficions\/","title":{"rendered":"Aficions"},"content":{"rendered":"<p><span style=\"font-size: 24pt\"><strong>Ciclisme <br \/><\/strong><\/span><\/p>\n<div id=\"attachment_85\" style=\"width: 538px\" class=\"wp-caption alignnone\"><a href=\"http:\/\/mat.uab.cat\/web\/agusti\/aficions\/1989-2\/\"><img loading=\"lazy\" decoding=\"async\" aria-describedby=\"caption-attachment-85\" class=\"wp-image-85 \" src=\"http:\/\/mat.uab.cat\/web\/agusti\/wp-content\/uploads\/sites\/13\/2018\/10\/20120226_133950-300x225.jpg\" alt=\"\" width=\"528\" height=\"396\" srcset=\"https:\/\/mat.uab.cat\/web\/agusti\/wp-content\/uploads\/sites\/13\/2018\/10\/20120226_133950-300x225.jpg 300w, https:\/\/mat.uab.cat\/web\/agusti\/wp-content\/uploads\/sites\/13\/2018\/10\/20120226_133950-768x576.jpg 768w, https:\/\/mat.uab.cat\/web\/agusti\/wp-content\/uploads\/sites\/13\/2018\/10\/20120226_133950-1024x768.jpg 1024w, https:\/\/mat.uab.cat\/web\/agusti\/wp-content\/uploads\/sites\/13\/2018\/10\/20120226_133950-624x468.jpg 624w\" sizes=\"auto, (max-width: 528px) 100vw, 528px\" \/><\/a><p id=\"caption-attachment-85\" class=\"wp-caption-text\"><span style=\"background-color: #ccffff\"><strong>Oriol Berta Sergi Agust\u00ed;\u00a0 Febrer 2012, Tibidabo<\/strong><\/span><\/p><\/div>\n<p><span style=\"color: #ff0000\"><strong>B<\/strong><a style=\"color: #ff0000\" href=\"http:\/\/mat.uab.cat\/web\/agusti\/wp-content\/uploads\/sites\/13\/2021\/12\/BERTA-scaled.gif\"><strong><span style=\"color: #ff0000\">erta<\/span><\/strong><\/a><\/span><\/p>\n<p><a href=\"http:\/\/mat.uab.cat\/web\/agusti\/wp-content\/uploads\/sites\/13\/2022\/03\/bgll.pdf\">Berta<\/a><\/p>\n<p><a href=\"http:\/\/mat.uab.cat\/web\/agusti\/aficions\/1989-2\/\">Esport Ciclista Cer<\/a><a href=\"http:\/\/mat.uab.cat\/web\/agusti\/aficions\/1989-2\/\">danyola (1989).<\/a><\/p>\n<p><a href=\"https:\/\/mat.uab.cat\/web\/agusti\/tourmalet\/\"><strong>Aspin i <span style=\"color: #993300\">Tourmalet<\/span><\/strong> (23-06-1996)<\/a><\/p>\n<p><a href=\"https:\/\/mat.uab.cat\/web\/agusti\/llacs-de-covadonga\/\"><strong>Llacs de Covadonga<\/strong> i Fitu (22-06-1997)<\/a><\/p>\n<p><a href=\"https:\/\/mat.uab.cat\/web\/agusti\/vallter-2000-1998\/\"><strong><span style=\"color: #0000ff\">Vallter 2000<\/span><\/strong> (31-05-1998)<\/a><\/p>\n<p><a href=\"https:\/\/mat.uab.cat\/web\/agusti\/port-denvalira\/\">Port d&#8217;Envalira (12-09-1998)<\/a><\/p>\n<p><a href=\"https:\/\/mat.uab.cat\/web\/agusti\/terra-de-remences-2\/\">Terra de Remences (16-05-1999)<\/a><\/p>\n<p><a href=\"https:\/\/mat.uab.cat\/web\/agusti\/terra-de-remences\/\">Terra de Remences (14-05-2000)<\/a><\/p>\n<p><a href=\"https:\/\/mat.uab.cat\/web\/agusti\/roncesvalles\/\">Roncesvalles (11-06-2000)<\/a><\/p>\n<p><a href=\"https:\/\/mat.uab.cat\/web\/agusti\/terra-de-remences-3\/\">Terra de Remences (13-05-2001)<\/a><\/p>\n<p><a href=\"https:\/\/mat.uab.cat\/web\/agusti\/croix-de-fer\/\"><span style=\"color: #ff00ff\">Alpe d&#8217;Huez i Croix de Fer<\/span> (06-08-2000)<\/a><\/p>\n<p><span style=\"color: #0000ff\"><a style=\"color: #0000ff\" href=\"https:\/\/mat.uab.cat\/web\/agusti\/vallter-2000-1998\/\"><strong><span style=\"color: #0000ff\">Vallter<\/span> <span style=\"color: #0000ff\">2000<\/span><\/strong><\/a><\/span><a href=\"https:\/\/mat.uab.cat\/web\/agusti\/vallter-2000-2003\/\"> (14-06-2003)<\/a><\/p>\n<p><a href=\"http:\/\/mat.uab.cat\/web\/agusti\/diverses-sortides\/\" data-rich-text-format-boundary=\"true\"><strong>G\u00f3sol<\/strong> 2004 i altres Sortides<\/a><\/p>\n<p><a href=\"https:\/\/mat.uab.cat\/web\/agusti\/port-del-canto\/\">Port del Cant\u00f3 (26-08-2004)<\/a><\/p>\n<p><a href=\"https:\/\/mat.uab.cat\/web\/agusti\/pailheres-25-06-2006\/\" data-rich-text-format-boundary=\"true\"><strong>Pailheres<\/strong> (25-06-2006)<\/a><\/p>\n<p><a href=\"https:\/\/mat.uab.cat\/web\/agusti\/talltendre-15-07-2007\/\" data-rich-text-format-boundary=\"true\"><strong>Talltendre<\/strong> (15-07-2007) <\/a><\/p>\n<p><a href=\"https:\/\/mat.uab.cat\/web\/agusti\/talltendre-18-05-2008\/\" data-rich-text-format-boundary=\"true\"><strong>Talltendre<\/strong> (18-05-2008)<\/a> A<\/p>\n<p><a href=\"https:\/\/mat.uab.cat\/web\/agusti\/talltendre-18-05-2008-b\/\" data-rich-text-format-boundary=\"true\"><strong>Talltendre<\/strong> (18-05-2008) B<\/a><\/p>\n<p><a href=\"https:\/\/mat.uab.cat\/web\/agusti\/coll-de-pal-30-05-2009\/\"><strong>Coll de Pal<\/strong> (30-05-2009)<\/a><\/p>\n<p><a href=\"https:\/\/mat.uab.cat\/web\/agusti\/montventoux-2010\/\"><strong>Montventoux<\/strong> (30-05-2010)<\/a><\/p>\n<p><a href=\"https:\/\/mat.uab.cat\/web\/agusti\/montventoux-2011\/\" data-rich-text-format-boundary=\"true\"><strong>Montventoux<\/strong> (19-06-2011) A<\/a><\/p>\n<p><a href=\"https:\/\/mat.uab.cat\/web\/agusti\/montventoux-2011-b\/\" data-rich-text-format-boundary=\"true\"><strong>Montventoux<\/strong> (19-06-2011) B<\/a><\/p>\n<p><a href=\"https:\/\/mat.uab.cat\/web\/agusti\/terra-de-laigua\/\">Terra de l&#8217;Aigua (27-05-2012)<\/a><\/p>\n<p><a href=\"https:\/\/mat.uab.cat\/web\/agusti\/touxent-la-vansa-60-anys-agusti\/\">Tuixent-LaVansa, Port del Compte 60 aniversari (1-09-2012)<\/a><\/p>\n<p><a href=\"https:\/\/mat.uab.cat\/web\/agusti\/bonaigua-portillon-aubisque-aspin\/\">Bonaigua-Portalet-<strong><span style=\"color: #0000ff\">Aubisque<\/span><\/strong>-Aspin (18-08-2013)<\/a><\/p>\n<p><a href=\"http:\/\/mat.uab.cat\/web\/agusti\/vallter-2000\/\"><span style=\"color: #0000ff\"><strong>Vallter 2000<\/strong><\/span>\u00a0\u00a0\u00a0 (24-06-2016)<\/a><\/p>\n<p><a href=\"https:\/\/mat.uab.cat\/web\/agusti\/saldes\/\">Colls de la Trava i la Trapa (15-08-2016)<\/a><\/p>\n<p><a href=\"https:\/\/mat.uab.cat\/web\/agusti\/coll-de-pal-2-prova\/\" data-rich-text-format-boundary=\"true\"><strong>Coll de Pal<\/strong> (Octubre 2016)<\/a><\/p>\n<p><a href=\"http:\/\/mat.uab.cat\/web\/agusti\/montsant-2017\/\">Ciclistes Matem\u00e0tics: <strong>Montsant<\/strong> (2017)<\/a><\/p>\n<p><a href=\"https:\/\/mat.uab.cat\/web\/agusti\/granera-2018\/\">Granera (21-05-2018)<\/a><\/p>\n<p><a href=\"https:\/\/mat.uab.cat\/web\/agusti\/estiu-2017\/\">Estiu 2107<\/a><\/p>\n\n\n<p><a href=\"http:\/\/mat.uab.cat\/web\/agusti\/wp-content\/uploads\/sites\/13\/2022\/02\/07BFB690-AD73-4639-868C-6C15612EF19E_1_105_c.jpeg\"><strong>Sant Miquel del Fai <\/strong>(Esport Ciclista Cerdanyola, 2018)<\/a><\/p>\n\n\n\n<p><a href=\"https:\/\/mat.uab.cat\/web\/agusti\/st-miquel-de-cladells\/\"><a href=\"https:\/\/mat.uab.cat\/web\/agusti\/st-miquel-de-cladells\/\">Ciclistes matem\u00e0tics<\/a><\/a>. <a href=\"https:\/\/mat.uab.cat\/web\/agusti\/st-miquel-de-cladells\/\"><a href=\"https:\/\/mat.uab.cat\/web\/agusti\/st-miquel-de-cladells\/\"><\/a>Sant Miquel de Cladells. (7-7-2018)<\/a><\/p>\n\n\n\n<p><a href=\"http:\/\/mat.uab.cat\/web\/agusti\/wp-content\/uploads\/sites\/13\/2022\/02\/8F4B78BE-D5EC-4F2B-BFD2-59242B17949A_1_105_c.jpeg\"><strong>Santes Creus <\/strong>12 juliol 2018. J<\/a>. <a href=\"http:\/\/mat.uab.cat\/web\/agusti\/wp-content\/uploads\/sites\/13\/2022\/02\/8F4B78BE-D5EC-4F2B-BFD2-59242B17949A_1_105_c.jpeg\">Fu, A.Ru\u00edz, G.Solanes, J.Porti, L.Saumell, Ll.Bruna, J. Aguad\u00e9, J.Bruna, Agust\u00ed.<\/a> <\/p>\n\n\n\n<p><a href=\"https:\/\/mat.uab.cat\/web\/agusti\/portalet-i-gotefablo\/\"><strong><span style=\"color: #ff0000\">Portalet i Gotefablo<\/span><\/strong> (22-07-2018)<\/a><\/p>\n\n\n\n<p><a href=\"https:\/\/mat.uab.cat\/web\/agusti\/coll-de-pal\/\"><strong>Coll de Pal <\/strong><\/a><em><a href=\"https:\/\/mat.uab.cat\/web\/agusti\/coll-de-pal\/\">(12-10-2018)<\/a><\/em><\/p>\n\n\n\n<p><a href=\"https:\/\/mat.uab.cat\/web\/agusti\/els-angels\/\"><a href=\"https:\/\/mat.uab.cat\/web\/agusti\/els-angels\/\">Ciclistes matem\u00e0tics. <\/a>Els \u00c0ngels. (12-10-2019)<\/a><\/p>\n\n\n\n<p><a href=\"https:\/\/mat.uab.cat\/web\/agusti\/alp-cerdanya\/\">Marxa cicloturista Alp-Cerdanya (21-09-2020)<\/a><\/p>\n\n\n\n<p><a href=\"http:\/\/mat.uab.cat\/web\/agusti\/diverses-sortides\/\"> <\/a><strong>L<a href=\"https:\/\/mat.uab.cat\/web\/agusti\/la-pleta-del-prat-tavascan\">a Pleta  del Prat<\/a> <\/strong>(2021)<\/p>\n","protected":false},"excerpt":{"rendered":"<p>Ciclisme Berta Berta Esport Ciclista Cerdanyola (1989). Aspin i Tourmalet (23-06-1996) Llacs de Covadonga i Fitu (22-06-1997) Vallter 2000 (31-05-1998) Port d&#8217;Envalira (12-09-1998) Terra de Remences (16-05-1999) Terra de Remences (14-05-2000) Roncesvalles (11-06-2000) Terra de Remences (13-05-2001) Alpe d&#8217;Huez i Croix de Fer (06-08-2000) Vallter 2000 (14-06-2003) G\u00f3sol 2004 i altres Sortides Port del Cant\u00f3 [&hellip;]<\/p>\n","protected":false},"author":1,"featured_media":0,"parent":0,"menu_order":0,"comment_status":"closed","ping_status":"closed","template":"","meta":{"footnotes":""},"class_list":["post-35","page","type-page","status-publish","hentry"],"_links":{"self":[{"href":"https:\/\/mat.uab.cat\/web\/agusti\/wp-json\/wp\/v2\/pages\/35","targetHints":{"allow":["GET"]}}],"collection":[{"href":"https:\/\/mat.uab.cat\/web\/agusti\/wp-json\/wp\/v2\/pages"}],"about":[{"href":"https:\/\/mat.uab.cat\/web\/agusti\/wp-json\/wp\/v2\/types\/page"}],"author":[{"embeddable":true,"href":"https:\/\/mat.uab.cat\/web\/agusti\/wp-json\/wp\/v2\/users\/1"}],"replies":[{"embeddable":true,"href":"https:\/\/mat.uab.cat\/web\/agusti\/wp-json\/wp\/v2\/comments?post=35"}],"version-history":[{"count":104,"href":"https:\/\/mat.uab.cat\/web\/agusti\/wp-json\/wp\/v2\/pages\/35\/revisions"}],"predecessor-version":[{"id":1944,"href":"https:\/\/mat.uab.cat\/web\/agusti\/wp-json\/wp\/v2\/pages\/35\/revisions\/1944"}],"wp:attachment":[{"href":"https:\/\/mat.uab.cat\/web\/agusti\/wp-json\/wp\/v2\/media?parent=35"}],"curies":[{"name":"wp","href":"https:\/\/api.w.org\/{rel}","templated":true}]}}