{"id":391,"date":"2021-12-25T19:48:23","date_gmt":"2021-12-25T19:48:23","guid":{"rendered":"https:\/\/mat.uab.cat\/web\/agusti\/?page_id=391"},"modified":"2022-02-16T20:12:45","modified_gmt":"2022-02-16T20:12:45","slug":"premi-docent","status":"publish","type":"page","link":"https:\/\/mat.uab.cat\/web\/agusti\/premi-docent\/","title":{"rendered":"Premi Docent"},"content":{"rendered":"<p style=\"text-align: center\"><a href=\"http:\/\/mat.uab.cat\/web\/agusti\/wp-content\/uploads\/sites\/13\/2021\/12\/fotopremi.jpg\"><img loading=\"lazy\" decoding=\"async\" class=\"alignnone  wp-image-392\" src=\"http:\/\/mat.uab.cat\/web\/agusti\/wp-content\/uploads\/sites\/13\/2021\/12\/fotopremi-300x225.jpg\" alt=\"\" width=\"577\" height=\"433\" srcset=\"https:\/\/mat.uab.cat\/web\/agusti\/wp-content\/uploads\/sites\/13\/2021\/12\/fotopremi-300x225.jpg 300w, https:\/\/mat.uab.cat\/web\/agusti\/wp-content\/uploads\/sites\/13\/2021\/12\/fotopremi-624x468.jpg 624w, https:\/\/mat.uab.cat\/web\/agusti\/wp-content\/uploads\/sites\/13\/2021\/12\/fotopremi.jpg 734w\" sizes=\"auto, (max-width: 577px) 100vw, 577px\" \/><\/a><\/p>\n<p style=\"text-align: center\"><strong><span style=\"font-size: 14pt\">Premi a l&#8217;excel.l\u00e8ncia de la traject\u00f2ria docent (2019)<\/span><\/strong><\/p>\n<p><a href=\"http:\/\/mat.uab.cat\/web\/agusti\/wp-content\/uploads\/sites\/13\/2021\/12\/cartaalumnes.pdf\"><span style=\"color: #ff0000\">Carta de suport dels alumnes<\/span><\/a><\/p>\n<p><a href=\"http:\/\/mat.uab.cat\/web\/agusti\/wp-content\/uploads\/sites\/13\/2022\/01\/paraulesagraiment.pdf\" data-wplink-edit=\"true\"><strong>Meves paraules d&#8217;agra\u00efment<\/strong><\/a><\/p>\n\n\n<figure class=\"wp-block-embed is-type-video is-provider-youtube wp-block-embed-youtube wp-embed-aspect-16-9 wp-has-aspect-ratio\"><div class=\"wp-block-embed__wrapper\">\n<iframe loading=\"lazy\" title=\"II Jornada d&#039;Innovaci\u00f3 Docent 2019\" width=\"625\" height=\"352\" src=\"https:\/\/www.youtube.com\/embed\/L15j1L6snJw?feature=oembed\" frameborder=\"0\" allow=\"accelerometer; autoplay; clipboard-write; encrypted-media; gyroscope; picture-in-picture; web-share\" referrerpolicy=\"strict-origin-when-cross-origin\" allowfullscreen><\/iframe>\n<\/div><\/figure>\n\n\n\n<figure class=\"wp-block-video\"><\/figure>\n\n\n\n<p><\/p>\n\n\n\n<p><a href=\"https:\/\/mat.uab.cat\/web\/agusti\/premi-docent-fotos\/\"><strong>Fotos de l&#8217;acte d&#8217;entrega 22 maig 2019<\/strong><\/a><\/p>\n\n\n\n<p><\/p>\n","protected":false},"excerpt":{"rendered":"<p>Premi a l&#8217;excel.l\u00e8ncia de la traject\u00f2ria docent (2019) Carta de suport dels alumnes Meves paraules d&#8217;agra\u00efment Fotos de l&#8217;acte d&#8217;entrega 22 maig 2019<\/p>\n","protected":false},"author":19,"featured_media":0,"parent":0,"menu_order":0,"comment_status":"closed","ping_status":"closed","template":"","meta":{"footnotes":""},"class_list":["post-391","page","type-page","status-publish","hentry"],"_links":{"self":[{"href":"https:\/\/mat.uab.cat\/web\/agusti\/wp-json\/wp\/v2\/pages\/391","targetHints":{"allow":["GET"]}}],"collection":[{"href":"https:\/\/mat.uab.cat\/web\/agusti\/wp-json\/wp\/v2\/pages"}],"about":[{"href":"https:\/\/mat.uab.cat\/web\/agusti\/wp-json\/wp\/v2\/types\/page"}],"author":[{"embeddable":true,"href":"https:\/\/mat.uab.cat\/web\/agusti\/wp-json\/wp\/v2\/users\/19"}],"replies":[{"embeddable":true,"href":"https:\/\/mat.uab.cat\/web\/agusti\/wp-json\/wp\/v2\/comments?post=391"}],"version-history":[{"count":14,"href":"https:\/\/mat.uab.cat\/web\/agusti\/wp-json\/wp\/v2\/pages\/391\/revisions"}],"predecessor-version":[{"id":2032,"href":"https:\/\/mat.uab.cat\/web\/agusti\/wp-json\/wp\/v2\/pages\/391\/revisions\/2032"}],"wp:attachment":[{"href":"https:\/\/mat.uab.cat\/web\/agusti\/wp-json\/wp\/v2\/media?parent=391"}],"curies":[{"name":"wp","href":"https:\/\/api.w.org\/{rel}","templated":true}]}}