{"id":972,"date":"2022-02-08T19:04:55","date_gmt":"2022-02-08T19:04:55","guid":{"rendered":"https:\/\/mat.uab.cat\/web\/agusti\/?page_id=972"},"modified":"2022-02-08T19:10:36","modified_gmt":"2022-02-08T19:10:36","slug":"talltendre-15-07-2007","status":"publish","type":"page","link":"https:\/\/mat.uab.cat\/web\/agusti\/talltendre-15-07-2007\/","title":{"rendered":"Talltendre 15-07-2007"},"content":{"rendered":"<p><a href=\"http:\/\/mat.uab.cat\/web\/agusti\/wp-content\/uploads\/sites\/13\/2022\/02\/0-1.jpg\"><img loading=\"lazy\" decoding=\"async\" class=\"alignnone size-medium wp-image-973\" src=\"http:\/\/mat.uab.cat\/web\/agusti\/wp-content\/uploads\/sites\/13\/2022\/02\/0-1-300x225.jpg\" alt=\"\" width=\"300\" height=\"225\" srcset=\"https:\/\/mat.uab.cat\/web\/agusti\/wp-content\/uploads\/sites\/13\/2022\/02\/0-1-300x225.jpg 300w, https:\/\/mat.uab.cat\/web\/agusti\/wp-content\/uploads\/sites\/13\/2022\/02\/0-1-624x468.jpg 624w, https:\/\/mat.uab.cat\/web\/agusti\/wp-content\/uploads\/sites\/13\/2022\/02\/0-1.jpg 640w\" sizes=\"auto, (max-width: 300px) 100vw, 300px\" \/><\/a> <a href=\"http:\/\/mat.uab.cat\/web\/agusti\/wp-content\/uploads\/sites\/13\/2022\/02\/1-2.jpg\"><img loading=\"lazy\" decoding=\"async\" class=\"alignnone size-medium wp-image-974\" src=\"http:\/\/mat.uab.cat\/web\/agusti\/wp-content\/uploads\/sites\/13\/2022\/02\/1-2-300x225.jpg\" alt=\"\" width=\"300\" height=\"225\" srcset=\"https:\/\/mat.uab.cat\/web\/agusti\/wp-content\/uploads\/sites\/13\/2022\/02\/1-2-300x225.jpg 300w, https:\/\/mat.uab.cat\/web\/agusti\/wp-content\/uploads\/sites\/13\/2022\/02\/1-2-624x468.jpg 624w, https:\/\/mat.uab.cat\/web\/agusti\/wp-content\/uploads\/sites\/13\/2022\/02\/1-2.jpg 640w\" sizes=\"auto, (max-width: 300px) 100vw, 300px\" \/><\/a> <a href=\"http:\/\/mat.uab.cat\/web\/agusti\/wp-content\/uploads\/sites\/13\/2022\/02\/2-1.jpg\"><img loading=\"lazy\" decoding=\"async\" class=\"alignnone size-medium wp-image-975\" src=\"http:\/\/mat.uab.cat\/web\/agusti\/wp-content\/uploads\/sites\/13\/2022\/02\/2-1-300x225.jpg\" alt=\"\" width=\"300\" height=\"225\" srcset=\"https:\/\/mat.uab.cat\/web\/agusti\/wp-content\/uploads\/sites\/13\/2022\/02\/2-1-300x225.jpg 300w, https:\/\/mat.uab.cat\/web\/agusti\/wp-content\/uploads\/sites\/13\/2022\/02\/2-1-624x468.jpg 624w, https:\/\/mat.uab.cat\/web\/agusti\/wp-content\/uploads\/sites\/13\/2022\/02\/2-1.jpg 640w\" sizes=\"auto, (max-width: 300px) 100vw, 300px\" \/><\/a> <a href=\"http:\/\/mat.uab.cat\/web\/agusti\/wp-content\/uploads\/sites\/13\/2022\/02\/3-1.jpg\"><img loading=\"lazy\" decoding=\"async\" class=\"alignnone size-medium wp-image-976\" src=\"http:\/\/mat.uab.cat\/web\/agusti\/wp-content\/uploads\/sites\/13\/2022\/02\/3-1-300x225.jpg\" alt=\"\" width=\"300\" height=\"225\" srcset=\"https:\/\/mat.uab.cat\/web\/agusti\/wp-content\/uploads\/sites\/13\/2022\/02\/3-1-300x225.jpg 300w, https:\/\/mat.uab.cat\/web\/agusti\/wp-content\/uploads\/sites\/13\/2022\/02\/3-1-624x468.jpg 624w, https:\/\/mat.uab.cat\/web\/agusti\/wp-content\/uploads\/sites\/13\/2022\/02\/3-1.jpg 640w\" sizes=\"auto, (max-width: 300px) 100vw, 300px\" \/><\/a> <a href=\"http:\/\/mat.uab.cat\/web\/agusti\/wp-content\/uploads\/sites\/13\/2022\/02\/4-1.jpg\"><img loading=\"lazy\" decoding=\"async\" class=\"alignnone size-medium wp-image-977\" src=\"http:\/\/mat.uab.cat\/web\/agusti\/wp-content\/uploads\/sites\/13\/2022\/02\/4-1-300x225.jpg\" alt=\"\" width=\"300\" height=\"225\" srcset=\"https:\/\/mat.uab.cat\/web\/agusti\/wp-content\/uploads\/sites\/13\/2022\/02\/4-1-300x225.jpg 300w, https:\/\/mat.uab.cat\/web\/agusti\/wp-content\/uploads\/sites\/13\/2022\/02\/4-1-624x468.jpg 624w, https:\/\/mat.uab.cat\/web\/agusti\/wp-content\/uploads\/sites\/13\/2022\/02\/4-1.jpg 640w\" sizes=\"auto, (max-width: 300px) 100vw, 300px\" \/><\/a> <a href=\"http:\/\/mat.uab.cat\/web\/agusti\/wp-content\/uploads\/sites\/13\/2022\/02\/5-1.jpg\"><img loading=\"lazy\" decoding=\"async\" class=\"alignnone size-medium wp-image-978\" src=\"http:\/\/mat.uab.cat\/web\/agusti\/wp-content\/uploads\/sites\/13\/2022\/02\/5-1-300x225.jpg\" alt=\"\" width=\"300\" height=\"225\" srcset=\"https:\/\/mat.uab.cat\/web\/agusti\/wp-content\/uploads\/sites\/13\/2022\/02\/5-1-300x225.jpg 300w, https:\/\/mat.uab.cat\/web\/agusti\/wp-content\/uploads\/sites\/13\/2022\/02\/5-1-624x468.jpg 624w, https:\/\/mat.uab.cat\/web\/agusti\/wp-content\/uploads\/sites\/13\/2022\/02\/5-1.jpg 640w\" sizes=\"auto, (max-width: 300px) 100vw, 300px\" \/><\/a> <a href=\"http:\/\/mat.uab.cat\/web\/agusti\/wp-content\/uploads\/sites\/13\/2022\/02\/7-1.jpg\"><img loading=\"lazy\" decoding=\"async\" class=\"alignnone size-medium wp-image-979\" src=\"http:\/\/mat.uab.cat\/web\/agusti\/wp-content\/uploads\/sites\/13\/2022\/02\/7-1-300x225.jpg\" alt=\"\" width=\"300\" height=\"225\" srcset=\"https:\/\/mat.uab.cat\/web\/agusti\/wp-content\/uploads\/sites\/13\/2022\/02\/7-1-300x225.jpg 300w, https:\/\/mat.uab.cat\/web\/agusti\/wp-content\/uploads\/sites\/13\/2022\/02\/7-1-624x468.jpg 624w, https:\/\/mat.uab.cat\/web\/agusti\/wp-content\/uploads\/sites\/13\/2022\/02\/7-1.jpg 640w\" sizes=\"auto, (max-width: 300px) 100vw, 300px\" \/><\/a> <a href=\"http:\/\/mat.uab.cat\/web\/agusti\/wp-content\/uploads\/sites\/13\/2022\/02\/8-1.jpg\"><img loading=\"lazy\" decoding=\"async\" class=\"alignnone size-medium wp-image-980\" src=\"http:\/\/mat.uab.cat\/web\/agusti\/wp-content\/uploads\/sites\/13\/2022\/02\/8-1-300x225.jpg\" alt=\"\" width=\"300\" height=\"225\" srcset=\"https:\/\/mat.uab.cat\/web\/agusti\/wp-content\/uploads\/sites\/13\/2022\/02\/8-1-300x225.jpg 300w, https:\/\/mat.uab.cat\/web\/agusti\/wp-content\/uploads\/sites\/13\/2022\/02\/8-1-624x468.jpg 624w, https:\/\/mat.uab.cat\/web\/agusti\/wp-content\/uploads\/sites\/13\/2022\/02\/8-1.jpg 640w\" sizes=\"auto, (max-width: 300px) 100vw, 300px\" \/><\/a> <a href=\"http:\/\/mat.uab.cat\/web\/agusti\/wp-content\/uploads\/sites\/13\/2022\/02\/9-1.jpg\"><img loading=\"lazy\" decoding=\"async\" class=\"alignnone size-medium wp-image-981\" src=\"http:\/\/mat.uab.cat\/web\/agusti\/wp-content\/uploads\/sites\/13\/2022\/02\/9-1-300x225.jpg\" alt=\"\" width=\"300\" height=\"225\" srcset=\"https:\/\/mat.uab.cat\/web\/agusti\/wp-content\/uploads\/sites\/13\/2022\/02\/9-1-300x225.jpg 300w, https:\/\/mat.uab.cat\/web\/agusti\/wp-content\/uploads\/sites\/13\/2022\/02\/9-1-624x468.jpg 624w, https:\/\/mat.uab.cat\/web\/agusti\/wp-content\/uploads\/sites\/13\/2022\/02\/9-1.jpg 640w\" sizes=\"auto, (max-width: 300px) 100vw, 300px\" \/><\/a> <a href=\"http:\/\/mat.uab.cat\/web\/agusti\/wp-content\/uploads\/sites\/13\/2022\/02\/10-1.jpg\"><img loading=\"lazy\" decoding=\"async\" class=\"alignnone size-medium wp-image-982\" src=\"http:\/\/mat.uab.cat\/web\/agusti\/wp-content\/uploads\/sites\/13\/2022\/02\/10-1-300x225.jpg\" alt=\"\" width=\"300\" height=\"225\" srcset=\"https:\/\/mat.uab.cat\/web\/agusti\/wp-content\/uploads\/sites\/13\/2022\/02\/10-1-300x225.jpg 300w, https:\/\/mat.uab.cat\/web\/agusti\/wp-content\/uploads\/sites\/13\/2022\/02\/10-1-624x468.jpg 624w, https:\/\/mat.uab.cat\/web\/agusti\/wp-content\/uploads\/sites\/13\/2022\/02\/10-1.jpg 640w\" sizes=\"auto, (max-width: 300px) 100vw, 300px\" \/><\/a> <a href=\"http:\/\/mat.uab.cat\/web\/agusti\/wp-content\/uploads\/sites\/13\/2022\/02\/11-1.jpg\"><img loading=\"lazy\" decoding=\"async\" class=\"alignnone size-medium wp-image-983\" src=\"http:\/\/mat.uab.cat\/web\/agusti\/wp-content\/uploads\/sites\/13\/2022\/02\/11-1-300x225.jpg\" alt=\"\" width=\"300\" height=\"225\" srcset=\"https:\/\/mat.uab.cat\/web\/agusti\/wp-content\/uploads\/sites\/13\/2022\/02\/11-1-300x225.jpg 300w, https:\/\/mat.uab.cat\/web\/agusti\/wp-content\/uploads\/sites\/13\/2022\/02\/11-1-624x468.jpg 624w, https:\/\/mat.uab.cat\/web\/agusti\/wp-content\/uploads\/sites\/13\/2022\/02\/11-1.jpg 640w\" sizes=\"auto, (max-width: 300px) 100vw, 300px\" \/><\/a> <a href=\"http:\/\/mat.uab.cat\/web\/agusti\/wp-content\/uploads\/sites\/13\/2022\/02\/13-1.jpg\"><img loading=\"lazy\" decoding=\"async\" class=\"alignnone size-medium wp-image-984\" src=\"http:\/\/mat.uab.cat\/web\/agusti\/wp-content\/uploads\/sites\/13\/2022\/02\/13-1-300x225.jpg\" alt=\"\" width=\"300\" height=\"225\" srcset=\"https:\/\/mat.uab.cat\/web\/agusti\/wp-content\/uploads\/sites\/13\/2022\/02\/13-1-300x225.jpg 300w, https:\/\/mat.uab.cat\/web\/agusti\/wp-content\/uploads\/sites\/13\/2022\/02\/13-1-624x468.jpg 624w, https:\/\/mat.uab.cat\/web\/agusti\/wp-content\/uploads\/sites\/13\/2022\/02\/13-1.jpg 640w\" sizes=\"auto, (max-width: 300px) 100vw, 300px\" \/><\/a> <a href=\"http:\/\/mat.uab.cat\/web\/agusti\/wp-content\/uploads\/sites\/13\/2022\/02\/14-1.jpg\"><img loading=\"lazy\" decoding=\"async\" class=\"alignnone size-medium wp-image-985\" src=\"http:\/\/mat.uab.cat\/web\/agusti\/wp-content\/uploads\/sites\/13\/2022\/02\/14-1-300x225.jpg\" alt=\"\" width=\"300\" height=\"225\" srcset=\"https:\/\/mat.uab.cat\/web\/agusti\/wp-content\/uploads\/sites\/13\/2022\/02\/14-1-300x225.jpg 300w, https:\/\/mat.uab.cat\/web\/agusti\/wp-content\/uploads\/sites\/13\/2022\/02\/14-1-624x468.jpg 624w, https:\/\/mat.uab.cat\/web\/agusti\/wp-content\/uploads\/sites\/13\/2022\/02\/14-1.jpg 640w\" sizes=\"auto, (max-width: 300px) 100vw, 300px\" \/><\/a> <a href=\"http:\/\/mat.uab.cat\/web\/agusti\/wp-content\/uploads\/sites\/13\/2022\/02\/16-1.jpg\"><img loading=\"lazy\" decoding=\"async\" class=\"alignnone size-medium wp-image-986\" src=\"http:\/\/mat.uab.cat\/web\/agusti\/wp-content\/uploads\/sites\/13\/2022\/02\/16-1-300x225.jpg\" alt=\"\" width=\"300\" height=\"225\" srcset=\"https:\/\/mat.uab.cat\/web\/agusti\/wp-content\/uploads\/sites\/13\/2022\/02\/16-1-300x225.jpg 300w, https:\/\/mat.uab.cat\/web\/agusti\/wp-content\/uploads\/sites\/13\/2022\/02\/16-1-624x468.jpg 624w, https:\/\/mat.uab.cat\/web\/agusti\/wp-content\/uploads\/sites\/13\/2022\/02\/16-1.jpg 640w\" sizes=\"auto, (max-width: 300px) 100vw, 300px\" \/><\/a> <a href=\"http:\/\/mat.uab.cat\/web\/agusti\/wp-content\/uploads\/sites\/13\/2022\/02\/17-1.jpg\"><img loading=\"lazy\" decoding=\"async\" class=\"alignnone size-medium wp-image-987\" src=\"http:\/\/mat.uab.cat\/web\/agusti\/wp-content\/uploads\/sites\/13\/2022\/02\/17-1-300x225.jpg\" alt=\"\" width=\"300\" height=\"225\" srcset=\"https:\/\/mat.uab.cat\/web\/agusti\/wp-content\/uploads\/sites\/13\/2022\/02\/17-1-300x225.jpg 300w, https:\/\/mat.uab.cat\/web\/agusti\/wp-content\/uploads\/sites\/13\/2022\/02\/17-1-624x468.jpg 624w, https:\/\/mat.uab.cat\/web\/agusti\/wp-content\/uploads\/sites\/13\/2022\/02\/17-1.jpg 640w\" sizes=\"auto, (max-width: 300px) 100vw, 300px\" \/><\/a> <a href=\"http:\/\/mat.uab.cat\/web\/agusti\/wp-content\/uploads\/sites\/13\/2022\/02\/18-1.jpg\"><img loading=\"lazy\" decoding=\"async\" class=\"alignnone size-medium wp-image-988\" src=\"http:\/\/mat.uab.cat\/web\/agusti\/wp-content\/uploads\/sites\/13\/2022\/02\/18-1-300x225.jpg\" alt=\"\" width=\"300\" height=\"225\" srcset=\"https:\/\/mat.uab.cat\/web\/agusti\/wp-content\/uploads\/sites\/13\/2022\/02\/18-1-300x225.jpg 300w, https:\/\/mat.uab.cat\/web\/agusti\/wp-content\/uploads\/sites\/13\/2022\/02\/18-1-624x468.jpg 624w, https:\/\/mat.uab.cat\/web\/agusti\/wp-content\/uploads\/sites\/13\/2022\/02\/18-1.jpg 640w\" sizes=\"auto, (max-width: 300px) 100vw, 300px\" \/><\/a> <a href=\"http:\/\/mat.uab.cat\/web\/agusti\/wp-content\/uploads\/sites\/13\/2022\/02\/19-1.jpg\"><img loading=\"lazy\" decoding=\"async\" class=\"alignnone size-medium wp-image-989\" src=\"http:\/\/mat.uab.cat\/web\/agusti\/wp-content\/uploads\/sites\/13\/2022\/02\/19-1-300x225.jpg\" alt=\"\" width=\"300\" height=\"225\" srcset=\"https:\/\/mat.uab.cat\/web\/agusti\/wp-content\/uploads\/sites\/13\/2022\/02\/19-1-300x225.jpg 300w, https:\/\/mat.uab.cat\/web\/agusti\/wp-content\/uploads\/sites\/13\/2022\/02\/19-1-624x468.jpg 624w, https:\/\/mat.uab.cat\/web\/agusti\/wp-content\/uploads\/sites\/13\/2022\/02\/19-1.jpg 640w\" sizes=\"auto, (max-width: 300px) 100vw, 300px\" \/><\/a> <a href=\"http:\/\/mat.uab.cat\/web\/agusti\/wp-content\/uploads\/sites\/13\/2022\/02\/20-1.jpg\"><img loading=\"lazy\" decoding=\"async\" class=\"alignnone size-medium wp-image-990\" src=\"http:\/\/mat.uab.cat\/web\/agusti\/wp-content\/uploads\/sites\/13\/2022\/02\/20-1-300x225.jpg\" alt=\"\" width=\"300\" height=\"225\" srcset=\"https:\/\/mat.uab.cat\/web\/agusti\/wp-content\/uploads\/sites\/13\/2022\/02\/20-1-300x225.jpg 300w, https:\/\/mat.uab.cat\/web\/agusti\/wp-content\/uploads\/sites\/13\/2022\/02\/20-1-624x468.jpg 624w, https:\/\/mat.uab.cat\/web\/agusti\/wp-content\/uploads\/sites\/13\/2022\/02\/20-1.jpg 640w\" sizes=\"auto, (max-width: 300px) 100vw, 300px\" \/><\/a> <a href=\"http:\/\/mat.uab.cat\/web\/agusti\/wp-content\/uploads\/sites\/13\/2022\/02\/21-1.jpg\"><img loading=\"lazy\" decoding=\"async\" class=\"alignnone size-medium wp-image-991\" src=\"http:\/\/mat.uab.cat\/web\/agusti\/wp-content\/uploads\/sites\/13\/2022\/02\/21-1-300x225.jpg\" alt=\"\" width=\"300\" height=\"225\" srcset=\"https:\/\/mat.uab.cat\/web\/agusti\/wp-content\/uploads\/sites\/13\/2022\/02\/21-1-300x225.jpg 300w, https:\/\/mat.uab.cat\/web\/agusti\/wp-content\/uploads\/sites\/13\/2022\/02\/21-1-624x468.jpg 624w, https:\/\/mat.uab.cat\/web\/agusti\/wp-content\/uploads\/sites\/13\/2022\/02\/21-1.jpg 640w\" sizes=\"auto, (max-width: 300px) 100vw, 300px\" \/><\/a> <a href=\"http:\/\/mat.uab.cat\/web\/agusti\/wp-content\/uploads\/sites\/13\/2022\/02\/22-1.jpg\"><img loading=\"lazy\" decoding=\"async\" class=\"alignnone size-medium wp-image-992\" src=\"http:\/\/mat.uab.cat\/web\/agusti\/wp-content\/uploads\/sites\/13\/2022\/02\/22-1-300x225.jpg\" alt=\"\" width=\"300\" height=\"225\" srcset=\"https:\/\/mat.uab.cat\/web\/agusti\/wp-content\/uploads\/sites\/13\/2022\/02\/22-1-300x225.jpg 300w, https:\/\/mat.uab.cat\/web\/agusti\/wp-content\/uploads\/sites\/13\/2022\/02\/22-1-624x468.jpg 624w, https:\/\/mat.uab.cat\/web\/agusti\/wp-content\/uploads\/sites\/13\/2022\/02\/22-1.jpg 640w\" sizes=\"auto, (max-width: 300px) 100vw, 300px\" \/><\/a> <a href=\"http:\/\/mat.uab.cat\/web\/agusti\/wp-content\/uploads\/sites\/13\/2022\/02\/23-1.jpg\"><img loading=\"lazy\" decoding=\"async\" class=\"alignnone size-medium wp-image-993\" src=\"http:\/\/mat.uab.cat\/web\/agusti\/wp-content\/uploads\/sites\/13\/2022\/02\/23-1-300x225.jpg\" alt=\"\" width=\"300\" height=\"225\" srcset=\"https:\/\/mat.uab.cat\/web\/agusti\/wp-content\/uploads\/sites\/13\/2022\/02\/23-1-300x225.jpg 300w, https:\/\/mat.uab.cat\/web\/agusti\/wp-content\/uploads\/sites\/13\/2022\/02\/23-1-624x468.jpg 624w, https:\/\/mat.uab.cat\/web\/agusti\/wp-content\/uploads\/sites\/13\/2022\/02\/23-1.jpg 640w\" sizes=\"auto, (max-width: 300px) 100vw, 300px\" \/><\/a> <a href=\"http:\/\/mat.uab.cat\/web\/agusti\/wp-content\/uploads\/sites\/13\/2022\/02\/24-1.jpg\"><img loading=\"lazy\" decoding=\"async\" class=\"alignnone size-medium wp-image-994\" src=\"http:\/\/mat.uab.cat\/web\/agusti\/wp-content\/uploads\/sites\/13\/2022\/02\/24-1-300x225.jpg\" alt=\"\" width=\"300\" height=\"225\" srcset=\"https:\/\/mat.uab.cat\/web\/agusti\/wp-content\/uploads\/sites\/13\/2022\/02\/24-1-300x225.jpg 300w, https:\/\/mat.uab.cat\/web\/agusti\/wp-content\/uploads\/sites\/13\/2022\/02\/24-1-624x468.jpg 624w, https:\/\/mat.uab.cat\/web\/agusti\/wp-content\/uploads\/sites\/13\/2022\/02\/24-1.jpg 640w\" sizes=\"auto, (max-width: 300px) 100vw, 300px\" \/><\/a> <a href=\"http:\/\/mat.uab.cat\/web\/agusti\/wp-content\/uploads\/sites\/13\/2022\/02\/26-1.jpg\"><img loading=\"lazy\" decoding=\"async\" class=\"alignnone size-medium wp-image-995\" src=\"http:\/\/mat.uab.cat\/web\/agusti\/wp-content\/uploads\/sites\/13\/2022\/02\/26-1-300x225.jpg\" alt=\"\" width=\"300\" height=\"225\" srcset=\"https:\/\/mat.uab.cat\/web\/agusti\/wp-content\/uploads\/sites\/13\/2022\/02\/26-1-300x225.jpg 300w, https:\/\/mat.uab.cat\/web\/agusti\/wp-content\/uploads\/sites\/13\/2022\/02\/26-1-624x468.jpg 624w, https:\/\/mat.uab.cat\/web\/agusti\/wp-content\/uploads\/sites\/13\/2022\/02\/26-1.jpg 640w\" sizes=\"auto, (max-width: 300px) 100vw, 300px\" \/><\/a> <a href=\"http:\/\/mat.uab.cat\/web\/agusti\/wp-content\/uploads\/sites\/13\/2022\/02\/27-1.jpg\"><img loading=\"lazy\" decoding=\"async\" class=\"alignnone size-medium wp-image-996\" src=\"http:\/\/mat.uab.cat\/web\/agusti\/wp-content\/uploads\/sites\/13\/2022\/02\/27-1-300x225.jpg\" alt=\"\" width=\"300\" height=\"225\" srcset=\"https:\/\/mat.uab.cat\/web\/agusti\/wp-content\/uploads\/sites\/13\/2022\/02\/27-1-300x225.jpg 300w, https:\/\/mat.uab.cat\/web\/agusti\/wp-content\/uploads\/sites\/13\/2022\/02\/27-1-624x468.jpg 624w, https:\/\/mat.uab.cat\/web\/agusti\/wp-content\/uploads\/sites\/13\/2022\/02\/27-1.jpg 640w\" sizes=\"auto, (max-width: 300px) 100vw, 300px\" \/><\/a> <a href=\"http:\/\/mat.uab.cat\/web\/agusti\/wp-content\/uploads\/sites\/13\/2022\/02\/28-1.jpg\"><img loading=\"lazy\" decoding=\"async\" class=\"alignnone size-medium wp-image-997\" src=\"http:\/\/mat.uab.cat\/web\/agusti\/wp-content\/uploads\/sites\/13\/2022\/02\/28-1-300x225.jpg\" alt=\"\" width=\"300\" height=\"225\" srcset=\"https:\/\/mat.uab.cat\/web\/agusti\/wp-content\/uploads\/sites\/13\/2022\/02\/28-1-300x225.jpg 300w, https:\/\/mat.uab.cat\/web\/agusti\/wp-content\/uploads\/sites\/13\/2022\/02\/28-1-624x468.jpg 624w, https:\/\/mat.uab.cat\/web\/agusti\/wp-content\/uploads\/sites\/13\/2022\/02\/28-1.jpg 640w\" sizes=\"auto, (max-width: 300px) 100vw, 300px\" \/><\/a> <a href=\"http:\/\/mat.uab.cat\/web\/agusti\/wp-content\/uploads\/sites\/13\/2022\/02\/29-1.jpg\"><img loading=\"lazy\" decoding=\"async\" class=\"alignnone size-medium wp-image-998\" src=\"http:\/\/mat.uab.cat\/web\/agusti\/wp-content\/uploads\/sites\/13\/2022\/02\/29-1-300x225.jpg\" alt=\"\" width=\"300\" height=\"225\" srcset=\"https:\/\/mat.uab.cat\/web\/agusti\/wp-content\/uploads\/sites\/13\/2022\/02\/29-1-300x225.jpg 300w, https:\/\/mat.uab.cat\/web\/agusti\/wp-content\/uploads\/sites\/13\/2022\/02\/29-1-624x468.jpg 624w, https:\/\/mat.uab.cat\/web\/agusti\/wp-content\/uploads\/sites\/13\/2022\/02\/29-1.jpg 640w\" sizes=\"auto, (max-width: 300px) 100vw, 300px\" \/><\/a> <a href=\"http:\/\/mat.uab.cat\/web\/agusti\/wp-content\/uploads\/sites\/13\/2022\/02\/talltendre-scaled.jpeg\"><img loading=\"lazy\" decoding=\"async\" class=\"alignnone size-medium wp-image-999\" src=\"http:\/\/mat.uab.cat\/web\/agusti\/wp-content\/uploads\/sites\/13\/2022\/02\/talltendre-188x300.jpeg\" alt=\"\" width=\"188\" height=\"300\" srcset=\"https:\/\/mat.uab.cat\/web\/agusti\/wp-content\/uploads\/sites\/13\/2022\/02\/talltendre-188x300.jpeg 188w, https:\/\/mat.uab.cat\/web\/agusti\/wp-content\/uploads\/sites\/13\/2022\/02\/talltendre-640x1024.jpeg 640w, https:\/\/mat.uab.cat\/web\/agusti\/wp-content\/uploads\/sites\/13\/2022\/02\/talltendre-768x1229.jpeg 768w, https:\/\/mat.uab.cat\/web\/agusti\/wp-content\/uploads\/sites\/13\/2022\/02\/talltendre-960x1536.jpeg 960w, https:\/\/mat.uab.cat\/web\/agusti\/wp-content\/uploads\/sites\/13\/2022\/02\/talltendre-1280x2048.jpeg 1280w, https:\/\/mat.uab.cat\/web\/agusti\/wp-content\/uploads\/sites\/13\/2022\/02\/talltendre-624x998.jpeg 624w, https:\/\/mat.uab.cat\/web\/agusti\/wp-content\/uploads\/sites\/13\/2022\/02\/talltendre-scaled.jpeg 1600w\" sizes=\"auto, (max-width: 188px) 100vw, 188px\" \/><\/a><\/p>\n\n\n<ol class=\"wp-block-list\" start=\"2298\"><li>Juliol 15 diumenge. Aliot\u2013C\u00e9sar\u2013Oriol\u2013Carlets\u2013Agust\u00ed. Campdevanol, Gombren, Castellar de N\u2019Hug, Coll de la Creueta, Bellver de Cerdanya, Talltendre. Una altra bestiesa Aliot. A les 6 a casa el C\u00e9sar a Bellaterra. Oriol i Carlets en el cotxe de l\u2019Ori i nosaltres 3 en el de C\u00e9sar. Sortint de Campdevanol a ritme portat per Oriol deixem enseguida C\u00e9sar i Aliot. Esperem els tres uns 10\u2019 a la cru\u00eflla de Castellar. Oriol i Carlets em sorprenen molt favorablement al Coll de la Creueta (1888m). Arriben C\u00e9sar i Aliot esprintant i C\u00e9sar ha de frenar de cop i surt fum de la roda. Despr\u00e9s ataca Carlets. Ens despedim d\u2019Oriol i Carlets prop de la Collada de Tosses. A la primera oportunitat es perden i van a parar a Tosses i no a la Collada. Aix\u00f2 ens expliquen despr\u00e8s. Esmorzem a Alp amb l\u2019&#8217;Anna. Baixem a 67 km\/h. Les primeres rampes cap a Talltendre s\u00f3n dur\u00edssimes. Posa 12%. M\u2019en vaig sol. Les rampes passen al 14% primer i al 18% despr\u00e9s. Haig de parar i esperar C\u00e9sar i Aliot, que ja sabien on es ficaven. Pugem junts a 5 km\/h! Ens dutxem en pilotes al jard\u00ed de la casa. 75km.<\/li><\/ol>\n\n\n\n<p><\/p>\n\n\n\n<p><\/p>\n","protected":false},"excerpt":{"rendered":"<p>Juliol 15 diumenge. Aliot\u2013C\u00e9sar\u2013Oriol\u2013Carlets\u2013Agust\u00ed. Campdevanol, Gombren, Castellar de N\u2019Hug, Coll de la Creueta, Bellver de Cerdanya, Talltendre. Una altra bestiesa Aliot. A les 6 a casa el C\u00e9sar a Bellaterra. Oriol i Carlets en el cotxe de l\u2019Ori i nosaltres 3 en el de C\u00e9sar. Sortint de Campdevanol a ritme portat per Oriol deixem enseguida [&hellip;]<\/p>\n","protected":false},"author":19,"featured_media":0,"parent":0,"menu_order":0,"comment_status":"closed","ping_status":"closed","template":"","meta":{"footnotes":""},"class_list":["post-972","page","type-page","status-publish","hentry"],"_links":{"self":[{"href":"https:\/\/mat.uab.cat\/web\/agusti\/wp-json\/wp\/v2\/pages\/972","targetHints":{"allow":["GET"]}}],"collection":[{"href":"https:\/\/mat.uab.cat\/web\/agusti\/wp-json\/wp\/v2\/pages"}],"about":[{"href":"https:\/\/mat.uab.cat\/web\/agusti\/wp-json\/wp\/v2\/types\/page"}],"author":[{"embeddable":true,"href":"https:\/\/mat.uab.cat\/web\/agusti\/wp-json\/wp\/v2\/users\/19"}],"replies":[{"embeddable":true,"href":"https:\/\/mat.uab.cat\/web\/agusti\/wp-json\/wp\/v2\/comments?post=972"}],"version-history":[{"count":3,"href":"https:\/\/mat.uab.cat\/web\/agusti\/wp-json\/wp\/v2\/pages\/972\/revisions"}],"predecessor-version":[{"id":1004,"href":"https:\/\/mat.uab.cat\/web\/agusti\/wp-json\/wp\/v2\/pages\/972\/revisions\/1004"}],"wp:attachment":[{"href":"https:\/\/mat.uab.cat\/web\/agusti\/wp-json\/wp\/v2\/media?parent=972"}],"curies":[{"name":"wp","href":"https:\/\/api.w.org\/{rel}","templated":true}]}}