{"id":630,"date":"2025-05-06T11:38:13","date_gmt":"2025-05-06T10:38:13","guid":{"rendered":"https:\/\/mat.uab.cat\/web\/albert\/?page_id=630"},"modified":"2025-05-22T10:52:01","modified_gmt":"2025-05-22T09:52:01","slug":"benvinguda","status":"publish","type":"page","link":"https:\/\/mat.uab.cat\/web\/albert\/language\/ca\/benvinguda\/","title":{"rendered":"Benvinguda"},"content":{"rendered":"\n<p>S\u00f3c Professor Agregat del Departament de Matem\u00e0tiques de la Universitat Aut\u00f2noma de Barcelona. La meva recerca \u00e9s en topologia algebraica, per\u00f2 tamb\u00e9 estic interessat en altres \u00e0rees, com poden ser la programaci\u00f3 i l&#8217;an\u00e0lisi de dades.<\/p>\n\n\n\n<p>Actualment s\u00f3c Delegat del Rector per a la Programaci\u00f3 Docent de la UAB i Secretari del Comit\u00e8 Espanyol de Matem\u00e0tiques (CEMat).<\/p>\n\n\n\n<p>Tamb\u00e9 he sigut Secretari del Departament de Matem\u00e0tiques de la UAB (octubre 2013-octubre 2019), secretari de la Societat Catalana de Matem\u00e0tiques (juny 2012-febrer 2019) i Director Adjunt del CRM (2021-2024) i Coordinador del Grau en Matem\u00e0tica Computacional i Anal\u00edtica de Dades (gener 2021-febrer 2025).<\/p>\n\n\n\n<p>Aqu\u00ed hi trobareu:<\/p>\n\n\n\n<ul class=\"wp-block-list\">\n<li>M\u00e9s informaci\u00f3 sobre la meva <a href=\"https:\/\/mat.uab.cat\/web\/albert\/language\/ca\/recerca\/\">recerca<\/a>.<\/li>\n\n\n\n<li>M\u00e9s informaci\u00f3 sobre la meva <a href=\"https:\/\/mat.uab.cat\/web\/albert\/language\/ca\/docencia\/\">doc\u00e8ncia<\/a>.<\/li>\n\n\n\n<li><a href=\"https:\/\/mat.uab.cat\/web\/albert\/category\/altres\/\">Altres coses<\/a> que no es poden incloure a la seccions anteriors.<\/li>\n<\/ul>\n\n\n\n<p><a href=\"https:\/\/mat.uab.cat\/web\/albert\/language\/en\/welcome\/\" data-type=\"page\" data-id=\"633\">Change language to English<\/a><\/p>\n","protected":false},"excerpt":{"rendered":"<p>S\u00f3c Professor Agregat del Departament de Matem\u00e0tiques de la Universitat Aut\u00f2noma de Barcelona. La meva recerca \u00e9s en topologia algebraica, per\u00f2 tamb\u00e9 estic interessat en altres \u00e0rees, com poden ser la programaci\u00f3 i l&#8217;an\u00e0lisi de dades. Actualment s\u00f3c Delegat del Rector per a la Programaci\u00f3 Docent de la UAB i Secretari del Comit\u00e8 Espanyol de [&hellip;]<\/p>\n","protected":false},"author":4,"featured_media":0,"parent":0,"menu_order":0,"comment_status":"closed","ping_status":"closed","template":"","meta":{"footnotes":""},"class_list":["post-630","page","type-page","status-publish","hentry"],"_links":{"self":[{"href":"https:\/\/mat.uab.cat\/web\/albert\/wp-json\/wp\/v2\/pages\/630","targetHints":{"allow":["GET"]}}],"collection":[{"href":"https:\/\/mat.uab.cat\/web\/albert\/wp-json\/wp\/v2\/pages"}],"about":[{"href":"https:\/\/mat.uab.cat\/web\/albert\/wp-json\/wp\/v2\/types\/page"}],"author":[{"embeddable":true,"href":"https:\/\/mat.uab.cat\/web\/albert\/wp-json\/wp\/v2\/users\/4"}],"replies":[{"embeddable":true,"href":"https:\/\/mat.uab.cat\/web\/albert\/wp-json\/wp\/v2\/comments?post=630"}],"version-history":[{"count":4,"href":"https:\/\/mat.uab.cat\/web\/albert\/wp-json\/wp\/v2\/pages\/630\/revisions"}],"predecessor-version":[{"id":680,"href":"https:\/\/mat.uab.cat\/web\/albert\/wp-json\/wp\/v2\/pages\/630\/revisions\/680"}],"wp:attachment":[{"href":"https:\/\/mat.uab.cat\/web\/albert\/wp-json\/wp\/v2\/media?parent=630"}],"curies":[{"name":"wp","href":"https:\/\/api.w.org\/{rel}","templated":true}]}}