{"id":636,"date":"2025-05-06T12:06:41","date_gmt":"2025-05-06T11:06:41","guid":{"rendered":"https:\/\/mat.uab.cat\/web\/albert\/?page_id=636"},"modified":"2025-05-06T16:31:08","modified_gmt":"2025-05-06T15:31:08","slug":"docencia","status":"publish","type":"page","link":"https:\/\/mat.uab.cat\/web\/albert\/language\/ca\/docencia\/","title":{"rendered":"Doc\u00e8ncia"},"content":{"rendered":"<ul class=\"wp-block-latest-posts__list is-grid columns-3 wp-block-latest-posts\"><li><a class=\"wp-block-latest-posts__post-title\" href=\"https:\/\/mat.uab.cat\/web\/albert\/language\/ca\/2025\/12\/03\/publicacions-docents\/\">Publicacions docents<\/a><div class=\"wp-block-latest-posts__post-excerpt\">Marc Masdeu, Albert Ruiz: Apunts d&#8217;\u00c0lgebra Lineal. Merc\u00e8 Farr\u00e9, Albert Ruiz: Pr\u00e0ctiques d&#8217;estad\u00edstica amb SPSS. Materials\u2026 <a class=\"wp-block-latest-posts__read-more\" href=\"https:\/\/mat.uab.cat\/web\/albert\/language\/ca\/2025\/12\/03\/publicacions-docents\/\" rel=\"noopener noreferrer\">Llegiu-ne m\u00e9s<span class=\"screen-reader-text\">: Publicacions docents<\/span><\/a><\/div><\/li>\n<li><a class=\"wp-block-latest-posts__post-title\" href=\"https:\/\/mat.uab.cat\/web\/albert\/language\/ca\/2025\/09\/01\/curs-2025-26\/\">Curs 2025-26<\/a><div class=\"wp-block-latest-posts__post-excerpt\">Trobareu m\u00e9s informaci\u00f3 sobre aquestes assignatures al Campus Virtual (restringit als estudiants). Algoritmes i Combinat\u00f2ria en\u2026 <a class=\"wp-block-latest-posts__read-more\" href=\"https:\/\/mat.uab.cat\/web\/albert\/language\/ca\/2025\/09\/01\/curs-2025-26\/\" rel=\"noopener noreferrer\">Llegiu-ne m\u00e9s<span class=\"screen-reader-text\">: Curs 2025-26<\/span><\/a><\/div><\/li>\n<li><a class=\"wp-block-latest-posts__post-title\" href=\"https:\/\/mat.uab.cat\/web\/albert\/language\/ca\/2024\/09\/03\/curs-2024-25\/\">Curs 2024-25<\/a><div class=\"wp-block-latest-posts__post-excerpt\">Trobareu m\u00e9s informaci\u00f3 sobre aquestes assignatures al Campus Virtual (restringit als estudiants). Algoritmes i Combinat\u00f2ria en\u2026 <a class=\"wp-block-latest-posts__read-more\" href=\"https:\/\/mat.uab.cat\/web\/albert\/language\/ca\/2024\/09\/03\/curs-2024-25\/\" rel=\"noopener noreferrer\">Llegiu-ne m\u00e9s<span class=\"screen-reader-text\">: Curs 2024-25<\/span><\/a><\/div><\/li>\n<li><a class=\"wp-block-latest-posts__post-title\" href=\"https:\/\/mat.uab.cat\/web\/albert\/language\/ca\/2023\/09\/28\/curs-2023-24\/\">Curs 2023-24<\/a><div class=\"wp-block-latest-posts__post-excerpt\">Trobareu m\u00e9s informaci\u00f3 sobre aquestes assignatures al Campus Virtual (restringit als estudiants). Curset proped\u00e8utic: Matem\u00e0tiques (Graus\u2026 <a class=\"wp-block-latest-posts__read-more\" href=\"https:\/\/mat.uab.cat\/web\/albert\/language\/ca\/2023\/09\/28\/curs-2023-24\/\" rel=\"noopener noreferrer\">Llegiu-ne m\u00e9s<span class=\"screen-reader-text\">: Curs 2023-24<\/span><\/a><\/div><\/li>\n<li><a class=\"wp-block-latest-posts__post-title\" href=\"https:\/\/mat.uab.cat\/web\/albert\/language\/ca\/2022\/10\/04\/curs-2022-23\/\">Curs 2022-23<\/a><div class=\"wp-block-latest-posts__post-excerpt\">Trobareu m\u00e9s informaci\u00f3 sobre aquestes assignatures al Campus Virtual (restringit als estudiants). Curset proped\u00e8utic: Matem\u00e0tiques (Graus\u2026 <a class=\"wp-block-latest-posts__read-more\" href=\"https:\/\/mat.uab.cat\/web\/albert\/language\/ca\/2022\/10\/04\/curs-2022-23\/\" rel=\"noopener noreferrer\">Llegiu-ne m\u00e9s<span class=\"screen-reader-text\">: Curs 2022-23<\/span><\/a><\/div><\/li>\n<li><a class=\"wp-block-latest-posts__post-title\" href=\"https:\/\/mat.uab.cat\/web\/albert\/language\/ca\/2021\/10\/05\/curs-2021-22\/\">Curs 2021-22<\/a><div class=\"wp-block-latest-posts__post-excerpt\">Trobareu m\u00e9s informaci\u00f3 sobre aquestes assignatures al Campus Virtual (restringit als estudiants). Curset proped\u00e8utic: Matem\u00e0tiques (Graus\u2026 <a class=\"wp-block-latest-posts__read-more\" href=\"https:\/\/mat.uab.cat\/web\/albert\/language\/ca\/2021\/10\/05\/curs-2021-22\/\" rel=\"noopener noreferrer\">Llegiu-ne m\u00e9s<span class=\"screen-reader-text\">: Curs 2021-22<\/span><\/a><\/div><\/li>\n<li><a class=\"wp-block-latest-posts__post-title\" href=\"https:\/\/mat.uab.cat\/web\/albert\/language\/ca\/2020\/09\/18\/curs-2020-21\/\">Curs 2020-21<\/a><div class=\"wp-block-latest-posts__post-excerpt\">Trobareu m\u00e9s informaci\u00f3 sobre aquestes assignatures al Campus Virtual (restringit als estudiants). Curset proped\u00e8utic: Matem\u00e0tiques (Graus\u2026 <a class=\"wp-block-latest-posts__read-more\" href=\"https:\/\/mat.uab.cat\/web\/albert\/language\/ca\/2020\/09\/18\/curs-2020-21\/\" rel=\"noopener noreferrer\">Llegiu-ne m\u00e9s<span class=\"screen-reader-text\">: Curs 2020-21<\/span><\/a><\/div><\/li>\n<li><a class=\"wp-block-latest-posts__post-title\" href=\"https:\/\/mat.uab.cat\/web\/albert\/language\/ca\/2019\/10\/21\/curs-2019-20\/\">Curs 2019-20<\/a><div class=\"wp-block-latest-posts__post-excerpt\">Trobareu m\u00e9s informaci\u00f3 sobre aquestes assignatures al Campus Virtual (restringit als estudiants). Curset proped\u00e8utic: Matem\u00e0tiques (Graus\u2026 <a class=\"wp-block-latest-posts__read-more\" href=\"https:\/\/mat.uab.cat\/web\/albert\/language\/ca\/2019\/10\/21\/curs-2019-20\/\" rel=\"noopener noreferrer\">Llegiu-ne m\u00e9s<span class=\"screen-reader-text\">: Curs 2019-20<\/span><\/a><\/div><\/li>\n<li><a class=\"wp-block-latest-posts__post-title\" href=\"https:\/\/mat.uab.cat\/web\/albert\/language\/ca\/2018\/11\/23\/curs-2018-19\/\">Curs 2018-19<\/a><div class=\"wp-block-latest-posts__post-excerpt\">Trobareu m\u00e9s informaci\u00f3 sobre aquestes assignatures al Campus Virtual (restringit als estudiants). Curset proped\u00e8utic: Matem\u00e0tiques (Graus\u2026 <a class=\"wp-block-latest-posts__read-more\" href=\"https:\/\/mat.uab.cat\/web\/albert\/language\/ca\/2018\/11\/23\/curs-2018-19\/\" rel=\"noopener noreferrer\">Llegiu-ne m\u00e9s<span class=\"screen-reader-text\">: Curs 2018-19<\/span><\/a><\/div><\/li>\n<li><a class=\"wp-block-latest-posts__post-title\" href=\"https:\/\/mat.uab.cat\/web\/albert\/language\/ca\/2017\/12\/22\/curs-2017-18\/\">Curs 2017-18<\/a><div class=\"wp-block-latest-posts__post-excerpt\">Trobareu m\u00e9s informaci\u00f3 sobre aquestes assignatures al Campus Virtual (restringit als estudiants). Curset proped\u00e8utic: Matem\u00e0tiques (Grau\u2026 <a class=\"wp-block-latest-posts__read-more\" href=\"https:\/\/mat.uab.cat\/web\/albert\/language\/ca\/2017\/12\/22\/curs-2017-18\/\" rel=\"noopener noreferrer\">Llegiu-ne m\u00e9s<span class=\"screen-reader-text\">: Curs 2017-18<\/span><\/a><\/div><\/li>\n<li><a class=\"wp-block-latest-posts__post-title\" href=\"https:\/\/mat.uab.cat\/web\/albert\/language\/ca\/2017\/12\/20\/course-2017-18\/\">Course 2017-18<\/a><div class=\"wp-block-latest-posts__post-excerpt\">You will find updated information about my teaching in the Campus Virtual\u00a0(restricted to UAB students). Computer\u2026 <a class=\"wp-block-latest-posts__read-more\" href=\"https:\/\/mat.uab.cat\/web\/albert\/language\/ca\/2017\/12\/20\/course-2017-18\/\" rel=\"noopener noreferrer\">Llegiu-ne m\u00e9s<span class=\"screen-reader-text\">: Course 2017-18<\/span><\/a><\/div><\/li>\n<li><a class=\"wp-block-latest-posts__post-title\" href=\"https:\/\/mat.uab.cat\/web\/albert\/language\/ca\/2016\/12\/22\/r-i-deducer-amb-kubuntu-16-04\/\">R i deducer amb (K)ubuntu 16.04<\/a><div class=\"wp-block-latest-posts__post-excerpt\">Aquesta informaci\u00f3 est\u00e0 actualitzada dels altres articles que ja hi ha a aquesta web per a\u2026 <a class=\"wp-block-latest-posts__read-more\" href=\"https:\/\/mat.uab.cat\/web\/albert\/language\/ca\/2016\/12\/22\/r-i-deducer-amb-kubuntu-16-04\/\" rel=\"noopener noreferrer\">Llegiu-ne m\u00e9s<span class=\"screen-reader-text\">: R i deducer amb (K)ubuntu 16.04<\/span><\/a><\/div><\/li>\n<li><a class=\"wp-block-latest-posts__post-title\" href=\"https:\/\/mat.uab.cat\/web\/albert\/language\/ca\/2016\/09\/20\/curs-2016-17\/\">Curs 2016-17<\/a><div class=\"wp-block-latest-posts__post-excerpt\">Trobareu m\u00e9s informaci\u00f3 sobre aquestes assignatures al Campus Virtual (restringit als estudiants). Curset proped\u00e8utic: Matem\u00e0tiques (Grau\u2026 <a class=\"wp-block-latest-posts__read-more\" href=\"https:\/\/mat.uab.cat\/web\/albert\/language\/ca\/2016\/09\/20\/curs-2016-17\/\" rel=\"noopener noreferrer\">Llegiu-ne m\u00e9s<span class=\"screen-reader-text\">: Curs 2016-17<\/span><\/a><\/div><\/li>\n<li><a class=\"wp-block-latest-posts__post-title\" href=\"https:\/\/mat.uab.cat\/web\/albert\/language\/ca\/2015\/09\/15\/curs-2015-16\/\">Curs 2015-16<\/a><div class=\"wp-block-latest-posts__post-excerpt\">Trobareu m\u00e9s informaci\u00f3 sobre aquestes assignatures al Campus Virtual (restringit als estudiants). Curset proped\u00e8utic: Matem\u00e0tiques (Grau\u2026 <a class=\"wp-block-latest-posts__read-more\" href=\"https:\/\/mat.uab.cat\/web\/albert\/language\/ca\/2015\/09\/15\/curs-2015-16\/\" rel=\"noopener noreferrer\">Llegiu-ne m\u00e9s<span class=\"screen-reader-text\">: Curs 2015-16<\/span><\/a><\/div><\/li>\n<li><a class=\"wp-block-latest-posts__post-title\" href=\"https:\/\/mat.uab.cat\/web\/albert\/language\/ca\/2014\/09\/14\/curs-2014-15\/\">Curs 2014-15<\/a><div class=\"wp-block-latest-posts__post-excerpt\">Trobareu m\u00e9s informaci\u00f3 sobre aquestes assignatures al Campus Virtual (restringit als estudiants). Curset proped\u00e8utic: Matem\u00e0tiques (Grau\u2026 <a class=\"wp-block-latest-posts__read-more\" href=\"https:\/\/mat.uab.cat\/web\/albert\/language\/ca\/2014\/09\/14\/curs-2014-15\/\" rel=\"noopener noreferrer\">Llegiu-ne m\u00e9s<span class=\"screen-reader-text\">: Curs 2014-15<\/span><\/a><\/div><\/li>\n<li><a class=\"wp-block-latest-posts__post-title\" href=\"https:\/\/mat.uab.cat\/web\/albert\/language\/ca\/2013\/09\/13\/curs-2013-14\/\">Curs 2013-14<\/a><div class=\"wp-block-latest-posts__post-excerpt\">Trobareu m\u00e9s informaci\u00f3 sobre aquestes assignatures al Campus Virtual (restringit als estudiants). Curset proped\u00e8utic: Matem\u00e0tiques (Grau\u2026 <a class=\"wp-block-latest-posts__read-more\" href=\"https:\/\/mat.uab.cat\/web\/albert\/language\/ca\/2013\/09\/13\/curs-2013-14\/\" rel=\"noopener noreferrer\">Llegiu-ne m\u00e9s<span class=\"screen-reader-text\">: Curs 2013-14<\/span><\/a><\/div><\/li>\n<li><a class=\"wp-block-latest-posts__post-title\" href=\"https:\/\/mat.uab.cat\/web\/albert\/language\/ca\/2013\/06\/13\/curs-de-latex-2013\/\">Curs de LaTeX 2013<\/a><div class=\"wp-block-latest-posts__post-excerpt\">Dates: 28 i 30 de gener i 1, 4, 6 i 8 de febrer de 2013.\u2026 <a class=\"wp-block-latest-posts__read-more\" href=\"https:\/\/mat.uab.cat\/web\/albert\/language\/ca\/2013\/06\/13\/curs-de-latex-2013\/\" rel=\"noopener noreferrer\">Llegiu-ne m\u00e9s<span class=\"screen-reader-text\">: Curs de LaTeX 2013<\/span><\/a><\/div><\/li>\n<li><a class=\"wp-block-latest-posts__post-title\" href=\"https:\/\/mat.uab.cat\/web\/albert\/language\/ca\/2012\/11\/12\/eines-informatiques-per-a-lestadistica-2012\/\">Eines Inform\u00e0tiques per a l&#8217;Estad\u00edstica (2012)<\/a><div class=\"wp-block-latest-posts__post-excerpt\">Acc\u00e9s als fitxers necessaris per a les primeres sessions de classes, per als alumnes que no\u2026 <a class=\"wp-block-latest-posts__read-more\" href=\"https:\/\/mat.uab.cat\/web\/albert\/language\/ca\/2012\/11\/12\/eines-informatiques-per-a-lestadistica-2012\/\" rel=\"noopener noreferrer\">Llegiu-ne m\u00e9s<span class=\"screen-reader-text\">: Eines Inform\u00e0tiques per a l&#8217;Estad\u00edstica (2012)<\/span><\/a><\/div><\/li>\n<li><a class=\"wp-block-latest-posts__post-title\" href=\"https:\/\/mat.uab.cat\/web\/albert\/language\/ca\/2012\/09\/12\/curs-2012-13\/\">Curs 2012-13<\/a><div class=\"wp-block-latest-posts__post-excerpt\">Trobareu m\u00e9s informaci\u00f3 sobre aquestes assignatures al Campus Virtual (restringit als estudiants). Curs de LaTeX (Departament\u2026 <a class=\"wp-block-latest-posts__read-more\" href=\"https:\/\/mat.uab.cat\/web\/albert\/language\/ca\/2012\/09\/12\/curs-2012-13\/\" rel=\"noopener noreferrer\">Llegiu-ne m\u00e9s<span class=\"screen-reader-text\">: Curs 2012-13<\/span><\/a><\/div><\/li>\n<li><a class=\"wp-block-latest-posts__post-title\" href=\"https:\/\/mat.uab.cat\/web\/albert\/language\/ca\/2011\/09\/11\/curs-2011-12\/\">Curs 2011-12<\/a><div class=\"wp-block-latest-posts__post-excerpt\">Trobareu m\u00e9s informaci\u00f3 sobre aquestes assignatures al Campus Virtual (restringit als estudiants). Curset proped\u00e8utic: Matem\u00e0tiques per\u2026 <a class=\"wp-block-latest-posts__read-more\" href=\"https:\/\/mat.uab.cat\/web\/albert\/language\/ca\/2011\/09\/11\/curs-2011-12\/\" rel=\"noopener noreferrer\">Llegiu-ne m\u00e9s<span class=\"screen-reader-text\">: Curs 2011-12<\/span><\/a><\/div><\/li>\n<\/ul>","protected":false},"excerpt":{"rendered":"","protected":false},"author":4,"featured_media":0,"parent":0,"menu_order":0,"comment_status":"closed","ping_status":"closed","template":"","meta":{"footnotes":""},"class_list":["post-636","page","type-page","status-publish","hentry"],"_links":{"self":[{"href":"https:\/\/mat.uab.cat\/web\/albert\/wp-json\/wp\/v2\/pages\/636","targetHints":{"allow":["GET"]}}],"collection":[{"href":"https:\/\/mat.uab.cat\/web\/albert\/wp-json\/wp\/v2\/pages"}],"about":[{"href":"https:\/\/mat.uab.cat\/web\/albert\/wp-json\/wp\/v2\/types\/page"}],"author":[{"embeddable":true,"href":"https:\/\/mat.uab.cat\/web\/albert\/wp-json\/wp\/v2\/users\/4"}],"replies":[{"embeddable":true,"href":"https:\/\/mat.uab.cat\/web\/albert\/wp-json\/wp\/v2\/comments?post=636"}],"version-history":[{"count":3,"href":"https:\/\/mat.uab.cat\/web\/albert\/wp-json\/wp\/v2\/pages\/636\/revisions"}],"predecessor-version":[{"id":672,"href":"https:\/\/mat.uab.cat\/web\/albert\/wp-json\/wp\/v2\/pages\/636\/revisions\/672"}],"wp:attachment":[{"href":"https:\/\/mat.uab.cat\/web\/albert\/wp-json\/wp\/v2\/media?parent=636"}],"curies":[{"name":"wp","href":"https:\/\/api.w.org\/{rel}","templated":true}]}}