{"id":638,"date":"2025-05-06T12:12:36","date_gmt":"2025-05-06T11:12:36","guid":{"rendered":"https:\/\/mat.uab.cat\/web\/albert\/?page_id=638"},"modified":"2025-05-06T18:14:32","modified_gmt":"2025-05-06T17:14:32","slug":"teaching","status":"publish","type":"page","link":"https:\/\/mat.uab.cat\/web\/albert\/language\/en\/teaching\/","title":{"rendered":"Teaching"},"content":{"rendered":"<ul class=\"wp-block-latest-posts__list is-grid columns-3 wp-block-latest-posts\"><li><a class=\"wp-block-latest-posts__post-title\" href=\"https:\/\/mat.uab.cat\/web\/albert\/language\/en\/2026\/01\/03\/teaching-publications\/\">Teaching publications<\/a><div class=\"wp-block-latest-posts__post-excerpt\">Marc Masdeu, Albert Ruiz: Apunts d&#8217;\u00c0lgebra Lineal. Merc\u00e8 Farr\u00e9, Albert Ruiz: Pr\u00e0ctiques d&#8217;estad\u00edstica amb SPSS.\u00a0Materials de la UAB, n\u00famero 80 (Barcelona, 1999). Lloren\u00e7 Badiella, Juan Ram\u00f3n Gonz\u00e1lez, Albert Ruiz, Judit Sol\u00e0: Curso de Introducci\u00f3n a la Estad\u00edstica aplicada a la\u2026 <a class=\"wp-block-latest-posts__read-more\" href=\"https:\/\/mat.uab.cat\/web\/albert\/language\/en\/2026\/01\/03\/teaching-publications\/\" rel=\"noopener noreferrer\">Llegiu-ne m\u00e9s<span class=\"screen-reader-text\">: Teaching publications<\/span><\/a><\/div><\/li>\n<li><a class=\"wp-block-latest-posts__post-title\" href=\"https:\/\/mat.uab.cat\/web\/albert\/language\/en\/2025\/09\/01\/course-2025-26\/\">Course 2025-26<\/a><div class=\"wp-block-latest-posts__post-excerpt\">You will find updated information about my teaching in the Campus Virtual (restricted to UAB students). Algorithmics and Combinatorics in Graphs. Heuristic Methods (Degree in Computational Mathematics and Data Analytics). Optimization (Master&#8217;s Degree in Modelling for Science and Engineering).<\/div><\/li>\n<li><a class=\"wp-block-latest-posts__post-title\" href=\"https:\/\/mat.uab.cat\/web\/albert\/language\/en\/2024\/09\/03\/course-2024-25\/\">Course 2024-25<\/a><div class=\"wp-block-latest-posts__post-excerpt\">You will find updated information about my teaching in the Campus Virtual (restricted to UAB students). Algorithmics and Combinatorics in Graphs. Heuristic Methods (Degree in Computational Mathematics and Data Analytics). Optimization (Master&#8217;s Degree in Modelling for Science and Engineering). Final\u2026 <a class=\"wp-block-latest-posts__read-more\" href=\"https:\/\/mat.uab.cat\/web\/albert\/language\/en\/2024\/09\/03\/course-2024-25\/\" rel=\"noopener noreferrer\">Llegiu-ne m\u00e9s<span class=\"screen-reader-text\">: Course 2024-25<\/span><\/a><\/div><\/li>\n<li><a class=\"wp-block-latest-posts__post-title\" href=\"https:\/\/mat.uab.cat\/web\/albert\/language\/en\/2023\/09\/28\/course-2023-24\/\">Course 2023-24<\/a><div class=\"wp-block-latest-posts__post-excerpt\">You will find updated information about my teaching in the Campus Virtual (restricted to UAB students). Preparatory course: Mathematics (Sciences Degrees). Algorithmics and Combinatorics in Graphs. Heuristic Methods (Degree in Computational Mathematics and Data Analytics). Optimization (Master&#8217;s Degree in Modelling\u2026 <a class=\"wp-block-latest-posts__read-more\" href=\"https:\/\/mat.uab.cat\/web\/albert\/language\/en\/2023\/09\/28\/course-2023-24\/\" rel=\"noopener noreferrer\">Llegiu-ne m\u00e9s<span class=\"screen-reader-text\">: Course 2023-24<\/span><\/a><\/div><\/li>\n<li><a class=\"wp-block-latest-posts__post-title\" href=\"https:\/\/mat.uab.cat\/web\/albert\/language\/en\/2022\/10\/04\/course-2022-23\/\">Course 2022-23<\/a><div class=\"wp-block-latest-posts__post-excerpt\">You will find updated information about my teaching in the Campus Virtual (restricted to UAB students). Preparatory course: Mathematics (Sciences Degrees). Linear Algebra (Degree in Computational Mathematics and Data Analytics). Linear Algebra (Degree in Mathematics). Algorithmics and Combinatorics in Graphs.\u2026 <a class=\"wp-block-latest-posts__read-more\" href=\"https:\/\/mat.uab.cat\/web\/albert\/language\/en\/2022\/10\/04\/course-2022-23\/\" rel=\"noopener noreferrer\">Llegiu-ne m\u00e9s<span class=\"screen-reader-text\">: Course 2022-23<\/span><\/a><\/div><\/li>\n<li><a class=\"wp-block-latest-posts__post-title\" href=\"https:\/\/mat.uab.cat\/web\/albert\/language\/en\/2021\/10\/05\/course-2021-22\/\">Course 2021-22<\/a><div class=\"wp-block-latest-posts__post-excerpt\">You will find updated information about my teaching in the Campus Virtual (restricted to UAB students). Preparatory course: Mathematics (Sciences Degrees). Linear Algebra (Degree in Computational Mathematics and Data Analytics). Linear Algebra (Degree in Mathematics). Algorithmics and Combinatorics in Graphs.\u2026 <a class=\"wp-block-latest-posts__read-more\" href=\"https:\/\/mat.uab.cat\/web\/albert\/language\/en\/2021\/10\/05\/course-2021-22\/\" rel=\"noopener noreferrer\">Llegiu-ne m\u00e9s<span class=\"screen-reader-text\">: Course 2021-22<\/span><\/a><\/div><\/li>\n<li><a class=\"wp-block-latest-posts__post-title\" href=\"https:\/\/mat.uab.cat\/web\/albert\/language\/en\/2020\/10\/18\/course-2020-21\/\">Course 2020-21<\/a><div class=\"wp-block-latest-posts__post-excerpt\">You will find updated information about my teaching in the Campus Virtual (restricted to UAB students). Computer Tools (Degree in Applied Statistics). Preparatory course: Mathematics (Sciences Degrees). Linear Algebra (Degree in Computational Mathematics and Data Analytics). Linear Algebra (Degree in\u2026 <a class=\"wp-block-latest-posts__read-more\" href=\"https:\/\/mat.uab.cat\/web\/albert\/language\/en\/2020\/10\/18\/course-2020-21\/\" rel=\"noopener noreferrer\">Llegiu-ne m\u00e9s<span class=\"screen-reader-text\">: Course 2020-21<\/span><\/a><\/div><\/li>\n<li><a class=\"wp-block-latest-posts__post-title\" href=\"https:\/\/mat.uab.cat\/web\/albert\/language\/en\/2019\/10\/21\/course-2019-20\/\">Course 2019-20<\/a><div class=\"wp-block-latest-posts__post-excerpt\">You will find updated information about my teaching in the Campus Virtual (restricted to UAB students). Computer Tools (Degree in Applied Statistics). Preparatory course: Mathematics (Sciences Degrees). Linear Algebra (Degree in Computational Mathematics and Data Analytics). Linear Algebra (Degree in\u2026 <a class=\"wp-block-latest-posts__read-more\" href=\"https:\/\/mat.uab.cat\/web\/albert\/language\/en\/2019\/10\/21\/course-2019-20\/\" rel=\"noopener noreferrer\">Llegiu-ne m\u00e9s<span class=\"screen-reader-text\">: Course 2019-20<\/span><\/a><\/div><\/li>\n<li><a class=\"wp-block-latest-posts__post-title\" href=\"https:\/\/mat.uab.cat\/web\/albert\/language\/en\/2018\/11\/23\/course-2018-19\/\">Course 2018-19<\/a><div class=\"wp-block-latest-posts__post-excerpt\">You will find updated information about my teaching in the Campus Virtual (restricted to UAB students). Computer Tools (Degree in Applied Statistics). Preparatory course: Mathematics (Sciences Degrees). Linear Algebra (Degree in Computational Mathematics and Data Analytics). Mathematics and Big Data\u2026 <a class=\"wp-block-latest-posts__read-more\" href=\"https:\/\/mat.uab.cat\/web\/albert\/language\/en\/2018\/11\/23\/course-2018-19\/\" rel=\"noopener noreferrer\">Llegiu-ne m\u00e9s<span class=\"screen-reader-text\">: Course 2018-19<\/span><\/a><\/div><\/li>\n<li><a class=\"wp-block-latest-posts__post-title\" href=\"https:\/\/mat.uab.cat\/web\/albert\/language\/en\/2016\/09\/20\/course-2016-17\/\">Course 2016-17<\/a><div class=\"wp-block-latest-posts__post-excerpt\">You will find updated information about my teaching in the Campus Virtual\u00a0(restricted to UAB students). Computer Tools (Degree in Applied Statistics). Preparatory course: Mathematics (Degree in Mathematics). Linear Algebra (Degree in Mathematics). Integrated Laboratories: Computer Tools (Degree in Biotechnology). Topology\u2026 <a class=\"wp-block-latest-posts__read-more\" href=\"https:\/\/mat.uab.cat\/web\/albert\/language\/en\/2016\/09\/20\/course-2016-17\/\" rel=\"noopener noreferrer\">Llegiu-ne m\u00e9s<span class=\"screen-reader-text\">: Course 2016-17<\/span><\/a><\/div><\/li>\n<li><a class=\"wp-block-latest-posts__post-title\" href=\"https:\/\/mat.uab.cat\/web\/albert\/language\/en\/2015\/09\/15\/course-2015-16\/\">Course 2015-16<\/a><div class=\"wp-block-latest-posts__post-excerpt\">You will find updated information about my teaching in the Campus Virtual\u00a0(restricted to UAB students). Computer Tools (Degree in Applied Statistics). Preparatory course: Mathematics (Degree in Mathematics). Linear Algebra (Degree in Mathematics). Integrated Laboratories: Computer Tools (Degree in Biotechnology).<\/div><\/li>\n<li><a class=\"wp-block-latest-posts__post-title\" href=\"https:\/\/mat.uab.cat\/web\/albert\/language\/en\/2014\/09\/14\/course-2014-15\/\">Course 2014-15<\/a><div class=\"wp-block-latest-posts__post-excerpt\">You will find updated information about my teaching in the Campus Virtual\u00a0(restricted to UAB students). Computer Tools (Degree in Applied Statistics). Preparatory course: Mathematics (Degree in Mathematics). Preparatory course: Mathematics (Degree in Physics). Integrated Laboratories: Computer Tools (Degree in Biotechnology).\u2026 <a class=\"wp-block-latest-posts__read-more\" href=\"https:\/\/mat.uab.cat\/web\/albert\/language\/en\/2014\/09\/14\/course-2014-15\/\" rel=\"noopener noreferrer\">Llegiu-ne m\u00e9s<span class=\"screen-reader-text\">: Course 2014-15<\/span><\/a><\/div><\/li>\n<li><a class=\"wp-block-latest-posts__post-title\" href=\"https:\/\/mat.uab.cat\/web\/albert\/language\/en\/2013\/09\/13\/course-2013-14\/\">Course 2013-14<\/a><div class=\"wp-block-latest-posts__post-excerpt\">You will find updated information about my teaching in the Campus Virtual\u00a0(restricted to UAB students). Computer Tools (Degree in Applied Statistics). Preparatory course: Mathematics (Degree in Mathematics). Preparatory course: Mathematics (Degree in Physics). Integrated Laboratories: Computer Tools (Degree in Biotechnology).<\/div><\/li>\n<li><a class=\"wp-block-latest-posts__post-title\" href=\"https:\/\/mat.uab.cat\/web\/albert\/language\/en\/2012\/09\/12\/course-2012-13\/\">Course 2012-13<\/a><div class=\"wp-block-latest-posts__post-excerpt\">You will find updated information about my teaching in the Campus Virtual\u00a0(restricted to UAB students). Computer Tools (Degree in Applied Statistics). Computer Tools (Degree in Mathematics). LaTeX for teachers (UAB Maths Department). Preparatory course: Mathematics (Degree in Mathematics). Preparatory course:\u2026 <a class=\"wp-block-latest-posts__read-more\" href=\"https:\/\/mat.uab.cat\/web\/albert\/language\/en\/2012\/09\/12\/course-2012-13\/\" rel=\"noopener noreferrer\">Llegiu-ne m\u00e9s<span class=\"screen-reader-text\">: Course 2012-13<\/span><\/a><\/div><\/li>\n<li><a class=\"wp-block-latest-posts__post-title\" href=\"https:\/\/mat.uab.cat\/web\/albert\/language\/en\/2011\/09\/11\/course-2011-12\/\">Course 2011-12<\/a><div class=\"wp-block-latest-posts__post-excerpt\">You will find updated information about my teaching in the Campus Virtual\u00a0(restricted to UAB students). Computer Tools (Degree in Applied Statistics). Preparatory course: Algebra and Geometry (Degree in Physics). Integrated Laboratories: Computer Tools (Degree in Biotechnology). Topology (seminars, Degree in\u2026 <a class=\"wp-block-latest-posts__read-more\" href=\"https:\/\/mat.uab.cat\/web\/albert\/language\/en\/2011\/09\/11\/course-2011-12\/\" rel=\"noopener noreferrer\">Llegiu-ne m\u00e9s<span class=\"screen-reader-text\">: Course 2011-12<\/span><\/a><\/div><\/li>\n<\/ul>","protected":false},"excerpt":{"rendered":"","protected":false},"author":4,"featured_media":0,"parent":0,"menu_order":0,"comment_status":"closed","ping_status":"closed","template":"","meta":{"footnotes":""},"class_list":["post-638","page","type-page","status-publish","hentry"],"_links":{"self":[{"href":"https:\/\/mat.uab.cat\/web\/albert\/wp-json\/wp\/v2\/pages\/638","targetHints":{"allow":["GET"]}}],"collection":[{"href":"https:\/\/mat.uab.cat\/web\/albert\/wp-json\/wp\/v2\/pages"}],"about":[{"href":"https:\/\/mat.uab.cat\/web\/albert\/wp-json\/wp\/v2\/types\/page"}],"author":[{"embeddable":true,"href":"https:\/\/mat.uab.cat\/web\/albert\/wp-json\/wp\/v2\/users\/4"}],"replies":[{"embeddable":true,"href":"https:\/\/mat.uab.cat\/web\/albert\/wp-json\/wp\/v2\/comments?post=638"}],"version-history":[{"count":3,"href":"https:\/\/mat.uab.cat\/web\/albert\/wp-json\/wp\/v2\/pages\/638\/revisions"}],"predecessor-version":[{"id":678,"href":"https:\/\/mat.uab.cat\/web\/albert\/wp-json\/wp\/v2\/pages\/638\/revisions\/678"}],"wp:attachment":[{"href":"https:\/\/mat.uab.cat\/web\/albert\/wp-json\/wp\/v2\/media?parent=638"}],"curies":[{"name":"wp","href":"https:\/\/api.w.org\/{rel}","templated":true}]}}