{"id":649,"date":"2025-05-06T12:34:34","date_gmt":"2025-05-06T11:34:34","guid":{"rendered":"https:\/\/mat.uab.cat\/web\/albert\/?page_id=649"},"modified":"2025-05-06T16:32:16","modified_gmt":"2025-05-06T15:32:16","slug":"recerca-2","status":"publish","type":"page","link":"https:\/\/mat.uab.cat\/web\/albert\/language\/ca\/recerca-2\/","title":{"rendered":"Recerca"},"content":{"rendered":"\n<p>El meu n\u00famero ORCID \u00e9s <a href=\"https:\/\/orcid.org\/0000-0002-1274-3122\">0000-0002-1274-3122<\/a>.<br><br>Pertanyo al <a href=\"http:\/\/mat.uab.cat\/topalg\">grup de recerca de Topologia Algebraica de la Universitat Aut\u00f2noma de Barcelona<\/a> i al <a href=\"http:\/\/mat.uab.cat\/~ligat\">Laboratori d&#8217;Interaccions en Geometria, \u00c0lgebra i Topologia<\/a>.<br><br>Les l\u00ednees en les que treballo s\u00f3n:<\/p>\n\n\n\n<ul class=\"wp-block-list\">\n<li>Classificaci\u00f3 de sistemes de fusi\u00f3 de grups.<\/li>\n\n\n\n<li>Exemples ex\u00f2tics de grups p-locals finits.<\/li>\n\n\n\n<li>Espais classificadors de grups finits, grups compactes i grups de Kac-Moody.<\/li>\n\n\n\n<li>Espais d\u2019aplicacions entre espais classificadors.<\/li>\n\n\n\n<li>Unicitat cohomol\u00f2gica d\u2019espais classificadors.<\/li>\n<\/ul>\n\n\n<ul class=\"wp-block-latest-posts__list is-grid columns-3 wp-block-latest-posts\"><li><a class=\"wp-block-latest-posts__post-title\" href=\"https:\/\/mat.uab.cat\/web\/albert\/language\/en\/2024\/12\/19\/publications\/\">Publications<\/a><div class=\"wp-block-latest-posts__post-excerpt\">Carles Broto, Jesper M\u00f8ller, Bob Oliver, Albert Ruiz: &#8220;Realizability and tameness of fusion systems&#8221;. Proc. London Math. Soc.\u00a0127 (2023), 1816-1864. https:\/\/doi.org\/10.1112\/plms.12571\u00a0[online, preprint]. Bob Oliver, Albert Ruiz: &#8220;Simplicity of fusion systems of finite simple groups&#8221;. Trans. Amer. Math. Soc. 374 (2021), no. 11, 7743-7777 [online , preprint , graph of results].\u2026 <a class=\"wp-block-latest-posts__read-more\" href=\"https:\/\/mat.uab.cat\/web\/albert\/language\/en\/2024\/12\/19\/publications\/\" rel=\"noopener noreferrer\">Llegiu-ne m\u00e9s<span class=\"screen-reader-text\">: Publications<\/span><\/a><\/div><\/li>\n<li><a class=\"wp-block-latest-posts__post-title\" href=\"https:\/\/mat.uab.cat\/web\/albert\/language\/en\/2024\/12\/17\/talks\/\">Talks<\/a><div class=\"wp-block-latest-posts__post-excerpt\">&#8220;All realizable fusion systems are tame&#8221;. VI Encuentro Conjunto RSME-SMM, Val\u00e8ncia, 2024. &#8220;An\u00e1lisis Topol\u00f3gico de Datos&#8220;. Semana de la Ciencia. Universidad Distrital Francisco Jos\u00e9 de Caldas, Bogot\u00e1, 2023. &#8220;Homolog\u00eda persistente&#8220;. Semana de la Ciencia. Universidad Distrital Francisco Jos\u00e9 de Caldas, Bogot\u00e1, 2023. &#8220;Fusion systems of finite simple groups&#8220;. Seminario Virtual\u2026 <a class=\"wp-block-latest-posts__read-more\" href=\"https:\/\/mat.uab.cat\/web\/albert\/language\/en\/2024\/12\/17\/talks\/\" rel=\"noopener noreferrer\">Llegiu-ne m\u00e9s<span class=\"screen-reader-text\">: Talks<\/span><\/a><\/div><\/li>\n<li><a class=\"wp-block-latest-posts__post-title\" href=\"https:\/\/mat.uab.cat\/web\/albert\/language\/en\/2016\/05\/18\/phd-thesis-advised\/\">PhD Thesis advised<\/a><div class=\"wp-block-latest-posts__post-excerpt\">Toni Lozano Bag\u00e9n, On the exoticness of some new p-local compact groups. April 23, 2016.<\/div><\/li>\n<\/ul>","protected":false},"excerpt":{"rendered":"<p>El meu n\u00famero ORCID \u00e9s 0000-0002-1274-3122. Pertanyo al grup de recerca de Topologia Algebraica de la Universitat Aut\u00f2noma de Barcelona i al Laboratori d&#8217;Interaccions en Geometria, \u00c0lgebra i Topologia. Les l\u00ednees en les que treballo s\u00f3n:<\/p>\n","protected":false},"author":4,"featured_media":0,"parent":0,"menu_order":0,"comment_status":"closed","ping_status":"closed","template":"","meta":{"footnotes":""},"class_list":["post-649","page","type-page","status-publish","hentry"],"_links":{"self":[{"href":"https:\/\/mat.uab.cat\/web\/albert\/wp-json\/wp\/v2\/pages\/649","targetHints":{"allow":["GET"]}}],"collection":[{"href":"https:\/\/mat.uab.cat\/web\/albert\/wp-json\/wp\/v2\/pages"}],"about":[{"href":"https:\/\/mat.uab.cat\/web\/albert\/wp-json\/wp\/v2\/types\/page"}],"author":[{"embeddable":true,"href":"https:\/\/mat.uab.cat\/web\/albert\/wp-json\/wp\/v2\/users\/4"}],"replies":[{"embeddable":true,"href":"https:\/\/mat.uab.cat\/web\/albert\/wp-json\/wp\/v2\/comments?post=649"}],"version-history":[{"count":2,"href":"https:\/\/mat.uab.cat\/web\/albert\/wp-json\/wp\/v2\/pages\/649\/revisions"}],"predecessor-version":[{"id":663,"href":"https:\/\/mat.uab.cat\/web\/albert\/wp-json\/wp\/v2\/pages\/649\/revisions\/663"}],"wp:attachment":[{"href":"https:\/\/mat.uab.cat\/web\/albert\/wp-json\/wp\/v2\/media?parent=649"}],"curies":[{"name":"wp","href":"https:\/\/api.w.org\/{rel}","templated":true}]}}