{"id":673,"date":"2025-05-06T16:33:36","date_gmt":"2025-05-06T15:33:36","guid":{"rendered":"https:\/\/mat.uab.cat\/web\/albert\/?page_id=673"},"modified":"2025-05-06T16:34:15","modified_gmt":"2025-05-06T15:34:15","slug":"altres","status":"publish","type":"page","link":"https:\/\/mat.uab.cat\/web\/albert\/language\/ca\/altres\/","title":{"rendered":"Altres"},"content":{"rendered":"<ul class=\"wp-block-latest-posts__list is-grid columns-3 wp-block-latest-posts\"><li><a class=\"wp-block-latest-posts__post-title\" href=\"https:\/\/mat.uab.cat\/web\/albert\/language\/ca\/2017\/12\/14\/gnu-linux-amb-virtualbox\/\">GNU-Linux amb Virtualbox<\/a><div class=\"wp-block-latest-posts__post-excerpt\">El VirtualBox \u00e9s un programa gratu\u00eft que crea un ordinador virtual on hi podem instal\u00b7lar o tenir-hi instal\u00b7lat un sistema operatiu. A efectes pr\u00e0ctics, un ordinador virtual \u00e9s un fitxer dins el nostre ordinador que obrint-lo amb el VirtualBox ens\u2026 <a class=\"wp-block-latest-posts__read-more\" href=\"https:\/\/mat.uab.cat\/web\/albert\/language\/ca\/2017\/12\/14\/gnu-linux-amb-virtualbox\/\" rel=\"noopener noreferrer\">Llegiu-ne m\u00e9s<span class=\"screen-reader-text\">: GNU-Linux amb Virtualbox<\/span><\/a><\/div><\/li>\n<li><a class=\"wp-block-latest-posts__post-title\" href=\"https:\/\/mat.uab.cat\/web\/albert\/language\/ca\/2017\/12\/12\/accedir-a-les-maquines-virtuals-de-la-uab\/\">Accedir a les m\u00e0quines virtuals de la UAB<\/a><div class=\"wp-block-latest-posts__post-excerpt\">Les m\u00e0quines virtuals s\u00f3n a l&#8217;adre\u00e7a: http:\/\/acievirtuab.uab.es\/aulavirtual\/. Des de l&#8217;\u00faltima actualitzaci\u00f3 del Java no es pot accedir si no s&#8217;afegeix la IP del servidor al llistat d&#8217;excepcions de seguretat: Aneu al Java Control Panel. A la pestanya &#8220;Security&#8221; trieu &#8220;Edit\u2026 <a class=\"wp-block-latest-posts__read-more\" href=\"https:\/\/mat.uab.cat\/web\/albert\/language\/ca\/2017\/12\/12\/accedir-a-les-maquines-virtuals-de-la-uab\/\" rel=\"noopener noreferrer\">Llegiu-ne m\u00e9s<span class=\"screen-reader-text\">: Accedir a les m\u00e0quines virtuals de la UAB<\/span><\/a><\/div><\/li>\n<li><a class=\"wp-block-latest-posts__post-title\" href=\"https:\/\/mat.uab.cat\/web\/albert\/language\/ca\/2014\/12\/14\/problema-amb-el-r-i-java-a-kubuntu-14-04\/\">Problema amb el R i Java a (K)ubuntu 14.04<\/a><div class=\"wp-block-latest-posts__post-excerpt\">Despr\u00e9s de reinstal\u00b7lar el sistema (K)ubuntu a un ordinador i d&#8217;instal\u00b7lar l&#8217;R i el deducer segons les indicacions d&#8217;aqu\u00ed em trobava que el deducer no funcionava. M\u00e9s concretament, quan engegava el deducer des de l&#8217;R executant: &gt; library(JGR) Sortia l&#8217;error\u2026 <a class=\"wp-block-latest-posts__read-more\" href=\"https:\/\/mat.uab.cat\/web\/albert\/language\/ca\/2014\/12\/14\/problema-amb-el-r-i-java-a-kubuntu-14-04\/\" rel=\"noopener noreferrer\">Llegiu-ne m\u00e9s<span class=\"screen-reader-text\">: Problema amb el R i Java a (K)ubuntu 14.04<\/span><\/a><\/div><\/li>\n<li><a class=\"wp-block-latest-posts__post-title\" href=\"https:\/\/mat.uab.cat\/web\/albert\/language\/ca\/2012\/12\/10\/accedir-als-vostres-fitxers-des-de-fora-de-la-uab\/\">Accedir als vostres fitxers des de fora de la UAB<\/a><div class=\"wp-block-latest-posts__post-excerpt\">Aix\u00f2 afecta als estudiants que utilitzen les aules d&#8217;inform\u00e0tica de la facultat de Ci\u00e8ncies i Bioci\u00e8ncies. Si voleu accedir a la vostra Carpeta Personal des de fora de la UAB s&#8217;ha d&#8217;utilitzar el servei de Xarxa Privada Virtual: Des d&#8217;un\u2026 <a class=\"wp-block-latest-posts__read-more\" href=\"https:\/\/mat.uab.cat\/web\/albert\/language\/ca\/2012\/12\/10\/accedir-als-vostres-fitxers-des-de-fora-de-la-uab\/\" rel=\"noopener noreferrer\">Llegiu-ne m\u00e9s<span class=\"screen-reader-text\">: Accedir als vostres fitxers des de fora de la UAB<\/span><\/a><\/div><\/li>\n<\/ul>","protected":false},"excerpt":{"rendered":"","protected":false},"author":4,"featured_media":0,"parent":0,"menu_order":0,"comment_status":"closed","ping_status":"closed","template":"","meta":{"footnotes":""},"class_list":["post-673","page","type-page","status-publish","hentry"],"_links":{"self":[{"href":"https:\/\/mat.uab.cat\/web\/albert\/wp-json\/wp\/v2\/pages\/673","targetHints":{"allow":["GET"]}}],"collection":[{"href":"https:\/\/mat.uab.cat\/web\/albert\/wp-json\/wp\/v2\/pages"}],"about":[{"href":"https:\/\/mat.uab.cat\/web\/albert\/wp-json\/wp\/v2\/types\/page"}],"author":[{"embeddable":true,"href":"https:\/\/mat.uab.cat\/web\/albert\/wp-json\/wp\/v2\/users\/4"}],"replies":[{"embeddable":true,"href":"https:\/\/mat.uab.cat\/web\/albert\/wp-json\/wp\/v2\/comments?post=673"}],"version-history":[{"count":2,"href":"https:\/\/mat.uab.cat\/web\/albert\/wp-json\/wp\/v2\/pages\/673\/revisions"}],"predecessor-version":[{"id":675,"href":"https:\/\/mat.uab.cat\/web\/albert\/wp-json\/wp\/v2\/pages\/673\/revisions\/675"}],"wp:attachment":[{"href":"https:\/\/mat.uab.cat\/web\/albert\/wp-json\/wp\/v2\/media?parent=673"}],"curies":[{"name":"wp","href":"https:\/\/api.w.org\/{rel}","templated":true}]}}