{"id":1111,"date":"2016-05-05T23:07:18","date_gmt":"2016-05-05T23:07:18","guid":{"rendered":"http:\/\/blogs.uab.cat\/arselectionis\/?page_id=1111"},"modified":"2023-08-29T02:56:22","modified_gmt":"2023-08-29T00:56:22","slug":"el-vot-unic-transferible","status":"publish","type":"page","link":"https:\/\/mat.uab.cat\/web\/arselectionis\/?page_id=1111","title":{"rendered":"El vot \u00fanic transferible"},"content":{"rendered":"<p><img loading=\"lazy\" decoding=\"async\" class=\"aligncenter size-medium wp-image-1043\" src=\"https:\/\/mat.uab.cat\/web\/arselectionis\/files\/2016\/03\/BRM_BMAG_1897P1-229x300.jpg\" alt=\"\" width=\"229\" height=\"300\" srcset=\"https:\/\/mat.uab.cat\/web\/arselectionis\/wp-content\/uploads\/sites\/31\/2016\/03\/BRM_BMAG_1897P1-229x300.jpg 229w, https:\/\/mat.uab.cat\/web\/arselectionis\/wp-content\/uploads\/sites\/31\/2016\/03\/BRM_BMAG_1897P1.jpg 522w\" sizes=\"auto, (max-width: 229px) 100vw, 229px\" \/><\/p>\n<p style=\"text-align: center\">Thomas Wright Hill (1763-1851).<br \/>\nEl 1819 proposava una primera versi\u00f3 del que ara coneixem com a m\u00e8tode del vot \u00fanic transferible.<br \/>\n<!--Retrat per Mary Martha Pearson (Birmingham Museums Trust)--><\/p>\n<h4>Com es vota?<\/h4>\n<p>El m\u00e8tode del vot \u00fanic transferible utilitza el <strong>vot preferencial<\/strong>: cada elector indica no nom\u00e9s el seu candidat preferit, sin\u00f3 que tamb\u00e9 pot donar una segona opci\u00f3, una tercera, i aix\u00ed successivament fins on cregui oport\u00fa. En principi, cal interpretar que l&#8217;elector nom\u00e9s admet ser representat pels candidats que inclou en el seu vot, i que a m\u00e9s els prefereix l&#8217;un a l&#8217;altre en l&#8217;ordre que indica. M\u00e9s que un vot preferencial, es tracta, doncs, d&#8217;un <strong>vot d&#8217;aprovaci\u00f3 amb prefer\u00e8ncies<\/strong>. Dit aix\u00f2, en alguns llocs es requereix a l&#8217;elector que inclogui un cert nombre m\u00ednim de candidats (t\u00edpicament, tants com escons a repartir) i en altres llocs se&#8217;l requereix que ordeni tots els candidats. \u00d2bviament, en aquests casos no es pot entendre que l&#8217;elector aprova tots els candidats que apareixen en la seva llista.<\/p>\n<h4>Com es processen els vots?<\/h4>\n<p>Per a determinar quins candidats s\u00f3n elegits, es comen\u00e7a per fixar una <strong>quota<\/strong>, \u00e9s a dir, el nombre de vots que ha de superar un candidat per tal de resultar elegit. En principi, cada candidat t\u00e9 nom\u00e9s els vots on apareix com a primera opci\u00f3. Tanmateix, quan un candidat supera la quota i resulta elegit, cadascun dels vots sobrants \u00e9s transferit al candidat que ocupa el seg\u00fcent lloc en la butlleta. La idea \u00e9s aplicar aquest proc\u00e9s reiteradament fins que quedin assignats tots els escons que hi havia a repartir. Si en algun moment s\u2019escau que no hi ha cap candidat que assoleixi la quota, aleshores s\u2019elimina el que en aquell moment t\u00e9 menys vots i cadascun d\u2019aquests vots \u00e9s transferit al candidat seg\u00fcent en la butlleta. I si nom\u00e9s resten en peu tants candidats com escons pendents de repartir, llavors s&#8217;admeten tots aquests candidats, siguin quins siguin els seus nombres de vots.<\/p>\n<h4>Exemple 1<\/h4>\n<p>Considerem els seg\u00fcents 600\u00a0vots sobre quatre candidats, <i>a<\/i>, <i>b<\/i>, <i>c<\/i>, <i>d<\/i>:<\/p>\n<table align=\"center\">\n<tbody>\n<tr>\n<td style=\"text-align: right\"><span style=\"font-size: medium\">270<\/span><\/td>\n<td style=\"text-align: left\"><span style=\"font-size: medium\"><i>a<\/i> &gt; <i>c<\/i><\/span><\/td>\n<\/tr>\n<tr>\n<td style=\"text-align: right\"><span style=\"font-size: medium\">180<\/span><\/td>\n<td style=\"text-align: left\"><span style=\"font-size: medium\"><i>b<\/i><\/span><\/td>\n<\/tr>\n<tr>\n<td style=\"text-align: right\"><span style=\"font-size: medium\">100<\/span><\/td>\n<td style=\"text-align: left\"><span style=\"font-size: medium\"><i>c<\/i><\/span><\/td>\n<\/tr>\n<tr>\n<td style=\"text-align: right\"><span style=\"font-size: medium\">50<\/span><\/td>\n<td style=\"text-align: left\"><span style=\"font-size: medium\"><i>d<\/i> &gt; <i>c<\/i><\/span><\/td>\n<\/tr>\n<\/tbody>\n<\/table>\n<p>on s\u2019ha d\u2019entendre que hi ha 270\u00a0electors que donen com a primera opci\u00f3 el candidat <i>a<\/i> i com a segona opci\u00f3 el candidat <i>c<\/i>, uns altres 180\u00a0electors es pronuncien nom\u00e9s pel candidat <i>b<\/i>, etc\u00e8tera. A\u00a0continuaci\u00f3 suposarem que es volen assignar nom\u00e9s 2\u00a0escons. Aquest nombre \u00e9s massa petit des del punt de vista de la representaci\u00f3 proporcional, per\u00f2 ser\u00e0 suficient per a il\u00b7lustrar el procediment sense complicar massa les coses.<\/p>\n<p>Comencem per il\u00b7lustrar el procediment suposant fixada la quota. Suposem que \u00e9s de 250\u00a0vots per esc\u00f3. Examinant les primeres opcions, veiem que <i>a<\/i> s\u2019enduu un esc\u00f3 i li sobren 20\u00a0vots, els quals s\u00f3n transferits a <i>c<\/i>. En aquest moment, <i>b<\/i>, <i>c<\/i> i <i>d<\/i> tenen respectivament 180, 120 i 50\u00a0vots. Com que cap d\u2019ells supera la quota, s\u2019elimina el que en t\u00e9 menys, a saber <i>d<\/i>. Els seus vots passen a <i>c<\/i>, que d\u2019aquesta manera acumula 170\u00a0vots. Novament, toca eliminar el candidat que t\u00e9 menys vots, que \u00e9s <i>c<\/i>. Per\u00f2 ara ens trobem que aquests vots no poden ser transferits, ja que les butlletes corresponents no especifiquen cap altra opci\u00f3. D&#8217;altra banda, amb l&#8217;eliminaci\u00f3 de <i>c<\/i> nom\u00e9s resta en peu el candidat <i>b<\/i>, de manera que correspon quedar-se amb ell per arribar als dos escons que vol\u00edem assignar. En total, resulten elegits, doncs, els candidats <i>a<\/i> i <i>b<\/i>.<\/p>\n<h4>Quina quota?<\/h4>\n<p>Noti&#8217;s que en l&#8217;\u00faltim pas del procediment precedent la quota ha quedat rebaixada a 180\u00a0vots. Tenint aix\u00f2 en compte, es pot dir que el resultat obtingut \u00e9s injust, perqu\u00e8 aplicant aquesta quota des del principi tamb\u00e9 mereix ser escollit el candidat <i>c<\/i> (en virtut dels vots que li s\u00f3n transferits en ser elegit <i>a<\/i>). Aix\u00ed doncs, l&#8217;elecci\u00f3 de la quota inicial \u00e9s un element crucial. D&#8217;altra banda, segons el que hem vist seria convenient que la quota es mantingu\u00e9s invariable fins completar tot el proc\u00e9s.<\/p>\n<p>Atenent al concepte de proporcionalitat, en principi correspon prendre com a quota el quocient del nombre total de vots pel nombre d\u2019escons. Aquest valor rep el nom de <strong>quota de Hare<\/strong>. Tanmateix, amb aquesta quota \u00e9s pr\u00e0cticament impossible que s&#8217;arribin a assignar tots els escons sense una rebaixa final. Aix\u00f2 nom\u00e9s pot passar en casos molt singulars on tenen lloc certs empats. En l\u2019exemple precedent, la quota de Hare val 600\/2 = 300\u00a0vots per esc\u00f3, el qual valor no \u00e9s superat per cap candidat en cap moment de tot el proc\u00e9s, de manera que finalment s&#8217;elegeixen els dos candidats que es resisteixen m\u00e9s a ser eliminats, que s\u00f3n <i>a<\/i> i <i>b<\/i> (amb una quota efectiva final de 180\u00a0vots per esc\u00f3).<\/p>\n<p>D&#8217;altra banda, si la quota inicial \u00e9s massa petita, llavors ens veiem condu\u00efts a assignar m\u00e9s escons del compte. Aix\u00ed ocorre en l&#8217;exemple precedent si prenem una quota de 175\u00a0vots per esc\u00f3. Per garantir que no ens trobarem en aquest cas (siguin com siguin els vots) cal que la quota sigui superior o igual a l&#8217;anomenada <strong>quota de Droop<\/strong>, la qual s\u2019obt\u00e9 dividint el nombre total de vots pel nombre d\u2019escons augmentat en una unitat. Aquest fet fa molt natural i habitual adoptar aquesta quota.<\/p>\n<p>Dit aix\u00f2, si els electors no especifiquen suficients alternatives, la quota de Droop encara pot ser massa gran per a determinar tots els escons sense una rebaixa final. En particular, si els electors es limiten a indicar un sol candidat (cada elector el seu) llavors els vots no s\u00f3n transferibles, i sigui quina sigui la quota, el procediment que estem considerant acaba elegint els candidats m\u00e9s votats, fins a completar el nombre desitjat. De tota manera, si l&#8217;elector troba admissibles diversos candidats, llavors tendir\u00e0 a incloure tots aquests candidats en la seva llista de prefer\u00e8ncies, ja que d&#8217;aquesta manera t\u00e9 m\u00e9s possibilitats que sigui elegit un candidat del seu gust.<\/p>\n<p>\u00c9s interessant observar que en el cas extrem de voler elegir un sol representant, la quota de Hare correspon a la noci\u00f3 d\u2019unanimitat (que efectivament \u00e9s un cas molt singular) mentre que la quota de Droop correspon a la noci\u00f3 de majoria absoluta (que efectivament no pot ser satisfeta per m\u00e9s d&#8217;un candidat, i possiblement no sigui satisfeta per cap d&#8217;ells).<\/p>\n<p>D&#8217;acord amb la pr\u00e0ctica m\u00e9s generalitzada, mentre no diguem el contrari suposarem que s&#8217;ha pres com a quota inicial la quota de Droop o en tot cas el primer enter superior a ella.<\/p>\n<h4>On est\u00e0 la proporcionalitat?<\/h4>\n<p>En la seva versi\u00f3 m\u00e9s tradicional, que s&#8217;usa per exemple en les eleccions als parlaments d\u2019Irlanda i de Malta, les transfer\u00e8ncies de vot entre candidats es fan materialment, transportant les butlletes d&#8217;un lloc a un altre. Aix\u00f2 posa de manifest que cada diputat d\u00f3na representaci\u00f3 a un conjunt determinat d\u2019electors: els emissors de les butlletes que han causat la seva elecci\u00f3. Si el procediment s\u2019ha pogut dur a terme sense cap rebaixa de la quota, <em>llavors cada diputat representa el mateix nombre d\u2019electors<\/em>, la qual cosa est\u00e0 certament en la l\u00ednia del principi de representaci\u00f3 proporcional. Tanmateix, incl\u00fas en el sup\u00f2sit de no haver rebaixat la quota, cal tenir en compte que en multiplicar el nombre de diputats pel nombre d\u2019electors que representa cadascun d\u2019ells, a saber, la quota de Droop, no s\u2019obtenen pas tots electors, sin\u00f3 que manca un altre conjunt igualment nombr\u00f3s d\u2019electors, els quals resten sense representaci\u00f3, ja que les seves butlletes no s\u00f3n utilitzades. Aix\u00ed doncs, incl\u00fas en aquest cas, la proporcionalitat \u00e9s nom\u00e9s aproximada (amb una aproximaci\u00f3 cada vegada millor a mida que augmenta el nombre d\u2019escons). Per suposat, si t\u00e9 lloc una rebaixa final de la quota, llavors ens allunyem encara m\u00e9s de la proporcionalitat.<\/p>\n<p>Davant d\u2019aix\u00f2, s\u00f3n naturals certes modificacions que van en la direcci\u00f3 de millorar la proporcionalitat, o en altres paraules, <em>disminuir les difer\u00e8ncies en la quantitat de representaci\u00f3 que obtenen els diferents electors<\/em>. La <strong>quantitat de representaci\u00f3<\/strong> que obt\u00e9 un elector vol dir simplement la fracci\u00f3 de diputats que li correspon (la qual podem identificar amb el pes d&#8217;aquell elector en el parlament). Aix\u00ed, si els vots s\u00f3n simplement 100 vots per <i>a<\/i> i 200 per <i>b<\/i> i volem assignar nom\u00e9s 2 escons, llavors el procediment que hem estat considerant es basaria en una quota de Droop de 100 i assignaria un esc\u00f3 a <i>a<\/i>, el qual quedaria repartit entre 100 electors, un altre a <i>b<\/i>, que tamb\u00e9 quedaria repartit entre 100 electors, i en principi, els altres 100 electors que tamb\u00e9 havien votat <i>b<\/i> es quedarien sense representaci\u00f3. Aix\u00ed doncs, tindr\u00edem 200 electors amb una representaci\u00f3 de 1\/100 (diputats per elector) i uns altres 100 electors amb una representaci\u00f3 de 0.<\/p>\n<p>En lloc d\u2019aix\u00f2, \u00e9s m\u00e9s equitatiu utilitzar totes les butlletes i repartir el candidat <i>b<\/i> entre tots els electors que l\u2019han votat, la qual cosa resulta en 100 electors amb una representaci\u00f3 de 1\/100 i 200 electors amb una representaci\u00f3 de 1\/200. La q\u00fcesti\u00f3 \u00e9s ben b\u00e9 an\u00e0loga al repartiment de la riquesa, on tothom est\u00e0 d&#8217;acord que si estem repartint dues unitats de riquesa entre 3 persones, <em>el repartiment (1, 1\/2, 1\/2) \u00e9s m\u00e9s equitatiu que (1, 1, 0)<\/em>.<\/p>\n<p>En el mateix esperit de tractar per igual tots els electors, tamb\u00e9 \u00e9s natural que en lloc de transferir butlletes senceres, unes s\u00ed i les altres no, es transfereixi una mateixa fracci\u00f3 de cada butlleta. Aix\u00ed, en l\u2019exemple 1, correspon dividir cadascuna de les butlletes <i>a &gt; c<\/i> en dues fraccions; una fracci\u00f3 de mida 200\/270 s\u2019assigna al candidat <i>a<\/i>, i la resta, de mida 70\/270, es transfereix a <i>c<\/i>. La quantitat total de vots transferits segueix sent la mateixa que abans, 270 \u00d7 (70\/270) = 70, per\u00f2 ara estem tractant tots els electors de la mateixa manera. Similarment, i en la mateixa l\u00ednia que al par\u00e0graf precedent, en el moment d\u2019assignar el segon esc\u00f3 a <i>c<\/i>, aquest es reparteix uniformement entre els 220 vots que s\u2019han acumulat a favor seu, \u00e9s a dir, a ra\u00f3 de 1\/220 d\u2019esc\u00f3 per vot. Ara b\u00e9, com que 70 d\u2019aquests vots ja estan repartits uniformement entre els 270 electors que han votat <i>a &gt; c<\/i>, a cadascun d\u2019aquests electors li correspon (70\/270) \u00d7 (1\/220) d\u2019aquest esc\u00f3. En total, a cadascun dels 270 electors que ha votat <i>a &gt; c<\/i> li correspon (1\/270) <i>a<\/i> + (70\/270) \u00d7 (1\/220) <i>c<\/i>, a cadascun dels altres 150 electors que han incl\u00f2s <i>c<\/i> en el seu vot li correspon (1\/220) <i>c<\/i>, i els 180 electors que han votat per <i>b<\/i> es queden sense representaci\u00f3.<\/p>\n<p>A banda de ser m\u00e9s equitativa, aquesta manera de fer evita que el conjunt de candidats elegits pugui dependre de quines butlletes s\u00f3n transferides, com passa, per exemple, si la meitat dels 270 vots <i>a &gt; c<\/i> de l\u2019exemple 1 canvien a <i>a &gt; b<\/i>. Amb la pr\u00e0ctica m\u00e9s tradicional de transferir butlletes senceres, el segon esc\u00f3 pot ser assignat a <i>b<\/i> o a <i>c<\/i> en funci\u00f3 de quines butlletes concretes s\u00f3n transferides. En canvi, el tractament equitatiu determina que el segon esc\u00f3 ha de ser assignat a <i>b<\/i>.<\/p>\n<p>El procediment encara es pot complicar bastant m\u00e9s amb motiu d\u2019altres casu\u00edstiques en les quals ja no entrarem i per les quals referim el lector al cap\u00edtol 15 del llibre de N. Tideman (2006) <i>Collective Decisions and Voting<\/i>. Com a exemple de la utilitzaci\u00f3 d\u2019aquests procediments m\u00e9s sofisticats podem citar el <i>Senat d&#8217;Austr\u00e0lia<\/i> i el <i>Council<\/i> de la <i>Royal Statistical Society<\/i>, que des de 1984 usen m\u00e8todes d&#8217;aquest tipus per a elegir els seus membres.<!-- (ref: farrel+mcallister:2003, hill:1995)--> En qualsevol cas, el que importa no \u00e9s la complexitat del procediment \u2014que queda a c\u00e0rrec dels ordinadors\u2014 sin\u00f3 la seva l\u00f2gica i les seves propietats.<br \/>\n<!--Pel que fa a la l\u00f2gica del procediment, aquests refinaments insisteixen en un tractament equitatiu dels diferents electors (i tamb\u00e9 dels diferents candidats?).--><\/p>\n<p>En relaci\u00f3 amb tot aix\u00f2, els raonaments precedents en cerca de la proporcionalitat estan donant per suposat que l&#8217;elector se sent igualment representat per qualsevol dels candidats que inclou en el seu vot. Aquesta hip\u00f2tesi \u00e9s molt discutible. I sense ella <em>no est\u00e0 gens clar com s&#8217;ha d&#8217;entendre la noci\u00f3 de proporcionalitat en pres\u00e8ncia de prefer\u00e8ncies<\/em>.<br \/>\n<!--Tot i que tothom est\u00e0 d'acord que en considerar el vot \u00fanic transferible com un m\u00e8tode de representaci\u00f3 proporcional--><\/p>\n<h4>Casos especials<\/h4>\n<p>Suposem que els vots s\u00f3n ben b\u00e9 com en el cas de llistes tancades. \u00c9s a dir, que hi ha unes llistes ordenades, cadascuna d&#8217;elles incloent tants candidats com escons, de manera que cada candidat pertany a una i nom\u00e9s una d&#8217;aquestes llistes i el vot de cada elector coincideix exactament amb una d&#8217;elles. En aquest escenari, \u00e9s obvi que en aplicar el m\u00e8tode de vot \u00fanic transferible els vots transferits romanen en la mateixa llista. Per tant, si el nombre de vots d&#8217;una llista supera la quota, aleshores la llista en q\u00fcesti\u00f3 rebr\u00e0, com a m\u00ednim, tants escons com vegades c\u00e0piga la quota dins del nombre de vots. D&#8217;altra banda, si aix\u00f2 no esgota tots els escons, llavors les eliminacions subseq\u00fcents tamb\u00e9 s&#8217;estendran al llarg de cada llista, i finalment els escons pendents seran assignats a les llistes de restes m\u00e9s grans. O sigui, que en aquest cas l&#8217;aplicaci\u00f3 del m\u00e8tode de vot \u00fanic transferible equival a la regla de les restes majors (vegi&#8217;s <a href=\"http:\/\/mat.uab.cat\/web\/arselectionis\/?p=212\" target=\"_blank\" rel=\"noopener\">Repartir escons \u201cproporcionalment\u201d<\/a>), amb l&#8217;\u00fanica salvetat que aqu\u00ed no utilitzem necess\u00e0riament la quota de Hare, sin\u00f3 la que s&#8217;hagi especificat. De tota manera, cal que la quota sigui igual o superior a la de Droop, ja que altrament estar\u00edem assignant m\u00e9s escons del compte.<\/p>\n<p>Considerem ara una situaci\u00f3 similar a l&#8217;anterior per\u00f2 amb la difer\u00e8ncia que les llistes en q\u00fcesti\u00f3 s\u00f3n tancades com a conjunts, \u00e9s a dir des del punt de vista de quins candidats inclouen, per\u00f2 no pel que fa a l\u2019ordre de prefer\u00e8ncia, que dep\u00e8n de cada elector. En aquest cas tamb\u00e9 \u00e9s cert que cada llista (com a conjunt) rebr\u00e0, com a m\u00ednim, tants escons com vegades c\u00e0piga la quota dins del nombre de vots obtinguts.<br \/>\n<!-- (comptats sense tenir en compte l\u2019ordre de prefer\u00e8ncia) \/ En efecte, en aquesta situaci\u00f3 segueix sent cert que els vots transferits romanen dins de la mateixa llista, tant si provenen de candidats que han rebut un esc\u00f3 com de candidats eliminats. D\u2019altra banda, malgrat la diversitat d\u2019ordres de prefer\u00e8ncia, tard o d\u2019hora ... \/ \u00bfEs pot assegurar com a m\u00e0xim un esc\u00f3 m\u00e9s? (encara que no segons restes majors) \/ Exemple 51 - 49. Tamb\u00e9 mostra l\u2019inter\u00e8s de la quota de Droop --><\/p>\n<p>M\u00e9s generalment, es compleix el fet seg\u00fcent: Suposem que un cert nombre <i>x<\/i> d&#8217;electors encap\u00e7alen la seva llista amb el mateix conjunt de candidats, encara que no estiguin en el mateix ordre i que despr\u00e9s el vot pugui contenir altres candidats. Doncs b\u00e9, si la quota \u00e9s igual o superior a la Droop, llavors est\u00e0 garantit que d&#8217;aquest conjunt de candidats en resultaran elegits tants com digui el quocient de <i>x<\/i> per la quota (en el benent\u00e8s que si aquest quocient supera el nombre de candidats del conjunt, llavors resulten elegits tots ells).<\/p>\n<p>Aquesta propietat rep el nom de <i>criteri de proporcionalitat de Droop<\/i>. Efectivament, t\u00e9 molt a veure amb la noci\u00f3 de proporcionalitat. Tanmateix, no acaba de ser totalment satisfactori: D&#8217;una banda, la condici\u00f3 que els vots estiguin encap\u00e7alats exactament per un mateix conjunt deixa fora molts casos d\u2019inter\u00e8s; d\u2019altra banda, el nombre de candidats elegits queda limitat inferiorment per\u00f2 no superiorment, de manera que en general resta oberta la possibilitat que un conjunt de candidats rebi m\u00e9s escons del compte.<br \/>\n<!-- ref: Dummett 1984 (no demo), Woodall 1994 (tampoc), Janson 2012 (Sats 12.6)--><\/p>\n<p>En l\u2019extrem oposat al vot \u00fanic transferible hi ha el vot uninominal. \u00c9s a dir, el cas en que cada elector es limit\u00e9s a indicar un sol candidat. No costa gaire de conv\u00e8ncer-se que en aquest cas els escons resulten assignats exactament als candidats m\u00e9s votats.<\/p>\n<p>Un altre cas extrem digne de consideraci\u00f3 (per\u00f2 totalment allunyat de la representaci\u00f3 proporcional) \u00e9s el cas de voler elegir un sol representant (com per exemple un president). En aquest cas la quota de Droop correspon a la majoria absoluta i el m\u00e8tode de vot \u00fanic transferible es redueix a l&#8217;eliminaci\u00f3 successiva del candidat menys votat fins arribar a un candidat que reuneixi una majoria absoluta. Aquest procediment tamb\u00e9 es coneix pels noms de <i>vot alternatiu<\/i> i <i>instant-runoff voting<\/i> (i no s&#8217;ha de confondre amb anar directament a una segona volta entre les dues opcions m\u00e9s votades, que pot donar un resultat diferent i rep el nom de <i>vot contingent<\/i>).<\/p>\n<h4>Un problema greu<\/h4>\n<p>Per\u00f2 el principal problema del vot \u00fanic transferible no \u00e9s la proporcionalitat, sin\u00f3 un altre, el qual il\u00b7lustrarem mitjan\u00e7ant un exemple. Suposem novament que volem 2\u00a0diputats i imaginem que tenim els 102\u00a0vots seg\u00fcents:<\/p>\n<table align=\"center\">\n<tbody>\n<tr>\n<td style=\"text-align: right\"><span style=\"font-size: medium\">42<\/span><\/td>\n<td style=\"text-align: left\"><span style=\"font-size: medium\"><i>a<\/i> &gt; <i>b<\/i><\/span><\/td>\n<\/tr>\n<tr>\n<td style=\"text-align: right\"><span style=\"font-size: medium\">19<\/span><\/td>\n<td style=\"text-align: left\"><span style=\"font-size: medium\"><i>b<\/i><\/span><\/td>\n<\/tr>\n<tr>\n<td style=\"text-align: right\"><span style=\"font-size: medium\">20<\/span><\/td>\n<td style=\"text-align: left\"><span style=\"font-size: medium\"><i>c<\/i> &gt; <i>b<\/i><\/span><\/td>\n<\/tr>\n<tr>\n<td style=\"text-align: right\"><span style=\"font-size: medium\">2<\/span><\/td>\n<td style=\"text-align: left\"><span style=\"font-size: medium\"><i>d<\/i> &gt; <i>b<\/i><\/span><\/td>\n<\/tr>\n<tr>\n<td style=\"text-align: right\"><span style=\"font-size: medium\">19<\/span><\/td>\n<td style=\"text-align: left\"><span style=\"font-size: medium\"><i>d<\/i> &gt; <i>c<\/i><\/span><\/td>\n<\/tr>\n<\/tbody>\n<\/table>\n<p>La quota de Droop \u00e9s igual a 102 \/ (2+1) = 34 vots per esc\u00f3. Examinant les primeres opcions, veiem que <i>a<\/i> s\u2019enduu un esc\u00f3 i li sobren 8 vots, els quals s\u00f3n transferits a <i>b<\/i>. En aquest moment, <i>b<\/i>, <i>c<\/i> i <i>d<\/i> tenen respectivament 27, 20 i 21 vots. Com que cap d\u2019ells supera la quota de Droop, s\u2019elimina el que en t\u00e9 menys, a saber <i>c<\/i>. Els seus vots passen a <i>b<\/i>, que d\u2019aquesta manera supera la quota i obt\u00e9 el segon esc\u00f3. Aix\u00ed doncs, resulten elegits els candidats <i>a<\/i> i <i>b<\/i>.<\/p>\n<p>Imaginem ara que la votaci\u00f3 \u00e9s objecte d\u2019una reclamaci\u00f3 i que es descobreix que els 2 vots <i>d<\/i> &gt; <i>b<\/i> s\u2019havien llegit malament i que en realitat deien <i>b<\/i> &gt; <i>d<\/i>. Com que el canvi afavoreix <i>b<\/i>, que ja havia resultat elegit, tothom espera que ara continu\u00ef resultant elegit aquest candidat. Per\u00f2 no \u00e9s aix\u00ed! Com comprovar\u00e0 f\u00e0cilment el lector, ara no resulta eliminat <i>c<\/i>, sin\u00f3 <i>d<\/i>, i aix\u00f2 comporta que el segon esc\u00f3 vagi a parar a <i>c<\/i> en lloc de <i>b<\/i>! O sigui, que <em>un candidat pot deixar de ser elegit a conseq\u00fc\u00e8ncia de que alguns electors l\u2019hagin despla\u00e7at a posicions m\u00e9s preferents!<\/em> En altres paraules, el m\u00e8tode de vot \u00fanic transferible viola una condici\u00f3 molt desitjable de <i>consist\u00e8ncia ordinal<\/i>.<\/p>\n<p>\u00c9s natural preguntar-se amb quina freq\u00fc\u00e8ncia es pot donar a la pr\u00e0ctica aquesta anomalia. Aix\u00f2 \u00e9s dif\u00edcil de saber, perqu\u00e8 l\u2019escrutini no s\u2019entret\u00e9 en veure qu\u00e8 passaria si els vots variessin a favor d\u2019un o altre candidat. Tanmateix, examinant els resultats de les eleccions \u00e9s possible detectar casos on hi ha raons per creure que ha estat present aquest fenomen. Mitjan\u00e7ant un m\u00e8tode d\u2019aquest tipus s\u2019ha estimat que en les eleccions irlandeses des de 1922 fins a 2011 ha ocorregut amb una freq\u00fc\u00e8ncia de l\u2019ordre de l\u20191.5% (<a href=\"http:\/\/www.lancaster.ac.uk\/fass\/events\/epop2013\/docs\/MGallagherMonotonicityEPOP13.pdf\" target=\"_blank\" rel=\"noopener\">Gallagher 2013<\/a>).<\/p>\n<p>Alguns poden dir que no hi ha cap problema, ja que en unes eleccions importen nom\u00e9s els vots emesos i no les seves possibles variacions. Tanmateix, aquesta anomalia indica que els resultats del vot \u00fanic transferible no s\u00f3n sempre correctes. Si m\u00e9s no, davant d\u2019un cas concret d\u2019aquest tipus \u00e9s bastant clar que algun dels dos resultats, abans o despr\u00e9s de la modificaci\u00f3, ha de ser incorrecte (o potser tots dos!).<\/p>\n<p><!--Resultats ca\u00f2tics: Miller 2007--><\/p>\n<p><!--Com pot ser que Phragm\u00e9n preferencial sigui mon\u00f2ton si tamb\u00e9 \u00e9s VUT? Gr\u00e0cies a la quota? No eliminaci\u00f3--><\/p>\n<hr \/>\n","protected":false},"excerpt":{"rendered":"<p>Thomas Wright Hill (1763-1851). El 1819 proposava una primera versi\u00f3 del que ara coneixem com a m\u00e8tode del vot \u00fanic transferible. Com es vota? El m\u00e8tode del vot \u00fanic transferible utilitza el vot preferencial: cada elector indica no nom\u00e9s el seu candidat preferit, sin\u00f3 que tamb\u00e9 pot donar una segona opci\u00f3, una tercera, i aix\u00ed successivament fins on cregui oport\u00fa. En principi, cal interpretar que l&#8217;elector nom\u00e9s admet ser representat pels candidats que.. <a class=\"read-more-link\" href=\"https:\/\/mat.uab.cat\/web\/arselectionis\/?page_id=1111\">Llegir m\u00e9s<\/a><\/p>\n","protected":false},"author":42,"featured_media":0,"parent":0,"menu_order":0,"comment_status":"closed","ping_status":"closed","template":"","meta":{"footnotes":""},"class_list":["post-1111","page","type-page","status-publish","hentry"],"_links":{"self":[{"href":"https:\/\/mat.uab.cat\/web\/arselectionis\/index.php?rest_route=\/wp\/v2\/pages\/1111","targetHints":{"allow":["GET"]}}],"collection":[{"href":"https:\/\/mat.uab.cat\/web\/arselectionis\/index.php?rest_route=\/wp\/v2\/pages"}],"about":[{"href":"https:\/\/mat.uab.cat\/web\/arselectionis\/index.php?rest_route=\/wp\/v2\/types\/page"}],"author":[{"embeddable":true,"href":"https:\/\/mat.uab.cat\/web\/arselectionis\/index.php?rest_route=\/wp\/v2\/users\/42"}],"replies":[{"embeddable":true,"href":"https:\/\/mat.uab.cat\/web\/arselectionis\/index.php?rest_route=%2Fwp%2Fv2%2Fcomments&post=1111"}],"version-history":[{"count":1,"href":"https:\/\/mat.uab.cat\/web\/arselectionis\/index.php?rest_route=\/wp\/v2\/pages\/1111\/revisions"}],"predecessor-version":[{"id":3141,"href":"https:\/\/mat.uab.cat\/web\/arselectionis\/index.php?rest_route=\/wp\/v2\/pages\/1111\/revisions\/3141"}],"wp:attachment":[{"href":"https:\/\/mat.uab.cat\/web\/arselectionis\/index.php?rest_route=%2Fwp%2Fv2%2Fmedia&parent=1111"}],"curies":[{"name":"wp","href":"https:\/\/api.w.org\/{rel}","templated":true}]}}