{"id":1485,"date":"2016-11-10T11:09:15","date_gmt":"2016-11-10T11:09:15","guid":{"rendered":"http:\/\/blogs.uab.cat\/arselectionis\/?page_id=1485"},"modified":"2023-08-29T02:37:06","modified_gmt":"2023-08-29T00:37:06","slug":"comentari-como-quedaria","status":"publish","type":"page","link":"https:\/\/mat.uab.cat\/web\/arselectionis\/?page_id=1485","title":{"rendered":"Comentari"},"content":{"rendered":"<p style=\"font-size: 130%\"><strong>a l&#8217;article<\/strong><\/p>\n<h3><i>C\u00f3mo quedar\u00eda el Congreso espa\u00f1ol con el sistema electoral de EEUU?<\/i><\/h3>\n<p style=\"font-size: 130%\"><strong><a href=\"http:\/\/www.eldiario.es\/internacional\/quedado-Congreso-sistema-electoral-EEUU_0_578143215.html\" target=\"_blank\" rel=\"noopener\">eldiario.es<\/a><\/strong>,\u00a0\u00a0 8 nov 2016<\/p>\n<hr \/>\n<p>Aquest article es refereix al sistema que els EUA utilitzen per a elegir el seu <i>Electoral College<\/i>, que t\u00e9 570 membres i pr\u00f2piament parlant \u00e9s l\u2019\u00f2rgan que despr\u00e9s elegeix el President\u00a0(com tamb\u00e9 fa\u00a0el Congr\u00e9s espanyol). L&#8217;article \u00e9s interactiu i permet triar entre diverses Eleccions Generals espanyoles per veure quin hagu\u00e9s estat el seu resultat si s\u2019hagu\u00e9s aplicat la regla w<i>inner takes\u00a0all<\/i>, com en les eleccions presidencials americanes.<\/p>\n<p>De manera similar a les circumscripcions espanyoles, cadascun\u00a0dels estats\u00a0americans\u00a0t\u00e9 assignat un cert nombre de llocs en l&#8217;<i>Electoral College<\/i>. La regla w<i>inner takes all<\/i>, que utilitzen pr\u00e0cticament tots els estats americans, consisteix simplement en donar tots aquests llocs al candidat m\u00e9s votat en aquell estat. \u00d2bviament, aix\u00f2 no t\u00e9 res de proporcional. Sense anar m\u00e9s lluny, en aquestes eleccions presidencials americanes Clinton i Trump han obtingut respectivament el 47.7% i 47.5% dels vots, per\u00f2 les seves fraccions a l&#8217;<i>Electoral College<\/i> s\u00f3n respectivament del 43.1% i 56.9%. I no costa gaire d&#8217;imaginar situacions en qu\u00e8 les desviacions podrien ser molt m\u00e9s grans.<br \/>\n<!--Excepcions: Nebraska i Maine, que apliquen una regla similar per\u00f2 despr\u00e9s d'una certa subdivisi\u00f3--><\/p>\n<p>El sistema electoral vigent per a l&#8217;elecci\u00f3 del Congr\u00e9s espanyol ja deixa molt que desitjar des del punt de vista de la proporcionalitat\u00a0(vegin-se les nostres entrades\u00a0\u00a0<a href=\"https:\/\/mat.uab.cat\/web\/arselectionis\/?p=15\" target=\"_blank\" rel=\"noopener\">La desproporcionalitat del sistema electoral espanyol<\/a>, <a href=\"https:\/\/mat.uab.cat\/web\/arselectionis\/?p=709\" target=\"_blank\" rel=\"noopener\">Eleccions Generals Espanyoles 2015<\/a> \u00a0i \u00a0<a href=\"https:\/\/mat.uab.cat\/web\/arselectionis\/?p=1283\" target=\"_blank\" rel=\"noopener\">Eleccions Generals Espanyoles 2016<\/a>). Per\u00f2\u00a0la regla <i>Winner Takes All<\/i> ho empitjoraria molt m\u00e9s, com es\u00a0veu\u00a0clarament\u00a0en <a href=\"https:\/\/mat.uab.cat\/web\/arselectionis\/wp-content\/uploads\/sites\/31\/2016\/11\/EGE2016graff.pdf\" target=\"_blank\" rel=\"noopener\">aquesta figura per a les Eleccions Generals Espanyoles 2016<\/a>.<\/p>\n<p>El problema de la regla w<i>inner\u00a0takes all<\/i>\u00a0\u00e9s bastant el mateix que ocorre amb un sistema de circumscripcions uninominals: en cada circumscripci\u00f3 s&#8217;ho enduu tot una sola opci\u00f3, independentment de cap mena de proporci\u00f3 (vegi&#8217;s <a href=\"https:\/\/mat.uab.cat\/web\/arselectionis\/?p=780\" target=\"_blank\" rel=\"noopener\">Circumscripcions uninominals? No, gr\u00e0cies!<\/a>).<\/p>\n<p>Alg\u00fa es pot estar felicitant de que aqu\u00ed no fem aquesta mena de coses. Per\u00f2 la veritat \u00e9s que s\u00ed que les fem!<\/p>\n<p>Per exemple, en l&#8217;elecci\u00f3 del Senat espanyol usem el procediment de vot limitat, que\u00a0tamb\u00e9 produeix\u00a0grans desviacions respecte a la proporcionalitat, com expliquem a\u00a0<a href=\"https:\/\/mat.uab.cat\/web\/arselectionis\/?p=762\" target=\"_blank\" rel=\"noopener\">Llistes obertes? No de qualsevol manera!<\/a>. Aquest procediment l&#8217;usem tamb\u00e9 en les eleccions municipals de pobles petits (vegi&#8217;s\u00a0<a href=\"https:\/\/mat.uab.cat\/web\/arselectionis\/?p=111\" target=\"_blank\" rel=\"noopener\">Llistes obertes<\/a>). I\u00a0fins i tot en les eleccions dels nostres claustres universitaris!<\/p>\n<p>D&#8217;altra banda, la regla w<i>inner\u00a0takes all<\/i>\u00a0\u00e9s ben b\u00e9 el que fan els partits quan uniformitzen a la for\u00e7a els vots dels seus diputats!\u00a0(vegi&#8217;s <a href=\"https:\/\/mat.uab.cat\/web\/arselectionis\/?p=1448\" target=\"_blank\" rel=\"noopener\">Partits uniformitzats? No, gr\u00e0cies!<\/a>).<\/p>\n<hr \/>\n","protected":false},"excerpt":{"rendered":"<p>a l&#8217;article C\u00f3mo quedar\u00eda el Congreso espa\u00f1ol con el sistema electoral de EEUU? eldiario.es,\u00a0\u00a0 8 nov 2016 Aquest article es refereix al sistema que els EUA utilitzen per a elegir el seu Electoral College, que t\u00e9 570 membres i pr\u00f2piament parlant \u00e9s l\u2019\u00f2rgan que despr\u00e9s elegeix el President\u00a0(com tamb\u00e9 fa\u00a0el Congr\u00e9s espanyol). L&#8217;article \u00e9s interactiu i permet triar entre diverses Eleccions Generals espanyoles per veure quin hagu\u00e9s estat el seu resultat si s\u2019hagu\u00e9s.. <a class=\"read-more-link\" href=\"https:\/\/mat.uab.cat\/web\/arselectionis\/?page_id=1485\">Llegir m\u00e9s<\/a><\/p>\n","protected":false},"author":42,"featured_media":0,"parent":0,"menu_order":0,"comment_status":"closed","ping_status":"closed","template":"","meta":{"footnotes":""},"class_list":["post-1485","page","type-page","status-publish","hentry"],"_links":{"self":[{"href":"https:\/\/mat.uab.cat\/web\/arselectionis\/index.php?rest_route=\/wp\/v2\/pages\/1485","targetHints":{"allow":["GET"]}}],"collection":[{"href":"https:\/\/mat.uab.cat\/web\/arselectionis\/index.php?rest_route=\/wp\/v2\/pages"}],"about":[{"href":"https:\/\/mat.uab.cat\/web\/arselectionis\/index.php?rest_route=\/wp\/v2\/types\/page"}],"author":[{"embeddable":true,"href":"https:\/\/mat.uab.cat\/web\/arselectionis\/index.php?rest_route=\/wp\/v2\/users\/42"}],"replies":[{"embeddable":true,"href":"https:\/\/mat.uab.cat\/web\/arselectionis\/index.php?rest_route=%2Fwp%2Fv2%2Fcomments&post=1485"}],"version-history":[{"count":1,"href":"https:\/\/mat.uab.cat\/web\/arselectionis\/index.php?rest_route=\/wp\/v2\/pages\/1485\/revisions"}],"predecessor-version":[{"id":3128,"href":"https:\/\/mat.uab.cat\/web\/arselectionis\/index.php?rest_route=\/wp\/v2\/pages\/1485\/revisions\/3128"}],"wp:attachment":[{"href":"https:\/\/mat.uab.cat\/web\/arselectionis\/index.php?rest_route=%2Fwp%2Fv2%2Fmedia&parent=1485"}],"curies":[{"name":"wp","href":"https:\/\/api.w.org\/{rel}","templated":true}]}}