{"id":1517,"date":"2016-11-10T11:10:18","date_gmt":"2016-11-10T11:10:18","guid":{"rendered":"http:\/\/blogs.uab.cat\/arselectionis\/?page_id=1517"},"modified":"2023-08-29T02:42:41","modified_gmt":"2023-08-29T00:42:41","slug":"comentari-transitorietat","status":"publish","type":"page","link":"https:\/\/mat.uab.cat\/web\/arselectionis\/?page_id=1517","title":{"rendered":"Comentari"},"content":{"rendered":"<p style=\"font-size: 130%\"><strong>a l&#8217;article<\/strong><\/p>\n<h3><i>Transitorietat i llei electoral<\/i><\/h3>\n<p style=\"font-size: 130%\">per Pere Pug\u00e8s,\u00a0\u00a0 <strong><a href=\"http:\/\/www.ara.cat\/opinio\/Transitorietat-llei-electoral_0_1682831704.html\" target=\"_blank\" rel=\"noopener\">ara.cat<\/a><\/strong>,\u00a0\u00a0 7 nov 2016<\/p>\n<hr \/>\n<p>Aquest article fa propostes per a una futura llei electoral catalana. En particular, busca especialment la proximitat entre electors i elegits. En principi, aix\u00f2 demanaria circumscripcions uninominals, \u00e9s a dir, on s\u2019eleg\u00eds un sol diputat, la qual cosa \u00e9s contr\u00e0ria a la proporcionalitat de la representaci\u00f3 (vegi\u2019s la nostra entrada <a href=\"https:\/\/mat.uab.cat\/web\/arselectionis\/?p=780\" target=\"_blank\" rel=\"noopener\">Circumscripcions uninominals? No, gr\u00e0cies!<\/a>). L\u2019autor de l\u2019article n\u2019\u00e9s conscient, la qual cosa el porta a introduir dos elements. D\u2019una banda, proposa d\u2019utilitzar un sistema mixt (com a Alemanya), amb una fracci\u00f3 dels diputats (nom\u00e9s un 20%) elegits en circumscripci\u00f3 \u00fanica. D\u2019altra banda, proposa que els escons restants siguin assignats mitjan\u00e7ant circumscripcions en qu\u00e8 s\u2019escullin \u201cdos o potser tres diputats\u201d. En la nostra opini\u00f3, aix\u00f2 encara deixa molt que desitjar des del punt de vista de la proporcionalitat, tal com es veu de seguida si es pensa en quatre o cinc partits. Les desviacions tal vegada es podrien corregir mitjan\u00e7ant un procediment similar al que s\u2019ha adoptat recentment (2013) a Alemanya amb aquesta finalitat (<a href=\"#ref1\">Pukelsheim 2014<\/a>, cap\u00edtol 13). Per\u00f2 si els diputats elegits en circumscripci\u00f3 \u00fanica s\u00f3n nom\u00e9s el 20% &#8212;en lloc del 50% com a Alemanya&#8212; aquesta correcci\u00f3 podria implicar variacions molt grans, dif\u00edcilment acceptables, en la mida de la cambra. Una altra possibilitat a tenir en compte per a tractar l\u2019aspecte territorial \u00e9s el sistema biproporcional que han adoptat recentment (2006&#8211;2015) diversos cantons su\u00efssos (<a href=\"#ref1\">Pukelsheim 2014<\/a>, cap\u00edtol 14).<\/p>\n<p>D\u2019altra banda, tant el sistema mixt com el biproporcional requereixen una classificaci\u00f3 dels candidats en termes de partits, la qual cosa mant\u00e9 el protagonisme d\u2019aquests \u00faltims. Aix\u00f2 no \u00e9s adient per a un altre objectiu que est\u00e0 present en l\u2019article, a saber, que la cambra de representants no estigui dominada per la disciplina de vot dels partits. Efectivament, aquesta disciplina de vot tamb\u00e9 \u00e9s una font de desproporci\u00f3 (vegi\u2019s <a href=\"https:\/\/mat.uab.cat\/web\/arselectionis\/?p=1448\" target=\"_blank\" rel=\"noopener\">Partits uniformitzats? No, gr\u00e0cies!<\/a> i <a href=\"https:\/\/mat.uab.cat\/web\/arselectionis\/?p=389\" target=\"_blank\" rel=\"noopener\">Divisions internes<\/a>). En aquest sentit, l\u2019article que estem comentant pret\u00e9n aconseguir que la proximitat entre electors i elegits sigui m\u00e9s forta que la disciplina de vot dels partits. La possibilitat d\u2019aconseguir realment aix\u00f2 \u00e9s bastant discutible. Per cert, per alliberar la cambra de la disciplina de vot dels partits bastaria adoptar com a norma que les votacions de la cambra fossin secretes (proposta que certament no t\u00e9 cap futur amb l\u2019actual disciplina de vot dels partits). A tot aix\u00f2, tamb\u00e9 seria bo donar m\u00e9s protagonisme a la ciutadania mitjan\u00e7ant procediments de democr\u00e0cia directa (vegi\u2019s <a href=\"https:\/\/mat.uab.cat\/web\/arselectionis\/?p=115\">Democr\u00e0cia a l\u2019helv\u00e8tica<\/a>).<\/p>\n<p>Un altre element destacat de l\u2019article que estem comentant \u00e9s la proposta d\u2019utilitzar llistes obertes. Sobre aix\u00f2, cal tenir clar que si s\u2019ha d\u2019elegir m\u00e9s d\u2019un diputat llavors la selecci\u00f3 dels m\u00e9s votats \u00e9s totalment contr\u00e0ria al principi de representaci\u00f3 proporcional, i que per satisfer aquest principi calen procediments m\u00e9s complicats (vegin-se les entrades <a href=\"https:\/\/mat.uab.cat\/web\/arselectionis\/?p=111\">Llistes obertes<\/a>, <a href=\"https:\/\/mat.uab.cat\/web\/arselectionis\/?p=762\">Llistes obertes? No de qualsevol manera!<\/a> i <a href=\"https:\/\/mat.uab.cat\/web\/arselectionis\/?p=1113\/\">Representaci\u00f3 proporcional sense partits?<\/a>).<\/p>\n<hr \/>\n<h4 id=\"ref1\">Refer\u00e8ncia bibliogr\u00e0fica<\/h4>\n<p><a href=\"http:\/\/www.springer.com\/us\/book\/9783319038551\">Friedrich Pukelsheim, <i>Proportional Representation<\/i>, Springer Verlag, 2014<\/a> (2a edici\u00f3 en preparaci\u00f3).<\/p>\n<hr \/>\n","protected":false},"excerpt":{"rendered":"<p>a l&#8217;article Transitorietat i llei electoral per Pere Pug\u00e8s,\u00a0\u00a0 ara.cat,\u00a0\u00a0 7 nov 2016 Aquest article fa propostes per a una futura llei electoral catalana. En particular, busca especialment la proximitat entre electors i elegits. En principi, aix\u00f2 demanaria circumscripcions uninominals, \u00e9s a dir, on s\u2019eleg\u00eds un sol diputat, la qual cosa \u00e9s contr\u00e0ria a la proporcionalitat de la representaci\u00f3 (vegi\u2019s la nostra entrada Circumscripcions uninominals? No, gr\u00e0cies!). L\u2019autor de l\u2019article n\u2019\u00e9s conscient, la.. <a class=\"read-more-link\" href=\"https:\/\/mat.uab.cat\/web\/arselectionis\/?page_id=1517\">Llegir m\u00e9s<\/a><\/p>\n","protected":false},"author":42,"featured_media":0,"parent":0,"menu_order":0,"comment_status":"closed","ping_status":"closed","template":"","meta":{"footnotes":""},"class_list":["post-1517","page","type-page","status-publish","hentry"],"_links":{"self":[{"href":"https:\/\/mat.uab.cat\/web\/arselectionis\/index.php?rest_route=\/wp\/v2\/pages\/1517","targetHints":{"allow":["GET"]}}],"collection":[{"href":"https:\/\/mat.uab.cat\/web\/arselectionis\/index.php?rest_route=\/wp\/v2\/pages"}],"about":[{"href":"https:\/\/mat.uab.cat\/web\/arselectionis\/index.php?rest_route=\/wp\/v2\/types\/page"}],"author":[{"embeddable":true,"href":"https:\/\/mat.uab.cat\/web\/arselectionis\/index.php?rest_route=\/wp\/v2\/users\/42"}],"replies":[{"embeddable":true,"href":"https:\/\/mat.uab.cat\/web\/arselectionis\/index.php?rest_route=%2Fwp%2Fv2%2Fcomments&post=1517"}],"version-history":[{"count":1,"href":"https:\/\/mat.uab.cat\/web\/arselectionis\/index.php?rest_route=\/wp\/v2\/pages\/1517\/revisions"}],"predecessor-version":[{"id":3130,"href":"https:\/\/mat.uab.cat\/web\/arselectionis\/index.php?rest_route=\/wp\/v2\/pages\/1517\/revisions\/3130"}],"wp:attachment":[{"href":"https:\/\/mat.uab.cat\/web\/arselectionis\/index.php?rest_route=%2Fwp%2Fv2%2Fmedia&parent=1517"}],"curies":[{"name":"wp","href":"https:\/\/api.w.org\/{rel}","templated":true}]}}