{"id":1837,"date":"2015-09-23T10:01:33","date_gmt":"2015-09-23T10:01:33","guid":{"rendered":"http:\/\/blogs.uab.cat\/arselectionis\/?page_id=2"},"modified":"2025-12-06T20:40:32","modified_gmt":"2025-12-06T18:40:32","slug":"presentacio","status":"publish","type":"page","link":"https:\/\/mat.uab.cat\/web\/arselectionis\/","title":{"rendered":"Presentaci\u00f3"},"content":{"rendered":"<ul>\n<li>Per qu\u00e8 s\u00f3n problem\u00e0tiques les votacions amb m\u00e9s de dues opcions?<\/li>\n<li>Per qu\u00e8 no n&#8217;hi ha prou amb demanar a cada votant la seva opci\u00f3 m\u00e9s preferida?<\/li>\n<li>Sabies que Ramon Llull ja es va ocupar d&#8217;aquest problema en el segle XIII, i que el seu punt de vista \u00e9s encara de molta actualitat?<\/li>\n<li>Com es pot fer per arribar a una decisi\u00f3 col\u00b7lectiva encertada?<\/li>\n<\/ul>\n<ul>\n<li>Quina \u00e9s la l\u00f2gica de la regla de D&#8217;Hondt?<\/li>\n<li>\u00c9s tan dolenta com diuen?<\/li>\n<li>Quines alternatives hi ha?<\/li>\n<li>Com es pot fer per complir a la vegada amb la proporcionalitat entre vots i escons dels diferents partits i amb una distribuci\u00f3 territorial prefixada dels escons?<\/li>\n<li>Quins algorismes hi ha per elegir un conjunt de representants mitjan\u00e7ant llistes obertes? Per qu\u00e8 no \u00e9s encertat elegir simplement els m\u00e9s votats?<\/li>\n<\/ul>\n<ul>\n<li>Quins aven\u00e7os s&#8217;han fet en aquests temes?<\/li>\n<\/ul>\n<p>Aquesta web pret\u00e9n donar respostes entenedores i raonades a aquestes i altres q\u00fcestions sobre els m\u00e8todes de votaci\u00f3 i elecci\u00f3. La seva principal finalitat \u00e9s conscienciar el lector que (1)\u00a0alguns procediments bastant comuns poden donar resultats molt desencertats; i que (2)\u00a0hi ha altres procediments que permeten fer-ho millor.<\/p>\n<p>Els continguts d\u2019aquesta web es refereixen a dos problemes diferents. D\u2019una banda, tenim el problema de <strong>decidir<\/strong> col\u00b7lectivament entre diverses opcions, com \u00e9s el cas d\u2019un refer\u00e8ndum o de les decisions d\u2019una junta. D\u2019altra banda, tenim el problema de <strong>representar<\/strong>, \u00e9s a dir, de formar un \u00f2rgan representatiu, com ara un parlament o un claustre universitari. La difer\u00e8ncia entre ambd\u00f3s problemes \u00e9s que en el segon cas no es tracta d\u2019elegir els candidats m\u00e9s destacats, sin\u00f3 els que millor representin a tot l\u2019electorat.<\/p>\n<p>La major part dels continguts d\u2019aquesta web no utilitzen m\u00e9s que eines molt elementals. A banda de les quatre operacions b\u00e0siques de l\u2019aritm\u00e8tica, \u00e9s essencial, aix\u00f2 s\u00ed, l\u2019esperit cr\u00edtic i el raonament l\u00f2gic. No es tracta de creure\u2019s les coses perqu\u00e8 s\u00ed, sin\u00f3 d\u2019argumentar-les amb rigor i honestedat. Ocasionalment podr\u00edem entrar en aspectes m\u00e9s t\u00e8cnics, en el qual cas ja avisarem al respecte. \u2740<\/p>\n<p>Rosa Camps i Xavier Mora<br \/>\nDepartament de Matem\u00e0tiques, Universitat Aut\u00f2noma de Barcelona<\/p>\n<hr \/>\n","protected":false},"excerpt":{"rendered":"<p>Per qu\u00e8 s\u00f3n problem\u00e0tiques les votacions amb m\u00e9s de dues opcions? Per qu\u00e8 no n&#8217;hi ha prou amb demanar a cada votant la seva opci\u00f3 m\u00e9s preferida? Sabies que Ramon Llull ja es va ocupar d&#8217;aquest problema en el segle XIII, i que el seu punt de vista \u00e9s encara de molta actualitat? Com es pot fer per arribar a una decisi\u00f3 col\u00b7lectiva encertada? Quina \u00e9s la l\u00f2gica de la regla de D&#8217;Hondt?.. <a class=\"read-more-link\" href=\"https:\/\/mat.uab.cat\/web\/arselectionis\/\">Llegir m\u00e9s<\/a><\/p>\n","protected":false},"author":42,"featured_media":0,"parent":0,"menu_order":0,"comment_status":"open","ping_status":"open","template":"","meta":{"footnotes":""},"class_list":["post-1837","page","type-page","status-publish","hentry"],"_links":{"self":[{"href":"https:\/\/mat.uab.cat\/web\/arselectionis\/index.php?rest_route=\/wp\/v2\/pages\/1837","targetHints":{"allow":["GET"]}}],"collection":[{"href":"https:\/\/mat.uab.cat\/web\/arselectionis\/index.php?rest_route=\/wp\/v2\/pages"}],"about":[{"href":"https:\/\/mat.uab.cat\/web\/arselectionis\/index.php?rest_route=\/wp\/v2\/types\/page"}],"author":[{"embeddable":true,"href":"https:\/\/mat.uab.cat\/web\/arselectionis\/index.php?rest_route=\/wp\/v2\/users\/42"}],"replies":[{"embeddable":true,"href":"https:\/\/mat.uab.cat\/web\/arselectionis\/index.php?rest_route=%2Fwp%2Fv2%2Fcomments&post=1837"}],"version-history":[{"count":1,"href":"https:\/\/mat.uab.cat\/web\/arselectionis\/index.php?rest_route=\/wp\/v2\/pages\/1837\/revisions"}],"predecessor-version":[{"id":3330,"href":"https:\/\/mat.uab.cat\/web\/arselectionis\/index.php?rest_route=\/wp\/v2\/pages\/1837\/revisions\/3330"}],"wp:attachment":[{"href":"https:\/\/mat.uab.cat\/web\/arselectionis\/index.php?rest_route=%2Fwp%2Fv2%2Fmedia&parent=1837"}],"curies":[{"name":"wp","href":"https:\/\/api.w.org\/{rel}","templated":true}]}}