{"id":2076,"date":"2018-11-22T12:04:03","date_gmt":"2018-11-22T12:04:03","guid":{"rendered":"http:\/\/blogs.uab.cat\/arselectionis\/?page_id=2076"},"modified":"2018-11-22T12:04:03","modified_gmt":"2018-11-22T12:04:03","slug":"un-detall-del-sistema-mixt-compensatori","status":"publish","type":"page","link":"https:\/\/mat.uab.cat\/web\/arselectionis\/?page_id=2076","title":{"rendered":"Un detall del sistema mixt compensatori"},"content":{"rendered":"<p>&nbsp;<\/p>\n<p>A continuaci\u00f3 donem un exemple senzill (totalment hipot\u00e8tic) d&#8217;un aspecte de la reforma alemanya del 2013.  <\/p>\n<p>Suposem aquest cas: 151 escons, 50 escons de districte, 5 partits A B C D E, que obtenen respectivament 40 3 3 2 2 escons de districte i 250 200 200 200 150 vots de llista.<\/p>\n<p>Amb aquests vots, tant D\u2019Hondt com Sainte-Lagu\u00eb (com restes majors) donen resp 38 30 30 30 23 escons.<\/p>\n<p>Segons el <strong>sistema alemany pre-2013<\/strong>, basta augmentar la cambra a 153 escons, per acomodar els 2 escons directes excessius del partit A.<\/p>\n<p>Tanmateix, aix\u00f2 \u00e9s contrari a la proporcionalitat, perqu\u00e8 el partit A ha rebut 2 escons m\u00e9s del que li correspon segons el nombre de vots (de fet, aquest partit ha \u201cpagat\u201d 250\/40 = 6,25 vots per esc\u00f3, mentre que els altres han pagat respectivament 200\/30 = 6,67 (BCD) i 150\/23= 6,52 (E) vots per esc\u00f3).<\/p>\n<p>Davant d\u2019aix\u00f2, el <strong>sistema alemany actual<\/strong> augmenta la mida de la cambra fins el primer valor que faci que la regla de proporcionalitat en q\u00fcesti\u00f3 doni 40 escons al partit A. Com \u00e9s de just\u00edcia, \u00e9s molt possible que altres partits tamb\u00e9 obtinguin m\u00e9s escons. En aquest cas concret, resulta que perqu\u00e8 el partit A rebi 40 escons, cal augmentar la mida de la cambra fins a 160 escons, \u00e9s a dir 9 m\u00e9s del que estava previst, i el repartiment resultant \u00e9s de 40 32 32 32 24 escons (amb una proporcionalitat en aquest cas exacta, de 6,25 vots per esc\u00f3 en tots els partits).<\/p>\n<p>Nom\u00e9s aix\u00ed es compleix amb l&#8217;objectiu que el repartiment global entre partits sigui el que toca segons una sola circumscripci\u00f3 (i la regla de proporcionalitat en q\u00fcesti\u00f3). \u2740<\/p>\n<hr \/>\n","protected":false},"excerpt":{"rendered":"<p>&nbsp; A continuaci\u00f3 donem un exemple senzill (totalment hipot\u00e8tic) d&#8217;un aspecte de la reforma alemanya del 2013. Suposem aquest cas: 151 escons, 50 escons de districte, 5 partits A B C D E, que obtenen respectivament 40 3 3 2 2 escons de districte i 250 200 200 200 150 vots de llista. Amb aquests vots, tant D\u2019Hondt com Sainte-Lagu\u00eb (com restes majors) donen resp 38 30 30 30 23 escons. Segons el.. <a class=\"read-more-link\" href=\"https:\/\/mat.uab.cat\/web\/arselectionis\/?page_id=2076\">Llegir m\u00e9s<\/a><\/p>\n","protected":false},"author":42,"featured_media":0,"parent":0,"menu_order":0,"comment_status":"closed","ping_status":"closed","template":"","meta":{"footnotes":""},"class_list":["post-2076","page","type-page","status-publish","hentry"],"_links":{"self":[{"href":"https:\/\/mat.uab.cat\/web\/arselectionis\/index.php?rest_route=\/wp\/v2\/pages\/2076","targetHints":{"allow":["GET"]}}],"collection":[{"href":"https:\/\/mat.uab.cat\/web\/arselectionis\/index.php?rest_route=\/wp\/v2\/pages"}],"about":[{"href":"https:\/\/mat.uab.cat\/web\/arselectionis\/index.php?rest_route=\/wp\/v2\/types\/page"}],"author":[{"embeddable":true,"href":"https:\/\/mat.uab.cat\/web\/arselectionis\/index.php?rest_route=\/wp\/v2\/users\/42"}],"replies":[{"embeddable":true,"href":"https:\/\/mat.uab.cat\/web\/arselectionis\/index.php?rest_route=%2Fwp%2Fv2%2Fcomments&post=2076"}],"version-history":[{"count":0,"href":"https:\/\/mat.uab.cat\/web\/arselectionis\/index.php?rest_route=\/wp\/v2\/pages\/2076\/revisions"}],"wp:attachment":[{"href":"https:\/\/mat.uab.cat\/web\/arselectionis\/index.php?rest_route=%2Fwp%2Fv2%2Fmedia&parent=2076"}],"curies":[{"name":"wp","href":"https:\/\/api.w.org\/{rel}","templated":true}]}}