{"id":65,"date":"2015-10-04T21:40:26","date_gmt":"2015-10-04T19:40:26","guid":{"rendered":"http:\/\/blogs.uab.cat\/arselectionis\/?page_id=65"},"modified":"2022-06-28T09:16:47","modified_gmt":"2022-06-28T07:16:47","slug":"decidir","status":"publish","type":"page","link":"https:\/\/mat.uab.cat\/web\/arselectionis\/?page_id=65","title":{"rendered":"Decidir"},"content":{"rendered":"<p>Les activitats socials sovint plantegen la necessitat de <em>decidir<\/em> col\u00b7lectivament entre diverses <em>opcions<\/em>. Un exemple t\u00edpic \u00e9s un refer\u00e8ndum. Un altre \u00e9s l&#8217;elecci\u00f3 d&#8217;una persona \u2014nom\u00e9s una\u2014 per a representar tot el col\u00b7lectiu. El col\u00b7lectiu que pren la decisi\u00f3 pot ser tota la ciutadania d&#8217;un pa\u00eds, una cambra de representants, el claustre d&#8217;una universitat, un \u00f2rgan col\u00b7legiat, un jurat, etc\u00e8tera.<\/p>\n<p>Per arribar a aquestes decisions col\u00b7lectives cal un procediment que combini adequadament les <em>prefer\u00e8ncies individuals<\/em>. Quan&nbsp;nom\u00e9s hi ha dues opcions, aleshores el problema \u00e9s trivial. Per\u00f2 quan les opcions s\u00f3n m\u00e9s de dues, aleshores \u00e9s m\u00e9s delicat del que sembla a primera vista: Si no hi ha cap opci\u00f3 que compti amb el suport d&#8217;una majoria absoluta \u2014la qual cosa \u00e9s perfectament possible amb m\u00e9s de dues opcions\u2014 aleshores qualsevol opci\u00f3 \u2014incl\u00fas la m\u00e9s votada\u2014 pot tenir una majoria absoluta en contra!<\/p>\n<p>El problema que acabem d&#8217;assenyalar apareix quan cada individu es limita a indicar la seva opci\u00f3 m\u00e9s preferida, la qual cosa s&#8217;anomena <em>vot uninominal<\/em>. De manera natural, tot plegat porta a treballar amb expressions m\u00e9s detallades de les prefer\u00e8ncies individuals. Una possibilitat \u00e9s el <em>vot preferencial<\/em>, que permet indicar un ordre de prefer\u00e8ncia. Una altra possibilitat \u00e9s el <em>vot d&#8217;aprovaci\u00f3<\/em>, on es poden aprovar m\u00faltiples opcions i desaprovar-ne d&#8217;altres. Tamb\u00e9 es poden expressar a la vegada unes aprovacions i un ordre de prefer\u00e8ncia. D&#8217;altra banda, tamb\u00e9 es pot considerar la possibilitat de distingir diversos graus d&#8217;aprovaci\u00f3.<\/p>\n<p>Pel que fa al resultat col\u00b7lectiu, de vegades pot interessar alguna cosa m\u00e9s que escollir una sola opci\u00f3. Un ordre de prefer\u00e8ncia col\u00b7lectiu, per exemple, pot tenir una utilitat pr\u00e0ctica per establir uns suplents quan s&#8217;est\u00e0 prove\u00efnt un c\u00e0rrec. D&#8217;altra banda, tamb\u00e9 pot tenir un sentit m\u00e9s conceptual, com en el cas d&#8217;un concurs art\u00edstic. Similarment, tamb\u00e9 t\u00e9 sentit el concepte d&#8217;aprovaci\u00f3 o desaprovaci\u00f3 col\u00b7lectiva, aix\u00ed com una valoraci\u00f3 quantitativa del grau d&#8217;acceptaci\u00f3 col\u00b7lectiva de cada opci\u00f3.<\/p>\n<hr>\n","protected":false},"excerpt":{"rendered":"<p>Les activitats socials sovint plantegen la necessitat de decidir col\u00b7lectivament entre diverses opcions. Un exemple t\u00edpic \u00e9s un refer\u00e8ndum. Un altre \u00e9s l&#8217;elecci\u00f3 d&#8217;una persona \u2014nom\u00e9s una\u2014 per a representar tot el col\u00b7lectiu. El col\u00b7lectiu que pren la decisi\u00f3 pot ser tota la ciutadania d&#8217;un pa\u00eds, una cambra de representants, el claustre d&#8217;una universitat, un \u00f2rgan col\u00b7legiat, un jurat, etc\u00e8tera. Per arribar a aquestes decisions col\u00b7lectives cal un procediment que combini adequadament les.. <a class=\"read-more-link\" href=\"https:\/\/mat.uab.cat\/web\/arselectionis\/?page_id=65\">Llegir m\u00e9s<\/a><\/p>\n","protected":false},"author":42,"featured_media":0,"parent":0,"menu_order":0,"comment_status":"open","ping_status":"closed","template":"","meta":{"footnotes":""},"class_list":["post-65","page","type-page","status-publish","hentry"],"_links":{"self":[{"href":"https:\/\/mat.uab.cat\/web\/arselectionis\/index.php?rest_route=\/wp\/v2\/pages\/65","targetHints":{"allow":["GET"]}}],"collection":[{"href":"https:\/\/mat.uab.cat\/web\/arselectionis\/index.php?rest_route=\/wp\/v2\/pages"}],"about":[{"href":"https:\/\/mat.uab.cat\/web\/arselectionis\/index.php?rest_route=\/wp\/v2\/types\/page"}],"author":[{"embeddable":true,"href":"https:\/\/mat.uab.cat\/web\/arselectionis\/index.php?rest_route=\/wp\/v2\/users\/42"}],"replies":[{"embeddable":true,"href":"https:\/\/mat.uab.cat\/web\/arselectionis\/index.php?rest_route=%2Fwp%2Fv2%2Fcomments&post=65"}],"version-history":[{"count":3,"href":"https:\/\/mat.uab.cat\/web\/arselectionis\/index.php?rest_route=\/wp\/v2\/pages\/65\/revisions"}],"predecessor-version":[{"id":2825,"href":"https:\/\/mat.uab.cat\/web\/arselectionis\/index.php?rest_route=\/wp\/v2\/pages\/65\/revisions\/2825"}],"wp:attachment":[{"href":"https:\/\/mat.uab.cat\/web\/arselectionis\/index.php?rest_route=%2Fwp%2Fv2%2Fmedia&parent=65"}],"curies":[{"name":"wp","href":"https:\/\/api.w.org\/{rel}","templated":true}]}}