{"id":14,"date":"2013-12-16T11:45:14","date_gmt":"2013-12-16T11:45:14","guid":{"rendered":"http:\/\/mat.uab.cat\/earco\/?page_id=14"},"modified":"2019-04-03T18:49:04","modified_gmt":"2019-04-03T18:49:04","slug":"comites","status":"publish","type":"page","link":"https:\/\/mat.uab.cat\/web\/bac19\/comites\/","title":{"rendered":"COMMITTEES"},"content":{"rendered":"<p>SCIENTIFIC\u00a0COMMITTE<\/p>\n<ul>\n<li style=\"list-style-type: none\">\n<ul>\n<li class=\"p1\"><span class=\"s1\">Aline Bonami (Universit\u00e9 d&#8217;Orl\u00e9ans)<\/span><\/li>\n<li class=\"p1\"><span class=\"s1\">Juan J. Manfredi (University of Pittsburgh)<\/span><\/li>\n<li class=\"p1\">Joaquim Ortega-Cerd\u00e0 (president, Universitat de Barcelona)<\/li>\n<li class=\"p1\">Eero Saksman (University of Helsinki)<\/li>\n<li class=\"p1\"><span class=\"s1\">Tatiana Toro (University of Washington)<\/span><\/li>\n<li class=\"p1\"><span class=\"s1\">Luis Vega (BCAM)<\/span><\/li>\n<\/ul>\n<\/li>\n<\/ul>\n<p>PROGRAM COMMITTEE<\/p>\n<ul>\n<li style=\"list-style-type: none\">\n<ul>\n<li class=\"p1\">Maria Jes\u00fas Carro (Universitat de Barcelona)<\/li>\n<li class=\"p1\">Carme Cascante (Universitat de Barcelona)<\/li>\n<li class=\"p1\">Jos\u00e9 G. Llorente (Universitat Aut\u00f2noma de Barcelona)<\/li>\n<li class=\"p1\">Joan Mateu (Universitat Aut\u00f2noma de Barcelona)<\/li>\n<li class=\"p1\">Artur Nicolau (Universitat Aut\u00f2noma de Barcelona)<\/li>\n<li class=\"p1\">Joaquim Ortega-Cerd\u00e0 (president, Universitat de Barcelona)<\/li>\n<li class=\"p1\">Xavier Tolsa (ICREA &#8211; Universitat Aut\u00f2noma de Barcelona)<\/li>\n<li class=\"p1\">Joan Verdera (Universitat Aut\u00f2noma de Barcelona)<\/li>\n<\/ul>\n<\/li>\n<\/ul>\n<p>ORGANIZING COMMITTEE<\/p>\n<ul>\n<li>Santi Boza (Universitat Polit\u00e8cnica de Catalunya)<\/li>\n<li>Carme Cascante (president, Universitat de Barcelona)<\/li>\n<li>Albert Clop\u00a0(Universitat Aut\u00f2noma de Barcelona)<\/li>\n<li>Juli\u00e0 Cuf\u00ed\u00a0(Universitat Aut\u00f2noma de Barcelona)<\/li>\n<li>Jordi Marzo (Universitat de Barcelona)<\/li>\n<li>Albert Mas (Universitat Polit\u00e8cnica de Catalunya)<\/li>\n<li>Xavier Massaneda (Universitat de Barcelona)<\/li>\n<li>Joan Mateu\u00a0(Universitat Aut\u00f2noma de Barcelona)<\/li>\n<li>Joan Orobitg\u00a0(Universitat Aut\u00f2noma de Barcelona)<\/li>\n<li>Laura Prat\u00a0(Universitat Aut\u00f2noma de Barcelona)<\/li>\n<\/ul>\n<p><!--:--><\/p>\n","protected":false},"excerpt":{"rendered":"<p>SCIENTIFIC\u00a0COMMITTE Aline Bonami (Universit\u00e9 d&#8217;Orl\u00e9ans) Juan J. Manfredi (University of Pittsburgh) Joaquim Ortega-Cerd\u00e0 (president, Universitat de Barcelona) Eero Saksman (University of Helsinki) Tatiana Toro (University of Washington) Luis Vega (BCAM) PROGRAM COMMITTEE Maria Jes\u00fas Carro (Universitat de Barcelona) Carme Cascante (Universitat de Barcelona) Jos\u00e9 G. Llorente (Universitat Aut\u00f2noma de Barcelona) Joan Mateu (Universitat Aut\u00f2noma de &hellip; <a href=\"https:\/\/mat.uab.cat\/web\/bac19\/comites\/\" class=\"more-link\">Continue reading <span class=\"screen-reader-text\">COMMITTEES<\/span> <span class=\"meta-nav\">&rarr;<\/span><\/a><\/p>\n","protected":false},"author":15,"featured_media":0,"parent":0,"menu_order":0,"comment_status":"closed","ping_status":"closed","template":"","meta":{"footnotes":""},"class_list":["post-14","page","type-page","status-publish","hentry"],"_links":{"self":[{"href":"https:\/\/mat.uab.cat\/web\/bac19\/wp-json\/wp\/v2\/pages\/14","targetHints":{"allow":["GET"]}}],"collection":[{"href":"https:\/\/mat.uab.cat\/web\/bac19\/wp-json\/wp\/v2\/pages"}],"about":[{"href":"https:\/\/mat.uab.cat\/web\/bac19\/wp-json\/wp\/v2\/types\/page"}],"author":[{"embeddable":true,"href":"https:\/\/mat.uab.cat\/web\/bac19\/wp-json\/wp\/v2\/users\/15"}],"replies":[{"embeddable":true,"href":"https:\/\/mat.uab.cat\/web\/bac19\/wp-json\/wp\/v2\/comments?post=14"}],"version-history":[{"count":7,"href":"https:\/\/mat.uab.cat\/web\/bac19\/wp-json\/wp\/v2\/pages\/14\/revisions"}],"predecessor-version":[{"id":796,"href":"https:\/\/mat.uab.cat\/web\/bac19\/wp-json\/wp\/v2\/pages\/14\/revisions\/796"}],"wp:attachment":[{"href":"https:\/\/mat.uab.cat\/web\/bac19\/wp-json\/wp\/v2\/media?parent=14"}],"curies":[{"name":"wp","href":"https:\/\/api.w.org\/{rel}","templated":true}]}}