{"id":8,"date":"2021-05-10T09:41:42","date_gmt":"2021-05-10T09:41:42","guid":{"rendered":"https:\/\/mat.uab.cat\/web\/cuadrado\/?page_id=8"},"modified":"2024-10-09T09:24:05","modified_gmt":"2024-10-09T09:24:05","slug":"publicacions","status":"publish","type":"page","link":"https:\/\/mat.uab.cat\/web\/cuadrado\/publicacions\/","title":{"rendered":"Publications"},"content":{"rendered":"\n<p><\/p>\n\n\n\n<p><\/p>\n\n\n\n<p><\/p>\n\n\n\n<p><\/p>\n\n\n\n<p><\/p>\n\n\n\n<p><\/p>\n\n\n\n<p><\/p>\n\n\n\n<p><\/p>\n\n\n\n<p><\/p>\n\n\n\n<p><\/p>\n\n\n\n<p><\/p>\n\n\n\n<p>Barril, C., Bliman, P.A., Cuadrado, S. <em>Final size for epidemic models with asymptomatic transmission.<\/em>  Bulletin of Mathematical Biology, 85 (2023) no 6, paper no 52, 28pp.<\/p>\n\n\n\n<p>Calsina, \u00c0., Cuadrado, S., Vidiella, B., Sardany\u00e9s, J. <em>About ghost transients in spatial continuous media<\/em>. Chaos Solitons Fractals 166 (2023), Paper no 112915, 13pp.<\/p>\n\n\n\n<p>Busse, J.E., Cuadrado, S. Marciniak-Czochra, A. <em>Local asymptotic stability of a system of integro-differential equations describing clonal evolution of a self-renewing cell population under mutation.<\/em> Journal of Mathematical Biology, 84 (2022), no 1-2, 10.<\/p>\n\n\n\n<p><em><mark style=\"color:#0e0f0f\" class=\"has-inline-color\"><\/mark><\/em><\/p>\n\n\n\n<p><\/p>\n\n\n\n<p><em> <\/em><\/p>\n\n\n\n<p>Barril, C. ,Calsina, \u00c0., Cuadrado, S., Ripoll J. <span style=\"color:#030709\" class=\"has-inline-color\">R<em>eproduction number for an age of infection structured model.<\/em><\/span> Mathematical Modelling of Natural Phenomena, 16 (2021), Paper no 42, 13pp.<\/p>\n\n\n\n<p>Barril, C. ,Calsina, \u00c0., Cuadrado, S., Ripoll J. <em><span style=\"color:#080809\" class=\"has-inline-color\">On the basic reproduction number in continuously structured populations.<\/span><\/em> Mathematical Methods in the Applied Sciences. 44 (2021), no 1, 799-812.<\/p>\n\n\n\n<p>Bardina, X., Cuadrado, S., Rovira, C. <em>C<\/em><span style=\"color:#080808\" class=\"has-inline-color\"><em>oinfection in a stochastic model for bacteriophage systems<\/em>. <\/span>Discrete and Continuous Dynamical Systems Ser. B, 24 (2019),  no. 12, 6607\u20136620.<\/p>\n\n\n\n<p>Barril, C., Cuadrado, S., Ripoll, J. <em><span style=\"color:#090909\" class=\"has-inline-color\">Mathematical models in population dynamics.<\/span><\/em> (Catalan) Butllet\u00ed de la  Societat Catalana de Matem\u00e0tiques 33 (2018), no. 2, 87\u2013109.<\/p>\n\n\n\n<p>Calsina, \u00c0., Cuadrado, S., Desvillettes, L., Raoul, G. <em><span style=\"color:#050505\" class=\"has-inline-color\">Asymptotic profile in selection-mutation equations: Gauss Versus Cauchy distributions.<\/span><\/em> Journal of Mathematical Analysis and Applications, 444 (2016), no. 2, 1515\u20131541.<\/p>\n\n\n\n<p>Borges, R., Calsina \u00c0, Cuadrado, S., Diekmann, O. <em><span style=\"color:#060606\" class=\"has-inline-color\">Delay equation formulation of a cyclin structured cell population model<\/span><\/em>. Journal of Evolution Equations 14 (2014) no 4-5, 841-862.<\/p>\n\n\n\n<p>Calsina, \u00c0., Cuadrado, S., Desvillettes, L., Raoul, G. <span style=\"color:#060606\" class=\"has-inline-color\"><em>Asymptotics of steady states of a selection mutation equation for small mutation rate<\/em>. <\/span>Proceedings of the Royal Society of Edinburgh. Volume 143, issue 6 (2013), 1123\u20131146.<\/p>\n\n\n\n<p>Ca\u00f1izo, J.A., Carrillo, J.A., Cuadrado, S. <em><span style=\"color:#040404\" class=\"has-inline-color\">Measure solutions for some models in population dynamics<\/span><\/em>. Acta Applicandae Mathematicae: Volume 123, Issue 1 (2013), 141\u2013156.<\/p>\n\n\n\n<p>Borges, R., Calsina, \u00c0., Cuadrado, S. <span style=\"color:#090a0a\" class=\"has-inline-color\"><em>Oscillations in a mollecular structured cell population model. <\/em><\/span>Nonlinear Analysis, Real World and Applications (2011), 12, no 4, 1911-1922.<\/p>\n\n\n\n<p>Cuadrado, S. <em><span style=\"color:#090909\" class=\"has-inline-color\">Stability of equilibria of a predator prey model of phenotype evolution.<\/span><\/em> Mathematical Biosciences and Engineering (2009) 6, no 4, 701\u2013718.<\/p>\n\n\n\n<p>Borges, R., Calsina, \u00c0., Cuadrado, S. <em><span style=\"color:#040404\" class=\"has-inline-color\">Equilibria of a cyclin structured cell population model.<\/span><\/em> Discrete and Continuous Dynamical Systems, Series B (2009) 11, no 3, 613\u2013627.<\/p>\n\n\n\n<p>Cuadrado, S. <em><span style=\"color:#070707\" class=\"has-inline-color\">Equilibria of a predator prey model of phenotype evolution.<\/span><\/em> Journal of Mathematical Analysis and Applications (2009) 354, no 1, 286\u2013294.<\/p>\n\n\n\n<p>Carrillo, J.A., Cuadrado, S., Perthame, B. <em><span style=\"color:#050505\" class=\"has-inline-color\">Adaptive dynamics via Hamilton-Jacobi approach and entropy methods for a juvenile adult model.<\/span><\/em> Mathematical Biosciences (2007) 205, 137\u2013161.<\/p>\n\n\n\n<p>Calsina, \u00c0., Cuadrado, S.  <em><span style=\"color:#0d0d0d\" class=\"has-inline-color\">Asymptotic stability of equilibria of selection mutation equations<\/span>.<\/em> Journal of Mathematical Biology (2007), 54, no 4, 489\u2013511.<\/p>\n\n\n\n<p>Calsina, \u00c0., Cuadrado, S. <span style=\"color:#0a0a0a\" class=\"has-inline-color\"><em>Din\u00e1mica de poblaciones estructuradas y evoluci\u00f3n fenot\u0131\u0301pica.<\/em><\/span>Bolet\u0131\u0301n de la Sociedad Espa\u00f1ola de Matem\u00e1tica Aplicada (2006) 36, 97\u2013123.<\/p>\n\n\n\n<p>Calsina, \u00c0., Cuadrado, S. <em><span style=\"color:#050505\" class=\"has-inline-color\">Stationary solutions of a selection mutation model: the pure mutation case,<\/span><\/em> Mathematical Models and Methods in Applied Sciences (2005) 15, no 7, 1091\u20131117.<\/p>\n\n\n\n<p>Calsina, \u00c0., Cuadrado, S. <em><span style=\"color:#0a0a0a\" class=\"has-inline-color\">Small mutation rate and evolutionarily stable strategies in infinite dimensional adaptive dynamics.<\/span><\/em> Journal of Mathematical Biology (2004) 48, 135\u2013159.<\/p>\n\n\n\n<p>Calsina, \u00c0., Cuadrado, S. <em><span style=\"color:#080808\" class=\"has-inline-color\">A model for the adaptive dynamics of the maturation age. <\/span><\/em>Ecological Modelling  48, (2000), 135-159.<\/p>\n\n\n\n<p><strong>Other publications<\/strong><\/p>\n\n\n\n<p>Carrillo, J.A., Calsina, \u00c0., Cuadrado, S. <span style=\"color:#080808\" class=\"has-inline-color\"><em>A\u00f1o de la Biolog\u0131\u0301a Matem\u00e1tica 2018.<\/em> <\/span>Gaceta de la Real Sociedad Matem\u00e1tica Espa\u00f1ola, 21, no 1, 39-45 (2018).<\/p>\n\n\n\n<p>Calsina, \u00c0.,  Cuadrado, S. <span style=\"color:#060707\" class=\"has-inline-color\"><em>2018: l\u2019Any de la Biologia Matem\u00e0tica<\/em>.<\/span> Not\u0131\u0301cies de la Societat Catalana de Matem\u00e0tiques no 42, December 2017, 48-53.<\/p>\n\n\n\n<p>Calsina, \u00c0, Cuadrado, S. <span style=\"color:#070707\" class=\"has-inline-color\"><em>On selection mutation equations: equilibria and stability<\/em>.<\/span> Actas del XIX Congreso de Ecuaciones Diferenciales y Aplicaciones (2005).<\/p>\n\n\n\n<p>Cuadrado, S. <em><span style=\"color:#010304\" class=\"has-inline-color\">Adaptive dynamics in an infinite dimensional setting<\/span><\/em>. PhD thesis. 2003.<\/p>\n\n\n\n<p>Cuadrado, S., Feldhoff, K., Latkowski, R., Werther, T., Zegers, M. <span style=\"color:#03080a\" class=\"has-inline-color\"><em>Subway design in Utrecht<\/em>.<\/span> Proceedings of the 13th European Consortium for Mathematics in Industry Modelling Week. (1999)<\/p>\n\n\n\n<p><\/p>\n\n\n\n<p><\/p>\n\n\n\n<p><\/p>\n\n\n\n<p><\/p>\n","protected":false},"excerpt":{"rendered":"<p>Barril, C., Bliman, P.A., Cuadrado, S. Final size for epidemic models with asymptomatic transmission. Bulletin of Mathematical Biology, 85 (2023) no 6, paper no 52, 28pp. Calsina, \u00c0., Cuadrado, S., Vidiella, B., Sardany\u00e9s, J. About ghost transients in spatial continuous media. Chaos Solitons Fractals 166 (2023), Paper no 112915, 13pp. Busse, J.E., Cuadrado, S. Marciniak-Czochra, [&hellip;]<\/p>\n","protected":false},"author":34,"featured_media":0,"parent":0,"menu_order":0,"comment_status":"closed","ping_status":"closed","template":"","meta":{"footnotes":""},"class_list":["post-8","page","type-page","status-publish","hentry"],"_links":{"self":[{"href":"https:\/\/mat.uab.cat\/web\/cuadrado\/wp-json\/wp\/v2\/pages\/8","targetHints":{"allow":["GET"]}}],"collection":[{"href":"https:\/\/mat.uab.cat\/web\/cuadrado\/wp-json\/wp\/v2\/pages"}],"about":[{"href":"https:\/\/mat.uab.cat\/web\/cuadrado\/wp-json\/wp\/v2\/types\/page"}],"author":[{"embeddable":true,"href":"https:\/\/mat.uab.cat\/web\/cuadrado\/wp-json\/wp\/v2\/users\/34"}],"replies":[{"embeddable":true,"href":"https:\/\/mat.uab.cat\/web\/cuadrado\/wp-json\/wp\/v2\/comments?post=8"}],"version-history":[{"count":20,"href":"https:\/\/mat.uab.cat\/web\/cuadrado\/wp-json\/wp\/v2\/pages\/8\/revisions"}],"predecessor-version":[{"id":150,"href":"https:\/\/mat.uab.cat\/web\/cuadrado\/wp-json\/wp\/v2\/pages\/8\/revisions\/150"}],"wp:attachment":[{"href":"https:\/\/mat.uab.cat\/web\/cuadrado\/wp-json\/wp\/v2\/media?parent=8"}],"curies":[{"name":"wp","href":"https:\/\/api.w.org\/{rel}","templated":true}]}}