{"id":2,"date":"2018-04-04T13:40:42","date_gmt":"2018-04-04T13:40:42","guid":{"rendered":"http:\/\/mat.uab.cat\/web\/et2018\/?page_id=2"},"modified":"2018-10-22T10:19:09","modified_gmt":"2018-10-22T10:19:09","slug":"pagina-ejemplo","status":"publish","type":"page","link":"https:\/\/mat.uab.cat\/web\/et2018\/","title":{"rendered":"Encuentros de Topolog\u00eda 2018"},"content":{"rendered":"<div id=\"pl-2\"  class=\"panel-layout\" ><div id=\"pg-2-0\"  class=\"panel-grid panel-has-style\" ><div class=\"siteorigin-panels-stretch panel-row-style panel-row-style-for-2-0\" data-stretch-type=\"full\" ><div id=\"pgc-2-0-0\"  class=\"panel-grid-cell\" ><div id=\"panel-2-0-0-0\" class=\"widget_text so-panel widget widget_custom_html panel-first-child panel-last-child\" data-index=\"0\" ><div class=\"widget_text panel-widget-style panel-widget-style-for-2-0-0-0\" ><div class=\"textwidget custom-html-widget\"><h3><a href=\"http:\/\/mat.uab.cat\/web\/et2018\/vii-encuentro-de-jovenes-topologos\/\" target=\"_self\">VII Encuentro de J\u00f3venes Topolog@s<\/a><\/h3>\n<h5>Centre de Recerca Matem\u00e0tica <br> Universitat Aut\u00f2noma de Barcelona<\/h5>\n<i><h5>16, 17 y 18 de octubre de 2018<\/h5><\/i>\n<br><br>\n\n<b>Conferenciantes de los cursos avanzados<\/b><br>\nDaniela Egas (\u00c9cole Polytechnique F\u00e9d\u00e9rale de Lausanne)<br>\nIgnasi Mundet (Universitat de Barcelona)<br>\n<br><br>\n\n<b>Comit\u00e9 organizador<\/b><br>\nFederico Cantero (Universitat de Barcelona)<br>\nLouis Carlier (Universitat Aut\u00f2noma de Barcelona)<br>\nAlex Cebri\u00e1n (Universitat Aut\u00f2noma de Barcelona)<br>\nJoana Cirici (Universitat de Barcelona)<br>\nMarithania Silvero (Universitat de Barcelona)<br><br>\n\n<\/div><\/div><\/div><\/div><div id=\"pgc-2-0-1\"  class=\"panel-grid-cell\" ><div id=\"panel-2-0-1-0\" class=\"widget_text so-panel widget widget_custom_html panel-first-child panel-last-child\" data-index=\"1\" ><div class=\"widget_text panel-widget-style panel-widget-style-for-2-0-1-0\" ><div class=\"textwidget custom-html-widget\"><h3><a href=\"http:\/\/mat.uab.cat\/web\/et2018\/xxv-encuentro-de-topologia\/\" target=\"_self\">\nXXV Encuentro de Topolog\u00eda<\/a><\/h3>\n<h5>Institut d'Estudis Catalans <br>Barcelona<\/h5>\n<i><h5>19 y 20 de octubre de 2018<\/h5><\/i>\n<br><br>\n\n<b>Conferenciantes invitados<\/b><br>\nEnrique Artal (Universidad de Zaragoza)<br>\nLuis Hern\u00e1ndez Corbato (Universidad Polit\u00e9cnica de Madrid)<br>\nMarta Macho-Stadler (Euskal Herriko Unibertsitatea)<br>\nEva Miranda (Universitat Polit\u00e8cnica de Catalunya)<br>\nAniceto Murillo (Universidad de M\u00e1laga)<br>\nJos\u00e9 Antonio Vilches (Universidad de Sevilla)<br><br>\n\n<b>Comit\u00e9 organizador<\/b><br>\nNat\u00e0lia Castellana (Universitat de Aut\u00f2noma de Barcelona)<br>\nImma G\u00e1lvez (Universitat Polit\u00e8cnica de Catalunya)<br>\nJavier J. Guti\u00e9rrez (Universitat de Barcelona)<br>\nAlbert Ruiz (Universitat Aut\u00f2noma de Barcelona)<br>\n<\/div><\/div><\/div><\/div><\/div><\/div><div id=\"pg-2-1\"  class=\"panel-grid panel-no-style\" ><div id=\"pgc-2-1-0\"  class=\"panel-grid-cell\" ><div id=\"panel-2-1-0-0\" class=\"widget_text so-panel widget widget_custom_html panel-first-child\" data-index=\"2\" ><div class=\"textwidget custom-html-widget\">\n<p align=\"center\">\n\t<a href=\"http:\/\/mat.uab.cat\/web\/et2018\/wp-content\/uploads\/sites\/7\/2018\/10\/FotoGrup.jpg\"><img loading=\"lazy\" decoding=\"async\" src=\"http:\/\/mat.uab.cat\/web\/et2018\/wp-content\/uploads\/sites\/7\/2018\/10\/FotoGrup.jpg\" height=\"163\" width=\"279\" alt=\"Foto de grupo\"><\/a>&nbsp;\n<\/p>\n\n\n<p align=\"center\">\n\t<a href=\"http:\/\/mat.uab.cat\/web\/et2018\/wp-content\/uploads\/sites\/7\/2018\/10\/EncuentroFoto.jpg\"><img loading=\"lazy\" decoding=\"async\" src=\"http:\/\/mat.uab.cat\/web\/et2018\/wp-content\/uploads\/sites\/7\/2018\/10\/EncuentroFoto.jpg\" height=\"163\" width=\"279\" alt=\"Foto de grupo\"><\/a>&nbsp;\n<\/p>\n<\/div><\/div><div id=\"panel-2-1-0-1\" class=\"widget_text so-panel widget widget_custom_html panel-last-child\" data-index=\"3\" ><div class=\"textwidget custom-html-widget\"><h3>\n\tEntidades colaboradoras\n<\/h3>\n<a href=\"http:\/\/www.crm.cat\">Centre de Recerca Matem\u00e0tica<\/a><br>\n<a href=\"http:\/\/www.imub.ub.edu\/\">Institut de Matem\u00e0tica Universitat de Barcelona<\/a><br>\n<a href=\"http:\/\/www.mineco.gob.es\">Ministerio de Econom\u00eda y Competitividad<\/a>\n(MTM-2015-69135-P, MTM2015-66165-P, MTM-2016-76453-C2-2-P, MTM-2016-80439-P) <br>\n<a href=\"http:\/\/mat.uab.cat\/~ret\">Red Espa\u00f1ola de Topolog\u00eda<\/a>\n(MTM2017-90897-REDT)<br>\n<a href=\"http:\/\/scm.iec.cat\">Societat Catalana de Matem\u00e0tiques<\/a><br>\n<p align=\"center\">\n\t<a href=\"http:\/\/www.crm.cat\"><img loading=\"lazy\" decoding=\"async\" src=\"http:\/\/mat.uab.cat\/web\/et2018\/wp-content\/uploads\/sites\/7\/2018\/10\/crm.png\" height=\"40\" width=\"120\" alt=\"Centre de Recerca Matem\u00e0tica\"><\/a>&nbsp;\n\t<a href=\"http:\/\/www.imub.ub.edu\/\"><img loading=\"lazy\" decoding=\"async\" src=\"http:\/\/mat.uab.cat\/web\/et2018\/wp-content\/uploads\/sites\/7\/2018\/10\/imub.png\" height=\"40\" width=\"110\" alt=\"Institut de Matem\u00e0tica Universitat de Barcelona\"><\/a>&nbsp;\n\t<a href=\"http:\/\/www.mineco.gob.es\"><img loading=\"lazy\" decoding=\"async\" src=\"http:\/\/mat.uab.cat\/web\/et2018\/wp-content\/uploads\/sites\/7\/2018\/10\/mciu.png\" height=\"40\" width=\"160\" alt=\"Ministerio de Econom\u00eda y Competitividad\"><\/a>&nbsp;\n\t<a href=\"http:\/\/mat.uab.cat\/~ret\"><img loading=\"lazy\" decoding=\"async\" src=\"http:\/\/mat.uab.cat\/web\/et2018\/wp-content\/uploads\/sites\/7\/2018\/10\/ret.png\" height=\"50\" width=\"50\" alt=\"Red Espa\u00f1ola de Topolog\u00eda\"><\/a>&nbsp;\n\t<a href=\"http:\/\/scm.iec.cat\"><img loading=\"lazy\" decoding=\"async\" src=\"http:\/\/mat.uab.cat\/web\/et2018\/wp-content\/uploads\/sites\/7\/2018\/10\/scm.png\" height=\"50\" width=\"50\" alt=\"Societat Catalanaa de Matem\u00e0tiques\"><\/a>\n<\/p><\/div><\/div><\/div><\/div><\/div>","protected":false},"excerpt":{"rendered":"<p>VII Encuentro de J\u00f3venes Topolog@s Centre de Recerca Matem\u00e0tica Universitat Aut\u00f2noma de Barcelona 16, 17 y 18 de octubre de [&hellip;]<\/p>\n","protected":false},"author":3,"featured_media":0,"parent":0,"menu_order":0,"comment_status":"closed","ping_status":"open","template":"page-templates\/full-width.php","meta":{"footnotes":""},"class_list":["post-2","page","type-page","status-publish","hentry"],"_links":{"self":[{"href":"https:\/\/mat.uab.cat\/web\/et2018\/wp-json\/wp\/v2\/pages\/2","targetHints":{"allow":["GET"]}}],"collection":[{"href":"https:\/\/mat.uab.cat\/web\/et2018\/wp-json\/wp\/v2\/pages"}],"about":[{"href":"https:\/\/mat.uab.cat\/web\/et2018\/wp-json\/wp\/v2\/types\/page"}],"author":[{"embeddable":true,"href":"https:\/\/mat.uab.cat\/web\/et2018\/wp-json\/wp\/v2\/users\/3"}],"replies":[{"embeddable":true,"href":"https:\/\/mat.uab.cat\/web\/et2018\/wp-json\/wp\/v2\/comments?post=2"}],"version-history":[{"count":58,"href":"https:\/\/mat.uab.cat\/web\/et2018\/wp-json\/wp\/v2\/pages\/2\/revisions"}],"predecessor-version":[{"id":547,"href":"https:\/\/mat.uab.cat\/web\/et2018\/wp-json\/wp\/v2\/pages\/2\/revisions\/547"}],"wp:attachment":[{"href":"https:\/\/mat.uab.cat\/web\/et2018\/wp-json\/wp\/v2\/media?parent=2"}],"curies":[{"name":"wp","href":"https:\/\/api.w.org\/{rel}","templated":true}]}}