{"id":2,"date":"2023-11-28T12:23:24","date_gmt":"2023-11-28T10:23:24","guid":{"rendered":"https:\/\/mat.uab.cat\/web\/gentle\/?page_id=2"},"modified":"2025-10-30T09:42:39","modified_gmt":"2025-10-30T07:42:39","slug":"team","status":"publish","type":"page","link":"https:\/\/mat.uab.cat\/web\/gentle\/team\/","title":{"rendered":"Team"},"content":{"rendered":"\n<h3 class=\"wp-block-heading\">Research team<\/h3>\n\n\n\n<p>PI (GENTLE+D\u00c9COLLAGE): <a href=\"https:\/\/mat.uab.cat\/~rubio\/\">Roberto Rubio<\/a> (Universitat Aut\u00f2noma de Barcelona)<\/p>\n\n\n\n<p>Researcher (GENTLE): <a href=\"https:\/\/scholar.google.es\/citations?user=Q7Yhtz0AAAAJ&amp;hl=es\">Jos\u00e9 Navarro Garmendia<\/a> (Universidad de Extremadura)<\/p>\n\n\n\n<div class=\"wp-block-group has-global-padding is-layout-constrained wp-block-group-is-layout-constrained\">\n<p>D\u00c9COLLAGE postdoctoral researchers: Matthieu Madera (Universitat Aut\u00f2noma de Barcelona)<\/p>\n<\/div>\n\n\n\n<h3 class=\"wp-block-heading\">Work team<\/h3>\n\n\n\n<p><a href=\"https:\/\/webspace.science.uu.nl\/~caval101\/homepage\/Home.html\">Gil Cavalcanti<\/a> (Universiteit Utrecht)<\/p>\n\n\n\n<p><a href=\"https:\/\/www.ucl.ac.uk\/~ucahljg\/index.htm\">Luis E. Garc\u00eda<\/a> (University College London)<\/p>\n\n\n\n<p><a href=\"https:\/\/www.math.sissa.it\/users\/rafael-torres\">Rafael Torres<\/a> (SISSA, Trieste)<\/p>\n\n\n\n<p><a href=\"https:\/\/perswww.kuleuven.be\/~u0096206\/\">Marco Zambon<\/a> (KU Leuven)<\/p>\n\n\n\n<p><\/p>\n\n\n\n<div class=\"wp-block-group has-global-padding is-layout-constrained wp-block-group-is-layout-constrained\">\n<h3 class=\"wp-block-heading\">PhD students<\/h3>\n\n\n\n<p>Filip Mou\u010dka (UAB Barcelona \/ CTU Prague)<\/p>\n\n\n\n<p>Jaime Pedregal Pastor (Universiteit Utrecht)<\/p>\n<\/div>\n\n\n\n<p>Tom Ariel (UAB Barcelona \/ KU Leuven)<\/p>\n\n\n\n<p><\/p>\n\n\n\n<p class=\"has-small-font-size\"><\/p>\n\n\n\n<p><\/p>\n","protected":false},"excerpt":{"rendered":"<p>Research team PI (GENTLE+D\u00c9COLLAGE): Roberto Rubio (Universitat Aut\u00f2noma de Barcelona) Researcher (GENTLE): Jos\u00e9 Navarro Garmendia (Universidad de Extremadura) D\u00c9COLLAGE postdoctoral researchers: Matthieu Madera (Universitat Aut\u00f2noma de Barcelona) Work team Gil Cavalcanti (Universiteit Utrecht) Luis E. Garc\u00eda (University College London) Rafael Torres (SISSA, Trieste) Marco Zambon (KU Leuven) PhD students Filip Mou\u010dka (UAB Barcelona \/ CTU [&hellip;]<\/p>\n","protected":false},"author":54,"featured_media":0,"parent":0,"menu_order":0,"comment_status":"closed","ping_status":"closed","template":"","meta":{"footnotes":""},"class_list":["post-2","page","type-page","status-publish","hentry"],"_links":{"self":[{"href":"https:\/\/mat.uab.cat\/web\/gentle\/wp-json\/wp\/v2\/pages\/2","targetHints":{"allow":["GET"]}}],"collection":[{"href":"https:\/\/mat.uab.cat\/web\/gentle\/wp-json\/wp\/v2\/pages"}],"about":[{"href":"https:\/\/mat.uab.cat\/web\/gentle\/wp-json\/wp\/v2\/types\/page"}],"author":[{"embeddable":true,"href":"https:\/\/mat.uab.cat\/web\/gentle\/wp-json\/wp\/v2\/users\/54"}],"replies":[{"embeddable":true,"href":"https:\/\/mat.uab.cat\/web\/gentle\/wp-json\/wp\/v2\/comments?post=2"}],"version-history":[{"count":8,"href":"https:\/\/mat.uab.cat\/web\/gentle\/wp-json\/wp\/v2\/pages\/2\/revisions"}],"predecessor-version":[{"id":634,"href":"https:\/\/mat.uab.cat\/web\/gentle\/wp-json\/wp\/v2\/pages\/2\/revisions\/634"}],"wp:attachment":[{"href":"https:\/\/mat.uab.cat\/web\/gentle\/wp-json\/wp\/v2\/media?parent=2"}],"curies":[{"name":"wp","href":"https:\/\/api.w.org\/{rel}","templated":true}]}}