{"id":13,"date":"2017-07-18T07:57:10","date_gmt":"2017-07-18T07:57:10","guid":{"rendered":"http:\/\/mat.uab.cat\/web\/gftfm\/?page_id=13"},"modified":"2018-07-02T16:20:06","modified_gmt":"2018-07-02T16:20:06","slug":"registration","status":"publish","type":"page","link":"https:\/\/mat.uab.cat\/web\/gftfm\/registration\/","title":{"rendered":"REGISTRATION"},"content":{"rendered":"<p><span style=\"font-size: 1rem\">Registration is already open. <\/span><\/p>\n<p><span style=\"font-size: 1rem\">To register, please fill in this\u00a0<\/span><a href=\"https:\/\/docs.google.com\/forms\/d\/e\/1FAIpQLScis7eCAMdXLyJUD3ZBiLBMT3m18AKjN3wFbnsb6u6Wl5oPTQ\/viewform\">registration form.<\/a><\/p>\n<p>&nbsp;<\/p>\n<p><strong>Registered participants:<\/strong><\/p>\n<table style=\"width: 624px\">\n<tbody>\n<tr>\n<td style=\"width: 209px\">Giovanni Alberti<\/td>\n<td style=\"width: 327px\">Universit\u00e0 di Pisa<\/td>\n<td style=\"width: 88px\">W2<\/td>\n<\/tr>\n<tr>\n<td style=\"width: 209px\">Diego Alonso-Or\u00e1n<\/td>\n<td style=\"width: 327px\">ICMAT &#8211; Universidad Aut\u00f3noma de Madrid<\/td>\n<td style=\"width: 88px\">W1, W2<\/td>\n<\/tr>\n<tr>\n<td style=\"width: 209px\">\u00c1ngel Arroyo<\/td>\n<td style=\"width: 327px\">University of Jyv\u00e4skyl\u00e4<\/td>\n<td style=\"width: 88px\">W2, W3<\/td>\n<\/tr>\n<tr>\n<td style=\"width: 209px\">Kari Astala<\/td>\n<td style=\"width: 327px\">Aalto University (Helsinki)<\/td>\n<td style=\"width: 88px\">W2, W3<\/td>\n<\/tr>\n<tr>\n<td style=\"width: 209px\">Hajer Bahouri<\/td>\n<td style=\"width: 327px\">Universit\u00e9 Paris &#8211; Est (Cr\u00e9teil)<\/td>\n<td style=\"width: 88px\">W2<\/td>\n<\/tr>\n<tr>\n<td style=\"width: 209px\">Antonio Bais\u00f3n<\/td>\n<td style=\"width: 327px\">Universidad Aut\u00f3noma Metropolitana<\/td>\n<td style=\"width: 88px\">W3<\/td>\n<\/tr>\n<tr>\n<td style=\"width: 209px\">Josep Maria Burgu\u00e9s<\/td>\n<td style=\"width: 327px\">Universitat Aut\u00f2noma de Barcelona<\/td>\n<td style=\"width: 88px\">W1, W2, W3<\/td>\n<\/tr>\n<tr>\n<td style=\"width: 209px\">Juan Carlos Cantero<\/td>\n<td style=\"width: 327px\">Universitat Aut\u00f2noma de Barcelona<\/td>\n<td style=\"width: 88px\">W1, W2, W3<\/td>\n<\/tr>\n<tr>\n<td style=\"width: 209px\">\u00c1ngel Castro<\/td>\n<td style=\"width: 327px\">Universidad Aut\u00f3noma de Madrid<\/td>\n<td style=\"width: 88px\">W2<\/td>\n<\/tr>\n<tr>\n<td style=\"width: 209px\">Gennaro Ciampa<\/td>\n<td style=\"width: 327px\">Gran Sasso Science Institute<\/td>\n<td style=\"width: 88px\">W2, W3<\/td>\n<\/tr>\n<tr>\n<td style=\"width: 209px\">Albert Clop<\/td>\n<td style=\"width: 327px\">Universitat Aut\u00f2noma de Barcelona<\/td>\n<td style=\"width: 88px\">W1, W2, W3<\/td>\n<\/tr>\n<tr>\n<td style=\"width: 209px\">Diego C\u00f3rdoba<\/td>\n<td style=\"width: 327px\">ICMAT &#8211; Universidad Aut\u00f3noma de Madrid<\/td>\n<td style=\"width: 88px\">W2<\/td>\n<\/tr>\n<tr>\n<td style=\"width: 209px\">Graziano Crasta<\/td>\n<td style=\"width: 327px\">Sapienza Universit\u00e0 di Roma<\/td>\n<td style=\"width: 88px\">W2<\/td>\n<\/tr>\n<tr>\n<td style=\"width: 209px\">Gianluca Crippa<\/td>\n<td style=\"width: 327px\">University of Basel<\/td>\n<td style=\"width: 88px\">W2<\/td>\n<\/tr>\n<tr>\n<td style=\"width: 209px\">Gyula Csato<\/td>\n<td style=\"width: 327px\">Universitat Polit\u00e8cnica de Catalunya<\/td>\n<td style=\"width: 88px\">W2, W3<\/td>\n<\/tr>\n<tr>\n<td style=\"width: 209px\">Raphael Danchin<\/td>\n<td style=\"width: 327px\">Universit\u00e9 Paris &#8211; Est (Cr\u00e9teil)<\/td>\n<td style=\"width: 88px\">W2<\/td>\n<\/tr>\n<tr>\n<td style=\"width: 209px\">And Dao Nguyen<\/td>\n<td style=\"width: 327px\">Ton Duc Thang University<\/td>\n<td style=\"width: 88px\">W3<\/td>\n<\/tr>\n<tr>\n<td style=\"width: 209px\">Virginia De Cicco<\/td>\n<td style=\"width: 327px\">Sapienza Universit\u00e0 di Roma<\/td>\n<td style=\"width: 88px\">W2<\/td>\n<\/tr>\n<tr>\n<td style=\"width: 209px\">Alberto Enciso<\/td>\n<td style=\"width: 327px\">ICMAT (Madrid)<\/td>\n<td style=\"width: 88px\">W2<\/td>\n<\/tr>\n<tr>\n<td style=\"width: 209px\">Daniel Faraco<\/td>\n<td style=\"width: 327px\">Universidad Aut\u00f3noma de Madrid<\/td>\n<td style=\"width: 88px\">W2, W3<\/td>\n<\/tr>\n<tr>\n<td style=\"width: 209px\">Francisco Gancedo<\/td>\n<td style=\"width: 327px\">Universidad de Sevilla<\/td>\n<td style=\"width: 88px\">W2<\/td>\n<\/tr>\n<tr>\n<td style=\"width: 209px\">Claudia Garc\u00eda L\u00f3pez<\/td>\n<td style=\"width: 327px\">Universidad de Granada &#8211; Universit\u00e9 de Rennes 1<\/td>\n<td style=\"width: 88px\">W1<\/td>\n<\/tr>\n<tr>\n<td style=\"width: 209px\">Mar\u00eda \u00c1ngeles Garc\u00eda-Ferrero<\/td>\n<td style=\"width: 327px\">ICMAT<\/td>\n<td style=\"width: 88px\">W2<\/td>\n<\/tr>\n<tr>\n<td style=\"width: 209px\">Eduardo Garc\u00eda-Ju\u00e1rez<\/td>\n<td style=\"width: 327px\">Universidad de Sevilla<\/td>\n<td style=\"width: 88px\">W1, W2<\/td>\n<\/tr>\n<tr>\n<td style=\"width: 209px\">Bj\u00f6rn Gebhard<\/td>\n<td style=\"width: 327px\">Giessen University<\/td>\n<td style=\"width: 88px\">W2<\/td>\n<\/tr>\n<tr>\n<td style=\"width: 209px\">Zineb Hassainia<\/td>\n<td style=\"width: 327px\">CIMS New York University<\/td>\n<td style=\"width: 88px\">W1<\/td>\n<\/tr>\n<tr>\n<td style=\"width: 209px\">Stanislav Hencl<\/td>\n<td style=\"width: 327px\">Charles University (Prague)<\/td>\n<td style=\"width: 88px\">W3<\/td>\n<\/tr>\n<tr>\n<td style=\"width: 209px\">Matthew B. Hern\u00e1ndez<\/td>\n<td style=\"width: 327px\">ICMAT<\/td>\n<td style=\"width: 88px\">W2<\/td>\n<\/tr>\n<tr>\n<td style=\"width: 209px\">Rodrigo Hern\u00e1ndez<\/td>\n<td style=\"width: 327px\">Universidad Adolfo Ib\u00e1\u00f1ez<\/td>\n<td style=\"width: 88px\">W2<\/td>\n<\/tr>\n<tr>\n<td style=\"width: 209px\">Lars Eric Hientzsch<\/td>\n<td style=\"width: 327px\">Gran Sasso Science Institute<\/td>\n<td style=\"width: 88px\">W1, W2<\/td>\n<\/tr>\n<tr>\n<td style=\"width: 209px\">Lauri Hitruhin<\/td>\n<td style=\"width: 327px\">University of Helsinki<\/td>\n<td style=\"width: 88px\">W2<\/td>\n<\/tr>\n<tr>\n<td style=\"width: 209px\">Taoufik Hmidi<\/td>\n<td style=\"width: 327px\">Universit\u00e9 de Rennes 1<\/td>\n<td style=\"width: 88px\">W1<\/td>\n<\/tr>\n<tr>\n<td style=\"width: 209px\">Jos\u00e9 A. Iglesias<\/td>\n<td style=\"width: 327px\">Austrian Academy of Sciences<\/td>\n<td style=\"width: 88px\">W2, W3<\/td>\n<\/tr>\n<tr>\n<td style=\"width: 209px\">Tadeusz Iwaniec<\/td>\n<td style=\"width: 327px\">University of Syracuse<\/td>\n<td style=\"width: 88px\">W3<\/td>\n<\/tr>\n<tr>\n<td style=\"width: 209px\">Heikki Jylh\u00e4<\/td>\n<td style=\"width: 327px\">Universitat Aut\u00f2noma de Barcelona<\/td>\n<td style=\"width: 88px\">W1, W2, W3<\/td>\n<\/tr>\n<tr>\n<td style=\"width: 209px\">Aapo Kauranen<\/td>\n<td style=\"width: 327px\">Universitat Aut\u00f2noma de Barcelona<\/td>\n<td style=\"width: 88px\">W1, W2, W3<\/td>\n<\/tr>\n<tr>\n<td style=\"width: 209px\">Pekka Koskela<\/td>\n<td style=\"width: 327px\">University of Jyv\u00e4skyl\u00e4<\/td>\n<td style=\"width: 88px\">W2<\/td>\n<\/tr>\n<tr>\n<td style=\"width: 209px\">Omar Lazar<\/td>\n<td style=\"width: 327px\">Universidad de Sevilla &#8211; IMUS<\/td>\n<td style=\"width: 88px\">W1, W2<\/td>\n<\/tr>\n<tr>\n<td style=\"width: 209px\">Silvia Ligabue<\/td>\n<td style=\"width: 327px\">University of Basel<\/td>\n<td style=\"width: 88px\">W1, W2, W3<\/td>\n<\/tr>\n<tr>\n<td style=\"width: 209px\">Sauli Lindberg<\/td>\n<td style=\"width: 327px\">Universidad Aut\u00f3noma de Madrid<\/td>\n<td style=\"width: 88px\">W2<\/td>\n<\/tr>\n<tr>\n<td style=\"width: 209px\">Rami Luisto<\/td>\n<td style=\"width: 327px\">Charles University (Prague)<\/td>\n<td style=\"width: 88px\">W3<\/td>\n<\/tr>\n<tr>\n<td style=\"width: 209px\">Annalisa Malusa<\/td>\n<td style=\"width: 327px\">Sapienza Universit\u00e0 di Roma<\/td>\n<td style=\"width: 88px\">W2<\/td>\n<\/tr>\n<tr>\n<td style=\"width: 209px\">Mar\u00eda Jos\u00e9 Mart\u00edn<\/td>\n<td style=\"width: 327px\">Universidad Aut\u00f3noma de Madrid<\/td>\n<td style=\"width: 88px\">W2<\/td>\n<\/tr>\n<tr>\n<td style=\"width: 209px\">\u00c1ngel David Mart\u00ednez Mart\u00ednez<\/td>\n<td style=\"width: 327px\">ICMAT &#8211; Universidad Aut\u00f3noma de Madrid<\/td>\n<td style=\"width: 88px\">W1, W2<\/td>\n<\/tr>\n<tr>\n<td style=\"width: 209px\">Jordi Marzo<\/td>\n<td style=\"width: 327px\">Universitat de Barcelona<\/td>\n<td style=\"width: 88px\">W1, W2, W3<\/td>\n<\/tr>\n<tr>\n<td style=\"width: 209px\">Albert Mas<\/td>\n<td style=\"width: 327px\">Universitat de Barcelona<\/td>\n<td style=\"width: 88px\">W1, W2, W3<\/td>\n<\/tr>\n<tr>\n<td style=\"width: 209px\">Joan Mateu<\/td>\n<td style=\"width: 327px\">Universitat Aut\u00f2noma de Barcelona<\/td>\n<td style=\"width: 88px\">W1, W2, W3<\/td>\n<\/tr>\n<tr>\n<td style=\"width: 209px\">Artur Nicolau<\/td>\n<td style=\"width: 327px\">Universitat Aut\u00f2noma de Barcelona<\/td>\n<td style=\"width: 88px\">W1, W2, W3<\/td>\n<\/tr>\n<tr>\n<td style=\"width: 209px\">Jani Onninen<\/td>\n<td style=\"width: 327px\">University of Jyv\u00e4skyl\u00e4<\/td>\n<td style=\"width: 88px\">W2, W3<\/td>\n<\/tr>\n<tr>\n<td style=\"width: 209px\">Joan Orobitg<\/td>\n<td style=\"width: 327px\">Universitat Aut\u00f2noma de Barcelona<\/td>\n<td style=\"width: 88px\">W1, W2, W3<\/td>\n<\/tr>\n<tr>\n<td style=\"width: 209px\">Tania Pernas-Casta\u00f1o<\/td>\n<td style=\"width: 327px\">ICMAT &#8211; Universidad Aut\u00f3noma de Madrid<\/td>\n<td style=\"width: 88px\">W1<\/td>\n<\/tr>\n<tr>\n<td style=\"width: 209px\">Eden Prywes<\/td>\n<td style=\"width: 327px\">University of California, Los Angeles<\/td>\n<td style=\"width: 88px\">W2, W3<\/td>\n<\/tr>\n<tr>\n<td style=\"width: 209px\">Camilo Rey-Torres<\/td>\n<td style=\"width: 327px\">Universitat de Barcelona<\/td>\n<td style=\"width: 88px\">W1, W2<\/td>\n<\/tr>\n<tr>\n<td style=\"width: 209px\">Georgios Sakellaris<\/td>\n<td style=\"width: 327px\">Universitat Aut\u00f2noma de Barcelona<\/td>\n<td style=\"width: 88px\">W1, W2, W3<\/td>\n<\/tr>\n<tr>\n<td style=\"width: 209px\">Filippo Santambrogio<\/td>\n<td style=\"width: 327px\">Universit\u00e9 Paris &#8211; Sud (Orsay)<\/td>\n<td style=\"width: 88px\">W1<\/td>\n<\/tr>\n<tr>\n<td style=\"width: 209px\">Banhirup Sengupta<\/td>\n<td style=\"width: 327px\">Universitat Aut\u00f2noma de Barcelona<\/td>\n<td style=\"width: 88px\">W1, W2, W3<\/td>\n<\/tr>\n<tr>\n<td style=\"width: 209px\">Laszlo Sz\u00e9kelyhidi Jr<\/td>\n<td style=\"width: 327px\">University of Leipzig<\/td>\n<td style=\"width: 88px\">W2<\/td>\n<\/tr>\n<tr>\n<td style=\"width: 209px\">So Takao<\/td>\n<td style=\"width: 327px\">Imperial College London<\/td>\n<td style=\"width: 88px\">W3<\/td>\n<\/tr>\n<tr>\n<td style=\"width: 209px\">Diana Toboso<\/td>\n<td style=\"width: 327px\">Universitat Aut\u00f2noma de Barcelona<\/td>\n<td style=\"width: 88px\">W1, W2, W3<\/td>\n<\/tr>\n<tr>\n<td style=\"width: 209px\">Joan Verdera<\/td>\n<td style=\"width: 327px\">Universitat Aut\u00f2noma de Barcelona<\/td>\n<td style=\"width: 88px\">W1, W2, W3<\/td>\n<\/tr>\n<tr>\n<td style=\"width: 209px\">Angela Wu<\/td>\n<td style=\"width: 327px\">University of California, Los Angeles<\/td>\n<td style=\"width: 88px\">W2, W3<\/td>\n<\/tr>\n<tr>\n<td style=\"width: 209px\">Haiqing Xu<\/td>\n<td style=\"width: 327px\">USTC- University of Jyv\u00e4skyl\u00e4<\/td>\n<td style=\"width: 88px\">W3<\/td>\n<\/tr>\n<\/tbody>\n<\/table>\n","protected":false},"excerpt":{"rendered":"<p>Registration is already open. To register, please fill in this\u00a0registration form. &nbsp; Registered participants: Giovanni Alberti Universit\u00e0 di Pisa W2 Diego Alonso-Or\u00e1n ICMAT &#8211; Universidad Aut\u00f3noma de Madrid W1, W2 \u00c1ngel Arroyo University of Jyv\u00e4skyl\u00e4 W2, W3 Kari Astala Aalto University (Helsinki) W2, W3 Hajer Bahouri Universit\u00e9 Paris &#8211; Est (Cr\u00e9teil) W2 Antonio Bais\u00f3n Universidad [&hellip;]<\/p>\n","protected":false},"author":1,"featured_media":0,"parent":0,"menu_order":0,"comment_status":"closed","ping_status":"closed","template":"","meta":{"footnotes":""},"class_list":["post-13","page","type-page","status-publish","hentry"],"_links":{"self":[{"href":"https:\/\/mat.uab.cat\/web\/gftfm\/wp-json\/wp\/v2\/pages\/13","targetHints":{"allow":["GET"]}}],"collection":[{"href":"https:\/\/mat.uab.cat\/web\/gftfm\/wp-json\/wp\/v2\/pages"}],"about":[{"href":"https:\/\/mat.uab.cat\/web\/gftfm\/wp-json\/wp\/v2\/types\/page"}],"author":[{"embeddable":true,"href":"https:\/\/mat.uab.cat\/web\/gftfm\/wp-json\/wp\/v2\/users\/1"}],"replies":[{"embeddable":true,"href":"https:\/\/mat.uab.cat\/web\/gftfm\/wp-json\/wp\/v2\/comments?post=13"}],"version-history":[{"count":54,"href":"https:\/\/mat.uab.cat\/web\/gftfm\/wp-json\/wp\/v2\/pages\/13\/revisions"}],"predecessor-version":[{"id":382,"href":"https:\/\/mat.uab.cat\/web\/gftfm\/wp-json\/wp\/v2\/pages\/13\/revisions\/382"}],"wp:attachment":[{"href":"https:\/\/mat.uab.cat\/web\/gftfm\/wp-json\/wp\/v2\/media?parent=13"}],"curies":[{"name":"wp","href":"https:\/\/api.w.org\/{rel}","templated":true}]}}