{"id":361,"date":"2018-06-20T15:41:42","date_gmt":"2018-06-20T15:41:42","guid":{"rendered":"http:\/\/mat.uab.cat\/web\/gftfm\/?page_id=361"},"modified":"2018-07-03T18:50:33","modified_gmt":"2018-07-03T18:50:33","slug":"plenary-speakers","status":"publish","type":"page","link":"https:\/\/mat.uab.cat\/web\/gftfm\/plenary-speakers\/","title":{"rendered":"PLENARY SPEAKERS"},"content":{"rendered":"<p>The program includes a Conference from 9th to 13th, july 2018. The following researchers have accepted our invitation to be plenary speakers at this conference:<\/p>\n<p><strong>Giovanni Alberti<\/strong> (Pisa)\u00a0<a href=\"http:\/\/mat.uab.cat\/web\/gftfm\/wp-content\/uploads\/sites\/6\/2017\/07\/alberti.pdf\">Mixing and loss of regularity for divergence free velocity fields (I)<\/a><\/p>\n<p><strong>Kari Astala<\/strong> (Helsinki)\u00a0<a href=\"http:\/\/mat.uab.cat\/web\/gftfm\/wp-content\/uploads\/sites\/6\/2018\/06\/astala.pdf\">Random tilings, free boundary problems and the Beltrami equation<\/a><\/p>\n<p><strong>Hajer Bahouri<\/strong> (Paris &#8211; Est)\u00a0<a href=\"http:\/\/mat.uab.cat\/web\/gftfm\/wp-content\/uploads\/sites\/6\/2017\/07\/bahouri.pdf\">Blow up dynamics for the hyperbolic vanishing mean curvature flow of surfaces assymptotic to Simons cone<\/a><\/p>\n<p><strong>Angel Castro<\/strong> (Madrid) \u00a0<a href=\"http:\/\/mat.uab.cat\/web\/gftfm\/wp-content\/uploads\/sites\/6\/2018\/06\/castro.pdf\">Degraded mixing solutions for the incompressible porous media<\/a><\/p>\n<p><strong>Diego C\u00f3rdoba<\/strong> (Madrid)\u00a0<a href=\"http:\/\/mat.uab.cat\/web\/gftfm\/wp-content\/uploads\/sites\/6\/2018\/06\/cordoba.pdf\">Global existence results for the Incompressible Porous Media equation (IPM)<\/a><\/p>\n<p><strong>Gianluca Crippa<\/strong> (Basel)\u00a0<a href=\"http:\/\/mat.uab.cat\/web\/gftfm\/wp-content\/uploads\/sites\/6\/2017\/07\/crippa.pdf\">Mixing and loss of regularity for divergence-free velocity fields (II)<\/a><\/p>\n<p><strong>Raphael Danchin<\/strong> (Paris &#8211; Est) <a href=\"http:\/\/mat.uab.cat\/web\/gftfm\/wp-content\/uploads\/sites\/6\/2017\/07\/danchin.pdf\">Viscous compressible fluids with only bounded density<\/a><\/p>\n<p><strong>Alberto Enciso<\/strong> (Madrid)\u00a0<a href=\"http:\/\/mat.uab.cat\/web\/gftfm\/wp-content\/uploads\/sites\/6\/2017\/07\/enciso.pdf\">The evolution of some geometric structures under the Euler and Navier-Stokes equation<\/a><\/p>\n<p><strong>Daniel Faraco<\/strong> (Madrid)\u00a0<a href=\"http:\/\/mat.uab.cat\/web\/gftfm\/wp-content\/uploads\/sites\/6\/2018\/07\/faraco.pdf\">Magnetic helicity and subsolutions in MHD<\/a><\/p>\n<p><strong>Francisco Gancedo<\/strong> (Sevilla)\u00a0<a href=\"http:\/\/mat.uab.cat\/web\/gftfm\/wp-content\/uploads\/sites\/6\/2017\/07\/gancedo.pdf\">Global regularity for parabolic incompressible fluid interfaces<\/a><\/p>\n<p><strong>Pekka Koskela<\/strong> (Jyv\u00e4skyl\u00e4) &#8220;Controlled diffeomorphic extension of homeomorphisms&#8221;<\/p>\n<p><strong>Mar\u00eda Jos\u00e9 Mart\u00edn<\/strong> (Madrid)\u00a0<a href=\"http:\/\/mat.uab.cat\/web\/gftfm\/wp-content\/uploads\/sites\/6\/2017\/07\/martin.pdf\">A harmonic maps approach to fluid flows<\/a><\/p>\n<p><strong>Jani Onninen<\/strong> (Jyv\u00e4skyl\u00e4)\u00a0<a href=\"http:\/\/mat.uab.cat\/web\/gftfm\/wp-content\/uploads\/sites\/6\/2017\/07\/onninen.pdf\">Sobolev monotone mappings<\/a><\/p>\n<p><strong>Joan Orobitg<\/strong> (Barcelona)\u00a0<a href=\"http:\/\/mat.uab.cat\/web\/gftfm\/wp-content\/uploads\/sites\/6\/2017\/07\/orobitg.pdf\">Transport equations and continuity equations with quasiconformal flows<\/a><\/p>\n<p>&nbsp;<\/p>\n<p>&nbsp;<\/p>\n","protected":false},"excerpt":{"rendered":"<p>The program includes a Conference from 9th to 13th, july 2018. The following researchers have accepted our invitation to be plenary speakers at this conference: Giovanni Alberti (Pisa)\u00a0Mixing and loss of regularity for divergence free velocity fields (I) Kari Astala (Helsinki)\u00a0Random tilings, free boundary problems and the Beltrami equation Hajer Bahouri (Paris &#8211; Est)\u00a0Blow up [&hellip;]<\/p>\n","protected":false},"author":8,"featured_media":0,"parent":0,"menu_order":0,"comment_status":"closed","ping_status":"closed","template":"","meta":{"footnotes":""},"class_list":["post-361","page","type-page","status-publish","hentry"],"_links":{"self":[{"href":"https:\/\/mat.uab.cat\/web\/gftfm\/wp-json\/wp\/v2\/pages\/361","targetHints":{"allow":["GET"]}}],"collection":[{"href":"https:\/\/mat.uab.cat\/web\/gftfm\/wp-json\/wp\/v2\/pages"}],"about":[{"href":"https:\/\/mat.uab.cat\/web\/gftfm\/wp-json\/wp\/v2\/types\/page"}],"author":[{"embeddable":true,"href":"https:\/\/mat.uab.cat\/web\/gftfm\/wp-json\/wp\/v2\/users\/8"}],"replies":[{"embeddable":true,"href":"https:\/\/mat.uab.cat\/web\/gftfm\/wp-json\/wp\/v2\/comments?post=361"}],"version-history":[{"count":6,"href":"https:\/\/mat.uab.cat\/web\/gftfm\/wp-json\/wp\/v2\/pages\/361\/revisions"}],"predecessor-version":[{"id":388,"href":"https:\/\/mat.uab.cat\/web\/gftfm\/wp-json\/wp\/v2\/pages\/361\/revisions\/388"}],"wp:attachment":[{"href":"https:\/\/mat.uab.cat\/web\/gftfm\/wp-json\/wp\/v2\/media?parent=361"}],"curies":[{"name":"wp","href":"https:\/\/api.w.org\/{rel}","templated":true}]}}