{"id":5,"date":"2017-07-18T07:56:27","date_gmt":"2017-07-18T07:56:27","guid":{"rendered":"http:\/\/mat.uab.cat\/web\/gftfm\/?page_id=5"},"modified":"2018-07-18T06:32:47","modified_gmt":"2018-07-18T06:32:47","slug":"program","status":"publish","type":"page","link":"https:\/\/mat.uab.cat\/web\/gftfm\/program\/","title":{"rendered":"PROGRAM"},"content":{"rendered":"<p>The Research Program includes the following activities:<\/p>\n<p>July 2nd to July 6th, 2018<\/p>\n<ul>\n<li>Course by Taoufik Hmidi (5 h)<\/li>\n<li>Course by Filippo Santambrogio (5h)<\/li>\n<li>Short talks<\/li>\n<\/ul>\n<p>July 9th to July 13th, 2018<\/p>\n<ul>\n<li>Course by L\u00e1szl\u00f3 Sz\u00e9kelyhidi Jr (5h)<\/li>\n<li>Plenary talks<\/li>\n<li>Short talks<\/li>\n<\/ul>\n<p>July 16th to July 20th, 2018<\/p>\n<ul style=\"list-style-type: disc\">\n<li>Course by Stanislav Hencl (5h)<\/li>\n<li>Course by Tadeusz Iwaniec (5h)<\/li>\n<li>Short talks<\/li>\n<\/ul>\n","protected":false},"excerpt":{"rendered":"<p>The Research Program includes the following activities: July 2nd to July 6th, 2018 Course by Taoufik Hmidi (5 h) Course by Filippo Santambrogio (5h) Short talks July 9th to July 13th, 2018 Course by L\u00e1szl\u00f3 Sz\u00e9kelyhidi Jr (5h) Plenary talks Short talks July 16th to July 20th, 2018 Course by Stanislav Hencl (5h) Course by [&hellip;]<\/p>\n","protected":false},"author":1,"featured_media":0,"parent":0,"menu_order":0,"comment_status":"closed","ping_status":"closed","template":"","meta":{"footnotes":""},"class_list":["post-5","page","type-page","status-publish","hentry"],"_links":{"self":[{"href":"https:\/\/mat.uab.cat\/web\/gftfm\/wp-json\/wp\/v2\/pages\/5","targetHints":{"allow":["GET"]}}],"collection":[{"href":"https:\/\/mat.uab.cat\/web\/gftfm\/wp-json\/wp\/v2\/pages"}],"about":[{"href":"https:\/\/mat.uab.cat\/web\/gftfm\/wp-json\/wp\/v2\/types\/page"}],"author":[{"embeddable":true,"href":"https:\/\/mat.uab.cat\/web\/gftfm\/wp-json\/wp\/v2\/users\/1"}],"replies":[{"embeddable":true,"href":"https:\/\/mat.uab.cat\/web\/gftfm\/wp-json\/wp\/v2\/comments?post=5"}],"version-history":[{"count":38,"href":"https:\/\/mat.uab.cat\/web\/gftfm\/wp-json\/wp\/v2\/pages\/5\/revisions"}],"predecessor-version":[{"id":394,"href":"https:\/\/mat.uab.cat\/web\/gftfm\/wp-json\/wp\/v2\/pages\/5\/revisions\/394"}],"wp:attachment":[{"href":"https:\/\/mat.uab.cat\/web\/gftfm\/wp-json\/wp\/v2\/media?parent=5"}],"curies":[{"name":"wp","href":"https:\/\/api.w.org\/{rel}","templated":true}]}}