{"id":68,"date":"2017-07-26T09:33:25","date_gmt":"2017-07-26T09:33:25","guid":{"rendered":"http:\/\/mat.uab.cat\/web\/gftfm\/?page_id=68"},"modified":"2018-05-29T14:13:56","modified_gmt":"2018-05-29T14:13:56","slug":"practical-info-2","status":"publish","type":"page","link":"https:\/\/mat.uab.cat\/web\/gftfm\/practical-info-2\/","title":{"rendered":"PRACTICAL"},"content":{"rendered":"<p>&nbsp;<\/p>\n<p>HOUSING<\/p>\n<p>Grantees will be staying at\u00a0<a href=\"https:\/\/vilauniversitaria.uab.cat\/en\/\">Vila Universit\u00e0ria<\/a>, which is\u00a0located at the UAB Campus, at walking distance from the faculties, and also to the <a href=\"https:\/\/www.google.es\/maps\/place\/Bellaterra\/@41.5008624,2.0883626,17z\/data=!3m1!4b1!4m5!3m4!1s0x12a4969e7249fd23:0xad4ee724ac48a244!8m2!3d41.5008584!4d2.0905566?hl=ca\">Bellaterra<\/a> and <a href=\"https:\/\/www.google.es\/maps\/place\/Universitat+Aut\u00f2noma\/@41.5028568,2.1003164,17z\/data=!3m1!4b1!4m5!3m4!1s0x12a4942a6e4eec79:0x46cd0d59af62ed74!8m2!3d41.5028528!4d2.1025104?hl=ca\">Universitat Autonoma<\/a>\u00a0stations. Vila residents are allowed to use the open air swimming pool in Vila, as well as the UAB\u00a0<a href=\"https:\/\/vilauniversitaria.uab.cat\/en\/gym-of-the-uab\/\">gym<\/a>, and many other services.<\/p>\n<p>Lecturers and speakers may be staying at the <a href=\"http:\/\/residenciaerasmusgracia.com\">Resid\u00e8ncia Erasmus Gr\u00e0cia<\/a>, which is located <a href=\"https:\/\/www.google.es\/maps\/place\/Resid\u00e8ncia+Erasmus+Gr\u00e0cia\/@41.4059221,2.151552,17.29z\/data=!4m5!3m4!1s0x12a4a2a36337ee4b:0x9fad67917c8d728!8m2!3d41.4060608!4d2.1533477?hl=ca\">here<\/a>, in the heart of the Gr\u00e0cia district of Barcelona.<\/p>\n<p>The Organizing Committee kindly asks any other registered participants to take care of their own housing. We usually work with\u00a0<a href=\"http:\/\/residenciaerasmusgracia.com\/\">Residencia Erasmus Gracia<\/a>,\u00a0<a href=\"http:\/\/www.resainn.com\/accommodation\/barcelona\">Residencia d&#8217;Investigadors<\/a> and <a href=\"http:\/\/www.hotelcampusuab.com\/EN\/hotel.html\">Hotel Campus<\/a>, but many other places might be OK too.<\/p>\n<p>COMMUTING BETWEEN BARCELONA AND THE UAB CAMPUS<\/p>\n<p>The UAB campus has 3 railway stations: <a href=\"https:\/\/www.google.es\/maps\/place\/Bellaterra\/@41.5008624,2.0883626,17z\/data=!3m1!4b1!4m5!3m4!1s0x12a4969e7249fd23:0xad4ee724ac48a244!8m2!3d41.5008584!4d2.0905566?hl=ca\">Bellaterra<\/a>, <a href=\"https:\/\/www.google.es\/maps\/place\/Universitat+Aut\u00f2noma\/@41.5028568,2.1003164,17z\/data=!3m1!4b1!4m5!3m4!1s0x12a4942a6e4eec79:0x46cd0d59af62ed74!8m2!3d41.5028528!4d2.1025104?hl=ca\">Universitat Autonoma<\/a> and <a href=\"https:\/\/www.google.es\/maps\/place\/Cerdanyola-Universitat\/@41.4970508,2.1132103,17z\/data=!3m1!4b1!4m5!3m4!1s0x12a49679fe412623:0x7246f61f3495277d!8m2!3d41.4970468!4d2.1154043?hl=ca\">Cerdanyola-Universitat<\/a>. The first two stations are operated by \u00a0<a href=\"http:\/\/www.fgc.cat\">FGC<\/a>, while the third is operated by\u00a0<a href=\"http:\/\/www.renfe.com\">Renfe<\/a>. More precisely:<\/p>\n<ul style=\"list-style-type: circle\">\n<li><a href=\"http:\/\/www.fgc.cat\/eng\/index.asp\">FGC<\/a>\u00a0connects the UAB campus with central Barcelona through the <a href=\"https:\/\/www.fgc.cat\/en\/fgc-network\/line-barcelona-valles\/\">BCN-Vall\u00e8s corridor<\/a> (lines S2 and S6). Frequencies are those of a metro service. It includes stops at Universitat Aut\u00f2noma, Bellaterra, Sant Cugat, Sarri\u00e0, Gr\u00e0cia, Proven\u00e7a and Pla\u00e7a Catalunya.<\/li>\n<li><a href=\"http:\/\/www.renfe.com\/EN\/viajeros\/cercanias\/barcelona\/\">Renfe<\/a>\u00a0connects the UAB campus with northern Barcelona with <a href=\"http:\/\/rodalies.gencat.cat\/en\/linies_estacions_i_trens\/servei_rodalia_barcelona\/index.html\">line R7<\/a>, which operates every half hour between\u00a0<a href=\"https:\/\/www.google.es\/maps\/place\/Cerdanyola-Universitat\/@41.4970508,2.1132103,17z\/data=!3m1!4b1!4m5!3m4!1s0x12a49679fe412623:0x7246f61f3495277d!8m2!3d41.4970468!4d2.1154043?hl=ca\">Cerdanyola Universitat station<\/a> and\u00a0<a href=\"https:\/\/www.google.es\/maps\/place\/Sant+Andreu+Arenal\/@41.4309778,2.1809259,17z\/data=!3m1!4b1!4m5!3m4!1s0x12a4bd27e0387f09:0x445ac81819abdd40!8m2!3d41.4309738!4d2.1831199?hl=ca\">Sant Andreu Arenal<\/a>\u00a0station, where you can commute with Bus or with Metro at <a href=\"https:\/\/www.google.es\/maps\/place\/Fabra+i+Puig\/@41.4137453,2.1632978,13.68z\/data=!4m5!3m4!1s0x12a4bd281742ca7b:0x5353fb88e373bd08!8m2!3d41.4296341!4d2.183661?hl=ca\">Fabra i Puig station<\/a>. It includes stops at Cerdanyola del Vall\u00e8s and Montcada i Reixac.<\/li>\n<\/ul>\n<p>Pricing of public transport is classified in zones. So, for moving within Barcelona <em>1-zone tickets<\/em> are enough. For moving between Barcelona and the UAB campus, a <em>2-zone ticket<\/em> is needed. All tickets allow to commute<span style=\"font-size: 1rem\">\u00a0with any public transport \u00a0(\u00a0<\/span><a style=\"font-size: 1rem\" href=\"https:\/\/www.tmb.cat\/en\/barcelona\/metro\/lines\">Metro<\/a><span style=\"font-size: 1rem\">, <\/span><a style=\"font-size: 1rem\" href=\"https:\/\/www.tmb.cat\/en\/barcelona\/buses\/lines\">Bus,<\/a><span style=\"font-size: 1rem\">\u00a0<\/span><a style=\"font-size: 1rem\" href=\"http:\/\/www.tram.cat\/en\/lines-and-times\/\">Tram<\/a><span style=\"font-size: 1rem\">\u00a0, Renfe and FGC), provided the total trip finishes in 1:15h for 1-zone trips, or 1:30h for 2-zone trips. The Organizing Committee recommends to buy the following tickets, depending on the duration of your stay:<\/span><\/p>\n<table style=\"height: 104px\" width=\"498\">\n<tbody>\n<tr>\n<td style=\"width: 160px\"><em>TRANSPORT CARD<\/em><\/td>\n<td style=\"width: 164px\"><em>NUMBER OF TRIPS<\/em><\/td>\n<td style=\"width: 128px\"><em>1-ZONE PRICE<\/em><\/td>\n<td style=\"width: 128px\"><em>2-ZONE PRICE<\/em><\/td>\n<\/tr>\n<tr>\n<td style=\"width: 160px\"><em>T-MES card<\/em><\/td>\n<td style=\"width: 164px\">unlimited (during 30 days)<\/td>\n<td style=\"width: 128px\">54,00 \u20ac<\/td>\n<td style=\"width: 128px\">72,70 \u20ac<\/td>\n<\/tr>\n<tr>\n<td style=\"width: 160px\"><em>T-10 card<\/em><\/td>\n<td style=\"width: 164px\">10 trips<\/td>\n<td style=\"width: 128px\">10,20 \u20ac<\/td>\n<td style=\"width: 128px\">20,10 \u20ac<\/td>\n<\/tr>\n<tr>\n<td style=\"width: 160px\"><em>single ticket<\/em><\/td>\n<td style=\"width: 164px\">1 trip<\/td>\n<td style=\"width: 128px\">2,20 \u20ac<\/td>\n<td style=\"width: 128px\">3,10 \u20ac<\/td>\n<\/tr>\n<\/tbody>\n<\/table>\n<p>All transport cards can be bought at any railway station, with cash or card.<\/p>\n<p>CONTACT<\/p>\n<p>Email us at <span style=\"text-decoration: underline\"><em>gftfm [at] mat.uab.cat<\/em><\/span> in case you have any question.<\/p>\n<p>&nbsp;<\/p>\n<p>&nbsp;<\/p>\n","protected":false},"excerpt":{"rendered":"<p>&nbsp; HOUSING Grantees will be staying at\u00a0Vila Universit\u00e0ria, which is\u00a0located at the UAB Campus, at walking distance from the faculties, and also to the Bellaterra and Universitat Autonoma\u00a0stations. Vila residents are allowed to use the open air swimming pool in Vila, as well as the UAB\u00a0gym, and many other services. Lecturers and speakers may be [&hellip;]<\/p>\n","protected":false},"author":1,"featured_media":0,"parent":0,"menu_order":0,"comment_status":"closed","ping_status":"closed","template":"","meta":{"footnotes":""},"class_list":["post-68","page","type-page","status-publish","hentry"],"_links":{"self":[{"href":"https:\/\/mat.uab.cat\/web\/gftfm\/wp-json\/wp\/v2\/pages\/68","targetHints":{"allow":["GET"]}}],"collection":[{"href":"https:\/\/mat.uab.cat\/web\/gftfm\/wp-json\/wp\/v2\/pages"}],"about":[{"href":"https:\/\/mat.uab.cat\/web\/gftfm\/wp-json\/wp\/v2\/types\/page"}],"author":[{"embeddable":true,"href":"https:\/\/mat.uab.cat\/web\/gftfm\/wp-json\/wp\/v2\/users\/1"}],"replies":[{"embeddable":true,"href":"https:\/\/mat.uab.cat\/web\/gftfm\/wp-json\/wp\/v2\/comments?post=68"}],"version-history":[{"count":21,"href":"https:\/\/mat.uab.cat\/web\/gftfm\/wp-json\/wp\/v2\/pages\/68\/revisions"}],"predecessor-version":[{"id":291,"href":"https:\/\/mat.uab.cat\/web\/gftfm\/wp-json\/wp\/v2\/pages\/68\/revisions\/291"}],"wp:attachment":[{"href":"https:\/\/mat.uab.cat\/web\/gftfm\/wp-json\/wp\/v2\/media?parent=68"}],"curies":[{"name":"wp","href":"https:\/\/api.w.org\/{rel}","templated":true}]}}