{"id":399,"date":"2013-10-31T11:19:51","date_gmt":"2013-10-31T09:19:51","guid":{"rendered":"http:\/\/mat.uab.cat\/~jvm\/?page_id=8"},"modified":"2023-09-26T14:40:09","modified_gmt":"2023-09-26T12:40:09","slug":"fitxa-personal","status":"publish","type":"page","link":"https:\/\/mat.uab.cat\/web\/jvm\/","title":{"rendered":"FITXA PERSONAL"},"content":{"rendered":"<table style=\"width: 100%\">\n<tbody>\n<tr>\n<td>\u00a0<b>JOAN VERDERA<\/b><br \/>\nCatedr\u00e0tic d&#8217;An\u00e0lisi Matem\u00e0tica<i>Mailing address:<\/i><br \/>\n<a href=\"http:\/\/mat.uab.es\/dpt\/welcome.html\" target=\"_parent\" rel=\"noopener\">Departament de Matem\u00e0tiques<\/a><br \/>\nUniversitat Aut\u00f2noma de Barcelona<br \/>\n08193 Bellaterra . Barcelona<br \/>\nSpain<\/p>\n<p><b>Research Interests:<\/b> Complex analysis, Harmonic analysis, Potential theory, Geometric measure theory.<\/td>\n<td>\u00a0<a href=\"http:\/\/mat.uab.cat\/web\/jvm\/wp-content\/uploads\/sites\/35\/2013\/10\/220px-Yellow_ribbon.svg_.png\"><img loading=\"lazy\" decoding=\"async\" class=\"alignnone wp-image-299\" src=\"http:\/\/mat.uab.cat\/web\/jvm\/wp-content\/uploads\/sites\/35\/2013\/10\/220px-Yellow_ribbon.svg_-185x300.png\" width=\"100\" height=\"162\" srcset=\"https:\/\/mat.uab.cat\/web\/jvm\/wp-content\/uploads\/sites\/35\/2013\/10\/220px-Yellow_ribbon.svg_-185x300.png 185w, https:\/\/mat.uab.cat\/web\/jvm\/wp-content\/uploads\/sites\/35\/2013\/10\/220px-Yellow_ribbon.svg_.png 220w\" sizes=\"auto, (max-width: 100px) 100vw, 100px\" \/><\/a><\/td>\n<td>\u00a0<a href=\"http:\/\/mat.uab.cat\/web\/jvm\/wp-content\/uploads\/sites\/35\/2013\/10\/verdera.jpg\"><img loading=\"lazy\" decoding=\"async\" class=\"alignright wp-image-7\" src=\"http:\/\/mat.uab.cat\/web\/jvm\/wp-content\/uploads\/sites\/35\/2013\/10\/verdera-300x225.jpg\" alt=\"verdera\" width=\"250\" height=\"188\" srcset=\"https:\/\/mat.uab.cat\/web\/jvm\/wp-content\/uploads\/sites\/35\/2013\/10\/verdera-300x225.jpg 300w, https:\/\/mat.uab.cat\/web\/jvm\/wp-content\/uploads\/sites\/35\/2013\/10\/verdera.jpg 320w\" sizes=\"auto, (max-width: 250px) 100vw, 250px\" \/><\/a><\/td>\n<\/tr>\n<\/tbody>\n<\/table>\n","protected":false},"excerpt":{"rendered":"<p>\u00a0JOAN VERDERA Catedr\u00e0tic d&#8217;An\u00e0lisi Matem\u00e0ticaMailing address: Departament de Matem\u00e0tiques Universitat Aut\u00f2noma de Barcelona 08193 Bellaterra . Barcelona Spain Research Interests: Complex analysis, Harmonic analysis, Potential theory, Geometric measure theory. \u00a0 \u00a0<\/p>\n","protected":false},"author":48,"featured_media":0,"parent":0,"menu_order":0,"comment_status":"closed","ping_status":"closed","template":"","meta":{"footnotes":""},"class_list":["post-399","page","type-page","status-publish","hentry"],"_links":{"self":[{"href":"https:\/\/mat.uab.cat\/web\/jvm\/wp-json\/wp\/v2\/pages\/399","targetHints":{"allow":["GET"]}}],"collection":[{"href":"https:\/\/mat.uab.cat\/web\/jvm\/wp-json\/wp\/v2\/pages"}],"about":[{"href":"https:\/\/mat.uab.cat\/web\/jvm\/wp-json\/wp\/v2\/types\/page"}],"author":[{"embeddable":true,"href":"https:\/\/mat.uab.cat\/web\/jvm\/wp-json\/wp\/v2\/users\/48"}],"replies":[{"embeddable":true,"href":"https:\/\/mat.uab.cat\/web\/jvm\/wp-json\/wp\/v2\/comments?post=399"}],"version-history":[{"count":1,"href":"https:\/\/mat.uab.cat\/web\/jvm\/wp-json\/wp\/v2\/pages\/399\/revisions"}],"predecessor-version":[{"id":420,"href":"https:\/\/mat.uab.cat\/web\/jvm\/wp-json\/wp\/v2\/pages\/399\/revisions\/420"}],"wp:attachment":[{"href":"https:\/\/mat.uab.cat\/web\/jvm\/wp-json\/wp\/v2\/media?parent=399"}],"curies":[{"name":"wp","href":"https:\/\/api.w.org\/{rel}","templated":true}]}}