{"id":417,"date":"2023-09-26T14:39:17","date_gmt":"2023-09-26T12:39:17","guid":{"rendered":"https:\/\/mat.uab.cat\/web\/jvm\/?page_id=417"},"modified":"2023-09-26T14:48:03","modified_gmt":"2023-09-26T12:48:03","slug":"catalonia","status":"publish","type":"page","link":"https:\/\/mat.uab.cat\/web\/jvm\/catalonia\/","title":{"rendered":"CATALONIA"},"content":{"rendered":"<p>Catalonia is my country. Catalonia has a long history, which goes back to the middle ages. Along the centuries government institutions were created and a civil law was slowly established. Catalonia lost its political institutions on September 11, 1714, after the war of succession to the throne of Spain, whose last episode was a long siege of Barcelona by the armies of the king of France Louis XVI and his nephew the French pretender Philip V. Not only the Catalan institutions were suppressed , but Catalan, the language of Catalonia, was forbidden in public activities. Catalan people has, however, conserved their language, in spite of the prohibition which has perdured for centuries. After the end of Franco\u2019s dictatorship a democratic constitution of Spain was proclamed in 1978 and Catalan became an official language in Catalonia, together with Castilian (Spanish), the official language of the Kingdom of Spain.<\/p>\n<p>After more than 39 years of democracy the independentist movement in Catalonia has gained since 2010 a big momentum. Massive demonstrations for independence have taken place on September 11, the national day of Catalonia, during the period 2012-2014, including a human chain in 2013 that traversed the whole country along 400 km. The police estimated the participation in 1.800.000 people (the population of Catalonia is 7.300.000 people). The spectacular rise of the strive for independence is due to several factors and is not easy to make them explicit and explain them to people unaware of the political dynamics of the Kingdom of Spain. The next few posts include books and articles that may help interested people in understanding the present political strive of Catalonia. Interested readers may also consult a through book by Germ\u00e0 Bel, whose English translation can be found in Amazon : \u201cDisdain, Distrust and Dissolution: The Surge of Support for Independence in Catalonia\u201d, (The Canada Blanch\/Sussex Academic Studie), Jan 15, 2015.<\/p>\n\n<div class=\"teachpress_pub_list\"><form name=\"tppublistform\" method=\"get\"><a name=\"tppubs\" id=\"tppubs\"><\/a><\/form><div class=\"teachpress_publication_list\"><h3 class=\"tp_h3\" id=\"tp_h3_2015\">2015<\/h3><div class=\"tp_publication tp_publication_article\"><div class=\"tp_pub_info\"><p class=\"tp_pub_author\">Joan Verdera<\/p><p class=\"tp_pub_title\"><a class=\"tp_title_link\" onclick=\"teachpress_pub_showhide('3','tp_links')\" style=\"cursor:pointer;\">La Catalogna verso l\u2019indipendenza<\/a> <span class=\"tp_pub_type tp_  article\">Journal Article<\/span> <\/p><p class=\"tp_pub_additional\"><span class=\"tp_pub_additional_in\">In: <\/span><span class=\"tp_pub_additional_year\">2015<\/span>.<\/p><p class=\"tp_pub_menu\"><span class=\"tp_abstract_link\"><a id=\"tp_abstract_sh_3\" class=\"tp_show\" onclick=\"teachpress_pub_showhide('3','tp_abstract')\" title=\"Show abstract\" style=\"cursor:pointer;\">Abstract<\/a><\/span> | <span class=\"tp_resource_link\"><a id=\"tp_links_sh_3\" class=\"tp_show\" onclick=\"teachpress_pub_showhide('3','tp_links')\" title=\"Show links and resources\" style=\"cursor:pointer;\">Links<\/a><\/span> | <span class=\"tp_bibtex_link\"><a id=\"tp_bibtex_sh_3\" class=\"tp_show\" onclick=\"teachpress_pub_showhide('3','tp_bibtex')\" title=\"Show BibTeX entry\" style=\"cursor:pointer;\">BibTeX<\/a><\/span><\/p><div class=\"tp_bibtex\" id=\"tp_bibtex_3\" style=\"display:none;\"><div class=\"tp_bibtex_entry\"><pre>@article{nokey,<br \/>\r\ntitle = {La Catalogna verso l\u2019indipendenza},<br \/>\r\nauthor = {Joan Verdera},<br \/>\r\nurl = {http:\/\/mat.uab.cat\/web\/jvm\/wp-content\/uploads\/sites\/35\/2023\/09\/Cat_verso_Mauceri.pdf},<br \/>\r\nyear  = {2015},<br \/>\r\ndate = {2015-04-04},<br \/>\r\nurldate = {2015-04-04},<br \/>\r\nabstract = {Vorrei contribuire con questo testo a spiegare agli italiani interessati l'origine e la natura del movimento per l'indipendenza della Catalogna. C'\\`{e} sempre stata in Catalogna, dalla perdita dello stato nel 1714, una manifestazione politica, pi\\`{u} o meno rilevante, della necessit\\`{a} di ricuperare l'indipendenza. Forse mai cos\\`{i} potente come ora. Non \\`{e} facile spiegare le ragioni di questo stato di cose. La stampa italiana riporta molto spesso solo la prospettiva \"spagnola\", tra l'altro perch\\'{e} gli inviati speciali risiedono a Madrid. Poi c'\\`{e} il fatto che il cittadino italiano applica alla considerazione dei problemi politici della Catalogna un pregiudizio, d'altra parte inevitabile, che nasce dall'esistenza di determinate forze politiche radicate nel nord dell'Italia. Qualsiasi parallelismo tra il movimento indipendentista catalano e la realt\\`{a} politica italiana \\`{e} totalmente escluso e uno degli obbiettivi di questo articolo \\`{e} chiarire questo fatto, che sfugge perfino a molti politici italiani. Qualche mese fa l'ex presidente del consiglio Romano Prodi fu intervistato dalla radio pubblica catalana. L'ultima domanda \\`{e} stata su come lui giudicava l'attuale situazione politica catalana e l'inizio della risposta \\`{e} stato \"Tutte queste indipendenze...\". Se dopo la lettura di queste pagine il lettore arriva alla conclusione che non c'\\`{e} in Europa un caso come il catalano mi considerer\\'{o} pienamente soddisfatto. },<br \/>\r\nkeywords = {},<br \/>\r\npubstate = {published},<br \/>\r\ntppubtype = {article}<br \/>\r\n}<br \/>\r\n<\/pre><\/div><p class=\"tp_close_menu\"><a class=\"tp_close\" onclick=\"teachpress_pub_showhide('3','tp_bibtex')\">Close<\/a><\/p><\/div><div class=\"tp_abstract\" id=\"tp_abstract_3\" style=\"display:none;\"><div class=\"tp_abstract_entry\">Vorrei contribuire con questo testo a spiegare agli italiani interessati l'origine e la natura del movimento per l'indipendenza della Catalogna. C'\u00e8 sempre stata in Catalogna, dalla perdita dello stato nel 1714, una manifestazione politica, pi\u00f9 o meno rilevante, della necessit\u00e0 di ricuperare l'indipendenza. Forse mai cos\u00ec potente come ora. Non \u00e8 facile spiegare le ragioni di questo stato di cose. La stampa italiana riporta molto spesso solo la prospettiva &quot;spagnola&quot;, tra l'altro perch\u00e9 gli inviati speciali risiedono a Madrid. Poi c'\u00e8 il fatto che il cittadino italiano applica alla considerazione dei problemi politici della Catalogna un pregiudizio, d'altra parte inevitabile, che nasce dall'esistenza di determinate forze politiche radicate nel nord dell'Italia. Qualsiasi parallelismo tra il movimento indipendentista catalano e la realt\u00e0 politica italiana \u00e8 totalmente escluso e uno degli obbiettivi di questo articolo \u00e8 chiarire questo fatto, che sfugge perfino a molti politici italiani. Qualche mese fa l'ex presidente del consiglio Romano Prodi fu intervistato dalla radio pubblica catalana. L'ultima domanda \u00e8 stata su come lui giudicava l'attuale situazione politica catalana e l'inizio della risposta \u00e8 stato &quot;Tutte queste indipendenze...&quot;. Se dopo la lettura di queste pagine il lettore arriva alla conclusione che non c'\u00e8 in Europa un caso come il catalano mi considerer\u00f3 pienamente soddisfatto. <\/div><p class=\"tp_close_menu\"><a class=\"tp_close\" onclick=\"teachpress_pub_showhide('3','tp_abstract')\">Close<\/a><\/p><\/div><div class=\"tp_links\" id=\"tp_links_3\" style=\"display:none;\"><div class=\"tp_links_entry\"><ul class=\"tp_pub_list\"><li><i class=\"fas fa-file-pdf\"><\/i><a class=\"tp_pub_list\" href=\"http:\/\/mat.uab.cat\/web\/jvm\/wp-content\/uploads\/sites\/35\/2023\/09\/Cat_verso_Mauceri.pdf\" title=\"http:\/\/mat.uab.cat\/web\/jvm\/wp-content\/uploads\/sites\/35\/2023\/09\/Cat_verso_Mauceri[...]\" target=\"_blank\">http:\/\/mat.uab.cat\/web\/jvm\/wp-content\/uploads\/sites\/35\/2023\/09\/Cat_verso_Mauceri[...]<\/a><\/li><\/ul><\/div><p class=\"tp_close_menu\"><a class=\"tp_close\" onclick=\"teachpress_pub_showhide('3','tp_links')\">Close<\/a><\/p><\/div><\/div><\/div><h3 class=\"tp_h3\" id=\"tp_h3_2013\">2013<\/h3><div class=\"tp_publication tp_publication_book\"><div class=\"tp_pub_info\"><p class=\"tp_pub_title\"><a class=\"tp_title_link\" onclick=\"teachpress_pub_showhide('2','tp_links')\" style=\"cursor:pointer;\">What\u2019s up with Catalonia<\/a> <span class=\"tp_pub_type tp_  book\">Book<\/span> <\/p><p class=\"tp_pub_additional\"><span class=\"tp_pub_additional_publisher\">Catalonia Press, <\/span><span class=\"tp_pub_additional_year\">2013<\/span>.<\/p><p class=\"tp_pub_menu\"><span class=\"tp_abstract_link\"><a id=\"tp_abstract_sh_2\" class=\"tp_show\" onclick=\"teachpress_pub_showhide('2','tp_abstract')\" title=\"Show abstract\" style=\"cursor:pointer;\">Abstract<\/a><\/span> | <span class=\"tp_resource_link\"><a id=\"tp_links_sh_2\" class=\"tp_show\" onclick=\"teachpress_pub_showhide('2','tp_links')\" title=\"Show links and resources\" style=\"cursor:pointer;\">Links<\/a><\/span> | <span class=\"tp_bibtex_link\"><a id=\"tp_bibtex_sh_2\" class=\"tp_show\" onclick=\"teachpress_pub_showhide('2','tp_bibtex')\" title=\"Show BibTeX entry\" style=\"cursor:pointer;\">BibTeX<\/a><\/span><\/p><div class=\"tp_bibtex\" id=\"tp_bibtex_2\" style=\"display:none;\"><div class=\"tp_bibtex_entry\"><pre>@book{nokey,<br \/>\r\ntitle = {What\u2019s up with Catalonia},<br \/>\r\nurl = {http:\/\/mat.uab.cat\/web\/jvm\/wp-content\/uploads\/sites\/35\/2023\/09\/WhatsupCAT1.pdf},<br \/>\r\nyear  = {2013},<br \/>\r\ndate = {2013-01-01},<br \/>\r\nurldate = {2013-01-01},<br \/>\r\npublisher = {Catalonia Press},<br \/>\r\nabstract = {This a collection of short essays on different aspects of the life of catalan society, written by politicians, activists, academics and writers. It may help people, even those familiar with the country, in reaching a better understanding of what is going on in Catalonia nowadays. I like particularly the article written by F.Xavier Vila on the language (\" It has always been there\", p. 31and that of Andreu Domingo on immigration (\"Catalonia, land of immigration\", p.39). },<br \/>\r\nkeywords = {},<br \/>\r\npubstate = {published},<br \/>\r\ntppubtype = {book}<br \/>\r\n}<br \/>\r\n<\/pre><\/div><p class=\"tp_close_menu\"><a class=\"tp_close\" onclick=\"teachpress_pub_showhide('2','tp_bibtex')\">Close<\/a><\/p><\/div><div class=\"tp_abstract\" id=\"tp_abstract_2\" style=\"display:none;\"><div class=\"tp_abstract_entry\">This a collection of short essays on different aspects of the life of catalan society, written by politicians, activists, academics and writers. It may help people, even those familiar with the country, in reaching a better understanding of what is going on in Catalonia nowadays. I like particularly the article written by F.Xavier Vila on the language (&quot; It has always been there&quot;, p. 31and that of Andreu Domingo on immigration (&quot;Catalonia, land of immigration&quot;, p.39). <\/div><p class=\"tp_close_menu\"><a class=\"tp_close\" onclick=\"teachpress_pub_showhide('2','tp_abstract')\">Close<\/a><\/p><\/div><div class=\"tp_links\" id=\"tp_links_2\" style=\"display:none;\"><div class=\"tp_links_entry\"><ul class=\"tp_pub_list\"><li><i class=\"fas fa-file-pdf\"><\/i><a class=\"tp_pub_list\" href=\"http:\/\/mat.uab.cat\/web\/jvm\/wp-content\/uploads\/sites\/35\/2023\/09\/WhatsupCAT1.pdf\" title=\"http:\/\/mat.uab.cat\/web\/jvm\/wp-content\/uploads\/sites\/35\/2023\/09\/WhatsupCAT1.pdf\" target=\"_blank\">http:\/\/mat.uab.cat\/web\/jvm\/wp-content\/uploads\/sites\/35\/2023\/09\/WhatsupCAT1.pdf<\/a><\/li><\/ul><\/div><p class=\"tp_close_menu\"><a class=\"tp_close\" onclick=\"teachpress_pub_showhide('2','tp_links')\">Close<\/a><\/p><\/div><\/div><\/div><\/div><\/div>\n","protected":false},"excerpt":{"rendered":"<p>Catalonia is my country. Catalonia has a long history, which goes back to the middle ages. Along the centuries government institutions were created and a civil law was slowly established. Catalonia lost its political institutions on September 11, 1714, after the war of succession to the throne of Spain, whose last episode was a long [&hellip;]<\/p>\n","protected":false},"author":1,"featured_media":0,"parent":0,"menu_order":0,"comment_status":"closed","ping_status":"closed","template":"","meta":{"footnotes":""},"class_list":["post-417","page","type-page","status-publish","hentry"],"_links":{"self":[{"href":"https:\/\/mat.uab.cat\/web\/jvm\/wp-json\/wp\/v2\/pages\/417","targetHints":{"allow":["GET"]}}],"collection":[{"href":"https:\/\/mat.uab.cat\/web\/jvm\/wp-json\/wp\/v2\/pages"}],"about":[{"href":"https:\/\/mat.uab.cat\/web\/jvm\/wp-json\/wp\/v2\/types\/page"}],"author":[{"embeddable":true,"href":"https:\/\/mat.uab.cat\/web\/jvm\/wp-json\/wp\/v2\/users\/1"}],"replies":[{"embeddable":true,"href":"https:\/\/mat.uab.cat\/web\/jvm\/wp-json\/wp\/v2\/comments?post=417"}],"version-history":[{"count":2,"href":"https:\/\/mat.uab.cat\/web\/jvm\/wp-json\/wp\/v2\/pages\/417\/revisions"}],"predecessor-version":[{"id":426,"href":"https:\/\/mat.uab.cat\/web\/jvm\/wp-json\/wp\/v2\/pages\/417\/revisions\/426"}],"wp:attachment":[{"href":"https:\/\/mat.uab.cat\/web\/jvm\/wp-json\/wp\/v2\/media?parent=417"}],"curies":[{"name":"wp","href":"https:\/\/api.w.org\/{rel}","templated":true}]}}