{"id":378,"date":"2022-04-06T11:25:45","date_gmt":"2022-04-06T09:25:45","guid":{"rendered":"https:\/\/mat.uab.cat\/web\/ligat\/?page_id=378"},"modified":"2023-02-28T12:22:33","modified_gmt":"2023-02-28T10:22:33","slug":"theses","status":"publish","type":"page","link":"https:\/\/mat.uab.cat\/web\/ligat\/theses\/","title":{"rendered":"Theses"},"content":{"rendered":"\n<p>\u00a0<\/p>\n<p><strong>Author:<\/strong> Eduard Vilalta Vila<br \/><strong>Title:<\/strong> The range problem and dimenson theory for the Cuntz Semigroup<br \/><strong>Date:<\/strong> 2022\/06\/21<br \/><strong>Advisor:<\/strong> Francesc Perera<\/p>\n<p><strong>Author:<\/strong> \u00c1lvaro S\u00e1nchez Madrigal<br \/><strong>Title:<\/strong> On the relation between homology and K-theory for \u00e9tale gropoids<br \/><strong>Date:<\/strong> 2022\/04\/25<br \/><strong>Advisor:<\/strong> Pere Ara and Joan Bosa<\/p>\n\n\n\n<p><strong>Author:<\/strong> Juan Luis Dur\u00e1n Batalla<br><strong>Title:<\/strong> Deformation and representations of low dimensional non-orientable hyperbolic manifolds<br><strong>Date:<\/strong> 2021\/10\/05<br><strong>Advisor:<\/strong> Joan Porti<\/p>\n\n\n\n<p><strong>Author:<\/strong> Alex Cebrian Galan<br><strong>Title:<\/strong> Combinatorics of plethysm via Segal groupoids and operads<br><strong>Date:<\/strong> 2020\/12\/18<br><strong>Advisor:<\/strong> Joachim Kock<\/p>\n\n\n\n<p><strong>Author:<\/strong> Lauren Cantier<br><strong>Title:<\/strong> A new invariant for the classification of C* algebras<br><strong>Date:<\/strong> 2019\/10\/02<br><strong>Advisor:<\/strong> Ramon Antoine and Francesc Perera<\/p>\n\n\n\n<p><strong>Author:<\/strong> Louis Carlier<br><strong>Title:<\/strong> Objective Combinatorics through descomposition spaces<br><strong>Date:<\/strong> 2019\/06\/14<br><strong>Advisor:<\/strong> Joachim Kock<\/p>\n\n\n\n<p><strong>Author:<\/strong> Joan Claramunt Caros<br><strong>Title:<\/strong> Silvester matrix rank functions on crossed products and the Atiyah problem<br><strong>Date:<\/strong> 2018\/12\/05<br><strong>Advisor:<\/strong> Pere Ara<\/p>\n\n\n<p><strong>Author:<\/strong> Ricard Riba Garcia<br><strong>Title:<\/strong> Trivial 2-cocylces for invariants of mod p homology spheres and Perron&#8217;s conjecture<br><strong>Date:<\/strong> 2018\/09\/27<br><strong>Advisor:<\/strong> Wofgang Pitsch<\/p>\n\n\n<p><strong>Author:<\/strong> Mar\u00eda Teresa Garc\u00eda G\u00e1lvez<br \/><strong>Title:<\/strong> Compactification of actions on products Cat(-1) spaces<br \/><strong>Date:<\/strong> 2018\/09\/18<br \/><strong>Advisor:<\/strong> Joan Porti<\/p>\n","protected":false},"excerpt":{"rendered":"<p>\u00a0 Author: Eduard Vilalta VilaTitle: The range problem and dimenson theory for the Cuntz SemigroupDate: 2022\/06\/21Advisor: Francesc Perera Author: \u00c1lvaro [&hellip;]<\/p>\n","protected":false},"author":4,"featured_media":0,"parent":0,"menu_order":0,"comment_status":"closed","ping_status":"closed","template":"page-templates\/full-width.php","meta":{"footnotes":""},"class_list":["post-378","page","type-page","status-publish","hentry"],"_links":{"self":[{"href":"https:\/\/mat.uab.cat\/web\/ligat\/wp-json\/wp\/v2\/pages\/378","targetHints":{"allow":["GET"]}}],"collection":[{"href":"https:\/\/mat.uab.cat\/web\/ligat\/wp-json\/wp\/v2\/pages"}],"about":[{"href":"https:\/\/mat.uab.cat\/web\/ligat\/wp-json\/wp\/v2\/types\/page"}],"author":[{"embeddable":true,"href":"https:\/\/mat.uab.cat\/web\/ligat\/wp-json\/wp\/v2\/users\/4"}],"replies":[{"embeddable":true,"href":"https:\/\/mat.uab.cat\/web\/ligat\/wp-json\/wp\/v2\/comments?post=378"}],"version-history":[{"count":5,"href":"https:\/\/mat.uab.cat\/web\/ligat\/wp-json\/wp\/v2\/pages\/378\/revisions"}],"predecessor-version":[{"id":417,"href":"https:\/\/mat.uab.cat\/web\/ligat\/wp-json\/wp\/v2\/pages\/378\/revisions\/417"}],"wp:attachment":[{"href":"https:\/\/mat.uab.cat\/web\/ligat\/wp-json\/wp\/v2\/media?parent=378"}],"curies":[{"name":"wp","href":"https:\/\/api.w.org\/{rel}","templated":true}]}}