{"id":286,"date":"2020-04-21T08:39:12","date_gmt":"2020-04-21T08:39:12","guid":{"rendered":"http:\/\/mat.uab.cat\/web\/matmat\/?page_id=286"},"modified":"2020-06-04T15:41:43","modified_gmt":"2020-06-04T15:41:43","slug":"inici","status":"publish","type":"page","link":"https:\/\/mat.uab.cat\/web\/matmat\/","title":{"rendered":"Inici"},"content":{"rendered":"\n\n<p>Mat<sup>2<\/sup> \u00e9s la revista electr\u00f2nica de Divulgaci\u00f3 Matem\u00e0tica editada pel <a href=\"http:\/\/mat.uab.cat\" target=\"_blank\" rel=\"noopener\">Departament de Matem\u00e0tiques<\/a> de la <a href=\"http:\/\/www.uab.cat\" target=\"_blank\" rel=\"noopener\">Universitat Aut\u00f2noma de Barcelona<\/a>.<\/p>\n<p>L&#8217;objectiu d&#8217;aquesta revista \u00e9s la difusi\u00f3 de les matem\u00e0tiques per mitj\u00e0 de la publicaci\u00f3 electr\u00f2nica de treballs originals. Aquests articles van dirigits a un ventall ampli de lectors que pret\u00e9n cobrir des dels joves interessats per les matem\u00e0tiques fins a matem\u00e0tics professionals.<\/p>\n<p>Els treballs poden estar escrits en qualsevol dels idiomes usats de forma habitual en la comunitat matem\u00e0tica d&#8217;aquest pa\u00eds.<\/p>\n<p>Per a facilitar la seva consulta, el treballs van acompanyats d&#8217;una indicaci\u00f3 del p\u00fablic al que van dirigits, amb el codi seg\u00fcent:<\/p>\n<div>\n<p><a href=\"http:\/\/mat.uab.cat\/web\/matmat\/wp-content\/uploads\/sites\/23\/2020\/04\/mes.png\"><img loading=\"lazy\" decoding=\"async\" class=\"alignnone wp-image-350\" src=\"http:\/\/mat.uab.cat\/web\/matmat\/wp-content\/uploads\/sites\/23\/2020\/04\/mes.png\" alt=\"\" width=\"24\" height=\"24\" \/>\u00a0<\/a>Lectors interessats per les matem\u00e0tiques.<\/p>\n<p><a href=\"http:\/\/mat.uab.cat\/web\/matmat\/wp-content\/uploads\/sites\/23\/2020\/04\/sum.png\"><img loading=\"lazy\" decoding=\"async\" class=\"alignnone wp-image-351\" src=\"http:\/\/mat.uab.cat\/web\/matmat\/wp-content\/uploads\/sites\/23\/2020\/04\/sum.png\" alt=\"\" width=\"24\" height=\"24\" \/>\u00a0<\/a>Lectors amb coneixements matem\u00e0tics.<\/p>\n<p><a href=\"http:\/\/mat.uab.cat\/web\/matmat\/wp-content\/uploads\/sites\/23\/2020\/04\/integral.png\"><img loading=\"lazy\" decoding=\"async\" class=\"alignnone wp-image-349\" src=\"http:\/\/mat.uab.cat\/web\/matmat\/wp-content\/uploads\/sites\/23\/2020\/04\/integral.png\" alt=\"\" width=\"24\" height=\"24\" \/>\u00a0<\/a>Matem\u00e0tics.<\/p>\n<\/div>\n<p><img loading=\"lazy\" decoding=\"async\" class=\" wp-image-422 alignright\" src=\"http:\/\/mat.uab.cat\/web\/matmat\/wp-content\/uploads\/sites\/23\/2020\/04\/ColumnesUAB-300x225.png\" alt=\"\" width=\"245\" height=\"184\" srcset=\"https:\/\/mat.uab.cat\/web\/matmat\/wp-content\/uploads\/sites\/23\/2020\/04\/ColumnesUAB-300x225.png 300w, https:\/\/mat.uab.cat\/web\/matmat\/wp-content\/uploads\/sites\/23\/2020\/04\/ColumnesUAB.png 349w\" sizes=\"auto, (max-width: 245px) 100vw, 245px\" \/><\/p>\n<p style=\"text-align: center\">\u00a0<\/p>","protected":false},"excerpt":{"rendered":"<p>Mat2 \u00e9s la revista electr\u00f2nica de Divulgaci\u00f3 Matem\u00e0tica editada pel Departament de Matem\u00e0tiques de la Universitat Aut\u00f2noma de Barcelona. L&#8217;objectiu d&#8217;aquesta revista \u00e9s la difusi\u00f3 de les matem\u00e0tiques per mitj\u00e0 de la publicaci\u00f3 electr\u00f2nica de treballs originals. Aquests articles van dirigits a un ventall ampli de lectors que pret\u00e9n cobrir des dels joves interessats per &hellip; <a href=\"https:\/\/mat.uab.cat\/web\/matmat\/\" class=\"more-link\">Continua la lectura de <span class=\"screen-reader-text\">Inici<\/span> <span class=\"meta-nav\">&rarr;<\/span><\/a><\/p>\n","protected":false},"author":1,"featured_media":0,"parent":0,"menu_order":0,"comment_status":"closed","ping_status":"closed","template":"","meta":{"footnotes":""},"class_list":["post-286","page","type-page","status-publish","hentry"],"_links":{"self":[{"href":"https:\/\/mat.uab.cat\/web\/matmat\/wp-json\/wp\/v2\/pages\/286","targetHints":{"allow":["GET"]}}],"collection":[{"href":"https:\/\/mat.uab.cat\/web\/matmat\/wp-json\/wp\/v2\/pages"}],"about":[{"href":"https:\/\/mat.uab.cat\/web\/matmat\/wp-json\/wp\/v2\/types\/page"}],"author":[{"embeddable":true,"href":"https:\/\/mat.uab.cat\/web\/matmat\/wp-json\/wp\/v2\/users\/1"}],"replies":[{"embeddable":true,"href":"https:\/\/mat.uab.cat\/web\/matmat\/wp-json\/wp\/v2\/comments?post=286"}],"version-history":[{"count":34,"href":"https:\/\/mat.uab.cat\/web\/matmat\/wp-json\/wp\/v2\/pages\/286\/revisions"}],"predecessor-version":[{"id":910,"href":"https:\/\/mat.uab.cat\/web\/matmat\/wp-json\/wp\/v2\/pages\/286\/revisions\/910"}],"wp:attachment":[{"href":"https:\/\/mat.uab.cat\/web\/matmat\/wp-json\/wp\/v2\/media?parent=286"}],"curies":[{"name":"wp","href":"https:\/\/api.w.org\/{rel}","templated":true}]}}