{"id":458,"date":"2020-04-28T10:15:57","date_gmt":"2020-04-28T10:15:57","guid":{"rendered":"http:\/\/mat.uab.cat\/web\/matmat\/?page_id=458"},"modified":"2020-06-04T15:42:14","modified_gmt":"2020-06-04T15:42:14","slug":"inicio","status":"publish","type":"page","link":"https:\/\/mat.uab.cat\/web\/matmat\/es\/inicio\/","title":{"rendered":"Inicio"},"content":{"rendered":"<p>Mat<sup>2<\/sup> es la revista electr\u00f3nica de Divulgaci\u00f3n Matem\u00e1tica editada por el <a href=\"http:\/\/mat.uab.cat\" target=\"_blank\" rel=\"noopener\">Departamento de Matem\u00e1ticas<\/a> de la <a href=\"http:\/\/www.uab.cat\" target=\"_blank\" rel=\"noopener\">Universitat Aut\u00f2noma de Barcelona<\/a>.<\/p>\n<p>El objetivo de esta revista es la difusi\u00f3n de las matem\u00e1ticas por medio de la publicaci\u00f3n electr\u00f3nica de trabajos originales. Estos art\u00edculos van dirigidos a un \u00e1mplio espectro de lectores que pretende cubrir desde los j\u00f3venes interesados en las matem\u00e1ticas hasta los matem\u00e1ticos profesionales.<\/p>\n<p>Los trabajos pueden estar escritos en cualquiera de los idiomas usados de forma habitual en la comunidad matem\u00e1tica del pa\u00eds.<\/p>\n<p>Para facilitar su consulta, los trabajos van acompa\u00f1ados de una indicaci\u00f3n del p\u00fablico al que van dirigidos con el siguiente c\u00f3digo:<\/p>\n<div>\n<p><a href=\"http:\/\/mat.uab.cat\/web\/matmat\/wp-content\/uploads\/sites\/23\/2020\/04\/mes.png\"><img loading=\"lazy\" decoding=\"async\" class=\"alignnone wp-image-350\" src=\"http:\/\/mat.uab.cat\/web\/matmat\/wp-content\/uploads\/sites\/23\/2020\/04\/mes.png\" alt=\"\" width=\"24\" height=\"24\" \/><\/a> Lectores interesados por las matem\u00e1ticas.<\/p>\n<p><a href=\"http:\/\/mat.uab.cat\/web\/matmat\/wp-content\/uploads\/sites\/23\/2020\/04\/sum.png\"><img loading=\"lazy\" decoding=\"async\" class=\"alignnone wp-image-351\" src=\"http:\/\/mat.uab.cat\/web\/matmat\/wp-content\/uploads\/sites\/23\/2020\/04\/sum.png\" alt=\"\" width=\"24\" height=\"24\" \/><\/a> Lectores con conocimientos matem\u00e1ticos.<\/p>\n<p><a href=\"http:\/\/mat.uab.cat\/web\/matmat\/wp-content\/uploads\/sites\/23\/2020\/04\/integral.png\"><img loading=\"lazy\" decoding=\"async\" class=\"alignnone wp-image-349\" src=\"http:\/\/mat.uab.cat\/web\/matmat\/wp-content\/uploads\/sites\/23\/2020\/04\/integral.png\" alt=\"\" width=\"24\" height=\"24\" \/><\/a> Matem\u00e1ticos.<\/p>\n<\/div>\n<p><img loading=\"lazy\" decoding=\"async\" class=\" wp-image-422 alignright\" src=\"http:\/\/mat.uab.cat\/web\/matmat\/wp-content\/uploads\/sites\/23\/2020\/04\/ColumnesUAB-300x225.png\" alt=\"\" width=\"245\" height=\"184\" srcset=\"https:\/\/mat.uab.cat\/web\/matmat\/wp-content\/uploads\/sites\/23\/2020\/04\/ColumnesUAB-300x225.png 300w, https:\/\/mat.uab.cat\/web\/matmat\/wp-content\/uploads\/sites\/23\/2020\/04\/ColumnesUAB.png 349w\" sizes=\"auto, (max-width: 245px) 100vw, 245px\" \/><\/p>\n","protected":false},"excerpt":{"rendered":"<p>Mat2 es la revista electr\u00f3nica de Divulgaci\u00f3n Matem\u00e1tica editada por el Departamento de Matem\u00e1ticas de la Universitat Aut\u00f2noma de Barcelona. El objetivo de esta revista es la difusi\u00f3n de las matem\u00e1ticas por medio de la publicaci\u00f3n electr\u00f3nica de trabajos originales. Estos art\u00edculos van dirigidos a un \u00e1mplio espectro de lectores que pretende cubrir desde los &hellip; <a href=\"https:\/\/mat.uab.cat\/web\/matmat\/es\/inicio\/\" class=\"more-link\">Continua la lectura de <span class=\"screen-reader-text\">Inicio<\/span> <span class=\"meta-nav\">&rarr;<\/span><\/a><\/p>\n","protected":false},"author":1,"featured_media":0,"parent":0,"menu_order":0,"comment_status":"closed","ping_status":"closed","template":"","meta":{"footnotes":""},"class_list":["post-458","page","type-page","status-publish","hentry"],"_links":{"self":[{"href":"https:\/\/mat.uab.cat\/web\/matmat\/wp-json\/wp\/v2\/pages\/458","targetHints":{"allow":["GET"]}}],"collection":[{"href":"https:\/\/mat.uab.cat\/web\/matmat\/wp-json\/wp\/v2\/pages"}],"about":[{"href":"https:\/\/mat.uab.cat\/web\/matmat\/wp-json\/wp\/v2\/types\/page"}],"author":[{"embeddable":true,"href":"https:\/\/mat.uab.cat\/web\/matmat\/wp-json\/wp\/v2\/users\/1"}],"replies":[{"embeddable":true,"href":"https:\/\/mat.uab.cat\/web\/matmat\/wp-json\/wp\/v2\/comments?post=458"}],"version-history":[{"count":7,"href":"https:\/\/mat.uab.cat\/web\/matmat\/wp-json\/wp\/v2\/pages\/458\/revisions"}],"predecessor-version":[{"id":912,"href":"https:\/\/mat.uab.cat\/web\/matmat\/wp-json\/wp\/v2\/pages\/458\/revisions\/912"}],"wp:attachment":[{"href":"https:\/\/mat.uab.cat\/web\/matmat\/wp-json\/wp\/v2\/media?parent=458"}],"curies":[{"name":"wp","href":"https:\/\/api.w.org\/{rel}","templated":true}]}}