{"id":594,"date":"2020-04-28T15:44:07","date_gmt":"2020-04-28T15:44:07","guid":{"rendered":"http:\/\/mat.uab.cat\/web\/matmat\/?page_id=594"},"modified":"2025-05-14T10:28:43","modified_gmt":"2025-05-14T10:28:43","slug":"sotmetre","status":"publish","type":"page","link":"https:\/\/mat.uab.cat\/web\/matmat\/sotmetre\/","title":{"rendered":"Sotmetre"},"content":{"rendered":"\n<p>Per a sotmetre treballs a aquesta revista envieu-los a qualsevol dels editors<\/p>\n<p>Armengol Gasull\u00a0\u00a0 o\u00a0\u00a0 Gregori Guasp<\/p>\n<p>preferentment per correu electr\u00f2nic a <a href=\"mailto:matmat@uab.cat\">l\u2019adre\u00e7a electr\u00f2nica de la revista<\/a>, o b\u00e9 per correu ordinari a:<\/p>\n<p>Materials Matem\u00e0tics<br \/><a href=\"http:\/\/mat.uab.cat\" target=\"_blank\" rel=\"noopener\">Departament de Matem\u00e0tiques<\/a><br \/>Universitat Aut\u00f2noma de Barcelona<br \/>08193 Bellaterra (Barcelona)<\/p>\n","protected":false},"excerpt":{"rendered":"<p>Per a sotmetre treballs a aquesta revista envieu-los a qualsevol dels editors Armengol Gasull\u00a0\u00a0 o\u00a0\u00a0 Gregori Guasp preferentment per correu electr\u00f2nic a l\u2019adre\u00e7a electr\u00f2nica de la revista, o b\u00e9 per correu ordinari a: Materials Matem\u00e0ticsDepartament de Matem\u00e0tiquesUniversitat Aut\u00f2noma de Barcelona08193 Bellaterra (Barcelona)<\/p>\n","protected":false},"author":30,"featured_media":0,"parent":0,"menu_order":0,"comment_status":"closed","ping_status":"closed","template":"","meta":{"footnotes":""},"class_list":["post-594","page","type-page","status-publish","hentry"],"_links":{"self":[{"href":"https:\/\/mat.uab.cat\/web\/matmat\/wp-json\/wp\/v2\/pages\/594","targetHints":{"allow":["GET"]}}],"collection":[{"href":"https:\/\/mat.uab.cat\/web\/matmat\/wp-json\/wp\/v2\/pages"}],"about":[{"href":"https:\/\/mat.uab.cat\/web\/matmat\/wp-json\/wp\/v2\/types\/page"}],"author":[{"embeddable":true,"href":"https:\/\/mat.uab.cat\/web\/matmat\/wp-json\/wp\/v2\/users\/30"}],"replies":[{"embeddable":true,"href":"https:\/\/mat.uab.cat\/web\/matmat\/wp-json\/wp\/v2\/comments?post=594"}],"version-history":[{"count":10,"href":"https:\/\/mat.uab.cat\/web\/matmat\/wp-json\/wp\/v2\/pages\/594\/revisions"}],"predecessor-version":[{"id":1097,"href":"https:\/\/mat.uab.cat\/web\/matmat\/wp-json\/wp\/v2\/pages\/594\/revisions\/1097"}],"wp:attachment":[{"href":"https:\/\/mat.uab.cat\/web\/matmat\/wp-json\/wp\/v2\/media?parent=594"}],"curies":[{"name":"wp","href":"https:\/\/api.w.org\/{rel}","templated":true}]}}