{"id":597,"date":"2020-04-28T15:49:11","date_gmt":"2020-04-28T15:49:11","guid":{"rendered":"http:\/\/mat.uab.cat\/web\/matmat\/?page_id=597"},"modified":"2025-05-14T10:27:37","modified_gmt":"2025-05-14T10:27:37","slug":"someter","status":"publish","type":"page","link":"https:\/\/mat.uab.cat\/web\/matmat\/es\/someter\/","title":{"rendered":"Someter"},"content":{"rendered":"<p>Para someter trabajos a esta revista enviarlos a cualquiera de los editores<\/p>\n<p>Armengol Gasull o Gregori Guasp<\/p>\n<p>preferentemente por correo electr\u00f3nico a <a href=\"mailto:matmat@uab.cat\">la direcci\u00f3n electr\u00f3nica de la revista<\/a>, o bien por correo ordinario a:<\/p>\n<p>Materials Matem\u00e0tics<br \/>\n<a href=\"http:\/\/mat.uab.cat\" target=\"_blank\" rel=\"noopener\">Departament de Matem\u00e0tiques<\/a><br \/>\nUniversitat Aut\u00f2noma de Barcelona<br \/>\n08193 Bellaterra (Barcelona)<\/p>\n","protected":false},"excerpt":{"rendered":"<p>Para someter trabajos a esta revista enviarlos a cualquiera de los editores Armengol Gasull o Gregori Guasp preferentemente por correo electr\u00f3nico a la direcci\u00f3n electr\u00f3nica de la revista, o bien por correo ordinario a: Materials Matem\u00e0tics Departament de Matem\u00e0tiques Universitat Aut\u00f2noma de Barcelona 08193 Bellaterra (Barcelona)<\/p>\n","protected":false},"author":30,"featured_media":0,"parent":0,"menu_order":0,"comment_status":"closed","ping_status":"closed","template":"","meta":{"footnotes":""},"class_list":["post-597","page","type-page","status-publish","hentry"],"_links":{"self":[{"href":"https:\/\/mat.uab.cat\/web\/matmat\/wp-json\/wp\/v2\/pages\/597","targetHints":{"allow":["GET"]}}],"collection":[{"href":"https:\/\/mat.uab.cat\/web\/matmat\/wp-json\/wp\/v2\/pages"}],"about":[{"href":"https:\/\/mat.uab.cat\/web\/matmat\/wp-json\/wp\/v2\/types\/page"}],"author":[{"embeddable":true,"href":"https:\/\/mat.uab.cat\/web\/matmat\/wp-json\/wp\/v2\/users\/30"}],"replies":[{"embeddable":true,"href":"https:\/\/mat.uab.cat\/web\/matmat\/wp-json\/wp\/v2\/comments?post=597"}],"version-history":[{"count":8,"href":"https:\/\/mat.uab.cat\/web\/matmat\/wp-json\/wp\/v2\/pages\/597\/revisions"}],"predecessor-version":[{"id":1096,"href":"https:\/\/mat.uab.cat\/web\/matmat\/wp-json\/wp\/v2\/pages\/597\/revisions\/1096"}],"wp:attachment":[{"href":"https:\/\/mat.uab.cat\/web\/matmat\/wp-json\/wp\/v2\/media?parent=597"}],"curies":[{"name":"wp","href":"https:\/\/api.w.org\/{rel}","templated":true}]}}