{"id":599,"date":"2020-04-28T15:50:15","date_gmt":"2020-04-28T15:50:15","guid":{"rendered":"http:\/\/mat.uab.cat\/web\/matmat\/?page_id=599"},"modified":"2025-05-14T10:29:06","modified_gmt":"2025-05-14T10:29:06","slug":"submit","status":"publish","type":"page","link":"https:\/\/mat.uab.cat\/web\/matmat\/en\/submit\/","title":{"rendered":"Submit"},"content":{"rendered":"<p>To submit a paper to this journal, please send it to either of the editors<\/p>\n<p>Armengol Gasull or Gregori Guasp<\/p>\n<p>preferably electronically to the <a href=\"mailto:matmat@uab.cat\">electronic address of the journal<\/a>, or by ordinary mail to:<\/p>\n<p>Materials Matem\u00e0tics<br \/>\n<a href=\"http:\/\/mat.uab.cat\" target=\"_blank\" rel=\"noopener\">Departament de Matem\u00e0tiques<\/a><br \/>\nUniversitat Aut\u00f2noma de Barcelona<br \/>\n08193 Bellaterra (Barcelona)<\/p>\n","protected":false},"excerpt":{"rendered":"<p>To submit a paper to this journal, please send it to either of the editors Armengol Gasull or Gregori Guasp preferably electronically to the electronic address of the journal, or by ordinary mail to: Materials Matem\u00e0tics Departament de Matem\u00e0tiques Universitat Aut\u00f2noma de Barcelona 08193 Bellaterra (Barcelona)<\/p>\n","protected":false},"author":30,"featured_media":0,"parent":0,"menu_order":0,"comment_status":"closed","ping_status":"closed","template":"","meta":{"footnotes":""},"class_list":["post-599","page","type-page","status-publish","hentry"],"_links":{"self":[{"href":"https:\/\/mat.uab.cat\/web\/matmat\/wp-json\/wp\/v2\/pages\/599","targetHints":{"allow":["GET"]}}],"collection":[{"href":"https:\/\/mat.uab.cat\/web\/matmat\/wp-json\/wp\/v2\/pages"}],"about":[{"href":"https:\/\/mat.uab.cat\/web\/matmat\/wp-json\/wp\/v2\/types\/page"}],"author":[{"embeddable":true,"href":"https:\/\/mat.uab.cat\/web\/matmat\/wp-json\/wp\/v2\/users\/30"}],"replies":[{"embeddable":true,"href":"https:\/\/mat.uab.cat\/web\/matmat\/wp-json\/wp\/v2\/comments?post=599"}],"version-history":[{"count":9,"href":"https:\/\/mat.uab.cat\/web\/matmat\/wp-json\/wp\/v2\/pages\/599\/revisions"}],"predecessor-version":[{"id":1098,"href":"https:\/\/mat.uab.cat\/web\/matmat\/wp-json\/wp\/v2\/pages\/599\/revisions\/1098"}],"wp:attachment":[{"href":"https:\/\/mat.uab.cat\/web\/matmat\/wp-json\/wp\/v2\/media?parent=599"}],"curies":[{"name":"wp","href":"https:\/\/api.w.org\/{rel}","templated":true}]}}