{"id":627,"date":"2020-04-29T14:36:08","date_gmt":"2020-04-29T14:36:08","guid":{"rendered":"http:\/\/mat.uab.cat\/web\/matmat\/?page_id=627"},"modified":"2024-11-11T16:17:04","modified_gmt":"2024-11-11T16:17:04","slug":"contacte","status":"publish","type":"page","link":"https:\/\/mat.uab.cat\/web\/matmat\/contacte\/","title":{"rendered":"Contacte"},"content":{"rendered":"<p>Per a qualsevol pregunta podeu contactar amb qualsevol dels editors<\/p>\n<p>Armengol Gasull\u00a0\u00a0 o\u00a0\u00a0 Gregori Guasp<\/p>\n<p>preferentment per correu electr\u00f2nic a <a href=\"mailto:matmat@uab.cat\">l\u2019adre\u00e7a electr\u00f2nica de la revista<\/a>.<\/p>\n<hr style=\"color: #9f4d16; background-color: #9f4d16; height: 8px; width: 100%;\" \/>\n<p>Si voleu ser avisats cada cop que un nou treball sigui publicat, cliqueu <a href=\"mailto:matmat@uab.cat?subject=Subscripcio%20a%20MAT2&amp;body=Desitjo%20rebre%20notificacions%20dels%20articles%20que%20apareguin%20a%20Mat2\" data-wplink-edit=\"true\">aqu\u00ed<\/a> per a enviar un correu electr\u00f2nic<\/p>\n","protected":false},"excerpt":{"rendered":"<p>Per a qualsevol pregunta podeu contactar amb qualsevol dels editors Armengol Gasull\u00a0\u00a0 o\u00a0\u00a0 Gregori Guasp preferentment per correu electr\u00f2nic a l\u2019adre\u00e7a electr\u00f2nica de la revista. Si voleu ser avisats cada cop que un nou treball sigui publicat, cliqueu aqu\u00ed per a enviar un correu electr\u00f2nic<\/p>\n","protected":false},"author":30,"featured_media":0,"parent":0,"menu_order":0,"comment_status":"closed","ping_status":"closed","template":"","meta":{"footnotes":""},"class_list":["post-627","page","type-page","status-publish","hentry"],"_links":{"self":[{"href":"https:\/\/mat.uab.cat\/web\/matmat\/wp-json\/wp\/v2\/pages\/627","targetHints":{"allow":["GET"]}}],"collection":[{"href":"https:\/\/mat.uab.cat\/web\/matmat\/wp-json\/wp\/v2\/pages"}],"about":[{"href":"https:\/\/mat.uab.cat\/web\/matmat\/wp-json\/wp\/v2\/types\/page"}],"author":[{"embeddable":true,"href":"https:\/\/mat.uab.cat\/web\/matmat\/wp-json\/wp\/v2\/users\/30"}],"replies":[{"embeddable":true,"href":"https:\/\/mat.uab.cat\/web\/matmat\/wp-json\/wp\/v2\/comments?post=627"}],"version-history":[{"count":3,"href":"https:\/\/mat.uab.cat\/web\/matmat\/wp-json\/wp\/v2\/pages\/627\/revisions"}],"predecessor-version":[{"id":1047,"href":"https:\/\/mat.uab.cat\/web\/matmat\/wp-json\/wp\/v2\/pages\/627\/revisions\/1047"}],"wp:attachment":[{"href":"https:\/\/mat.uab.cat\/web\/matmat\/wp-json\/wp\/v2\/media?parent=627"}],"curies":[{"name":"wp","href":"https:\/\/api.w.org\/{rel}","templated":true}]}}