{"id":630,"date":"2020-04-29T14:37:38","date_gmt":"2020-04-29T14:37:38","guid":{"rendered":"http:\/\/mat.uab.cat\/web\/matmat\/?page_id=630"},"modified":"2024-11-11T16:17:20","modified_gmt":"2024-11-11T16:17:20","slug":"contacto","status":"publish","type":"page","link":"https:\/\/mat.uab.cat\/web\/matmat\/es\/contacto\/","title":{"rendered":"Contacto"},"content":{"rendered":"<p>Puede contactar con cualquiera de los editores<\/p>\n<p>Armengol Gasull o Gregori Guasp<\/p>\n<p>preferentemente por correo electr\u00f3nico a <a href=\"mailto:matmat@uab.cat\">la direcci\u00f3n electr\u00f3nica de la revista<\/a>.<\/p>\n<hr style=\"color: #9f4d16;background-color: #9f4d16;height: 8px;width: 100%\" \/>\n<p>Si se desea recibir un aviso cada vez que se publique un nuevo trabajo, clicar <a href=\"mailto:matmat@uab.cat?subject=Subscripcio%20a%20MAT2&amp;body=Desitjo%20rebre%20notificacions%20dels%20articles%20que%20apareguin%20a%20Mat2\">aqu\u00ed<\/a> para enviar un correo electr\u00f3nico.<\/p>\n\n","protected":false},"excerpt":{"rendered":"<p>Puede contactar con cualquiera de los editores Armengol Gasull o Gregori Guasp preferentemente por correo electr\u00f3nico a la direcci\u00f3n electr\u00f3nica de la revista. Si se desea recibir un aviso cada vez que se publique un nuevo trabajo, clicar aqu\u00ed para enviar un correo electr\u00f3nico.<\/p>\n","protected":false},"author":30,"featured_media":0,"parent":0,"menu_order":0,"comment_status":"closed","ping_status":"closed","template":"","meta":{"footnotes":""},"class_list":["post-630","page","type-page","status-publish","hentry"],"_links":{"self":[{"href":"https:\/\/mat.uab.cat\/web\/matmat\/wp-json\/wp\/v2\/pages\/630","targetHints":{"allow":["GET"]}}],"collection":[{"href":"https:\/\/mat.uab.cat\/web\/matmat\/wp-json\/wp\/v2\/pages"}],"about":[{"href":"https:\/\/mat.uab.cat\/web\/matmat\/wp-json\/wp\/v2\/types\/page"}],"author":[{"embeddable":true,"href":"https:\/\/mat.uab.cat\/web\/matmat\/wp-json\/wp\/v2\/users\/30"}],"replies":[{"embeddable":true,"href":"https:\/\/mat.uab.cat\/web\/matmat\/wp-json\/wp\/v2\/comments?post=630"}],"version-history":[{"count":3,"href":"https:\/\/mat.uab.cat\/web\/matmat\/wp-json\/wp\/v2\/pages\/630\/revisions"}],"predecessor-version":[{"id":1048,"href":"https:\/\/mat.uab.cat\/web\/matmat\/wp-json\/wp\/v2\/pages\/630\/revisions\/1048"}],"wp:attachment":[{"href":"https:\/\/mat.uab.cat\/web\/matmat\/wp-json\/wp\/v2\/media?parent=630"}],"curies":[{"name":"wp","href":"https:\/\/api.w.org\/{rel}","templated":true}]}}