{"id":1128,"date":"2021-01-23T22:46:42","date_gmt":"2021-01-23T22:46:42","guid":{"rendered":"http:\/\/mat.uab.cat\/web\/mcs\/?page_id=1128"},"modified":"2025-09-15T09:41:54","modified_gmt":"2025-09-15T09:41:54","slug":"perfil","status":"publish","type":"page","link":"https:\/\/mat.uab.cat\/web\/mcs\/perfil\/","title":{"rendered":"Perfil"},"content":{"rendered":"<p><div class=\"fusion-fullwidth fullwidth-box fusion-builder-row-1 fusion-flex-container has-pattern-background has-mask-background nonhundred-percent-fullwidth non-hundred-percent-height-scrolling\" style=\"--awb-border-radius-top-left:0px;--awb-border-radius-top-right:0px;--awb-border-radius-bottom-right:0px;--awb-border-radius-bottom-left:0px;--awb-background-color:#ffffff;--awb-flex-wrap:wrap;\" ><div class=\"fusion-builder-row fusion-row fusion-flex-align-items-flex-start fusion-flex-content-wrap\" style=\"max-width:1216.8px;margin-left: calc(-4% \/ 2 );margin-right: calc(-4% \/ 2 );\"><div class=\"fusion-layout-column fusion_builder_column fusion-builder-column-0 fusion_builder_column_1_1 1_1 fusion-flex-column\" style=\"--awb-bg-size:cover;--awb-width-large:100%;--awb-margin-top-large:0px;--awb-spacing-right-large:1.92%;--awb-margin-bottom-large:20px;--awb-spacing-left-large:1.92%;--awb-width-medium:100%;--awb-order-medium:0;--awb-spacing-right-medium:1.92%;--awb-spacing-left-medium:1.92%;--awb-width-small:100%;--awb-order-small:0;--awb-spacing-right-small:1.92%;--awb-spacing-left-small:1.92%;\"><div class=\"fusion-column-wrapper fusion-column-has-shadow fusion-flex-justify-content-flex-start fusion-content-layout-column\"><div class=\"fusion-separator fusion-full-width-sep\" style=\"align-self: center;margin-left: auto;margin-right: auto;width:100%;\"><div class=\"fusion-separator-border sep-single sep-solid\" style=\"--awb-height:20px;--awb-amount:20px;--awb-sep-color:#546b63;border-color:#546b63;border-top-width:5px;\"><\/div><\/div><\/div><\/div><\/div><\/div><div class=\"fusion-fullwidth fullwidth-box fusion-builder-row-2 fusion-flex-container has-pattern-background has-mask-background nonhundred-percent-fullwidth non-hundred-percent-height-scrolling\" style=\"--awb-border-radius-top-left:0px;--awb-border-radius-top-right:0px;--awb-border-radius-bottom-right:0px;--awb-border-radius-bottom-left:0px;--awb-padding-right:20px;--awb-padding-left:20px;--awb-background-color:#ffffff;--awb-flex-wrap:wrap;\" ><div class=\"fusion-builder-row fusion-row fusion-flex-align-items-flex-start fusion-flex-content-wrap\" style=\"max-width:1216.8px;margin-left: calc(-4% \/ 2 );margin-right: calc(-4% \/ 2 );\"><div class=\"fusion-layout-column fusion_builder_column fusion-builder-column-1 fusion_builder_column_1_1 1_1 fusion-flex-column\" style=\"--awb-bg-size:cover;--awb-width-large:100%;--awb-margin-top-large:0px;--awb-spacing-right-large:1.92%;--awb-margin-bottom-large:20px;--awb-spacing-left-large:1.92%;--awb-width-medium:100%;--awb-order-medium:0;--awb-spacing-right-medium:1.92%;--awb-spacing-left-medium:1.92%;--awb-width-small:100%;--awb-order-small:0;--awb-spacing-right-small:1.92%;--awb-spacing-left-small:1.92%;\"><div class=\"fusion-column-wrapper fusion-column-has-shadow fusion-flex-justify-content-flex-start fusion-content-layout-column\"><div class=\"fusion-text fusion-text-1\"><p><span style=\"font-size: 18pt\"><strong>El nostre perfil<br \/>\n<\/strong><\/span><span style=\"font-size: 12pt\">Modelitzaci\u00f3, computaci\u00f3, simulaci\u00f3<\/span><\/p>\n<\/div><div class=\"fusion-text fusion-text-2\"><p><strong><img decoding=\"async\" class=\"size-medium wp-image-1111 alignright\" src=\"http:\/\/mat.uab.cat\/web\/mcs\/wp-content\/uploads\/sites\/18\/2021\/01\/consulting5-300x200.jpg\" alt=\"\" width=\"300\" height=\"200\" srcset=\"https:\/\/mat.uab.cat\/web\/mcs\/wp-content\/uploads\/sites\/18\/2021\/01\/consulting5-200x133.jpg 200w, https:\/\/mat.uab.cat\/web\/mcs\/wp-content\/uploads\/sites\/18\/2021\/01\/consulting5-300x200.jpg 300w, https:\/\/mat.uab.cat\/web\/mcs\/wp-content\/uploads\/sites\/18\/2021\/01\/consulting5-400x266.jpg 400w, https:\/\/mat.uab.cat\/web\/mcs\/wp-content\/uploads\/sites\/18\/2021\/01\/consulting5-600x399.jpg 600w, https:\/\/mat.uab.cat\/web\/mcs\/wp-content\/uploads\/sites\/18\/2021\/01\/consulting5-768x511.jpg 768w, https:\/\/mat.uab.cat\/web\/mcs\/wp-content\/uploads\/sites\/18\/2021\/01\/consulting5-800x532.jpg 800w, https:\/\/mat.uab.cat\/web\/mcs\/wp-content\/uploads\/sites\/18\/2021\/01\/consulting5-1024x681.jpg 1024w, https:\/\/mat.uab.cat\/web\/mcs\/wp-content\/uploads\/sites\/18\/2021\/01\/consulting5-1200x798.jpg 1200w, https:\/\/mat.uab.cat\/web\/mcs\/wp-content\/uploads\/sites\/18\/2021\/01\/consulting5-1536x1022.jpg 1536w, https:\/\/mat.uab.cat\/web\/mcs\/wp-content\/uploads\/sites\/18\/2021\/01\/consulting5-scaled.jpg 2560w\" sizes=\"(max-width: 300px) 100vw, 300px\" \/>Qui som<\/strong><br \/>\nMCS (Mathematical Consulting Service) \u00e9s el Servei de Consultoria Matem\u00e0tica de la Universitat Aut\u00f2noma de Barcelona. \u00c9s l&#8217;instrument a trav\u00e9s del qual la UAB posa a disposici\u00f3 d&#8217;empreses, ind\u00fastries i laboratoris la tecnologia matem\u00e0tica m\u00e9s avan\u00e7ada.<\/p>\n<p><strong>La nostra missi\u00f3<\/strong><br \/>\nLa missi\u00f3 del MCS \u00e9s\u00a0<em>contribuir a augmentar la competitivitat de les empreses, a trav\u00e9s de la millora de llurs productes i processos de producci\u00f3<\/em>.<\/p>\n<p>La innovaci\u00f3 constant \u00e9s necess\u00e0ria per mantenir i millorar la competitivitat d&#8217;una empresa. La innovaci\u00f3 \u00e9s la posada en pr\u00e0ctica d&#8217;idees convertibles en valor, siguin noves o l&#8217;adaptaci\u00f3 intel.ligent d&#8217;idees existents.<\/p>\n<p>La nostra aportaci\u00f3 a la innovaci\u00f3 industrial es resumeix en les paraules clau\u00a0<em>modelitzaci\u00f3, computaci\u00f3 i simulaci\u00f3<\/em>. La modelitzaci\u00f3 d&#8217;una situaci\u00f3 en termes formals permet la seva comprensi\u00f3 i la seva an\u00e0lisi rigorosa. La simulaci\u00f3 permet posar de manifest les respostes concretes o les alternatives possibles que col.laborin a la presa de decisions encertades, estalviant temps de laboratori i experimentaci\u00f3. La computaci\u00f3 \u00e9s l&#8217;ingredient b\u00e0sic de la simulaci\u00f3.<\/p>\n<p><strong><img decoding=\"async\" class=\"size-medium wp-image-1129 alignleft\" src=\"http:\/\/mat.uab.cat\/web\/mcs\/wp-content\/uploads\/sites\/18\/2021\/01\/consulting6-300x200.jpg\" alt=\"\" width=\"300\" height=\"200\" srcset=\"https:\/\/mat.uab.cat\/web\/mcs\/wp-content\/uploads\/sites\/18\/2021\/01\/consulting6-200x133.jpg 200w, https:\/\/mat.uab.cat\/web\/mcs\/wp-content\/uploads\/sites\/18\/2021\/01\/consulting6-300x200.jpg 300w, https:\/\/mat.uab.cat\/web\/mcs\/wp-content\/uploads\/sites\/18\/2021\/01\/consulting6-400x266.jpg 400w, https:\/\/mat.uab.cat\/web\/mcs\/wp-content\/uploads\/sites\/18\/2021\/01\/consulting6-600x399.jpg 600w, https:\/\/mat.uab.cat\/web\/mcs\/wp-content\/uploads\/sites\/18\/2021\/01\/consulting6-768x511.jpg 768w, https:\/\/mat.uab.cat\/web\/mcs\/wp-content\/uploads\/sites\/18\/2021\/01\/consulting6-800x533.jpg 800w, https:\/\/mat.uab.cat\/web\/mcs\/wp-content\/uploads\/sites\/18\/2021\/01\/consulting6-1024x682.jpg 1024w, https:\/\/mat.uab.cat\/web\/mcs\/wp-content\/uploads\/sites\/18\/2021\/01\/consulting6-1200x799.jpg 1200w, https:\/\/mat.uab.cat\/web\/mcs\/wp-content\/uploads\/sites\/18\/2021\/01\/consulting6-1536x1022.jpg 1536w, https:\/\/mat.uab.cat\/web\/mcs\/wp-content\/uploads\/sites\/18\/2021\/01\/consulting6-scaled.jpg 2560w\" sizes=\"(max-width: 300px) 100vw, 300px\" \/>Qu\u00e8 fem<\/strong><br \/>\nAnalitzem q\u00fcestions relacionades amb l&#8217;optimitzaci\u00f3 del proc\u00e9s productiu, el disseny de materials i productes, la predicci\u00f3 en situacions d&#8217;incertesa, etc, susceptibles de ser tractades amb eines matem\u00e0tiques i computacionals. Tot el proc\u00e9s de consulta i elaboraci\u00f3 del projecte de treball \u00e9s completament gratu\u00eft i sense comprom\u00eds.<br \/>\nA MCS tamb\u00e9 estem interessats a contactar amb empreses de consultoria i tecnol\u00f2giques per constituir partnerships en projectes d&#8217;inter\u00e8s com\u00fa, aix\u00ed com la col\u00b7laboraci\u00f3 amb grups de recerca universitaris.<\/p>\n<\/div><\/div><\/div><\/div><\/div><\/p>\n","protected":false},"excerpt":{"rendered":"","protected":false},"author":25,"featured_media":0,"parent":0,"menu_order":0,"comment_status":"closed","ping_status":"closed","template":"","meta":{"footnotes":""},"class_list":["post-1128","page","type-page","status-publish","hentry"],"_links":{"self":[{"href":"https:\/\/mat.uab.cat\/web\/mcs\/wp-json\/wp\/v2\/pages\/1128","targetHints":{"allow":["GET"]}}],"collection":[{"href":"https:\/\/mat.uab.cat\/web\/mcs\/wp-json\/wp\/v2\/pages"}],"about":[{"href":"https:\/\/mat.uab.cat\/web\/mcs\/wp-json\/wp\/v2\/types\/page"}],"author":[{"embeddable":true,"href":"https:\/\/mat.uab.cat\/web\/mcs\/wp-json\/wp\/v2\/users\/25"}],"replies":[{"embeddable":true,"href":"https:\/\/mat.uab.cat\/web\/mcs\/wp-json\/wp\/v2\/comments?post=1128"}],"version-history":[{"count":6,"href":"https:\/\/mat.uab.cat\/web\/mcs\/wp-json\/wp\/v2\/pages\/1128\/revisions"}],"predecessor-version":[{"id":1411,"href":"https:\/\/mat.uab.cat\/web\/mcs\/wp-json\/wp\/v2\/pages\/1128\/revisions\/1411"}],"wp:attachment":[{"href":"https:\/\/mat.uab.cat\/web\/mcs\/wp-json\/wp\/v2\/media?parent=1128"}],"curies":[{"name":"wp","href":"https:\/\/api.w.org\/{rel}","templated":true}]}}