{"id":1237,"date":"2025-07-14T08:04:45","date_gmt":"2025-07-14T08:04:45","guid":{"rendered":"https:\/\/mat.uab.cat\/web\/mcs\/?page_id=1237"},"modified":"2025-09-12T14:39:38","modified_gmt":"2025-09-12T14:39:38","slug":"concurs-student-destadistica-aplicada","status":"publish","type":"page","link":"https:\/\/mat.uab.cat\/web\/mcs\/concurs-student-destadistica-aplicada\/","title":{"rendered":"Concurs Student d&#8217;Estad\u00edstica Aplicada"},"content":{"rendered":"<h1>XXIII Concurs Student d&#8217;Estad\u00edstica Aplicada<\/h1>\n<p>Mitjan\u00e7ant aquest concurs, el <strong>Servei de Consultoria Matem\u00e0tica de la UAB<\/strong>, el <strong>departament de Matem\u00e0tiques de la UAB<\/strong> i l&#8217;<strong>Institut d&#8217;Estad\u00edstica de Catalunya<\/strong> volen potenciar l&#8217;esperit de recerca i el gust per l&#8217;Estad\u00edstica Aplicada en els estudiants de les universitats de l&#8217;Estat espanyol, aix\u00ed com donar a con\u00e8ixer el paper destacat que t\u00e9 l&#8217;Estad\u00edstica en l&#8217;obtenci\u00f3 de nous coneixements, tant a la comunitat universit\u00e0ria com a la societat en general.<\/p>\n<p>Els aspirants hauran de presentar una an\u00e0lisi d&#8217;un conjunt de dades, emmarcat en un problema real, per al qual proposaran una soluci\u00f3. La base de dades aix\u00ed com el contingut del treball ha de ser in\u00e8dit i de tem\u00e0tica lliure.<\/p>\n<p>Podran optar al concurs tots els estudiants de grau o de m\u00e0ster que estiguin matriculats aquest curs acad\u00e8mic 2024-2025 en qualsevol universitat de l&#8217;Estat espanyol.<\/p>\n<p>S&#8217;atorgaran tres premis:<\/p>\n<ul>\n<li>Premi <strong>Idescat<\/strong> al millor treball de m\u00e0ster: dotaci\u00f3 econ\u00f2mica de 500 \u20ac.<\/li>\n<li>Premi <strong>SEA \u2013 Anna Espinal<\/strong> al millor treball de grau: dotaci\u00f3 econ\u00f2mica de 500 \u20ac.<\/li>\n<li>Premi <strong>Almirall<\/strong> al millor treball en bioestad\u00edstica: dotaci\u00f3 econ\u00f2mica de 500 \u20ac.<\/li>\n<li>Tots els guanyadors tindran durant un any la quota gratu\u00efta de soci\/a a la Societat Catalana d&#8217;Estad\u00edstica.<\/li>\n<\/ul>\n<p><strong>Data l\u00edmit<\/strong> per enviar els treballs: <strong>28 de setembre de 2025<\/strong><\/p>\n<p><strong>Lliurament de premis: Dia de l&#8217;Estad\u00edstica a Catalunya<\/strong> (20 d&#8217;octubre).<\/p>\n<h2><strong>Bases del concurs<\/strong><\/h2>\n<p>Podran optar al concurs tots els estudiants de grau o de m\u00e0ster que estiguin matriculats aquest curs 2024-25 en qualsevol universitat de l&#8217;Estat Espanyol. Els concursants, de forma individual o b\u00e9 en equips de dos, presentaran un treball que haur\u00e0 de ser in\u00e8dit. Els treballs no podran superar les <strong>20 p\u00e0gines<\/strong> i hauran de tenir una estructura similar a la seg\u00fcent:<\/p>\n<ul>\n<li>T\u00edtol i pseud\u00f2nim.<\/li>\n<li>Resum (150 paraules): Text que es publicar\u00e0 a la p\u00e0gina web del MCS si \u00e9s un treball guanyador.<\/li>\n<li>Breu introducci\u00f3.<\/li>\n<li>Plantejament del problema, objectius i hip\u00f2tesis de treball. Informaci\u00f3 a priori de qu\u00e8 es disposa.<\/li>\n<li>An\u00e0lisi estad\u00edstica.<\/li>\n<li>Conclusions, interpretacions i conseq\u00fc\u00e8ncies. Analitzar les repercussions que poden tenir els resultats obtinguts.<\/li>\n<\/ul>\n<p>&nbsp;<\/p>\n<p><strong>El treball<\/strong> s&#8217;ha d&#8217;enviar al Servei de Consultoria Matem\u00e0tica per correu electr\u00f2nic, a <a href=\"mailto:s.consultoria.matematica@uab.cat\">s.consultoria.matematica@uab.cat<\/a>, <strong>en format pdf<\/strong> i firmat amb un <strong>pseud\u00f2nim<\/strong>. Al text del missatge caldr\u00e0 que hi figuri tamb\u00e9 el <strong>nom i<\/strong> les <strong>dades de contacte de l&#8217;autor\/s (tel\u00e8fon)<\/strong> aix\u00ed com una imatge escanejada de la seva <strong>matr\u00edcula<\/strong> <strong>universit\u00e0ria<\/strong> corresponent a aquest curs. Els estudiants guanyadors hauran de fer una <strong>presentaci\u00f3<\/strong> del treball al Dia de l&#8217;Estad\u00edstica a Catalunya d&#8217;uns 8-10 minuts.<\/p>\n<p>&nbsp;<\/p>\n<p><a href=\"https:\/\/www.uab.cat\/\" target=\"_blank\" rel=\"noopener\"><img decoding=\"async\" class=\"alignnone wp-image-1252 size-full\" src=\"https:\/\/mat.uab.cat\/web\/mcs\/wp-content\/uploads\/sites\/18\/2025\/07\/logotip_UAB_verd.jpg\" alt=\"Logotip Universitat Aut\u00f2noma de Barcelona\" width=\"300\" height=\"150\" srcset=\"https:\/\/mat.uab.cat\/web\/mcs\/wp-content\/uploads\/sites\/18\/2025\/07\/logotip_UAB_verd-200x100.jpg 200w, https:\/\/mat.uab.cat\/web\/mcs\/wp-content\/uploads\/sites\/18\/2025\/07\/logotip_UAB_verd.jpg 300w\" sizes=\"(max-width: 300px) 100vw, 300px\" \/><\/a>\u00a0 \u00a0<a href=\"https:\/\/www.uab.cat\/sc-matematica\" target=\"_blank\" rel=\"noopener\"><img decoding=\"async\" class=\"alignnone wp-image-1251 size-full\" src=\"https:\/\/mat.uab.cat\/web\/mcs\/wp-content\/uploads\/sites\/18\/2025\/07\/Logo-MCS.jpg\" alt=\"Logotip Servei de Consultoria Matem\u00e0tica de la UAB\" width=\"300\" height=\"150\" srcset=\"https:\/\/mat.uab.cat\/web\/mcs\/wp-content\/uploads\/sites\/18\/2025\/07\/Logo-MCS-200x100.jpg 200w, https:\/\/mat.uab.cat\/web\/mcs\/wp-content\/uploads\/sites\/18\/2025\/07\/Logo-MCS.jpg 300w\" sizes=\"(max-width: 300px) 100vw, 300px\" \/><\/a>\u00a0 \u00a0 <a href=\"https:\/\/www.idescat.cat\/\" target=\"_blank\" rel=\"noopener\"><img decoding=\"async\" class=\"alignnone wp-image-1253 size-full\" src=\"https:\/\/mat.uab.cat\/web\/mcs\/wp-content\/uploads\/sites\/18\/2025\/07\/Logo_Idescat.jpg\" alt=\"Logotip Institut d'Estad\u00edstica de Catalunya\" width=\"300\" height=\"150\" srcset=\"https:\/\/mat.uab.cat\/web\/mcs\/wp-content\/uploads\/sites\/18\/2025\/07\/Logo_Idescat-200x100.jpg 200w, https:\/\/mat.uab.cat\/web\/mcs\/wp-content\/uploads\/sites\/18\/2025\/07\/Logo_Idescat.jpg 300w\" sizes=\"(max-width: 300px) 100vw, 300px\" \/><\/a><\/p>\n<p>&nbsp;<\/p>\n<p>amb la col\u00b7laboraci\u00f3 de:<\/p>\n<p><a href=\"https:\/\/www.almirall.es\/\" target=\"_blank\" rel=\"noopener\"><img decoding=\"async\" class=\"alignnone wp-image-1256 size-full\" src=\"https:\/\/mat.uab.cat\/web\/mcs\/wp-content\/uploads\/sites\/18\/2025\/07\/LOGO_ALMIRALL.jpg\" alt=\"Logotip Almirall\" width=\"300\" height=\"220\" srcset=\"https:\/\/mat.uab.cat\/web\/mcs\/wp-content\/uploads\/sites\/18\/2025\/07\/LOGO_ALMIRALL-200x147.jpg 200w, https:\/\/mat.uab.cat\/web\/mcs\/wp-content\/uploads\/sites\/18\/2025\/07\/LOGO_ALMIRALL.jpg 300w\" sizes=\"(max-width: 300px) 100vw, 300px\" \/><\/a>\u00a0 \u00a0 \u00a0 <a href=\"https:\/\/www.uab.cat\/s-estadistica\" target=\"_blank\" rel=\"noopener\"><img decoding=\"async\" class=\"alignnone wp-image-1254 size-full\" src=\"https:\/\/mat.uab.cat\/web\/mcs\/wp-content\/uploads\/sites\/18\/2025\/07\/Logo_SEA.jpg\" alt=\"Logotip Servei d'Estad\u00edstica Aplicada\" width=\"300\" height=\"220\" srcset=\"https:\/\/mat.uab.cat\/web\/mcs\/wp-content\/uploads\/sites\/18\/2025\/07\/Logo_SEA-200x147.jpg 200w, https:\/\/mat.uab.cat\/web\/mcs\/wp-content\/uploads\/sites\/18\/2025\/07\/Logo_SEA.jpg 300w\" sizes=\"(max-width: 300px) 100vw, 300px\" \/><\/a><\/p>\n<p><a href=\"https:\/\/www.sas.com\/es_es\/home.html\" target=\"_blank\" rel=\"noopener\"><img decoding=\"async\" class=\"alignnone wp-image-1257 size-full\" src=\"https:\/\/mat.uab.cat\/web\/mcs\/wp-content\/uploads\/sites\/18\/2025\/07\/Logo_SAS.jpg\" alt=\"Logotip SAS software\" width=\"300\" height=\"220\" srcset=\"https:\/\/mat.uab.cat\/web\/mcs\/wp-content\/uploads\/sites\/18\/2025\/07\/Logo_SAS-200x147.jpg 200w, https:\/\/mat.uab.cat\/web\/mcs\/wp-content\/uploads\/sites\/18\/2025\/07\/Logo_SAS.jpg 300w\" sizes=\"(max-width: 300px) 100vw, 300px\" \/><\/a>\u00a0 \u00a0 \u00a0 <a href=\"https:\/\/soce.iec.cat\/\" target=\"_blank\" rel=\"noopener\"><img decoding=\"async\" class=\"alignnone wp-image-1255 size-full\" src=\"https:\/\/mat.uab.cat\/web\/mcs\/wp-content\/uploads\/sites\/18\/2025\/07\/Logo_SoCE.jpg\" alt=\"Logotip Societat Catalana d'Estad\u00edstica\" width=\"300\" height=\"220\" srcset=\"https:\/\/mat.uab.cat\/web\/mcs\/wp-content\/uploads\/sites\/18\/2025\/07\/Logo_SoCE-200x147.jpg 200w, https:\/\/mat.uab.cat\/web\/mcs\/wp-content\/uploads\/sites\/18\/2025\/07\/Logo_SoCE.jpg 300w\" sizes=\"(max-width: 300px) 100vw, 300px\" \/><\/a><\/p>\n","protected":false},"excerpt":{"rendered":"<p>XXIII Concurs Student d&#8217;Estad\u00edstica Aplicada Mitjan\u00e7ant aquest concurs, el Servei de Consultoria Matem\u00e0tica de la UAB, el departament de Matem\u00e0tiques de la UAB i l&#8217;Institut d&#8217;Estad\u00edstica de Catalunya volen potenciar l&#8217;esperit de recerca i el gust per l&#8217;Estad\u00edstica Aplicada en els estudiants de les universitats de l&#8217;Estat espanyol, aix\u00ed com donar a con\u00e8ixer el paper [&hellip;]<\/p>\n","protected":false},"author":24,"featured_media":0,"parent":0,"menu_order":0,"comment_status":"closed","ping_status":"closed","template":"","meta":{"footnotes":""},"class_list":["post-1237","page","type-page","status-publish","hentry"],"_links":{"self":[{"href":"https:\/\/mat.uab.cat\/web\/mcs\/wp-json\/wp\/v2\/pages\/1237","targetHints":{"allow":["GET"]}}],"collection":[{"href":"https:\/\/mat.uab.cat\/web\/mcs\/wp-json\/wp\/v2\/pages"}],"about":[{"href":"https:\/\/mat.uab.cat\/web\/mcs\/wp-json\/wp\/v2\/types\/page"}],"author":[{"embeddable":true,"href":"https:\/\/mat.uab.cat\/web\/mcs\/wp-json\/wp\/v2\/users\/24"}],"replies":[{"embeddable":true,"href":"https:\/\/mat.uab.cat\/web\/mcs\/wp-json\/wp\/v2\/comments?post=1237"}],"version-history":[{"count":9,"href":"https:\/\/mat.uab.cat\/web\/mcs\/wp-json\/wp\/v2\/pages\/1237\/revisions"}],"predecessor-version":[{"id":1381,"href":"https:\/\/mat.uab.cat\/web\/mcs\/wp-json\/wp\/v2\/pages\/1237\/revisions\/1381"}],"wp:attachment":[{"href":"https:\/\/mat.uab.cat\/web\/mcs\/wp-json\/wp\/v2\/media?parent=1237"}],"curies":[{"name":"wp","href":"https:\/\/api.w.org\/{rel}","templated":true}]}}