{"id":1261,"date":"2025-07-14T13:21:14","date_gmt":"2025-07-14T13:21:14","guid":{"rendered":"https:\/\/mat.uab.cat\/web\/mcs\/?page_id=1261"},"modified":"2025-07-15T06:24:50","modified_gmt":"2025-07-15T06:24:50","slug":"concurso-student-de-estadistica-aplicada","status":"publish","type":"page","link":"https:\/\/mat.uab.cat\/web\/mcs\/es\/concurso-student-de-estadistica-aplicada\/","title":{"rendered":"Concurso Student de Estad\u00edstica Aplicada"},"content":{"rendered":"<h1>XXIII Concurso Student de Estad\u00edstica Aplicada<\/h1>\n<p>Mediante este concurso, el <strong>Servei de Consultoria Matem\u00e0tica de la UAB<\/strong>, el <strong>departamento de Matem\u00e0tiques de la UAB<\/strong> y el <strong>Institut d&#8217;Estad\u00edstica de Catalunya<\/strong> quieren potenciar el esp\u00edritu de la investigaci\u00f3n y el gusto por la Estad\u00edstica Aplicada en los estudiantes de las universidades del Estado espa\u00f1ol, as\u00ed como dar a conocer el papel destacado que tiene la Estad\u00edstica en la obtenci\u00f3n de nuevos conocimientos, tanto en la comunidad universitaria como en la sociedad en general.<\/p>\n<p>Los aspirantes deber\u00e1n de presentar un an\u00e1lisis de un conjunto de datos, enmarcado en un problema real, para el cual propondr\u00e1n una soluci\u00f3n. La base de datos as\u00ed como el contenido del trabajo deber\u00e1 ser in\u00e9dito y de tem\u00e1tica libre.<\/p>\n<p>Podr\u00e1n optar al concurso todos los estudiantes de grado o de m\u00e1ster que est\u00e9n matriculados este curso acad\u00e9mico 2024-2025 en cualquier universidad del Estado espa\u00f1ol.<\/p>\n<p>Se otorgaran tres premios:<\/p>\n<ul>\n<li>Premio <strong>Idescat<\/strong> al mejor trabajo de m\u00e1ster: dotaci\u00f3n econ\u00f3mica de 500 \u20ac.<\/li>\n<li>Premio <strong>SEA \u2013 Anna Espinal<\/strong> al mejor trabajo de grado: dotaci\u00f3n econ\u00f3mica de  500 \u20ac.<\/li>\n<li>Premio <strong>Almirall<\/strong> al mejor trabajo en bioestad\u00edstica: dotaci\u00f3n econ\u00f3mica de 500 \u20ac.<\/li>\n<li>Todos los ganadores tendr\u00e1n durante un a\u00f1o la cuota gratuita de socio\/a en la Societat Catalana d&#8217;Estad\u00edstica.<\/li>\n<\/ul>\n<p><strong>Fecha l\u00edmite<\/strong> para enviar los trabajos: <strong>28 de septiembre de 2025<\/strong><\/p>\n<p><strong>Entrega de premios: Dia de la Estad\u00edstica a Catalunya<\/strong> (20 de octubre).<\/p>\n<h2><strong>Bases del concurso<\/strong><\/h2>\n<p>Podr\u00e1n optar al concurso todos los estudiantes de grado o de m\u00e1ster que est\u00e9n matriculados este curso 2024-25 en cualquier universidad del Estado Espanyol. Los concursantes, de forma individual o bien, en equipos de dos, presentaran un trabajo que deber\u00e1 ser in\u00e9dito. Los trabajos no podr\u00e1n superar las <strong>20 p\u00e1ginas<\/strong> y deber\u00e1n tener una estructura similar a la siguiente:<\/p>\n<ul>\n<li>Titulo y pseud\u00f3nimo.<\/li>\n<li>Resumen (150 palabras): Texto que se publicar\u00e1 en la p\u00e1gina web del MCS si es un trabajo ganador.<\/li>\n<li>Breve introducci\u00f3n.<\/li>\n<li>Planteamiento del problema, objetivos e hip\u00f3tesis de trabajo. Informaci\u00f3n a priori de que se dispone.<\/li>\n<li>An\u00e1lisis estad\u00edstico.<\/li>\n<li>Conclusiones, interpretaciones y consecuencias. Analizar las repercusiones que pueden tener los resultados obtenido.<\/li>\n<\/ul>\n<p><strong>El trabajo<\/strong> se debe enviar al Servei de Consultoria Matem\u00e0tica por correo electr\u00f3nico, a <a href=\"mailto:s.consultoria.matematica@uab.cat\">s.consultoria.matematica@uab.cat<\/a>, <strong>en formato pdf<\/strong> y firmado con un <strong>pseud\u00f3nimo<\/strong>. En el texto del mensaje deber\u00e1 figurar tambi\u00e9n el <strong>nombre<\/strong> y los <strong>datos de contacto del autor (tel\u00e9fono)<\/strong> as\u00ed como una imagen escaneada de su <strong>matr\u00edcula universitaria<\/strong> correspondiente al curso acad\u00e9mico 2024-25<\/p>\n<p>Los estudiantes ganadores deber\u00e1n de hacer una <strong>presentaci\u00f3n<\/strong> del trabajo en el Dia de l&#8217;Estad\u00edstica a Catalunya de unos 8-10 minutos.<br \/>\n&nbsp;<\/p>\n<p><a href=\"https:\/\/www.uab.cat\/\" target=\"_blank\" rel=\"noopener\"><img decoding=\"async\" class=\"alignnone wp-image-1252 size-full\" src=\"https:\/\/mat.uab.cat\/web\/mcs\/wp-content\/uploads\/sites\/18\/2025\/07\/logotip_UAB_verd.jpg\" alt=\"Logotip Universitat Aut\u00f2noma de Barcelona\" width=\"300\" height=\"150\" srcset=\"https:\/\/mat.uab.cat\/web\/mcs\/wp-content\/uploads\/sites\/18\/2025\/07\/logotip_UAB_verd-200x100.jpg 200w, https:\/\/mat.uab.cat\/web\/mcs\/wp-content\/uploads\/sites\/18\/2025\/07\/logotip_UAB_verd.jpg 300w\" sizes=\"(max-width: 300px) 100vw, 300px\" \/><\/a>\u00a0 \u00a0<a href=\"https:\/\/www.uab.cat\/sc-matematica\" target=\"_blank\" rel=\"noopener\"><img decoding=\"async\" class=\"alignnone wp-image-1251 size-full\" src=\"https:\/\/mat.uab.cat\/web\/mcs\/wp-content\/uploads\/sites\/18\/2025\/07\/Logo-MCS.jpg\" alt=\"Logotip Servei de Consultoria Matem\u00e0tica de la UAB\" width=\"300\" height=\"150\" srcset=\"https:\/\/mat.uab.cat\/web\/mcs\/wp-content\/uploads\/sites\/18\/2025\/07\/Logo-MCS-200x100.jpg 200w, https:\/\/mat.uab.cat\/web\/mcs\/wp-content\/uploads\/sites\/18\/2025\/07\/Logo-MCS.jpg 300w\" sizes=\"(max-width: 300px) 100vw, 300px\" \/><\/a>\u00a0 \u00a0 <a href=\"https:\/\/www.idescat.cat\/\" target=\"_blank\" rel=\"noopener\"><img decoding=\"async\" class=\"alignnone wp-image-1253 size-full\" src=\"https:\/\/mat.uab.cat\/web\/mcs\/wp-content\/uploads\/sites\/18\/2025\/07\/Logo_Idescat.jpg\" alt=\"Logotip Institut d'Estad\u00edstica de Catalunya\" width=\"300\" height=\"150\" srcset=\"https:\/\/mat.uab.cat\/web\/mcs\/wp-content\/uploads\/sites\/18\/2025\/07\/Logo_Idescat-200x100.jpg 200w, https:\/\/mat.uab.cat\/web\/mcs\/wp-content\/uploads\/sites\/18\/2025\/07\/Logo_Idescat.jpg 300w\" sizes=\"(max-width: 300px) 100vw, 300px\" \/><\/a><\/p>\n<p>&nbsp;<\/p>\n<p>con la colaboraci\u00f3n de:<\/p>\n<p><a href=\"https:\/\/www.almirall.es\/\" target=\"_blank\" rel=\"noopener\"><img decoding=\"async\" class=\"alignnone wp-image-1256 size-full\" src=\"https:\/\/mat.uab.cat\/web\/mcs\/wp-content\/uploads\/sites\/18\/2025\/07\/LOGO_ALMIRALL.jpg\" alt=\"Logotip Almirall\" width=\"300\" height=\"220\" srcset=\"https:\/\/mat.uab.cat\/web\/mcs\/wp-content\/uploads\/sites\/18\/2025\/07\/LOGO_ALMIRALL-200x147.jpg 200w, https:\/\/mat.uab.cat\/web\/mcs\/wp-content\/uploads\/sites\/18\/2025\/07\/LOGO_ALMIRALL.jpg 300w\" sizes=\"(max-width: 300px) 100vw, 300px\" \/><\/a>\u00a0 \u00a0 \u00a0 <a href=\"https:\/\/www.uab.cat\/s-estadistica\" target=\"_blank\" rel=\"noopener\"><img decoding=\"async\" class=\"alignnone wp-image-1254 size-full\" src=\"https:\/\/mat.uab.cat\/web\/mcs\/wp-content\/uploads\/sites\/18\/2025\/07\/Logo_SEA.jpg\" alt=\"Logotip Servei d'Estad\u00edstica Aplicada\" width=\"300\" height=\"220\" srcset=\"https:\/\/mat.uab.cat\/web\/mcs\/wp-content\/uploads\/sites\/18\/2025\/07\/Logo_SEA-200x147.jpg 200w, https:\/\/mat.uab.cat\/web\/mcs\/wp-content\/uploads\/sites\/18\/2025\/07\/Logo_SEA.jpg 300w\" sizes=\"(max-width: 300px) 100vw, 300px\" \/><\/a><\/p>\n<p><a href=\"https:\/\/www.sas.com\/es_es\/home.html\" target=\"_blank\" rel=\"noopener\"><img decoding=\"async\" class=\"alignnone wp-image-1257 size-full\" src=\"https:\/\/mat.uab.cat\/web\/mcs\/wp-content\/uploads\/sites\/18\/2025\/07\/Logo_SAS.jpg\" alt=\"Logotip SAS software\" width=\"300\" height=\"220\" srcset=\"https:\/\/mat.uab.cat\/web\/mcs\/wp-content\/uploads\/sites\/18\/2025\/07\/Logo_SAS-200x147.jpg 200w, https:\/\/mat.uab.cat\/web\/mcs\/wp-content\/uploads\/sites\/18\/2025\/07\/Logo_SAS.jpg 300w\" sizes=\"(max-width: 300px) 100vw, 300px\" \/><\/a>\u00a0 \u00a0 \u00a0 <a href=\"https:\/\/soce.iec.cat\/\" target=\"_blank\" rel=\"noopener\"><img decoding=\"async\" class=\"alignnone wp-image-1255 size-full\" src=\"https:\/\/mat.uab.cat\/web\/mcs\/wp-content\/uploads\/sites\/18\/2025\/07\/Logo_SoCE.jpg\" alt=\"Logotip Societat Catalana d'Estad\u00edstica\" width=\"300\" height=\"220\" srcset=\"https:\/\/mat.uab.cat\/web\/mcs\/wp-content\/uploads\/sites\/18\/2025\/07\/Logo_SoCE-200x147.jpg 200w, https:\/\/mat.uab.cat\/web\/mcs\/wp-content\/uploads\/sites\/18\/2025\/07\/Logo_SoCE.jpg 300w\" sizes=\"(max-width: 300px) 100vw, 300px\" \/><\/a><\/p>\n","protected":false},"excerpt":{"rendered":"<p>XXIII Concurso Student de Estad\u00edstica Aplicada Mediante este concurso, el Servei de Consultoria Matem\u00e0tica de la UAB, el departamento de Matem\u00e0tiques de la UAB y el Institut d&#8217;Estad\u00edstica de Catalunya quieren potenciar el esp\u00edritu de la investigaci\u00f3n y el gusto por la Estad\u00edstica Aplicada en los estudiantes de las universidades del Estado espa\u00f1ol, as\u00ed como [&hellip;]<\/p>\n","protected":false},"author":24,"featured_media":0,"parent":0,"menu_order":0,"comment_status":"closed","ping_status":"closed","template":"","meta":{"footnotes":""},"class_list":["post-1261","page","type-page","status-publish","hentry"],"_links":{"self":[{"href":"https:\/\/mat.uab.cat\/web\/mcs\/wp-json\/wp\/v2\/pages\/1261","targetHints":{"allow":["GET"]}}],"collection":[{"href":"https:\/\/mat.uab.cat\/web\/mcs\/wp-json\/wp\/v2\/pages"}],"about":[{"href":"https:\/\/mat.uab.cat\/web\/mcs\/wp-json\/wp\/v2\/types\/page"}],"author":[{"embeddable":true,"href":"https:\/\/mat.uab.cat\/web\/mcs\/wp-json\/wp\/v2\/users\/24"}],"replies":[{"embeddable":true,"href":"https:\/\/mat.uab.cat\/web\/mcs\/wp-json\/wp\/v2\/comments?post=1261"}],"version-history":[{"count":2,"href":"https:\/\/mat.uab.cat\/web\/mcs\/wp-json\/wp\/v2\/pages\/1261\/revisions"}],"predecessor-version":[{"id":1267,"href":"https:\/\/mat.uab.cat\/web\/mcs\/wp-json\/wp\/v2\/pages\/1261\/revisions\/1267"}],"wp:attachment":[{"href":"https:\/\/mat.uab.cat\/web\/mcs\/wp-json\/wp\/v2\/media?parent=1261"}],"curies":[{"name":"wp","href":"https:\/\/api.w.org\/{rel}","templated":true}]}}