{"id":1293,"date":"2025-09-05T06:07:01","date_gmt":"2025-09-05T06:07:01","guid":{"rendered":"https:\/\/mat.uab.cat\/web\/mcs\/?page_id=1293"},"modified":"2026-01-09T10:29:27","modified_gmt":"2026-01-09T10:29:27","slug":"formacio","status":"publish","type":"page","link":"https:\/\/mat.uab.cat\/web\/mcs\/formacio\/","title":{"rendered":"Formaci\u00f3"},"content":{"rendered":"<p><div class=\"fusion-fullwidth fullwidth-box fusion-builder-row-1 fusion-flex-container has-pattern-background has-mask-background nonhundred-percent-fullwidth non-hundred-percent-height-scrolling\" style=\"--awb-border-radius-top-left:0px;--awb-border-radius-top-right:0px;--awb-border-radius-bottom-right:0px;--awb-border-radius-bottom-left:0px;--awb-background-color:#ffffff;--awb-flex-wrap:wrap;\" ><div class=\"fusion-builder-row fusion-row fusion-flex-align-items-flex-start fusion-flex-content-wrap\" style=\"max-width:1216.8px;margin-left: calc(-4% \/ 2 );margin-right: calc(-4% \/ 2 );\"><div class=\"fusion-layout-column fusion_builder_column fusion-builder-column-0 fusion_builder_column_1_1 1_1 fusion-flex-column\" style=\"--awb-bg-color:#ffffff;--awb-bg-color-hover:#ffffff;--awb-bg-size:cover;--awb-width-large:100%;--awb-margin-top-large:0px;--awb-spacing-right-large:1.92%;--awb-margin-bottom-large:20px;--awb-spacing-left-large:1.92%;--awb-width-medium:100%;--awb-order-medium:0;--awb-spacing-right-medium:1.92%;--awb-spacing-left-medium:1.92%;--awb-width-small:100%;--awb-order-small:0;--awb-spacing-right-small:1.92%;--awb-spacing-left-small:1.92%;\" data-motion-effects=\"[{&quot;type&quot;:&quot;&quot;,&quot;scroll_type&quot;:&quot;transition&quot;,&quot;scroll_direction&quot;:&quot;up&quot;,&quot;transition_speed&quot;:&quot;1&quot;,&quot;fade_type&quot;:&quot;in&quot;,&quot;scale_type&quot;:&quot;up&quot;,&quot;initial_scale&quot;:&quot;1&quot;,&quot;max_scale&quot;:&quot;1.5&quot;,&quot;min_scale&quot;:&quot;0.5&quot;,&quot;initial_rotate&quot;:&quot;0&quot;,&quot;end_rotate&quot;:&quot;30&quot;,&quot;initial_blur&quot;:&quot;0&quot;,&quot;end_blur&quot;:&quot;3&quot;,&quot;start_element&quot;:&quot;top&quot;,&quot;start_viewport&quot;:&quot;bottom&quot;,&quot;end_element&quot;:&quot;bottom&quot;,&quot;end_viewport&quot;:&quot;top&quot;,&quot;mouse_effect&quot;:&quot;track&quot;,&quot;mouse_effect_direction&quot;:&quot;opposite&quot;,&quot;mouse_effect_speed&quot;:&quot;2&quot;,&quot;infinite_animation&quot;:&quot;float&quot;,&quot;infinite_animation_speed&quot;:&quot;2&quot;}]\" data-scroll-devices=\"small-visibility,medium-visibility,large-visibility\"><div class=\"fusion-column-wrapper fusion-column-has-shadow fusion-flex-justify-content-flex-start fusion-content-layout-column\"><div class=\"fusion-separator fusion-full-width-sep\" style=\"align-self: center;margin-left: auto;margin-right: auto;width:100%;\"><div class=\"fusion-separator-border sep-single sep-solid\" style=\"--awb-height:20px;--awb-amount:20px;--awb-sep-color:#546b63;border-color:#546b63;border-top-width:5px;\"><\/div><\/div><\/div><\/div><\/div><\/div><div class=\"fusion-fullwidth fullwidth-box fusion-builder-row-2 fusion-flex-container has-pattern-background has-mask-background nonhundred-percent-fullwidth non-hundred-percent-height-scrolling\" style=\"--awb-border-radius-top-left:0px;--awb-border-radius-top-right:0px;--awb-border-radius-bottom-right:0px;--awb-border-radius-bottom-left:0px;--awb-padding-right:20px;--awb-padding-left:20px;--awb-background-color:#ffffff;--awb-flex-wrap:wrap;\" ><div class=\"fusion-builder-row fusion-row fusion-flex-align-items-flex-start fusion-flex-content-wrap\" style=\"max-width:1216.8px;margin-left: calc(-4% \/ 2 );margin-right: calc(-4% \/ 2 );\"><div class=\"fusion-layout-column fusion_builder_column fusion-builder-column-1 fusion_builder_column_1_1 1_1 fusion-flex-column\" style=\"--awb-bg-color:#ffffff;--awb-bg-color-hover:#ffffff;--awb-bg-size:cover;--awb-width-large:100%;--awb-margin-top-large:0px;--awb-spacing-right-large:1.92%;--awb-margin-bottom-large:20px;--awb-spacing-left-large:1.92%;--awb-width-medium:100%;--awb-order-medium:0;--awb-spacing-right-medium:1.92%;--awb-spacing-left-medium:1.92%;--awb-width-small:100%;--awb-order-small:0;--awb-spacing-right-small:1.92%;--awb-spacing-left-small:1.92%;\" data-motion-effects=\"[{&quot;type&quot;:&quot;&quot;,&quot;scroll_type&quot;:&quot;transition&quot;,&quot;scroll_direction&quot;:&quot;up&quot;,&quot;transition_speed&quot;:&quot;1&quot;,&quot;fade_type&quot;:&quot;in&quot;,&quot;scale_type&quot;:&quot;up&quot;,&quot;initial_scale&quot;:&quot;1&quot;,&quot;max_scale&quot;:&quot;1.5&quot;,&quot;min_scale&quot;:&quot;0.5&quot;,&quot;initial_rotate&quot;:&quot;0&quot;,&quot;end_rotate&quot;:&quot;30&quot;,&quot;initial_blur&quot;:&quot;0&quot;,&quot;end_blur&quot;:&quot;3&quot;,&quot;start_element&quot;:&quot;top&quot;,&quot;start_viewport&quot;:&quot;bottom&quot;,&quot;end_element&quot;:&quot;bottom&quot;,&quot;end_viewport&quot;:&quot;top&quot;,&quot;mouse_effect&quot;:&quot;track&quot;,&quot;mouse_effect_direction&quot;:&quot;opposite&quot;,&quot;mouse_effect_speed&quot;:&quot;2&quot;,&quot;infinite_animation&quot;:&quot;float&quot;,&quot;infinite_animation_speed&quot;:&quot;2&quot;}]\" data-scroll-devices=\"small-visibility,medium-visibility,large-visibility\"><div class=\"fusion-column-wrapper fusion-column-has-shadow fusion-flex-justify-content-flex-start fusion-content-layout-column\"><\/div><\/div><div class=\"fusion-layout-column fusion_builder_column fusion-builder-column-2 fusion_builder_column_1_2 1_2 fusion-flex-column\" style=\"--awb-bg-color:#ffffff;--awb-bg-color-hover:#ffffff;--awb-bg-size:cover;--awb-width-large:50%;--awb-margin-top-large:0px;--awb-spacing-right-large:3.84%;--awb-margin-bottom-large:20px;--awb-spacing-left-large:3.84%;--awb-width-medium:100%;--awb-order-medium:0;--awb-spacing-right-medium:1.92%;--awb-spacing-left-medium:1.92%;--awb-width-small:100%;--awb-order-small:0;--awb-spacing-right-small:1.92%;--awb-spacing-left-small:1.92%;\" data-motion-effects=\"[{&quot;type&quot;:&quot;&quot;,&quot;scroll_type&quot;:&quot;transition&quot;,&quot;scroll_direction&quot;:&quot;up&quot;,&quot;transition_speed&quot;:&quot;1&quot;,&quot;fade_type&quot;:&quot;in&quot;,&quot;scale_type&quot;:&quot;up&quot;,&quot;initial_scale&quot;:&quot;1&quot;,&quot;max_scale&quot;:&quot;1.5&quot;,&quot;min_scale&quot;:&quot;0.5&quot;,&quot;initial_rotate&quot;:&quot;0&quot;,&quot;end_rotate&quot;:&quot;30&quot;,&quot;initial_blur&quot;:&quot;0&quot;,&quot;end_blur&quot;:&quot;3&quot;,&quot;start_element&quot;:&quot;top&quot;,&quot;start_viewport&quot;:&quot;bottom&quot;,&quot;end_element&quot;:&quot;bottom&quot;,&quot;end_viewport&quot;:&quot;top&quot;,&quot;mouse_effect&quot;:&quot;track&quot;,&quot;mouse_effect_direction&quot;:&quot;opposite&quot;,&quot;mouse_effect_speed&quot;:&quot;2&quot;,&quot;infinite_animation&quot;:&quot;float&quot;,&quot;infinite_animation_speed&quot;:&quot;2&quot;}]\" data-scroll-devices=\"small-visibility,medium-visibility,large-visibility\"><div class=\"fusion-column-wrapper fusion-column-has-shadow fusion-flex-justify-content-flex-start fusion-content-layout-column\"><div class=\"fusion-title title fusion-title-1 fusion-title-text fusion-title-size-one\"><div class=\"title-sep-container title-sep-container-left fusion-no-large-visibility fusion-no-medium-visibility fusion-no-small-visibility\"><div class=\"title-sep sep- sep-solid\" style=\"border-color:#e0dede;\"><\/div><\/div><span class=\"awb-title-spacer fusion-no-large-visibility fusion-no-medium-visibility fusion-no-small-visibility\"><\/span><h1 class=\"fusion-title-heading title-heading-left\" style=\"margin:0;\"><h2>Formaci\u00f3 oberta<\/h2><\/h1><span class=\"awb-title-spacer\"><\/span><div class=\"title-sep-container title-sep-container-right\"><div class=\"title-sep sep- sep-solid\" style=\"border-color:#e0dede;\"><\/div><\/div><\/div><div class=\"fusion-text fusion-text-1\"><p>El Servei de Consultoria Matem\u00e0tica programa de forma regular diferents activitats formatives, segons les necessitats dels usuaris i dels professionals.<\/p>\n<p>Per tal de rebre informaci\u00f3 sobre les nostres activitats doneu-vos d\u2019alta al <a href=\"https:\/\/eformularis.uab.cat\/web\/mcs\/difusio\" target=\"_blank\" rel=\"noopener\">Formulari d\u2019Alta a la llista de difusi\u00f3<\/a>.<\/p>\n<\/div><div style=\"text-align:center;\"><a class=\"fusion-button button-flat fusion-button-default-size button-custom fusion-button-default button-1 fusion-button-default-span fusion-button-default-type\" style=\"--button_accent_color:#ffffff;--button_accent_hover_color:#ffffff;--button_border_hover_color:#ffffff;--button_gradient_top_color:#546b63;--button_gradient_bottom_color:#546b63;--button_gradient_top_color_hover:#4e958d;--button_gradient_bottom_color_hover:#4e958d;\" target=\"_blank\" rel=\"noopener noreferrer\" href=\"https:\/\/forms.cloud.microsoft\/Pages\/ResponsePage.aspx?id=KUxRa5EjMUi3dITzXEW_AaLKHc96qOJLkJKCEGqO3iZUMDUwUUtGRTJYVDY5RDJISFNZNkdQQTlSSS4u\"><span class=\"fusion-button-text\">Alta llista de difusi\u00f3<\/span><\/a><\/div><\/div><\/div><div class=\"fusion-layout-column fusion_builder_column fusion-builder-column-3 fusion_builder_column_1_2 1_2 fusion-flex-column\" style=\"--awb-bg-color:#ffffff;--awb-bg-color-hover:#ffffff;--awb-bg-size:cover;--awb-width-large:50%;--awb-margin-top-large:0px;--awb-spacing-right-large:3.84%;--awb-margin-bottom-large:20px;--awb-spacing-left-large:3.84%;--awb-width-medium:100%;--awb-order-medium:0;--awb-spacing-right-medium:1.92%;--awb-spacing-left-medium:1.92%;--awb-width-small:100%;--awb-order-small:0;--awb-spacing-right-small:1.92%;--awb-spacing-left-small:1.92%;\" data-motion-effects=\"[{&quot;type&quot;:&quot;&quot;,&quot;scroll_type&quot;:&quot;transition&quot;,&quot;scroll_direction&quot;:&quot;up&quot;,&quot;transition_speed&quot;:&quot;1&quot;,&quot;fade_type&quot;:&quot;in&quot;,&quot;scale_type&quot;:&quot;up&quot;,&quot;initial_scale&quot;:&quot;1&quot;,&quot;max_scale&quot;:&quot;1.5&quot;,&quot;min_scale&quot;:&quot;0.5&quot;,&quot;initial_rotate&quot;:&quot;0&quot;,&quot;end_rotate&quot;:&quot;30&quot;,&quot;initial_blur&quot;:&quot;0&quot;,&quot;end_blur&quot;:&quot;3&quot;,&quot;start_element&quot;:&quot;top&quot;,&quot;start_viewport&quot;:&quot;bottom&quot;,&quot;end_element&quot;:&quot;bottom&quot;,&quot;end_viewport&quot;:&quot;top&quot;,&quot;mouse_effect&quot;:&quot;track&quot;,&quot;mouse_effect_direction&quot;:&quot;opposite&quot;,&quot;mouse_effect_speed&quot;:&quot;2&quot;,&quot;infinite_animation&quot;:&quot;float&quot;,&quot;infinite_animation_speed&quot;:&quot;2&quot;}]\" data-scroll-devices=\"small-visibility,medium-visibility,large-visibility\"><div class=\"fusion-column-wrapper fusion-column-has-shadow fusion-flex-justify-content-flex-start fusion-content-layout-column\"><div class=\"fusion-title title fusion-title-2 fusion-title-text fusion-title-size-one\"><div class=\"title-sep-container title-sep-container-left fusion-no-large-visibility fusion-no-medium-visibility fusion-no-small-visibility\"><div class=\"title-sep sep- sep-solid\" style=\"border-color:#e0dede;\"><\/div><\/div><span class=\"awb-title-spacer fusion-no-large-visibility fusion-no-medium-visibility fusion-no-small-visibility\"><\/span><h1 class=\"fusion-title-heading title-heading-left\" style=\"margin:0;\"><h2>Formaci\u00f3 a mida<\/h2><\/h1><span class=\"awb-title-spacer\"><\/span><div class=\"title-sep-container title-sep-container-right\"><div class=\"title-sep sep- sep-solid\" style=\"border-color:#e0dede;\"><\/div><\/div><\/div><div class=\"fusion-text fusion-text-2\"><p>El Servei de Consultoria Matem\u00e0tica us ofereix la possibilitat de realitzar cursos personalitzats per a la formaci\u00f3 del personal de la vostra entitat o grup de recerca.<\/p>\n<p>Els usuaris interessats en cursos a mida podran confeccionar els continguts a partir de la metodologia de treball i les t\u00e8cniques m\u00e9s habituals del seu \u00e0mbit.<\/p>\n<p>Per a sol\u00b7licitar un curs a mida, contacteu amb nosaltres per correu electr\u00f2nic s.consultoria.matematica@uab.cat, o b\u00e9, via el <a href=\"https:\/\/eformularis.uab.cat\/web\/mcs\/consulta\" target=\"_blank\" rel=\"noopener\">Formulari de consulta<\/a>.<\/p>\n<\/div><div style=\"text-align:center;\"><a class=\"fusion-button button-flat fusion-button-default-size button-custom fusion-button-default button-2 fusion-button-default-span fusion-button-default-type\" style=\"--button_accent_color:#ffffff;--button_accent_hover_color:#ffffff;--button_border_hover_color:#ffffff;--button_gradient_top_color:#546b63;--button_gradient_bottom_color:#546b63;--button_gradient_top_color_hover:#4e958d;--button_gradient_bottom_color_hover:#4e958d;\" target=\"_blank\" rel=\"noopener noreferrer\" href=\"https:\/\/forms.cloud.microsoft\/Pages\/ResponsePage.aspx?id=KUxRa5EjMUi3dITzXEW_AaLKHc96qOJLkJKCEGqO3iZUOFRUSlpKOUJCUVZKUU04RjA3N1NNM0xQUy4u\"><span class=\"fusion-button-text\">Formulari de Consulta<\/span><\/a><\/div><\/div><\/div><\/div><\/div><div class=\"fusion-fullwidth fullwidth-box fusion-builder-row-3 fusion-flex-container has-pattern-background has-mask-background nonhundred-percent-fullwidth non-hundred-percent-height-scrolling\" style=\"--awb-border-radius-top-left:0px;--awb-border-radius-top-right:0px;--awb-border-radius-bottom-right:0px;--awb-border-radius-bottom-left:0px;--awb-background-color:#ffffff;--awb-flex-wrap:wrap;\" ><div class=\"fusion-builder-row fusion-row fusion-flex-align-items-flex-start fusion-flex-content-wrap\" style=\"max-width:1216.8px;margin-left: calc(-4% \/ 2 );margin-right: calc(-4% \/ 2 );\"><div class=\"fusion-layout-column fusion_builder_column fusion-builder-column-4 fusion_builder_column_1_1 1_1 fusion-flex-column\" style=\"--awb-bg-color:#ffffff;--awb-bg-color-hover:#ffffff;--awb-bg-size:cover;--awb-width-large:100%;--awb-margin-top-large:0px;--awb-spacing-right-large:1.92%;--awb-margin-bottom-large:20px;--awb-spacing-left-large:1.92%;--awb-width-medium:100%;--awb-order-medium:0;--awb-spacing-right-medium:1.92%;--awb-spacing-left-medium:1.92%;--awb-width-small:100%;--awb-order-small:0;--awb-spacing-right-small:1.92%;--awb-spacing-left-small:1.92%;\" data-motion-effects=\"[{&quot;type&quot;:&quot;&quot;,&quot;scroll_type&quot;:&quot;transition&quot;,&quot;scroll_direction&quot;:&quot;up&quot;,&quot;transition_speed&quot;:&quot;1&quot;,&quot;fade_type&quot;:&quot;in&quot;,&quot;scale_type&quot;:&quot;up&quot;,&quot;initial_scale&quot;:&quot;1&quot;,&quot;max_scale&quot;:&quot;1.5&quot;,&quot;min_scale&quot;:&quot;0.5&quot;,&quot;initial_rotate&quot;:&quot;0&quot;,&quot;end_rotate&quot;:&quot;30&quot;,&quot;initial_blur&quot;:&quot;0&quot;,&quot;end_blur&quot;:&quot;3&quot;,&quot;start_element&quot;:&quot;top&quot;,&quot;start_viewport&quot;:&quot;bottom&quot;,&quot;end_element&quot;:&quot;bottom&quot;,&quot;end_viewport&quot;:&quot;top&quot;,&quot;mouse_effect&quot;:&quot;track&quot;,&quot;mouse_effect_direction&quot;:&quot;opposite&quot;,&quot;mouse_effect_speed&quot;:&quot;2&quot;,&quot;infinite_animation&quot;:&quot;float&quot;,&quot;infinite_animation_speed&quot;:&quot;2&quot;}]\" data-scroll-devices=\"small-visibility,medium-visibility,large-visibility\"><div class=\"fusion-column-wrapper fusion-column-has-shadow fusion-flex-justify-content-flex-start fusion-content-layout-column\"><div class=\"fusion-separator fusion-full-width-sep\" style=\"align-self: center;margin-left: auto;margin-right: auto;margin-top:5px;margin-bottom:5px;width:100%;\"><div class=\"fusion-separator-border sep-single sep-solid\" style=\"--awb-height:20px;--awb-amount:20px;--awb-sep-color:#546b63;border-color:#546b63;border-top-width:5px;\"><\/div><\/div><\/div><\/div><\/div><\/div><div class=\"fusion-fullwidth fullwidth-box fusion-builder-row-4 fusion-flex-container has-pattern-background has-mask-background nonhundred-percent-fullwidth non-hundred-percent-height-scrolling\" style=\"--awb-border-radius-top-left:0px;--awb-border-radius-top-right:0px;--awb-border-radius-bottom-right:0px;--awb-border-radius-bottom-left:0px;--awb-background-color:#ffffff;--awb-flex-wrap:wrap;\" ><div class=\"fusion-builder-row fusion-row fusion-flex-align-items-flex-start fusion-flex-content-wrap\" style=\"max-width:1216.8px;margin-left: calc(-4% \/ 2 );margin-right: calc(-4% \/ 2 );\"><div class=\"fusion-layout-column fusion_builder_column fusion-builder-column-5 fusion_builder_column_1_1 1_1 fusion-flex-column\" style=\"--awb-padding-right:20px;--awb-padding-left:20px;--awb-bg-size:cover;--awb-width-large:100%;--awb-margin-top-large:0px;--awb-spacing-right-large:1.92%;--awb-margin-bottom-large:20px;--awb-spacing-left-large:1.92%;--awb-width-medium:100%;--awb-order-medium:0;--awb-spacing-right-medium:1.92%;--awb-spacing-left-medium:1.92%;--awb-width-small:100%;--awb-order-small:0;--awb-spacing-right-small:1.92%;--awb-spacing-left-small:1.92%;\" data-motion-effects=\"[{&quot;type&quot;:&quot;&quot;,&quot;scroll_type&quot;:&quot;transition&quot;,&quot;scroll_direction&quot;:&quot;up&quot;,&quot;transition_speed&quot;:&quot;1&quot;,&quot;fade_type&quot;:&quot;in&quot;,&quot;scale_type&quot;:&quot;up&quot;,&quot;initial_scale&quot;:&quot;1&quot;,&quot;max_scale&quot;:&quot;1.5&quot;,&quot;min_scale&quot;:&quot;0.5&quot;,&quot;initial_rotate&quot;:&quot;0&quot;,&quot;end_rotate&quot;:&quot;30&quot;,&quot;initial_blur&quot;:&quot;0&quot;,&quot;end_blur&quot;:&quot;3&quot;,&quot;start_element&quot;:&quot;top&quot;,&quot;start_viewport&quot;:&quot;bottom&quot;,&quot;end_element&quot;:&quot;bottom&quot;,&quot;end_viewport&quot;:&quot;top&quot;,&quot;mouse_effect&quot;:&quot;track&quot;,&quot;mouse_effect_direction&quot;:&quot;opposite&quot;,&quot;mouse_effect_speed&quot;:&quot;2&quot;,&quot;infinite_animation&quot;:&quot;float&quot;,&quot;infinite_animation_speed&quot;:&quot;2&quot;}]\" data-scroll-devices=\"small-visibility,medium-visibility,large-visibility\"><div class=\"fusion-column-wrapper fusion-column-has-shadow fusion-flex-justify-content-flex-start fusion-content-layout-column\"><div class=\"fusion-title title fusion-title-3 fusion-title-text fusion-title-size-one\"><div class=\"title-sep-container title-sep-container-left fusion-no-large-visibility fusion-no-medium-visibility fusion-no-small-visibility\"><div class=\"title-sep sep- sep-solid\" style=\"border-color:#e0dede;\"><\/div><\/div><span class=\"awb-title-spacer fusion-no-large-visibility fusion-no-medium-visibility fusion-no-small-visibility\"><\/span><h1 class=\"fusion-title-heading title-heading-left\" style=\"margin:0;\"><h1 id=\"Microcredencials\">Microcredencials UAB<\/h1><\/h1><span class=\"awb-title-spacer\"><\/span><div class=\"title-sep-container title-sep-container-right\"><div class=\"title-sep sep- sep-solid\" style=\"border-color:#e0dede;\"><\/div><\/div><\/div><div class=\"fusion-text fusion-text-3\"><p>Personal del Departament de Matem\u00e0tiques de la UAB participen activament en la doc\u00e8ncia i organitzaci\u00f3 de cursos en format microcredencials UAB.<\/p>\n<ul>\n<li><strong>Introducci\u00f3 a l\u2019An\u00e0lisi de Dades amb R<\/strong> (Codi 5163)<br \/>\nEn aquest curs s&#8217;introdueixen la programaci\u00f3 en R, aix\u00ed com la realitzaci\u00f3 de l\u2019an\u00e0lisi descriptiva i infer\u00e8ncia b\u00e0sica en R.<br \/>\nLes sessions presencials es realitzaran els dies <strong>20, 22, 27, 29 de gener, 3, 5, 10, 12 de febrer de 2026 de 17:00 a 19:00<\/strong> a la facultat de Ci\u00e8ncies de la Universitat Aut\u00f2noma de Barcelona.<br \/>\nPreu: 300 \u20ac \/\/ <strong>Preu especial: 90 \u20ac<\/strong><br \/>\n<a href=\"https:\/\/www.uab.cat\/web\/postgrau\/microcredencial-en-introduccio-a-l-analisi-de-dades-amb-r\/informacio-general-1201094877538.html\/param1-5163_ca\" target=\"_blank\" rel=\"noopener\">enlla\u00e7 a la informaci\u00f3 del curs<\/a><\/li>\n<li><strong>Modelitzaci\u00f3 Estad\u00edstica B\u00e0sica amb RStudio<\/strong> (Codi 5164)<br \/>\nEn aquest curs es presenten els conceptes b\u00e0sics de la modelitzaci\u00f3 estad\u00edstica en R que permeten explorar la relaci\u00f3 existent entre una variable resposta i diverses variables explicatives.<br \/>\nLes sessions presencials es realitzaran els dies <strong>2, 4, 9, 11, 16, 18, 23 i 25 de febrer de 2026 de 17:00 a 19:00<\/strong> a la facultat de Ci\u00e8ncies de la Universitat Aut\u00f2noma de Barcelona.<br \/>\nPreu: 300 \u20ac \/\/ <strong>Preu especial: 90 \u20ac<\/strong><br \/>\n<a href=\"https:\/\/www.uab.cat\/web\/postgrau\/microcredencial-en-modelitzacio-estadistica-basica-amb-rstudio\/informacio-general-1201094877538.html\/param1-5164_ca\/\" target=\"_blank\" rel=\"noopener\">enlla\u00e7 a la informaci\u00f3 del curs<\/a><\/li>\n<li><strong>Papirofl\u00e8xia i matem\u00e0tiques<\/strong> (Codi 5170)<br \/>\nLa microcredencial consta de dues sessions. En la primera sessi\u00f3 es veuran diferents exemples de figures planes i la segona sessi\u00f3 estar\u00e0 dedicada a la construcci\u00f3 de pol\u00ededres de paper mitjan\u00e7ant la t\u00e8cnica de la papirofl\u00e8xia modular. Es presenta la papirofl\u00e8xia com una eina que pot ser tractada des d\u2019un punt de vista cultural, cient\u00edfic o art\u00edstic.<br \/>\nLes sessions presencials es realitzaran els dies <strong>8 i 15 de novembre de 2025 de 10:00 a 13:30<\/strong> a la Universitat Aut\u00f2noma de Barcelona.<br \/>\nPreu: 150 \u20ac \/\/ <strong>Preu especial: 45 \u20ac<\/strong><br \/>\n<a href=\"https:\/\/www.uab.cat\/web\/postgrau\/microcredencial-en-papiroflexia-i-matematiques\/infor macio-general-1201094877538.html\/param1-5170_ca\/\" target=\"_blank\" rel=\"noopener\">enlla\u00e7 a la informaci\u00f3 del curs<\/a><\/li>\n<li><strong>Introducci\u00f3 al Disseny d&#8217;Estudis i Experiments<\/strong> (Codi 5196)\u00a0<span style=\"color: #ff0000\">ANULAT<\/span><br \/>\nEn aquest curs es presenten els diferents dissenys experimentals, la formulaci\u00f3 d&#8217;hip\u00f2tesis estad\u00edstiques, la metodologia estad\u00edstica d\u2019an\u00e0lisi i la interpretaci\u00f3 dels resultats obtinguts amb Jamovi.<br \/>\n<del>Les sessions presencials es realitzaran els dies <strong>10, 12, 17, 19, 24 i 26 de novembre, i 1 i 3 de desembre de 2025 de 17:00 a 19:00<\/strong> a la facultat de Ci\u00e8ncies de la Universitat Aut\u00f2noma de Barcelona.<\/del><br \/>\n<del>Preu: 300 \u20ac \/\/ <strong>Preu especial: 90 \u20ac<\/strong><\/del><br \/>\n<a href=\"https:\/\/www.uab.cat\/web\/postgrau\/microcredencial-en-introduccio-al-disseny-d-estudis-i-experiments\/informacio-general-1201094877538.html\/param1-5196_ca\/\" target=\"_blank\" rel=\"noopener\">enlla\u00e7 a la informaci\u00f3 del curs<\/a><\/li>\n<li><strong>Determinaci\u00f3 de la Mida de la Mostra en Estudis Experimentals<\/strong> (Codi 5194)<br \/>\nEn aquest curs es presenta com interv\u00e9 la mida de la mostra en les estimacions i la pot\u00e8ncia estad\u00edstica amb els softwares ENE 3.0 i R.<br \/>\nLes sessions presencials es realitzaran els dies <strong>15 i 17 de desembre del 2025, i 12, 14, 19, 21, 26 i 28 de gener de 2026 de 17:00 a 19:00<\/strong> a la facultat de Ci\u00e8ncies de la Universitat Aut\u00f2noma.<br \/>\nPreu: 300 \u20ac \/\/ <strong>Preu especial: 90 \u20ac<\/strong><br \/>\n<a href=\"https:\/\/www.uab.cat\/web\/postgrau\/microcredencial-en-determinacio-de-la-mida-de-la-mostra-en-estudis-experimentals\/informacio-general-1201094877538.html\/param1-5194_ca\/\" target=\"_blank\" rel=\"noopener\">enlla\u00e7 a la informaci\u00f3 del curs<\/a><\/li>\n<li><strong>Ensenyant Estad\u00edstica: Eines per a Tutoritzar Projectes d&#8217;Alumnes de Secund\u00e0ria<\/strong> (Codi 5205)<br \/>\nAquest curs pret\u00e9n proporcionar eines estad\u00edstiques als docents dels centres d&#8217;ensenyament secundari que els permetin completar el seu coneixement i la seva metodologia d&#8217;ensenyament pel que fa a la tutoria de projectes de ci\u00e8ncies experimentals dels alumnes.<br \/>\nLes sessions presencials es realitzaran els dies <strong>19 de novembre del 2025 de 18:00 a 19:00, 22 i 29 de novembre de 2025 de 10:00 a<\/strong> <strong>13:00<\/strong>. La prova d&#8217;avaluaci\u00f3 es realitzar\u00e0 el <strong>dimecres 2 de desembre 18:00 a 20:00<\/strong> a la facultat de Ci\u00e8ncies de la Universitat Aut\u00f2noma.<br \/>\nPreu: 150 \u20ac \/\/ <strong>Preu especial: 45 \u20ac<\/strong><br \/>\n<a href=\"https:\/\/www.uab.cat\/web\/postgrau\/microcredencial-en-ensenyant-estadistica-eines-per-a-tutoritzar-projectes-d-alumnes-de-secundaria\/informacio-general-1201094877538.html\/param1-5205_ca\/\" target=\"_blank\" rel=\"noopener\">enlla\u00e7 a la informaci\u00f3 del curs<\/a><\/li>\n<li><strong>Raonaments i demostracions a l\u2019aula<\/strong> (Codi 5124)<br \/>\nL\u2019objectiu d\u2019aquest curs es proporcionar un ventall d\u2019exemples \u00fatils, interessants i aplicables a l\u2019aula per tal d\u2019entendre i consolidar el que significa fer una demostraci\u00f3 en matem\u00e0tiques.<br \/>\nLes sessions presencials es realitzaran els dies <strong>13, 16, 18, 20, 23, 25 i 27 de Febrer de 2025 de 16:00 a 18:00 <\/strong>a la Universitat Aut\u00f2noma de Barcelona. L\u2019examen es realitzar\u00e0 el dia <strong>2 de Mar\u00e7 de 16:00 a 18:00<\/strong>.<br \/>\nPreu: 300 \u20ac \/\/ <strong>Preu especial: 90 \u20ac<\/strong><br \/>\n<a href=\"https:\/\/www.uab.cat\/web\/postgrau\/microcredencial-en-raonaments-i-demostracions-a-l-aula\/informacio-general-1201094877538.html\/param1-5124_ca\/\" target=\"_blank\" rel=\"noopener\">enlla\u00e7 a la informaci\u00f3 del curs<\/a><\/li>\n<\/ul>\n<\/div><\/div><\/div><\/div><\/div><\/p>\n","protected":false},"excerpt":{"rendered":"","protected":false},"author":24,"featured_media":0,"parent":0,"menu_order":0,"comment_status":"closed","ping_status":"closed","template":"","meta":{"footnotes":""},"class_list":["post-1293","page","type-page","status-publish","hentry"],"_links":{"self":[{"href":"https:\/\/mat.uab.cat\/web\/mcs\/wp-json\/wp\/v2\/pages\/1293","targetHints":{"allow":["GET"]}}],"collection":[{"href":"https:\/\/mat.uab.cat\/web\/mcs\/wp-json\/wp\/v2\/pages"}],"about":[{"href":"https:\/\/mat.uab.cat\/web\/mcs\/wp-json\/wp\/v2\/types\/page"}],"author":[{"embeddable":true,"href":"https:\/\/mat.uab.cat\/web\/mcs\/wp-json\/wp\/v2\/users\/24"}],"replies":[{"embeddable":true,"href":"https:\/\/mat.uab.cat\/web\/mcs\/wp-json\/wp\/v2\/comments?post=1293"}],"version-history":[{"count":28,"href":"https:\/\/mat.uab.cat\/web\/mcs\/wp-json\/wp\/v2\/pages\/1293\/revisions"}],"predecessor-version":[{"id":1669,"href":"https:\/\/mat.uab.cat\/web\/mcs\/wp-json\/wp\/v2\/pages\/1293\/revisions\/1669"}],"wp:attachment":[{"href":"https:\/\/mat.uab.cat\/web\/mcs\/wp-json\/wp\/v2\/media?parent=1293"}],"curies":[{"name":"wp","href":"https:\/\/api.w.org\/{rel}","templated":true}]}}