{"id":1432,"date":"2025-09-16T13:54:31","date_gmt":"2025-09-16T13:54:31","guid":{"rendered":"https:\/\/mat.uab.cat\/web\/mcs\/?page_id=1432"},"modified":"2025-10-13T05:43:10","modified_gmt":"2025-10-13T05:43:10","slug":"statistical-short-course","status":"publish","type":"page","link":"https:\/\/mat.uab.cat\/web\/mcs\/statistical-short-course\/","title":{"rendered":"Statistical Short Course"},"content":{"rendered":"<p><div class=\"fusion-fullwidth fullwidth-box fusion-builder-row-1 fusion-flex-container has-pattern-background has-mask-background nonhundred-percent-fullwidth non-hundred-percent-height-scrolling\" style=\"--awb-border-radius-top-left:0px;--awb-border-radius-top-right:0px;--awb-border-radius-bottom-right:0px;--awb-border-radius-bottom-left:0px;--awb-background-color:#ffffff;--awb-flex-wrap:wrap;\" ><div class=\"fusion-builder-row fusion-row fusion-flex-align-items-flex-start fusion-flex-content-wrap\" style=\"max-width:1216.8px;margin-left: calc(-4% \/ 2 );margin-right: calc(-4% \/ 2 );\"><div class=\"fusion-layout-column fusion_builder_column fusion-builder-column-0 fusion_builder_column_1_1 1_1 fusion-flex-column\" style=\"--awb-bg-size:cover;--awb-width-large:100%;--awb-margin-top-large:0px;--awb-spacing-right-large:1.92%;--awb-margin-bottom-large:20px;--awb-spacing-left-large:1.92%;--awb-width-medium:100%;--awb-order-medium:0;--awb-spacing-right-medium:1.92%;--awb-spacing-left-medium:1.92%;--awb-width-small:100%;--awb-order-small:0;--awb-spacing-right-small:1.92%;--awb-spacing-left-small:1.92%;\"><div class=\"fusion-column-wrapper fusion-column-has-shadow fusion-flex-justify-content-flex-start fusion-content-layout-column\"><div class=\"fusion-separator fusion-full-width-sep\" style=\"align-self: center;margin-left: auto;margin-right: auto;width:100%;\"><div class=\"fusion-separator-border sep-single sep-solid\" style=\"--awb-height:20px;--awb-amount:20px;--awb-sep-color:#546b63;border-color:#546b63;border-top-width:5px;\"><\/div><\/div><\/div><\/div><div class=\"fusion-layout-column fusion_builder_column fusion-builder-column-1 fusion_builder_column_1_1 1_1 fusion-flex-column\" style=\"--awb-padding-right:20px;--awb-padding-left:20px;--awb-bg-size:cover;--awb-width-large:100%;--awb-margin-top-large:0px;--awb-spacing-right-large:1.92%;--awb-margin-bottom-large:20px;--awb-spacing-left-large:1.92%;--awb-width-medium:100%;--awb-order-medium:0;--awb-spacing-right-medium:1.92%;--awb-spacing-left-medium:1.92%;--awb-width-small:100%;--awb-order-small:0;--awb-spacing-right-small:1.92%;--awb-spacing-left-small:1.92%;\" data-motion-effects=\"[{&quot;type&quot;:&quot;&quot;,&quot;scroll_type&quot;:&quot;transition&quot;,&quot;scroll_direction&quot;:&quot;up&quot;,&quot;transition_speed&quot;:&quot;1&quot;,&quot;fade_type&quot;:&quot;in&quot;,&quot;scale_type&quot;:&quot;up&quot;,&quot;initial_scale&quot;:&quot;1&quot;,&quot;max_scale&quot;:&quot;1.5&quot;,&quot;min_scale&quot;:&quot;0.5&quot;,&quot;initial_rotate&quot;:&quot;0&quot;,&quot;end_rotate&quot;:&quot;30&quot;,&quot;initial_blur&quot;:&quot;0&quot;,&quot;end_blur&quot;:&quot;3&quot;,&quot;start_element&quot;:&quot;top&quot;,&quot;start_viewport&quot;:&quot;bottom&quot;,&quot;end_element&quot;:&quot;bottom&quot;,&quot;end_viewport&quot;:&quot;top&quot;,&quot;mouse_effect&quot;:&quot;track&quot;,&quot;mouse_effect_direction&quot;:&quot;opposite&quot;,&quot;mouse_effect_speed&quot;:&quot;2&quot;,&quot;infinite_animation&quot;:&quot;float&quot;,&quot;infinite_animation_speed&quot;:&quot;2&quot;}]\" data-scroll-devices=\"small-visibility,medium-visibility,large-visibility\"><div class=\"fusion-column-wrapper fusion-column-has-shadow fusion-flex-justify-content-flex-start fusion-content-layout-column\"><div class=\"fusion-title title fusion-title-1 fusion-title-text fusion-title-size-one\"><div class=\"title-sep-container title-sep-container-left fusion-no-large-visibility fusion-no-medium-visibility fusion-no-small-visibility\"><div class=\"title-sep sep- sep-solid\" style=\"border-color:#e0dede;\"><\/div><\/div><span class=\"awb-title-spacer fusion-no-large-visibility fusion-no-medium-visibility fusion-no-small-visibility\"><\/span><h1 class=\"fusion-title-heading title-heading-left\" style=\"margin:0;\"><h1 id=\"Survival\">Statistical Short Course<\/h1><\/h1><span class=\"awb-title-spacer\"><\/span><div class=\"title-sep-container title-sep-container-right\"><div class=\"title-sep sep- sep-solid\" style=\"border-color:#e0dede;\"><\/div><\/div><\/div><div class=\"fusion-text fusion-text-1\"><h2>Dependent censoring in survival analysis: from basic concepts to some recent advances based on copulas<\/h2>\n<p>Prof. <strong>Ingrid Van Keilegom<\/strong> &#8211; <em>Operations Research and Statistics Research Group, Faculty of Economics and Business, KU Leuven<\/em><\/p>\n<p>The course gives an overview of modern techniques to handle dependent\u00a0 censoring in survival analysis.\u00a0 It starts with a number of practical examples of situations in which dependent censoring occurs, and what the consequences are if the censoring time would erroneously be considered independent of the survival time. Next, it will be explained why copula functions are very useful to handle the presence of dependent censoring.\u00a0 A number of recent papers are then discussed, in which copula based models for dependent censoring are proposed and estimated. An R package for using these methods will also be explained in detail, and the course will finish with some hands-on exercise session in which the methods can be applied on real data.<\/p>\n<p>Requisits:<\/p>\n<ul>\n<li>Basic knowledge of survival analysis is recommended (censoring, Kaplan-Meier estimator, Cox model, AFT model). Also, some knowledge of copulas (what they are, how to interpret them, etc) will be useful.<\/li>\n<\/ul>\n<p><strong>Data: <del>Dimecres 15 d&#8217;octubre de les 10:00 a les 13:30<\/del> <span style=\"color: #ff0000\">ATENCI\u00d3 CANVI DE DATA<br \/>\n<span style=\"color: #000000\">Dimarts 14 d&#8217;octubre de les 10:00 a les 13:30<\/span><\/span><\/strong><\/p>\n<p>Lloc: <strong>Aula C3b\/103<\/strong>, Facultat de Ci\u00e8ncies, Campus de la UAB<\/p>\n<p>Activitat gratu\u00efta<\/p>\n<p>Tot i que l\u2019acte \u00e9s gratu\u00eft, \u00e9s imprescindible formalitzar la inscripci\u00f3 per assistir-hi: <a href=\"https:\/\/eformularis.uab.cat\/ca\/web\/mcs\/diaestadisticacurs\" target=\"_blank\" rel=\"noopener\">enlla\u00e7 a inscripci\u00f3 Statistical Short Course<\/a><\/p>\n<\/div><div ><a class=\"fusion-button button-flat fusion-button-default-size button-custom fusion-button-default button-1 fusion-button-default-span fusion-button-default-type\" style=\"--button_accent_color:#ffffff;--button_accent_hover_color:#ffffff;--button_border_hover_color:#ffffff;--button_gradient_top_color:#546b63;--button_gradient_bottom_color:#546b63;--button_gradient_top_color_hover:#4e958d;--button_gradient_bottom_color_hover:#4e958d;--button_margin-bottom:2em;\" target=\"_blank\" rel=\"noopener noreferrer\" href=\"https:\/\/eformularis.uab.cat\/ca\/web\/mcs\/diaestadisticacurs\"><span class=\"fusion-button-text\">Inscripci\u00f3 Statistical Short Course<\/span><\/a><\/div><\/div><\/div><\/div><\/div><div class=\"fusion-fullwidth fullwidth-box fusion-builder-row-2 fusion-flex-container has-pattern-background has-mask-background nonhundred-percent-fullwidth non-hundred-percent-height-scrolling\" style=\"--link_color: #546b63;--awb-border-radius-top-left:0px;--awb-border-radius-top-right:0px;--awb-border-radius-bottom-right:0px;--awb-border-radius-bottom-left:0px;--awb-padding-right:30px;--awb-padding-left:30px;--awb-background-color:#ffffff;--awb-flex-wrap:wrap;\" ><div class=\"fusion-builder-row fusion-row fusion-flex-align-items-flex-start fusion-flex-content-wrap\" style=\"max-width:1216.8px;margin-left: calc(-4% \/ 2 );margin-right: calc(-4% \/ 2 );\"><div class=\"fusion-layout-column fusion_builder_column fusion-builder-column-2 fusion_builder_column_1_1 1_1 fusion-flex-column\" style=\"--awb-bg-size:cover;--awb-width-large:100%;--awb-margin-top-large:0px;--awb-spacing-right-large:1.92%;--awb-margin-bottom-large:20px;--awb-spacing-left-large:1.92%;--awb-width-medium:100%;--awb-order-medium:0;--awb-spacing-right-medium:1.92%;--awb-spacing-left-medium:1.92%;--awb-width-small:100%;--awb-order-small:0;--awb-spacing-right-small:1.92%;--awb-spacing-left-small:1.92%;\"><div class=\"fusion-column-wrapper fusion-column-has-shadow fusion-flex-justify-content-flex-start fusion-content-layout-column\"><div class=\"fusion-text fusion-text-2\"><p>Curs estad\u00edstic gratu\u00eft organitzat per la revista SORT, l\u2019Idescat i la Societat Catalana d\u2019Estad\u00edstica.<\/p>\n<\/div><\/div><\/div><div class=\"fusion-layout-column fusion_builder_column fusion-builder-column-3 fusion_builder_column_1_3 1_3 fusion-flex-column\" style=\"--awb-bg-size:cover;--awb-width-large:33.333333333333%;--awb-margin-top-large:0px;--awb-spacing-right-large:5.76%;--awb-margin-bottom-large:20px;--awb-spacing-left-large:5.76%;--awb-width-medium:100%;--awb-order-medium:0;--awb-spacing-right-medium:1.92%;--awb-spacing-left-medium:1.92%;--awb-width-small:100%;--awb-order-small:0;--awb-spacing-right-small:1.92%;--awb-spacing-left-small:1.92%;\"><div class=\"fusion-column-wrapper fusion-column-has-shadow fusion-flex-justify-content-flex-start fusion-content-layout-column\"><div class=\"fusion-image-element \" style=\"--awb-caption-title-font-family:var(--h2_typography-font-family);--awb-caption-title-font-weight:var(--h2_typography-font-weight);--awb-caption-title-font-style:var(--h2_typography-font-style);--awb-caption-title-size:var(--h2_typography-font-size);--awb-caption-title-transform:var(--h2_typography-text-transform);--awb-caption-title-line-height:var(--h2_typography-line-height);--awb-caption-title-letter-spacing:var(--h2_typography-letter-spacing);\"><span class=\" fusion-imageframe imageframe-none imageframe-1 hover-type-none\"><a class=\"fusion-no-lightbox\" href=\"https:\/\/soce.iec.cat\/\" target=\"_blank\" aria-label=\"logo SCE\" rel=\"noopener noreferrer\"><img decoding=\"async\" width=\"100\" height=\"60\" alt=\"Societat Catalana d&#039;Estad\u00edstica\" src=\"https:\/\/mat.uab.cat\/web\/mcs\/wp-content\/uploads\/sites\/18\/2025\/09\/logo-SCE.png\" class=\"img-responsive wp-image-1477\"\/><\/a><\/span><\/div><\/div><\/div><div class=\"fusion-layout-column fusion_builder_column fusion-builder-column-4 fusion_builder_column_1_3 1_3 fusion-flex-column\" style=\"--awb-bg-size:cover;--awb-width-large:33.333333333333%;--awb-margin-top-large:0px;--awb-spacing-right-large:5.76%;--awb-margin-bottom-large:20px;--awb-spacing-left-large:5.76%;--awb-width-medium:100%;--awb-order-medium:0;--awb-spacing-right-medium:1.92%;--awb-spacing-left-medium:1.92%;--awb-width-small:100%;--awb-order-small:0;--awb-spacing-right-small:1.92%;--awb-spacing-left-small:1.92%;\"><div class=\"fusion-column-wrapper fusion-column-has-shadow fusion-flex-justify-content-flex-start fusion-content-layout-column\"><div class=\"fusion-image-element \" style=\"--awb-caption-title-font-family:var(--h2_typography-font-family);--awb-caption-title-font-weight:var(--h2_typography-font-weight);--awb-caption-title-font-style:var(--h2_typography-font-style);--awb-caption-title-size:var(--h2_typography-font-size);--awb-caption-title-transform:var(--h2_typography-text-transform);--awb-caption-title-line-height:var(--h2_typography-line-height);--awb-caption-title-letter-spacing:var(--h2_typography-letter-spacing);\"><span class=\" fusion-imageframe imageframe-none imageframe-2 hover-type-none\"><a class=\"fusion-no-lightbox\" href=\"https:\/\/www.idescat.cat\/sort\/\" target=\"_blank\" aria-label=\"sort491\" rel=\"noopener noreferrer\"><img decoding=\"async\" width=\"141\" height=\"198\" alt=\"Revista SORT\" src=\"https:\/\/mat.uab.cat\/web\/mcs\/wp-content\/uploads\/sites\/18\/2025\/09\/sort491.png\" class=\"img-responsive wp-image-1476\"\/><\/a><\/span><\/div><\/div><\/div><div class=\"fusion-layout-column fusion_builder_column fusion-builder-column-5 fusion_builder_column_1_3 1_3 fusion-flex-column\" style=\"--awb-bg-size:cover;--awb-width-large:33.333333333333%;--awb-margin-top-large:0px;--awb-spacing-right-large:5.76%;--awb-margin-bottom-large:20px;--awb-spacing-left-large:5.76%;--awb-width-medium:100%;--awb-order-medium:0;--awb-spacing-right-medium:1.92%;--awb-spacing-left-medium:1.92%;--awb-width-small:100%;--awb-order-small:0;--awb-spacing-right-small:1.92%;--awb-spacing-left-small:1.92%;\"><div class=\"fusion-column-wrapper fusion-column-has-shadow fusion-flex-justify-content-flex-start fusion-content-layout-column\"><div class=\"fusion-image-element \" style=\"--awb-caption-title-font-family:var(--h2_typography-font-family);--awb-caption-title-font-weight:var(--h2_typography-font-weight);--awb-caption-title-font-style:var(--h2_typography-font-style);--awb-caption-title-size:var(--h2_typography-font-size);--awb-caption-title-transform:var(--h2_typography-text-transform);--awb-caption-title-line-height:var(--h2_typography-line-height);--awb-caption-title-letter-spacing:var(--h2_typography-letter-spacing);\"><span class=\" fusion-imageframe imageframe-none imageframe-3 hover-type-none\"><a class=\"fusion-no-lightbox\" href=\"https:\/\/www.idescat.cat\/\" target=\"_blank\" aria-label=\"Logo_Idescat\" rel=\"noopener noreferrer\"><img decoding=\"async\" width=\"300\" height=\"71\" alt=\"Institut d&#039;Estad\u00edstica de Catalunya\" src=\"https:\/\/mat.uab.cat\/web\/mcs\/wp-content\/uploads\/sites\/18\/2025\/09\/Logo_Idescat-300x71.jpg\" class=\"img-responsive wp-image-1475\" srcset=\"https:\/\/mat.uab.cat\/web\/mcs\/wp-content\/uploads\/sites\/18\/2025\/09\/Logo_Idescat-200x47.jpg 200w, https:\/\/mat.uab.cat\/web\/mcs\/wp-content\/uploads\/sites\/18\/2025\/09\/Logo_Idescat-400x94.jpg 400w, https:\/\/mat.uab.cat\/web\/mcs\/wp-content\/uploads\/sites\/18\/2025\/09\/Logo_Idescat.jpg 458w\" sizes=\"(max-width: 1024px) 100vw, (max-width: 850px) 100vw, 400px\" \/><\/a><\/span><\/div><\/div><\/div><\/div><\/div><\/p>\n","protected":false},"excerpt":{"rendered":"","protected":false},"author":24,"featured_media":0,"parent":0,"menu_order":0,"comment_status":"closed","ping_status":"closed","template":"","meta":{"footnotes":""},"class_list":["post-1432","page","type-page","status-publish","hentry"],"_links":{"self":[{"href":"https:\/\/mat.uab.cat\/web\/mcs\/wp-json\/wp\/v2\/pages\/1432","targetHints":{"allow":["GET"]}}],"collection":[{"href":"https:\/\/mat.uab.cat\/web\/mcs\/wp-json\/wp\/v2\/pages"}],"about":[{"href":"https:\/\/mat.uab.cat\/web\/mcs\/wp-json\/wp\/v2\/types\/page"}],"author":[{"embeddable":true,"href":"https:\/\/mat.uab.cat\/web\/mcs\/wp-json\/wp\/v2\/users\/24"}],"replies":[{"embeddable":true,"href":"https:\/\/mat.uab.cat\/web\/mcs\/wp-json\/wp\/v2\/comments?post=1432"}],"version-history":[{"count":10,"href":"https:\/\/mat.uab.cat\/web\/mcs\/wp-json\/wp\/v2\/pages\/1432\/revisions"}],"predecessor-version":[{"id":1566,"href":"https:\/\/mat.uab.cat\/web\/mcs\/wp-json\/wp\/v2\/pages\/1432\/revisions\/1566"}],"wp:attachment":[{"href":"https:\/\/mat.uab.cat\/web\/mcs\/wp-json\/wp\/v2\/media?parent=1432"}],"curies":[{"name":"wp","href":"https:\/\/api.w.org\/{rel}","templated":true}]}}