{"id":1440,"date":"2025-09-16T14:43:55","date_gmt":"2025-09-16T14:43:55","guid":{"rendered":"https:\/\/mat.uab.cat\/web\/mcs\/?page_id=1440"},"modified":"2025-10-18T11:03:26","modified_gmt":"2025-10-18T11:03:26","slug":"actes-de-cellebracio-dia-mundial-de-lestadistica","status":"publish","type":"page","link":"https:\/\/mat.uab.cat\/web\/mcs\/actes-de-cellebracio-dia-mundial-de-lestadistica\/","title":{"rendered":"Actes de celebraci\u00f3 Dia Mundial de l&#8217;Estad\u00edstica"},"content":{"rendered":"<p><div class=\"fusion-fullwidth fullwidth-box fusion-builder-row-1 fusion-flex-container has-pattern-background has-mask-background nonhundred-percent-fullwidth non-hundred-percent-height-scrolling\" style=\"--awb-border-radius-top-left:0px;--awb-border-radius-top-right:0px;--awb-border-radius-bottom-right:0px;--awb-border-radius-bottom-left:0px;--awb-background-color:#ffffff;--awb-flex-wrap:wrap;\" ><div class=\"fusion-builder-row fusion-row fusion-flex-align-items-flex-start fusion-flex-content-wrap\" style=\"max-width:1216.8px;margin-left: calc(-4% \/ 2 );margin-right: calc(-4% \/ 2 );\"><div class=\"fusion-layout-column fusion_builder_column fusion-builder-column-0 fusion_builder_column_1_1 1_1 fusion-flex-column\" style=\"--awb-bg-size:cover;--awb-width-large:100%;--awb-margin-top-large:0px;--awb-spacing-right-large:1.92%;--awb-margin-bottom-large:20px;--awb-spacing-left-large:1.92%;--awb-width-medium:100%;--awb-order-medium:0;--awb-spacing-right-medium:1.92%;--awb-spacing-left-medium:1.92%;--awb-width-small:100%;--awb-order-small:0;--awb-spacing-right-small:1.92%;--awb-spacing-left-small:1.92%;\"><div class=\"fusion-column-wrapper fusion-column-has-shadow fusion-flex-justify-content-flex-start fusion-content-layout-column\"><div class=\"fusion-separator fusion-full-width-sep\" style=\"align-self: center;margin-left: auto;margin-right: auto;width:100%;\"><div class=\"fusion-separator-border sep-single sep-solid\" style=\"--awb-height:20px;--awb-amount:20px;--awb-sep-color:#546b63;border-color:#546b63;border-top-width:5px;\"><\/div><\/div><div class=\"fusion-title title fusion-title-1 fusion-title-text fusion-title-size-one\"><div class=\"title-sep-container title-sep-container-left fusion-no-large-visibility fusion-no-medium-visibility fusion-no-small-visibility\"><div class=\"title-sep sep- sep-solid\" style=\"border-color:#e0dede;\"><\/div><\/div><span class=\"awb-title-spacer fusion-no-large-visibility fusion-no-medium-visibility fusion-no-small-visibility\"><\/span><h1 class=\"fusion-title-heading title-heading-left\" style=\"margin:0;\"><h1>Dia Mundial de l&#8217;Estad\u00edstica &#8211; Dia de l&#8217;Estad\u00edstica a Catalunya<\/h1><\/h1><span class=\"awb-title-spacer\"><\/span><div class=\"title-sep-container title-sep-container-right\"><div class=\"title-sep sep- sep-solid\" style=\"border-color:#e0dede;\"><\/div><\/div><\/div><\/div><\/div><\/div><\/div><div class=\"fusion-fullwidth fullwidth-box fusion-builder-row-2 fusion-flex-container has-pattern-background has-mask-background nonhundred-percent-fullwidth non-hundred-percent-height-scrolling\" style=\"--awb-border-radius-top-left:0px;--awb-border-radius-top-right:0px;--awb-border-radius-bottom-right:0px;--awb-border-radius-bottom-left:0px;--awb-padding-right:20px;--awb-padding-left:20px;--awb-background-color:#ffffff;--awb-flex-wrap:wrap;\" ><div class=\"fusion-builder-row fusion-row fusion-flex-align-items-flex-start fusion-flex-content-wrap\" style=\"max-width:1216.8px;margin-left: calc(-4% \/ 2 );margin-right: calc(-4% \/ 2 );\"><div class=\"fusion-layout-column fusion_builder_column fusion-builder-column-1 fusion_builder_column_1_3 1_3 fusion-flex-column\" style=\"--awb-bg-size:cover;--awb-width-large:33.333333333333%;--awb-margin-top-large:0px;--awb-spacing-right-large:5.76%;--awb-margin-bottom-large:20px;--awb-spacing-left-large:5.76%;--awb-width-medium:100%;--awb-order-medium:0;--awb-spacing-right-medium:1.92%;--awb-spacing-left-medium:1.92%;--awb-width-small:100%;--awb-order-small:0;--awb-spacing-right-small:1.92%;--awb-spacing-left-small:1.92%;\"><div class=\"fusion-column-wrapper fusion-column-has-shadow fusion-flex-justify-content-flex-start fusion-content-layout-column\"><div class=\"fusion-title title fusion-title-2 fusion-title-text fusion-title-size-one\"><div class=\"title-sep-container title-sep-container-left fusion-no-large-visibility fusion-no-medium-visibility fusion-no-small-visibility\"><div class=\"title-sep sep- sep-solid\" style=\"border-color:#e0dede;\"><\/div><\/div><span class=\"awb-title-spacer fusion-no-large-visibility fusion-no-medium-visibility fusion-no-small-visibility\"><\/span><h1 class=\"fusion-title-heading title-heading-left\" style=\"margin:0;\"><h1 id=\"Survival\">Statistical Short Course<\/h1><\/h1><span class=\"awb-title-spacer\"><\/span><div class=\"title-sep-container title-sep-container-right\"><div class=\"title-sep sep- sep-solid\" style=\"border-color:#e0dede;\"><\/div><\/div><\/div><div class=\"fusion-text fusion-text-1\"><p>Curs estad\u00edstic gratu\u00eft organitzat per la revista SORT, l&#8217;Idescat i la Societat Catalana d&#8217;Estad\u00edstica.<\/p>\n<h2>Dependent censoring in survival analysis: from basic concepts to some recent advances based on copulas<\/h2>\n<p>Prof. Ingrid Van Keilegom &#8211; Operations Research and Statistics Research Group, Faculty of Economics and Business, KU Leuven<\/p>\n<p><strong>Data:<\/strong> <del>dimecres <\/del><strong><del>15 d&#8217;octubre de les 10:00 a les 13:30<\/del>\u00a0<span style=\"color: #ff0000\">ATENCI\u00d3 CANVI DE DATA<br \/>\n<span style=\"color: #000000\">Dimarts 14 d&#8217;octubre de les 10:00 a les 13:30<\/span><\/span><\/strong><\/p>\n<p>Activitat gratu\u00efta<\/p>\n<\/div><div ><a class=\"fusion-button button-flat fusion-button-default-size button-custom fusion-button-default button-1 fusion-button-default-span fusion-button-default-type\" style=\"--button_accent_color:#ffffff;--button_accent_hover_color:#ffffff;--button_border_hover_color:#ffffff;--button_gradient_top_color:#546b63;--button_gradient_bottom_color:#546b63;--button_gradient_top_color_hover:#4e958d;--button_gradient_bottom_color_hover:#4e958d;--button_margin-bottom:2em;\" target=\"_blank\" rel=\"noopener noreferrer\" href=\"https:\/\/mat.uab.cat\/web\/mcs\/statistical-short-course\/\"><span class=\"fusion-button-text\">Statistical Short Course<\/span><\/a><\/div><\/div><\/div><div class=\"fusion-layout-column fusion_builder_column fusion-builder-column-2 fusion_builder_column_1_3 1_3 fusion-flex-column\" style=\"--awb-bg-size:cover;--awb-width-large:33.333333333333%;--awb-margin-top-large:0px;--awb-spacing-right-large:5.76%;--awb-margin-bottom-large:20px;--awb-spacing-left-large:5.76%;--awb-width-medium:100%;--awb-order-medium:0;--awb-spacing-right-medium:1.92%;--awb-spacing-left-medium:1.92%;--awb-width-small:100%;--awb-order-small:0;--awb-spacing-right-small:1.92%;--awb-spacing-left-small:1.92%;\"><div class=\"fusion-column-wrapper fusion-column-has-shadow fusion-flex-justify-content-flex-start fusion-content-layout-column\"><div class=\"fusion-title title fusion-title-3 fusion-title-text fusion-title-size-one\"><div class=\"title-sep-container title-sep-container-left fusion-no-large-visibility fusion-no-medium-visibility fusion-no-small-visibility\"><div class=\"title-sep sep- sep-solid\" style=\"border-color:#e0dede;\"><\/div><\/div><span class=\"awb-title-spacer fusion-no-large-visibility fusion-no-medium-visibility fusion-no-small-visibility\"><\/span><h1 class=\"fusion-title-heading title-heading-left\" style=\"margin:0;\"><h1 id=\"PowerBI\">Power BI Days &#8211; Barcelona<\/h1><\/h1><span class=\"awb-title-spacer\"><\/span><div class=\"title-sep-container title-sep-container-right\"><div class=\"title-sep sep- sep-solid\" style=\"border-color:#e0dede;\"><\/div><\/div><\/div><div class=\"fusion-text fusion-text-2\"><p>Jornades presencials durant el divendres 17 (Workshops) i dissabte 18 d&#8217;octubre de 2025 (jornada Power BI).<\/p>\n<h2><strong>Workshops Power BI<\/strong><\/h2>\n<p>4 Workshops que es realitzen en paral\u00b7lel <strong>divendres 17 d&#8217;octubre de 2025 de les 15:30 a les 19:30<\/strong>.<\/p>\n<ul>\n<li>&#8220;<strong>Taller introductorio a Microsoft Fabric<\/strong>&#8221; (4h)<br \/>\nAna Mar\u00eda Bisb\u00e9, Diana Aguilera i Nelson Lopez<\/li>\n<li>&#8220;<strong>Arte y an\u00e1lisis: Creatividad con visuales nativos en Power BI<\/strong>&#8221; (4h)<br \/>\nIn\u00e9s Pascual Iglesias i Sara Lozano Mart\u00ed<\/li>\n<li>&#8220;<strong>Descubre Power BI construyendo tu primer panel interactivo<\/strong>&#8221; (4h)<br \/>\nAlex Ayala<\/li>\n<li>&#8220;<strong>Fundamentos de Modelado. De 0 a donde lleguemos!<\/strong>&#8221; (4h)<br \/>\nToni Jurado<\/li>\n<\/ul>\n<p>Data: <strong>Divendres 17 d&#8217;octubre de les 15:30 a les 19:30<\/strong><\/p>\n<p>Entrada general 49\u20ac<\/p>\n<p>Activitat gratu\u00efta per a la comunitat UAB (estudiants UAB i personal UAB).<\/p>\n<h2>Jornada Power BI Days &#8211; Barcelona<\/h2>\n<p>Xerrades exclusives Power BI, Microsoft Fabric, Inteligencia Artificial, Power BI Desktop, Power BI Service, DAX, Power Query, Dataflows, i tota la fam\u00edlia Power BI i la seva integraci\u00f3 amb la resta de components de Dades.<\/p>\n<p>Data: <strong>Dissabte 18 d&#8217;octubre de les 8:30 a les 19:15<\/strong><\/p>\n<p>Activitat gratu\u00efta<\/p>\n<\/div><div ><a class=\"fusion-button button-flat fusion-button-default-size button-custom fusion-button-default button-2 fusion-button-default-span fusion-button-default-type\" style=\"--button_accent_color:#ffffff;--button_accent_hover_color:#ffffff;--button_border_hover_color:#ffffff;--button_gradient_top_color:#546b63;--button_gradient_bottom_color:#546b63;--button_gradient_top_color_hover:#4e958d;--button_gradient_bottom_color_hover:#4e958d;--button_margin-bottom:2em;\" target=\"_blank\" rel=\"noopener noreferrer\" href=\"https:\/\/mat.uab.cat\/web\/mcs\/jornades-power-bi-days-barcelona\/\"><span class=\"fusion-button-text\">Power BI Days<\/span><\/a><\/div><\/div><\/div><div class=\"fusion-layout-column fusion_builder_column fusion-builder-column-3 fusion_builder_column_1_3 1_3 fusion-flex-column\" style=\"--awb-bg-size:cover;--awb-width-large:33.333333333333%;--awb-margin-top-large:0px;--awb-spacing-right-large:5.76%;--awb-margin-bottom-large:20px;--awb-spacing-left-large:5.76%;--awb-width-medium:100%;--awb-order-medium:0;--awb-spacing-right-medium:1.92%;--awb-spacing-left-medium:1.92%;--awb-width-small:100%;--awb-order-small:0;--awb-spacing-right-small:1.92%;--awb-spacing-left-small:1.92%;\"><div class=\"fusion-column-wrapper fusion-column-has-shadow fusion-flex-justify-content-flex-start fusion-content-layout-column\"><div class=\"fusion-title title fusion-title-4 fusion-title-text fusion-title-size-one\"><div class=\"title-sep-container title-sep-container-left fusion-no-large-visibility fusion-no-medium-visibility fusion-no-small-visibility\"><div class=\"title-sep sep- sep-solid\" style=\"border-color:#e0dede;\"><\/div><\/div><span class=\"awb-title-spacer fusion-no-large-visibility fusion-no-medium-visibility fusion-no-small-visibility\"><\/span><h1 class=\"fusion-title-heading title-heading-left\" style=\"margin:0;\"><h1 id=\"Programa\"><strong>XXV Dia de l&#8217;Estad\u00edstica a Catalunya &#8211; 2025<\/strong><\/h1><\/h1><span class=\"awb-title-spacer\"><\/span><div class=\"title-sep-container title-sep-container-right\"><div class=\"title-sep sep- sep-solid\" style=\"border-color:#e0dede;\"><\/div><\/div><\/div><div class=\"fusion-text fusion-text-3\"><p>Convocat per la Societat Catalana d&#8217;Estad\u00edstica i organitzat pel Servei de Consultoria Matem\u00e0tica, UAB (MCS-UAB). A la tarda es realitza l&#8217;Assamblea de la Societat Catalana d&#8217;Estad\u00edstica.<\/p>\n<h2>Dia de l&#8217;Estad\u00edstica a Catalunya<\/h2>\n<p><strong>Dilluns, 20 d&#8217;octure de 2025, de les 9:00 a les 14:00<\/strong><\/p>\n<p>Lloc: <strong>Sala d&#8217;Actes de la Facultat de Ci\u00e8ncies, UAB.\u00a0<\/strong><\/p>\n<p>Lliurament dels premis del Concurs Student<\/p>\n<p>Activitat gratu\u00efta<\/p>\n<h2>Assemblea Societat Catalana d&#8217;Estad\u00edstica<\/h2>\n<p>Data:<strong> Dilluns, 20 d&#8217;octure de 2025, de les 16:00 a les 18:00<\/strong><\/p>\n<p>Lloc: <strong>Sala de Graus de la Facultat de Ci\u00e8ncies, UAB.\u00a0<\/strong><\/p>\n<\/div><div ><a class=\"fusion-button button-flat fusion-button-default-size button-custom fusion-button-default button-3 fusion-button-default-span fusion-button-default-type\" style=\"--button_accent_color:#ffffff;--button_accent_hover_color:#ffffff;--button_border_hover_color:#ffffff;--button_gradient_top_color:#546b63;--button_gradient_bottom_color:#546b63;--button_gradient_top_color_hover:#4e958d;--button_gradient_bottom_color_hover:#4e958d;--button_margin-bottom:2em;\" target=\"_blank\" rel=\"noopener noreferrer\" href=\"https:\/\/mat.uab.cat\/web\/mcs\/xxv-estadistica\/\"><span class=\"fusion-button-text\">Dia de l&#8217;Estad\u00edstica<\/span><\/a><\/div><\/div><\/div><\/div><\/div><div class=\"fusion-fullwidth fullwidth-box fusion-builder-row-3 fusion-flex-container has-pattern-background has-mask-background nonhundred-percent-fullwidth non-hundred-percent-height-scrolling\" style=\"--awb-border-radius-top-left:0px;--awb-border-radius-top-right:0px;--awb-border-radius-bottom-right:0px;--awb-border-radius-bottom-left:0px;--awb-background-color:#ffffff;--awb-flex-wrap:wrap;\" ><div class=\"fusion-builder-row fusion-row fusion-flex-align-items-flex-start fusion-flex-content-wrap\" style=\"max-width:1216.8px;margin-left: calc(-4% \/ 2 );margin-right: calc(-4% \/ 2 );\"><\/div><\/div><\/p>\n","protected":false},"excerpt":{"rendered":"","protected":false},"author":24,"featured_media":0,"parent":0,"menu_order":0,"comment_status":"closed","ping_status":"closed","template":"","meta":{"footnotes":""},"class_list":["post-1440","page","type-page","status-publish","hentry"],"_links":{"self":[{"href":"https:\/\/mat.uab.cat\/web\/mcs\/wp-json\/wp\/v2\/pages\/1440","targetHints":{"allow":["GET"]}}],"collection":[{"href":"https:\/\/mat.uab.cat\/web\/mcs\/wp-json\/wp\/v2\/pages"}],"about":[{"href":"https:\/\/mat.uab.cat\/web\/mcs\/wp-json\/wp\/v2\/types\/page"}],"author":[{"embeddable":true,"href":"https:\/\/mat.uab.cat\/web\/mcs\/wp-json\/wp\/v2\/users\/24"}],"replies":[{"embeddable":true,"href":"https:\/\/mat.uab.cat\/web\/mcs\/wp-json\/wp\/v2\/comments?post=1440"}],"version-history":[{"count":17,"href":"https:\/\/mat.uab.cat\/web\/mcs\/wp-json\/wp\/v2\/pages\/1440\/revisions"}],"predecessor-version":[{"id":1569,"href":"https:\/\/mat.uab.cat\/web\/mcs\/wp-json\/wp\/v2\/pages\/1440\/revisions\/1569"}],"wp:attachment":[{"href":"https:\/\/mat.uab.cat\/web\/mcs\/wp-json\/wp\/v2\/media?parent=1440"}],"curies":[{"name":"wp","href":"https:\/\/api.w.org\/{rel}","templated":true}]}}