{"id":1450,"date":"2025-09-16T14:57:55","date_gmt":"2025-09-16T14:57:55","guid":{"rendered":"https:\/\/mat.uab.cat\/web\/mcs\/?page_id=1450"},"modified":"2025-12-09T15:05:03","modified_gmt":"2025-12-09T15:05:03","slug":"activitats","status":"publish","type":"page","link":"https:\/\/mat.uab.cat\/web\/mcs\/activitats\/","title":{"rendered":"Activitats"},"content":{"rendered":"<p><div class=\"fusion-fullwidth fullwidth-box fusion-builder-row-1 fusion-flex-container has-pattern-background has-mask-background nonhundred-percent-fullwidth non-hundred-percent-height-scrolling\" style=\"--awb-border-radius-top-left:0px;--awb-border-radius-top-right:0px;--awb-border-radius-bottom-right:0px;--awb-border-radius-bottom-left:0px;--awb-background-color:#ffffff;--awb-flex-wrap:wrap;\" ><div class=\"fusion-builder-row fusion-row fusion-flex-align-items-flex-start fusion-flex-content-wrap\" style=\"max-width:1216.8px;margin-left: calc(-4% \/ 2 );margin-right: calc(-4% \/ 2 );\"><div class=\"fusion-layout-column fusion_builder_column fusion-builder-column-0 fusion_builder_column_1_1 1_1 fusion-flex-column\" style=\"--awb-bg-size:cover;--awb-width-large:100%;--awb-margin-top-large:0px;--awb-spacing-right-large:1.92%;--awb-margin-bottom-large:20px;--awb-spacing-left-large:1.92%;--awb-width-medium:100%;--awb-order-medium:0;--awb-spacing-right-medium:1.92%;--awb-spacing-left-medium:1.92%;--awb-width-small:100%;--awb-order-small:0;--awb-spacing-right-small:1.92%;--awb-spacing-left-small:1.92%;\"><div class=\"fusion-column-wrapper fusion-column-has-shadow fusion-flex-justify-content-flex-start fusion-content-layout-column\"><div class=\"fusion-separator fusion-full-width-sep\" style=\"align-self: center;margin-left: auto;margin-right: auto;width:100%;\"><div class=\"fusion-separator-border sep-single sep-solid\" style=\"--awb-height:20px;--awb-amount:20px;--awb-sep-color:#546b63;border-color:#546b63;border-top-width:5px;\"><\/div><\/div><\/div><\/div><\/div><\/div><div class=\"fusion-fullwidth fullwidth-box fusion-builder-row-2 fusion-flex-container has-pattern-background has-mask-background nonhundred-percent-fullwidth non-hundred-percent-height-scrolling\" style=\"--awb-border-radius-top-left:0px;--awb-border-radius-top-right:0px;--awb-border-radius-bottom-right:0px;--awb-border-radius-bottom-left:0px;--awb-padding-right:20px;--awb-padding-left:20px;--awb-background-color:#ffffff;--awb-flex-wrap:wrap;\" ><div class=\"fusion-builder-row fusion-row fusion-flex-align-items-flex-start fusion-flex-content-wrap\" style=\"max-width:1216.8px;margin-left: calc(-4% \/ 2 );margin-right: calc(-4% \/ 2 );\"><div class=\"fusion-layout-column fusion_builder_column fusion-builder-column-1 fusion_builder_column_1_1 1_1 fusion-flex-column\" style=\"--awb-bg-size:cover;--awb-width-large:100%;--awb-margin-top-large:0px;--awb-spacing-right-large:1.92%;--awb-margin-bottom-large:20px;--awb-spacing-left-large:1.92%;--awb-width-medium:100%;--awb-order-medium:0;--awb-spacing-right-medium:1.92%;--awb-spacing-left-medium:1.92%;--awb-width-small:100%;--awb-order-small:0;--awb-spacing-right-small:1.92%;--awb-spacing-left-small:1.92%;\"><div class=\"fusion-column-wrapper fusion-column-has-shadow fusion-flex-justify-content-flex-start fusion-content-layout-column\"><div class=\"fusion-title title fusion-title-1 fusion-title-text fusion-title-size-one\"><div class=\"title-sep-container title-sep-container-left fusion-no-large-visibility fusion-no-medium-visibility fusion-no-small-visibility\"><div class=\"title-sep sep- sep-solid\" style=\"border-color:#e0dede;\"><\/div><\/div><span class=\"awb-title-spacer fusion-no-large-visibility fusion-no-medium-visibility fusion-no-small-visibility\"><\/span><h1 class=\"fusion-title-heading title-heading-left\" style=\"margin:0;\"><h1>Activitats<\/h1><\/h1><span class=\"awb-title-spacer\"><\/span><div class=\"title-sep-container title-sep-container-right\"><div class=\"title-sep sep- sep-solid\" style=\"border-color:#e0dede;\"><\/div><\/div><\/div><div style=\"text-align:center;\"><a class=\"fusion-button button-flat fusion-button-default-size button-custom fusion-button-default button-1 fusion-button-default-span fusion-button-default-type\" style=\"--button_accent_color:#ffffff;--button_accent_hover_color:#ffffff;--button_border_hover_color:#ffffff;--button_gradient_top_color:#546b63;--button_gradient_bottom_color:#546b63;--button_gradient_top_color_hover:#4e958d;--button_gradient_bottom_color_hover:#4e958d;--button_margin-left:50%;\" target=\"_blank\" rel=\"noopener noreferrer\" href=\"https:\/\/forms.cloud.microsoft\/Pages\/ResponsePage.aspx?id=KUxRa5EjMUi3dITzXEW_AaLKHc96qOJLkJKCEGqO3iZUMDUwUUtGRTJYVDY5RDJISFNZNkdQQTlSSS4u\"><span class=\"fusion-button-text\">Alta llista de difusi\u00f3<\/span><\/a><\/div><div class=\"fusion-text fusion-text-1\"><ul>\n<li><strong>Votacions i Eleccions. Podr\u00edem Fer-ho Millor!<\/strong><br \/>\nEl dimecres dia <strong>10 de desembre de 2025, a les 13:0<\/strong>0 a l&#8217;espai <strong>La Tarima de la Biblioteca de Ci\u00e8ncia i Tecnologia, Xavier Mora Gin\u00e9 i Rosa Camps Camprub\u00ed<\/strong>, del Departament de Matem\u00e0tiques explicaran l&#8217;exposici\u00f3 \u201cVotacions i Eleccions. Podr\u00edem Fer-ho Millor!\u201d que romandr\u00e0 a la biblioteca de Ci\u00e8ncia i Tecnologia fins el 19 de desembre de 2025.<br \/>\nAquesta exposici\u00f3 resumeix el contingut de la web <a href=\"https:\/\/mat.uab.cat\/web\/arselectionis\/\" target=\"_blank\" rel=\"noopener\">Ars Electionis<\/a>, on s&#8217;examina la problem\u00e0tica que envolta, d&#8217;una banda, els m\u00e8todes de votaci\u00f3 per a prendre decisions col\u00b7lectives, i d&#8217;altra banda, els m\u00e8todes d&#8217;elecci\u00f3 d&#8217;\u00f2rgans de representaci\u00f3.<br \/>\nLa seva principal finalitat \u00e9s fer veure que (1) alguns procediments bastant comuns poden donar resultats molt desencertats; i que (2) hi ha altres procediments que permeten fer-ho millor.<\/li>\n<li>&#8220;<strong>Estrat\u00e8gies \u00f2ptimes d&#8217;engreix: rendiment econ\u00f2mic i medi ambient<\/strong>&#8221;<br \/>\nPresentaci\u00f3 a c\u00e0rrec del Director em\u00e8rit del MCS-UAB, <strong>Dr Aureli Alabert<\/strong>, enmarcat dins de la Jornada t\u00e8cnica &#8220;<strong>Noves eines pel c\u00e0lcul de l&#8217;excreci\u00f3 de nutrients en porc\u00ed: integrant l&#8217;efici\u00e8ncia productiva i la gesti\u00f3 ambiental<\/strong>&#8221; organitzada pel\u00a0<strong>Servei de Nutrici\u00f3 i Benestar Animal (SNiBA)<\/strong>, realitzada a Hotel EXE Campus (UAB) el dia <strong>24 d&#8217;octubre de 2025<\/strong>.<img decoding=\"async\" class=\"wp-image-1644 aligncenter\" src=\"https:\/\/mat.uab.cat\/web\/mcs\/wp-content\/uploads\/sites\/18\/2025\/11\/20251008_JornadaSNIBA_Aureli_Poster-225x300.jpg\" alt=\"\" width=\"117\" height=\"156\" srcset=\"https:\/\/mat.uab.cat\/web\/mcs\/wp-content\/uploads\/sites\/18\/2025\/11\/20251008_JornadaSNIBA_Aureli_Poster-200x267.jpg 200w, https:\/\/mat.uab.cat\/web\/mcs\/wp-content\/uploads\/sites\/18\/2025\/11\/20251008_JornadaSNIBA_Aureli_Poster-225x300.jpg 225w, https:\/\/mat.uab.cat\/web\/mcs\/wp-content\/uploads\/sites\/18\/2025\/11\/20251008_JornadaSNIBA_Aureli_Poster-400x533.jpg 400w, https:\/\/mat.uab.cat\/web\/mcs\/wp-content\/uploads\/sites\/18\/2025\/11\/20251008_JornadaSNIBA_Aureli_Poster-600x800.jpg 600w, https:\/\/mat.uab.cat\/web\/mcs\/wp-content\/uploads\/sites\/18\/2025\/11\/20251008_JornadaSNIBA_Aureli_Poster-768x1024.jpg 768w, https:\/\/mat.uab.cat\/web\/mcs\/wp-content\/uploads\/sites\/18\/2025\/11\/20251008_JornadaSNIBA_Aureli_Poster-800x1067.jpg 800w, https:\/\/mat.uab.cat\/web\/mcs\/wp-content\/uploads\/sites\/18\/2025\/11\/20251008_JornadaSNIBA_Aureli_Poster-1152x1536.jpg 1152w, https:\/\/mat.uab.cat\/web\/mcs\/wp-content\/uploads\/sites\/18\/2025\/11\/20251008_JornadaSNIBA_Aureli_Poster-1200x1600.jpg 1200w, https:\/\/mat.uab.cat\/web\/mcs\/wp-content\/uploads\/sites\/18\/2025\/11\/20251008_JornadaSNIBA_Aureli_Poster-1536x2048.jpg 1536w, https:\/\/mat.uab.cat\/web\/mcs\/wp-content\/uploads\/sites\/18\/2025\/11\/20251008_JornadaSNIBA_Aureli_Poster-scaled.jpg 1920w\" sizes=\"(max-width: 117px) 100vw, 117px\" \/><\/li>\n<li><strong>XXV Dia de l\u2019Estad\u00edstica a Catalunya \u2013 Resum de la jornada<\/strong><br \/>\nEl passat 20 d&#8217;octubre de 2025, coincidint amb la celebraci\u00f3 del Dia Mundial de l&#8217;Estad\u00edstica, v\u00e0rem celebrar el XXV Dia de l&#8217;Estad\u00edstica a Catalunya<br \/>\n<a href=\"https:\/\/mat.uab.cat\/web\/mcs\/xxv_diaestadisticacatalunya_resum\/\" target=\"_blank\" rel=\"noopener\">enlla\u00e7 al resum de la jornada<\/a><\/li>\n<li><strong>Resoluci\u00f3 Concurs Student<br \/>\n<\/strong>L&#8217;acte d&#8217;entrega de premis i diplomes va ser durant el XXV Dia de l&#8217;Estad\u00edstica a Catalunya celebrat a la Universitat Aut\u00f2noma de Barcelona<br \/>\n<a href=\"https:\/\/mat.uab.cat\/web\/mcs\/resolucio-xxiii-concurs-student-destadistica-aplicada\/\" target=\"_blank\" rel=\"noopener\">enlla\u00e7 a la resoluci\u00f3<\/a><\/li>\n<li><strong>Dia Mundial de l&#8217;Estad\u00edstica<\/strong><br \/>\nDates: 15, 17, 18 i 20 d&#8217;octubre de 2025<br \/>\n<a href=\"https:\/\/mat.uab.cat\/web\/mcs\/actes-de-cellebracio-dia-mundial-de-lestadistica\/\" target=\"_blank\" rel=\"noopener\">Enlla\u00e7 a m\u00e9s informaci\u00f3<\/a><\/li>\n<li><strong>Acte d&#8217;inici de curs\u00a0<\/strong><br \/>\n19 de setembre de 2025<br \/>\nOrganitzat per MCS-UAB<\/li>\n<li><strong>XXIII Concurs Student d\u2019Estad\u00edstica Aplicada<br \/>\n<\/strong><a href=\"https:\/\/mat.uab.cat\/web\/mcs\/concurs-student-destadistica-aplicada\/\" target=\"_blank\" rel=\"noopener\">Enlla\u00e7 a la informaci\u00f3 del concurs<\/a><\/li>\n<\/ul>\n<\/div><\/div><\/div><\/div><\/div><\/p>\n","protected":false},"excerpt":{"rendered":"","protected":false},"author":24,"featured_media":0,"parent":0,"menu_order":0,"comment_status":"closed","ping_status":"closed","template":"","meta":{"footnotes":""},"class_list":["post-1450","page","type-page","status-publish","hentry"],"_links":{"self":[{"href":"https:\/\/mat.uab.cat\/web\/mcs\/wp-json\/wp\/v2\/pages\/1450","targetHints":{"allow":["GET"]}}],"collection":[{"href":"https:\/\/mat.uab.cat\/web\/mcs\/wp-json\/wp\/v2\/pages"}],"about":[{"href":"https:\/\/mat.uab.cat\/web\/mcs\/wp-json\/wp\/v2\/types\/page"}],"author":[{"embeddable":true,"href":"https:\/\/mat.uab.cat\/web\/mcs\/wp-json\/wp\/v2\/users\/24"}],"replies":[{"embeddable":true,"href":"https:\/\/mat.uab.cat\/web\/mcs\/wp-json\/wp\/v2\/comments?post=1450"}],"version-history":[{"count":13,"href":"https:\/\/mat.uab.cat\/web\/mcs\/wp-json\/wp\/v2\/pages\/1450\/revisions"}],"predecessor-version":[{"id":1667,"href":"https:\/\/mat.uab.cat\/web\/mcs\/wp-json\/wp\/v2\/pages\/1450\/revisions\/1667"}],"wp:attachment":[{"href":"https:\/\/mat.uab.cat\/web\/mcs\/wp-json\/wp\/v2\/media?parent=1450"}],"curies":[{"name":"wp","href":"https:\/\/api.w.org\/{rel}","templated":true}]}}