{"id":1521,"date":"2025-09-29T09:26:28","date_gmt":"2025-09-29T09:26:28","guid":{"rendered":"https:\/\/mat.uab.cat\/web\/mcs\/?page_id=1521"},"modified":"2025-10-05T18:35:57","modified_gmt":"2025-10-05T18:35:57","slug":"xxv-statistics-day","status":"publish","type":"page","link":"https:\/\/mat.uab.cat\/web\/mcs\/en\/xxv-statistics-day\/","title":{"rendered":"XXV Statistics Day"},"content":{"rendered":"<p><div class=\"fusion-fullwidth fullwidth-box fusion-builder-row-1 fusion-flex-container has-pattern-background has-mask-background nonhundred-percent-fullwidth non-hundred-percent-height-scrolling\" style=\"--awb-border-radius-top-left:0px;--awb-border-radius-top-right:0px;--awb-border-radius-bottom-right:0px;--awb-border-radius-bottom-left:0px;--awb-background-color:#ffffff;--awb-flex-wrap:wrap;\" ><div class=\"fusion-builder-row fusion-row fusion-flex-align-items-flex-start fusion-flex-content-wrap\" style=\"max-width:1216.8px;margin-left: calc(-4% \/ 2 );margin-right: calc(-4% \/ 2 );\"><div class=\"fusion-layout-column fusion_builder_column fusion-builder-column-0 fusion_builder_column_1_1 1_1 fusion-flex-column\" style=\"--awb-bg-size:cover;--awb-width-large:100%;--awb-margin-top-large:0px;--awb-spacing-right-large:1.92%;--awb-margin-bottom-large:20px;--awb-spacing-left-large:1.92%;--awb-width-medium:100%;--awb-order-medium:0;--awb-spacing-right-medium:1.92%;--awb-spacing-left-medium:1.92%;--awb-width-small:100%;--awb-order-small:0;--awb-spacing-right-small:1.92%;--awb-spacing-left-small:1.92%;\"><div class=\"fusion-column-wrapper fusion-column-has-shadow fusion-flex-justify-content-flex-start fusion-content-layout-column\"><div class=\"fusion-separator fusion-full-width-sep\" style=\"align-self: center;margin-left: auto;margin-right: auto;width:100%;\"><div class=\"fusion-separator-border sep-single sep-solid\" style=\"--awb-height:20px;--awb-amount:20px;--awb-sep-color:#546b63;border-color:#546b63;border-top-width:5px;\"><\/div><\/div><\/div><\/div><div class=\"fusion-layout-column fusion_builder_column fusion-builder-column-1 fusion_builder_column_1_1 1_1 fusion-flex-column\" style=\"--awb-padding-right:20px;--awb-padding-left:20px;--awb-bg-size:cover;--awb-width-large:100%;--awb-margin-top-large:0px;--awb-spacing-right-large:1.92%;--awb-margin-bottom-large:20px;--awb-spacing-left-large:1.92%;--awb-width-medium:100%;--awb-order-medium:0;--awb-spacing-right-medium:1.92%;--awb-spacing-left-medium:1.92%;--awb-width-small:100%;--awb-order-small:0;--awb-spacing-right-small:1.92%;--awb-spacing-left-small:1.92%;\" data-motion-effects=\"[{&quot;type&quot;:&quot;&quot;,&quot;scroll_type&quot;:&quot;transition&quot;,&quot;scroll_direction&quot;:&quot;up&quot;,&quot;transition_speed&quot;:&quot;1&quot;,&quot;fade_type&quot;:&quot;in&quot;,&quot;scale_type&quot;:&quot;up&quot;,&quot;initial_scale&quot;:&quot;1&quot;,&quot;max_scale&quot;:&quot;1.5&quot;,&quot;min_scale&quot;:&quot;0.5&quot;,&quot;initial_rotate&quot;:&quot;0&quot;,&quot;end_rotate&quot;:&quot;30&quot;,&quot;initial_blur&quot;:&quot;0&quot;,&quot;end_blur&quot;:&quot;3&quot;,&quot;start_element&quot;:&quot;top&quot;,&quot;start_viewport&quot;:&quot;bottom&quot;,&quot;end_element&quot;:&quot;bottom&quot;,&quot;end_viewport&quot;:&quot;top&quot;,&quot;mouse_effect&quot;:&quot;track&quot;,&quot;mouse_effect_direction&quot;:&quot;opposite&quot;,&quot;mouse_effect_speed&quot;:&quot;2&quot;,&quot;infinite_animation&quot;:&quot;float&quot;,&quot;infinite_animation_speed&quot;:&quot;2&quot;}]\" data-scroll-devices=\"small-visibility,medium-visibility,large-visibility\"><div class=\"fusion-column-wrapper fusion-column-has-shadow fusion-flex-justify-content-flex-start fusion-content-layout-column\"><div class=\"fusion-title title fusion-title-1 fusion-title-text fusion-title-size-one\"><div class=\"title-sep-container title-sep-container-left fusion-no-large-visibility fusion-no-medium-visibility fusion-no-small-visibility\"><div class=\"title-sep sep- sep-solid\" style=\"border-color:#e0dede;\"><\/div><\/div><span class=\"awb-title-spacer fusion-no-large-visibility fusion-no-medium-visibility fusion-no-small-visibility\"><\/span><h1 class=\"fusion-title-heading title-heading-left\" style=\"margin:0;\"><h1 id=\"Programa\"><strong>XXV Dia de l&#8217;Estad\u00edstica a Catalunya &#8211; 2025<\/strong><\/h1><\/h1><span class=\"awb-title-spacer\"><\/span><div class=\"title-sep-container title-sep-container-right\"><div class=\"title-sep sep- sep-solid\" style=\"border-color:#e0dede;\"><\/div><\/div><\/div><div class=\"fusion-text fusion-text-1\"><p>Organized by Societat Catalana d&#8217;Estad\u00edstica and hosted by Servei de Consultoria Matem\u00e0tica, UAB (MCS-UAB).<\/p>\n<h2>Monday, October 20th, 2025<\/h2>\n<h4>Registration<\/h4>\n<p>Although the event is free of charge, prior registration is required to attend: <a href=\"https:\/\/eformularis.uab.cat\/en\/web\/mcs\/diaestadistica2025\" target=\"_blank\" rel=\"noopener\">registration link<\/a><\/p>\n<h4>Place<\/h4>\n<p>Sala de Actes of the Science Faculty, UAB. Building C, Floor -1. (<a href=\"https:\/\/www.uab.cat\/web\/coneix-la-facultat\/accesos-i-planols-1345706064387.html\" target=\"_blank\" rel=\"noopener\">maps<\/a>)<\/p>\n<p><strong>Provisional program<\/strong><\/p>\n<table style=\"border-collapse: collapse;width: 100%;height: 217px\">\n<tbody>\n<tr style=\"height: 24px\">\n<td style=\"width: 8.45361%;height: 24px;vertical-align: top\">\u00a0 9:00<\/td>\n<td style=\"width: 91.5464%;height: 24px\">Registration<\/td>\n<\/tr>\n<tr style=\"height: 24px\">\n<td style=\"width: 8.45361%;height: 25px;vertical-align: top\">\u00a0 9:30<\/td>\n<td style=\"width: 91.5464%;height: 25px\">with the interventions of:<br \/>\n<!--Francisco Javier Lafuente \u2013 rector de la Universitat Aut\u00f2noma de Barcelona\u00a0(UAB) Isabel Serra \u2013 Presidenta de la Societat Catalana d\u2019Estad\u00edstica Lloren\u00e7 Badiella \u2013 Subdirector del Servei de Consultoria Matem\u00e0tica, UAB--><\/p>\n<ul>\n<li>Dr. Javier Lafuente, Rector of the UAB<\/li>\n<li>Dr. Juan Jes\u00fas Donaire, Dean of the facultat de Ci\u00e8ncies of the UAB<\/li>\n<li>Dra. Isabel Serra, presidenta of the Societat Catalana d\u2019Estad\u00edstica<\/li>\n<li>Dr. Lloren\u00e7 Badiella, vice-director of the Servei de Consultoria Matem\u00e0tica<\/li>\n<\/ul>\n<\/td>\n<\/tr>\n<tr style=\"height: 24px\">\n<td style=\"width: 8.45361%;height: 24px;vertical-align: top\">10:00<\/td>\n<td style=\"width: 91.5464%;height: 24px\">Conference<\/p>\n<p><span style=\"font-size: 14pt\"><strong>La contribuci\u00f3n de la Estad\u00edstica a la Inteligencia Artificial<\/strong><\/span><\/p>\n<p><span style=\"font-size: 14pt\"><strong>Daniel Pe\u00f1a<\/strong> \u2013 Emeritus Professor, Department of Statistics, Universidad Carlos III de Madrid<\/span><\/p>\n<p>Chair and moderator: <strong>Montserrat Guill\u00e9n<\/strong> (Professor, Department of Econometrics, Statistics and Applied Economics, Universitat de Barcelona)<\/p>\n<p>Abstract:<\/p>\n<p>Los datos masivos han modificado los sistemas de aprendizaje estad\u00edstico al hacer posible entrenar redes neuronales muy complejas capaces de prever, clasificar y generar informaci\u00f3n. Estas redes neuronales son hoy la base de los m\u00e9todos de Inteligencia Artificial (IA). Esta presentaci\u00f3n revisa los cambios en el aprendizaje emp\u00edrico en los \u00faltimos 25 a\u00f1os y propone m\u00e9todos h\u00edbridos para combinar las ventajas de la explicabilidad y transparencia de los m\u00e9todos estad\u00edsticos con la potencia de los de aprendizaje autom\u00e1tico en IA.<\/td>\n<\/tr>\n<tr style=\"height: 24px\">\n<td style=\"width: 8.45361%;height: 24px;vertical-align: top\">11:15<\/td>\n<td style=\"width: 91.5464%;height: 24px\">Coffee Break<\/td>\n<\/tr>\n<tr style=\"height: 24px\">\n<td style=\"width: 8.45361%;height: 24px;vertical-align: top\">12:00<\/td>\n<td style=\"width: 91.5464%;height: 24px\">Actividad l\u00fadica<\/td>\n<\/tr>\n<tr style=\"height: 24px\">\n<td style=\"width: 8.45361%;height: 24px;vertical-align: top\">12:45<\/td>\n<td style=\"width: 91.5464%;height: 24px\">Award cerimony of the <strong>XXIII Concurs Student d&#8217;Estad\u00edstica Aplicada<\/strong><\/p>\n<p>Premi\u00a0<em>Idescat<\/em>\u00a0al\u00a0<strong>millor treball de m\u00e0ster<\/strong><br \/>\nPremi\u00a0<em>SEA<\/em>\u00a0\u2013 Anna Espinal al\u00a0<strong>millor treball de grau<\/strong><br \/>\nPremi\u00a0<em>Almirall<\/em>\u00a0al\u00a0<strong>millor treball de bioestad\u00edstica<\/strong><\/td>\n<\/tr>\n<tr style=\"height: 24px\">\n<td style=\"width: 8.45361%;height: 24px;vertical-align: top\">13:30<\/td>\n<td style=\"width: 91.5464%;height: 24px\">Lunch<\/td>\n<\/tr>\n<tr style=\"height: 24px\">\n<td style=\"width: 8.45361%;height: 24px;vertical-align: top\">16:00<\/td>\n<td style=\"width: 91.5464%;height: 24px\"><strong>SoCE Assembly<\/strong> (Sala de Graus, Science Faculty, UAB)<\/td>\n<\/tr>\n<tr style=\"height: 24px\">\n<td style=\"width: 8.45361%;height: 24px\"><\/td>\n<td style=\"width: 91.5464%;height: 24px\"><\/td>\n<\/tr>\n<\/tbody>\n<\/table>\n<\/div><div ><a class=\"fusion-button button-flat fusion-button-default-size button-custom fusion-button-default button-1 fusion-button-default-span fusion-button-default-type\" style=\"--button_accent_color:#ffffff;--button_accent_hover_color:#ffffff;--button_border_hover_color:#ffffff;--button_gradient_top_color:#546b63;--button_gradient_bottom_color:#546b63;--button_gradient_top_color_hover:#4e958d;--button_gradient_bottom_color_hover:#4e958d;--button_margin-bottom:2em;\" target=\"_blank\" rel=\"noopener noreferrer\" href=\"https:\/\/eformularis.uab.cat\/es\/web\/mcs\/diaestadistica2025\"><span class=\"fusion-button-text\">Registration to Dia de la Estad\u00edstica<\/span><\/a><\/div><div ><a class=\"fusion-button button-flat fusion-button-default-size button-custom fusion-button-default button-2 fusion-button-default-span fusion-button-default-type\" style=\"--button_accent_color:#ffffff;--button_accent_hover_color:#ffffff;--button_border_hover_color:#ffffff;--button_gradient_top_color:#546b63;--button_gradient_bottom_color:#546b63;--button_gradient_top_color_hover:#4e958d;--button_gradient_bottom_color_hover:#4e958d;--button_margin-bottom:2em;\" target=\"_blank\" rel=\"noopener noreferrer\" href=\"https:\/\/mat.uab.cat\/web\/mcs\/es\/concurso-student-de-estadistica-aplicada\/\"><span class=\"fusion-button-text\">Concurs Student Information<\/span><\/a><\/div><div class=\"fusion-content-boxes content-boxes columns row fusion-columns-1 fusion-columns-total-2 fusion-content-boxes-1 content-boxes-icon-with-title content-left\" style=\"--awb-hover-accent-color:#549f97;--awb-circle-hover-accent-color:transparent;--awb-item-margin-bottom:40px;\" data-animationOffset=\"top-into-view\"><div style=\"--awb-backgroundcolor:rgba(255,255,255,0);\" class=\"fusion-column content-box-column content-box-column content-box-column-1 col-lg-12 col-md-12 col-sm-12 fusion-content-box-hover content-box-column-last-in-row\"><div class=\"col content-box-wrapper content-wrapper link-area-box icon-hover-animation-slide\" data-animationOffset=\"top-into-view\"><div class=\"heading icon-left\"><h2 class=\"content-box-heading\" style=\"--h2_typography-font-size:18px;line-height:23px;\">Monday, October 20th, 2025<\/h2><\/div><\/div><\/div><div style=\"--awb-backgroundcolor:#cecece;\" class=\"fusion-column content-box-column content-box-column content-box-column-2 col-lg-12 col-md-12 col-sm-12 fusion-content-box-hover content-box-column-last content-box-column-last-in-row\"><div class=\"col content-box-wrapper content-wrapper-background link-area-box icon-hover-animation-slide\" data-animationOffset=\"top-into-view\"><div class=\"fusion-clearfix\"><\/div><div class=\"content-container\">\n<p>Coinciding with World Statistics Day<\/p>\n<p><img decoding=\"async\" class=\"alignnone size-medium wp-image-1274\" src=\"https:\/\/mat.uab.cat\/web\/mcs\/wp-content\/uploads\/sites\/18\/2025\/09\/World-Stats-Day-2025-logo_E-300x171.png\" alt=\"\" width=\"300\" height=\"171\" srcset=\"https:\/\/mat.uab.cat\/web\/mcs\/wp-content\/uploads\/sites\/18\/2025\/09\/World-Stats-Day-2025-logo_E-200x114.png 200w, https:\/\/mat.uab.cat\/web\/mcs\/wp-content\/uploads\/sites\/18\/2025\/09\/World-Stats-Day-2025-logo_E-300x171.png 300w, https:\/\/mat.uab.cat\/web\/mcs\/wp-content\/uploads\/sites\/18\/2025\/09\/World-Stats-Day-2025-logo_E-400x228.png 400w, https:\/\/mat.uab.cat\/web\/mcs\/wp-content\/uploads\/sites\/18\/2025\/09\/World-Stats-Day-2025-logo_E-600x342.png 600w, https:\/\/mat.uab.cat\/web\/mcs\/wp-content\/uploads\/sites\/18\/2025\/09\/World-Stats-Day-2025-logo_E-768x437.png 768w, https:\/\/mat.uab.cat\/web\/mcs\/wp-content\/uploads\/sites\/18\/2025\/09\/World-Stats-Day-2025-logo_E-800x456.png 800w, https:\/\/mat.uab.cat\/web\/mcs\/wp-content\/uploads\/sites\/18\/2025\/09\/World-Stats-Day-2025-logo_E-1024x583.png 1024w, https:\/\/mat.uab.cat\/web\/mcs\/wp-content\/uploads\/sites\/18\/2025\/09\/World-Stats-Day-2025-logo_E-1200x683.png 1200w, https:\/\/mat.uab.cat\/web\/mcs\/wp-content\/uploads\/sites\/18\/2025\/09\/World-Stats-Day-2025-logo_E-1536x875.png 1536w\" sizes=\"(max-width: 300px) 100vw, 300px\" \/><\/p>\n<\/div><\/div><\/div><div class=\"fusion-clearfix\"><\/div><\/div><\/div><\/div><\/div><\/div><div class=\"fusion-fullwidth fullwidth-box fusion-builder-row-2 fusion-flex-container has-pattern-background has-mask-background nonhundred-percent-fullwidth non-hundred-percent-height-scrolling\" style=\"--awb-border-radius-top-left:0px;--awb-border-radius-top-right:0px;--awb-border-radius-bottom-right:0px;--awb-border-radius-bottom-left:0px;--awb-flex-wrap:wrap;\" ><div class=\"fusion-builder-row fusion-row fusion-flex-align-items-flex-start fusion-flex-content-wrap\" style=\"max-width:1216.8px;margin-left: calc(-4% \/ 2 );margin-right: calc(-4% \/ 2 );\"><div class=\"fusion-layout-column fusion_builder_column fusion-builder-column-2 fusion_builder_column_1_1 1_1 fusion-flex-column\" style=\"--awb-bg-size:cover;--awb-width-large:100%;--awb-margin-top-large:0px;--awb-spacing-right-large:1.92%;--awb-margin-bottom-large:20px;--awb-spacing-left-large:1.92%;--awb-width-medium:100%;--awb-order-medium:0;--awb-spacing-right-medium:1.92%;--awb-spacing-left-medium:1.92%;--awb-width-small:100%;--awb-order-small:0;--awb-spacing-right-small:1.92%;--awb-spacing-left-small:1.92%;\"><div class=\"fusion-column-wrapper fusion-column-has-shadow fusion-flex-justify-content-flex-start fusion-content-layout-column\"><\/div><\/div><\/div><\/div><\/p>\n","protected":false},"excerpt":{"rendered":"","protected":false},"author":24,"featured_media":0,"parent":0,"menu_order":0,"comment_status":"closed","ping_status":"closed","template":"","meta":{"footnotes":""},"class_list":["post-1521","page","type-page","status-publish","hentry"],"_links":{"self":[{"href":"https:\/\/mat.uab.cat\/web\/mcs\/wp-json\/wp\/v2\/pages\/1521","targetHints":{"allow":["GET"]}}],"collection":[{"href":"https:\/\/mat.uab.cat\/web\/mcs\/wp-json\/wp\/v2\/pages"}],"about":[{"href":"https:\/\/mat.uab.cat\/web\/mcs\/wp-json\/wp\/v2\/types\/page"}],"author":[{"embeddable":true,"href":"https:\/\/mat.uab.cat\/web\/mcs\/wp-json\/wp\/v2\/users\/24"}],"replies":[{"embeddable":true,"href":"https:\/\/mat.uab.cat\/web\/mcs\/wp-json\/wp\/v2\/comments?post=1521"}],"version-history":[{"count":4,"href":"https:\/\/mat.uab.cat\/web\/mcs\/wp-json\/wp\/v2\/pages\/1521\/revisions"}],"predecessor-version":[{"id":1560,"href":"https:\/\/mat.uab.cat\/web\/mcs\/wp-json\/wp\/v2\/pages\/1521\/revisions\/1560"}],"wp:attachment":[{"href":"https:\/\/mat.uab.cat\/web\/mcs\/wp-json\/wp\/v2\/media?parent=1521"}],"curies":[{"name":"wp","href":"https:\/\/api.w.org\/{rel}","templated":true}]}}