{"id":1631,"date":"2025-11-05T07:23:57","date_gmt":"2025-11-05T07:23:57","guid":{"rendered":"https:\/\/mat.uab.cat\/web\/mcs\/?page_id=1631"},"modified":"2025-11-11T07:09:00","modified_gmt":"2025-11-11T07:09:00","slug":"activities","status":"publish","type":"page","link":"https:\/\/mat.uab.cat\/web\/mcs\/en\/activities\/","title":{"rendered":"Activities"},"content":{"rendered":"<p><div class=\"fusion-fullwidth fullwidth-box fusion-builder-row-1 fusion-flex-container has-pattern-background has-mask-background nonhundred-percent-fullwidth non-hundred-percent-height-scrolling\" style=\"--awb-border-radius-top-left:0px;--awb-border-radius-top-right:0px;--awb-border-radius-bottom-right:0px;--awb-border-radius-bottom-left:0px;--awb-background-color:#ffffff;--awb-flex-wrap:wrap;\" ><div class=\"fusion-builder-row fusion-row fusion-flex-align-items-flex-start fusion-flex-content-wrap\" style=\"max-width:1216.8px;margin-left: calc(-4% \/ 2 );margin-right: calc(-4% \/ 2 );\"><div class=\"fusion-layout-column fusion_builder_column fusion-builder-column-0 fusion_builder_column_1_1 1_1 fusion-flex-column\" style=\"--awb-bg-size:cover;--awb-width-large:100%;--awb-margin-top-large:0px;--awb-spacing-right-large:1.92%;--awb-margin-bottom-large:20px;--awb-spacing-left-large:1.92%;--awb-width-medium:100%;--awb-order-medium:0;--awb-spacing-right-medium:1.92%;--awb-spacing-left-medium:1.92%;--awb-width-small:100%;--awb-order-small:0;--awb-spacing-right-small:1.92%;--awb-spacing-left-small:1.92%;\"><div class=\"fusion-column-wrapper fusion-column-has-shadow fusion-flex-justify-content-flex-start fusion-content-layout-column\"><div class=\"fusion-separator fusion-full-width-sep\" style=\"align-self: center;margin-left: auto;margin-right: auto;width:100%;\"><div class=\"fusion-separator-border sep-single sep-solid\" style=\"--awb-height:20px;--awb-amount:20px;--awb-sep-color:#546b63;border-color:#546b63;border-top-width:5px;\"><\/div><\/div><\/div><\/div><\/div><\/div><div class=\"fusion-fullwidth fullwidth-box fusion-builder-row-2 fusion-flex-container has-pattern-background has-mask-background nonhundred-percent-fullwidth non-hundred-percent-height-scrolling\" style=\"--awb-border-radius-top-left:0px;--awb-border-radius-top-right:0px;--awb-border-radius-bottom-right:0px;--awb-border-radius-bottom-left:0px;--awb-padding-right:20px;--awb-padding-left:20px;--awb-background-color:#ffffff;--awb-flex-wrap:wrap;\" ><div class=\"fusion-builder-row fusion-row fusion-flex-align-items-flex-start fusion-flex-content-wrap\" style=\"max-width:1216.8px;margin-left: calc(-4% \/ 2 );margin-right: calc(-4% \/ 2 );\"><div class=\"fusion-layout-column fusion_builder_column fusion-builder-column-1 fusion_builder_column_1_1 1_1 fusion-flex-column\" style=\"--awb-bg-size:cover;--awb-width-large:100%;--awb-margin-top-large:0px;--awb-spacing-right-large:1.92%;--awb-margin-bottom-large:20px;--awb-spacing-left-large:1.92%;--awb-width-medium:100%;--awb-order-medium:0;--awb-spacing-right-medium:1.92%;--awb-spacing-left-medium:1.92%;--awb-width-small:100%;--awb-order-small:0;--awb-spacing-right-small:1.92%;--awb-spacing-left-small:1.92%;\"><div class=\"fusion-column-wrapper fusion-column-has-shadow fusion-flex-justify-content-flex-start fusion-content-layout-column\"><div class=\"fusion-title title fusion-title-1 fusion-title-text fusion-title-size-one\"><div class=\"title-sep-container title-sep-container-left fusion-no-large-visibility fusion-no-medium-visibility fusion-no-small-visibility\"><div class=\"title-sep sep- sep-solid\" style=\"border-color:#e0dede;\"><\/div><\/div><span class=\"awb-title-spacer fusion-no-large-visibility fusion-no-medium-visibility fusion-no-small-visibility\"><\/span><h1 class=\"fusion-title-heading title-heading-left\" style=\"margin:0;\"><h1>Activities<\/h1><\/h1><span class=\"awb-title-spacer\"><\/span><div class=\"title-sep-container title-sep-container-right\"><div class=\"title-sep sep- sep-solid\" style=\"border-color:#e0dede;\"><\/div><\/div><\/div><div style=\"text-align:center;\"><a class=\"fusion-button button-flat fusion-button-default-size button-custom fusion-button-default button-1 fusion-button-default-span fusion-button-default-type\" style=\"--button_accent_color:#ffffff;--button_accent_hover_color:#ffffff;--button_border_hover_color:#ffffff;--button_gradient_top_color:#546b63;--button_gradient_bottom_color:#546b63;--button_gradient_top_color_hover:#4e958d;--button_gradient_bottom_color_hover:#4e958d;--button_margin-left:50%;\" target=\"_blank\" rel=\"noopener noreferrer\" href=\"https:\/\/forms.cloud.microsoft\/Pages\/ResponsePage.aspx?id=KUxRa5EjMUi3dITzXEW_AaLKHc96qOJLkJKCEGqO3iZUMDUwUUtGRTJYVDY5RDJISFNZNkdQQTlSSS4u\"><span class=\"fusion-button-text\">Sign up Mailing list<\/span><\/a><\/div><div class=\"fusion-text fusion-text-1\"><ul>\n<li>&#8220;<strong>Estrat\u00e8gies \u00f2ptimes d&#8217;engreix: rendiment econ\u00f2mic i medi ambient<\/strong>&#8221;<br \/>\nPresentation by the Emeritus Director of MCS-UAB, <strong>Dr Aureli Alabert<\/strong>, as a part of the technical workshop &#8220;<strong>Noves eines pel c\u00e0lcul de l&#8217;excreci\u00f3 de nutrients en porc\u00ed: integrant l&#8217;efici\u00e8ncia productiva i la gesti\u00f3 ambiental<\/strong>&#8221; organized by the\u00a0 <strong>Servei de Nutrici\u00f3 i Benestar Animal (SNiBA)<\/strong>, held at Hotel EXE Campus (UAB) on <strong>October 24, 2025<\/strong>.<img decoding=\"async\" class=\"wp-image-1644 aligncenter\" src=\"https:\/\/mat.uab.cat\/web\/mcs\/wp-content\/uploads\/sites\/18\/2025\/11\/20251008_JornadaSNIBA_Aureli_Poster-225x300.jpg\" alt=\"\" width=\"117\" height=\"156\" srcset=\"https:\/\/mat.uab.cat\/web\/mcs\/wp-content\/uploads\/sites\/18\/2025\/11\/20251008_JornadaSNIBA_Aureli_Poster-200x267.jpg 200w, https:\/\/mat.uab.cat\/web\/mcs\/wp-content\/uploads\/sites\/18\/2025\/11\/20251008_JornadaSNIBA_Aureli_Poster-225x300.jpg 225w, https:\/\/mat.uab.cat\/web\/mcs\/wp-content\/uploads\/sites\/18\/2025\/11\/20251008_JornadaSNIBA_Aureli_Poster-400x533.jpg 400w, https:\/\/mat.uab.cat\/web\/mcs\/wp-content\/uploads\/sites\/18\/2025\/11\/20251008_JornadaSNIBA_Aureli_Poster-600x800.jpg 600w, https:\/\/mat.uab.cat\/web\/mcs\/wp-content\/uploads\/sites\/18\/2025\/11\/20251008_JornadaSNIBA_Aureli_Poster-768x1024.jpg 768w, https:\/\/mat.uab.cat\/web\/mcs\/wp-content\/uploads\/sites\/18\/2025\/11\/20251008_JornadaSNIBA_Aureli_Poster-800x1067.jpg 800w, https:\/\/mat.uab.cat\/web\/mcs\/wp-content\/uploads\/sites\/18\/2025\/11\/20251008_JornadaSNIBA_Aureli_Poster-1152x1536.jpg 1152w, https:\/\/mat.uab.cat\/web\/mcs\/wp-content\/uploads\/sites\/18\/2025\/11\/20251008_JornadaSNIBA_Aureli_Poster-1200x1600.jpg 1200w, https:\/\/mat.uab.cat\/web\/mcs\/wp-content\/uploads\/sites\/18\/2025\/11\/20251008_JornadaSNIBA_Aureli_Poster-1536x2048.jpg 1536w, https:\/\/mat.uab.cat\/web\/mcs\/wp-content\/uploads\/sites\/18\/2025\/11\/20251008_JornadaSNIBA_Aureli_Poster-scaled.jpg 1920w\" sizes=\"(max-width: 117px) 100vw, 117px\" \/><\/li>\n<\/ul>\n<ul>\n<li><strong>XXV Dia de l\u2019Estad\u00edstica a Catalunya \u2013 Summary of the event<\/strong><br \/>\nOn October 20th, 2025, coinciding with the celebration of the World Statistics Day, we celebrated the XXV Dia de l&#8217;Estad\u00edstica a Catalunya<br \/>\n<a href=\"https:\/\/mat.uab.cat\/web\/mcs\/en\/xxv-dia-de-lestadistica-a-catalunya-summary-of-the-day\/\" target=\"_blank\" rel=\"noopener\">Link to the summary of the event<\/a><\/li>\n<li><strong>Resolution Student contest<br \/>\n<\/strong>The award and diploma ceremony took place during the XXV Dia de l&#8217;Estad\u00edstica a Catalunya held at the Universitat Aut\u00f2noma de Barcelona<br \/>\n<a href=\"https:\/\/mat.uab.cat\/web\/mcs\/en\/resolution-xxiii-student-contest-of-applied-statistics\/\" target=\"_blank\" rel=\"noopener\">Link to resolution<\/a><\/li>\n<li><strong>World Statistics Day<\/strong><br \/>\nDates: October 15, 17, 18 and 20, 2025<br \/>\n<a href=\"https:\/\/mat.uab.cat\/web\/mcs\/en\/celebration-events-of-the-world-statistics-day\/\" target=\"_blank\" rel=\"noopener\">Link to more information<\/a><\/li>\n<li><strong>Academic year opening Ceremony\u00a0<\/strong><br \/>\nSeptember 19, 2025<br \/>\nOrganitzat per MCS-UAB<\/li>\n<li><strong>XXIII Student contest of Applied Statistics<br \/>\n<\/strong><a href=\"https:\/\/mat.uab.cat\/web\/mcs\/es\/concurso-student-de-estadistica-aplicada\/\" target=\"_blank\" rel=\"noopener\">Enlace a la informaci\u00f3n del concurso<\/a><\/li>\n<\/ul>\n<\/div><\/div><\/div><\/div><\/div><\/p>\n","protected":false},"excerpt":{"rendered":"","protected":false},"author":24,"featured_media":0,"parent":0,"menu_order":0,"comment_status":"closed","ping_status":"closed","template":"","meta":{"footnotes":""},"class_list":["post-1631","page","type-page","status-publish","hentry"],"_links":{"self":[{"href":"https:\/\/mat.uab.cat\/web\/mcs\/wp-json\/wp\/v2\/pages\/1631","targetHints":{"allow":["GET"]}}],"collection":[{"href":"https:\/\/mat.uab.cat\/web\/mcs\/wp-json\/wp\/v2\/pages"}],"about":[{"href":"https:\/\/mat.uab.cat\/web\/mcs\/wp-json\/wp\/v2\/types\/page"}],"author":[{"embeddable":true,"href":"https:\/\/mat.uab.cat\/web\/mcs\/wp-json\/wp\/v2\/users\/24"}],"replies":[{"embeddable":true,"href":"https:\/\/mat.uab.cat\/web\/mcs\/wp-json\/wp\/v2\/comments?post=1631"}],"version-history":[{"count":5,"href":"https:\/\/mat.uab.cat\/web\/mcs\/wp-json\/wp\/v2\/pages\/1631\/revisions"}],"predecessor-version":[{"id":1658,"href":"https:\/\/mat.uab.cat\/web\/mcs\/wp-json\/wp\/v2\/pages\/1631\/revisions\/1658"}],"wp:attachment":[{"href":"https:\/\/mat.uab.cat\/web\/mcs\/wp-json\/wp\/v2\/media?parent=1631"}],"curies":[{"name":"wp","href":"https:\/\/api.w.org\/{rel}","templated":true}]}}