{"id":2,"date":"2019-12-02T12:23:21","date_gmt":"2019-12-02T12:23:21","guid":{"rendered":"http:\/\/mat.uab.cat\/web\/mif\/?page_id=2"},"modified":"2024-06-03T10:39:21","modified_gmt":"2024-06-03T10:39:21","slug":"mmif","status":"publish","type":"page","link":"https:\/\/mat.uab.cat\/web\/mif\/","title":{"rendered":"P\u00e0gina d&#8217;inici"},"content":{"rendered":"\n<p><\/p>\n\n\n<p style=\"text-align: left\">\n<h1>Descripci\u00f3<\/h1>\n\n\n<p style=\"text-align: justify\">A partir dels anys 80 la recerca en Matem\u00e0tiques a Catalunya va iniciar un notable desenvolupament. En particular en camps que tenen aplicaci\u00f3 a les Finances com l\u2019Estad\u00edstica, el C\u00e0lcul Estoc\u00e0stic o la Matem\u00e0tica Aplicada. A aquest desenvolupament hi van contribuir de manera destacada, entre altres, el Departament de Matem\u00e0tiques de la UAB i el Centre de Recerca Matem\u00e0tica (CRM).<\/p>\n\n\n<p style=\"text-align: justify\">D\u2019altra banda, a partir dels anys 70 determinats aven\u00e7os matem\u00e0tics van comen\u00e7ar a revolucionar el m\u00f3n de les Finances, especialment pel que fa a la gesti\u00f3 de carteres, a la valoraci\u00f3 i cobertura de derivats i a la mesura i control del risc. Durant els anys 90, les principals entitats financeres del pa\u00eds van prendre consci\u00e8ncia de la necessitat de contractar professionals amb una alta qualificaci\u00f3 matem\u00e0tica per tal d\u2019incorporar aquestes noves idees i t\u00e8cniques a la seva gesti\u00f3 di\u00e0ria.<\/p>\n\n\n<p style=\"text-align: justify\">El M\u00e0ster en Matem\u00e0tiques per als Instruments Financers (MMIF) va n\u00e9ixer el 1998 com a resposta a aquestes necessitats i com a fruit d\u2019un acord entre el Departament de Matem\u00e0tiques de la UAB i el Centre de Recerca Matem\u00e0tica (CRM), la Borsa de Barcelona, que n\u2019\u00e9s l\u2019entitat patrocinadora, i les principals empreses financeres del nostre pa\u00eds, que assessoren el M\u00e0ster i ofereixen pr\u00e0ctiques remunerades als nostres estudiants.<\/p>\n\n\n\n<p style=\"text-align: justify\">Aproximadament la meitat del professorat del MMIF pertany al m\u00f3n acad\u00e8mic i s\u00f3n professors de les universitats Aut\u00f2noma de Barcelona (UAB), Barcelona (UB) i Polit\u00e8cnica de Catalunya (UPC). L\u2019altra meitat est\u00e0 formada per professionals de diferents entitats financeres com s\u00f3n Borsa de Barcelona, CaixaBank, Banc Sabadell, Cr\u00e8dit Andorr\u00e0, VidaCaixa i Catalana Occident.<\/p>\n\n\n\n<p style=\"text-align: justify;\">El MMIF consta d\u2019una part acad\u00e8mica valorada en 36 cr\u00e8dits ECTS, una part de pr\u00e0ctiques en empresa valorada en 18 cr\u00e8dits ECTS i un treball de fi de m\u00e0ster de 6 cr\u00e8dits. Les pr\u00e0ctiques, remunerades, es realitzen principalment en les entitats financeres que ens donen suport, entre les que hi ha les m\u00e9s importants del nostre pa\u00eds. Aquestes pr\u00e0ctiques aporten als alumnes el component necessari d\u2019aprenentatge pr\u00e0ctic. A m\u00e9s a m\u00e9s, a trav\u00e9s d\u2019aquestes entitats mantenim una via oberta de col\u00b7laboraci\u00f3 entre els mons acad\u00e8mic i professional.<\/p>\n\n\n\n<figure class=\"wp-block-gallery has-nested-images columns-default is-cropped wp-block-gallery-1 is-layout-flex wp-block-gallery-is-layout-flex\"><\/figure>\n\n\n\n<blockquote class=\"wp-block-quote has-text-align-center is-layout-flow wp-block-quote-is-layout-flow\">\n<p><\/p>\n<\/blockquote>\n","protected":false},"excerpt":{"rendered":"<p>Descripci\u00f3 A partir dels anys 80 la recerca en Matem\u00e0tiques a Catalunya va iniciar un notable desenvolupament. En particular en camps que tenen aplicaci\u00f3 a les Finances com l\u2019Estad\u00edstica, el C\u00e0lcul Estoc\u00e0stic o la Matem\u00e0tica Aplicada. A aquest desenvolupament hi van contribuir de manera destacada, entre altres, el Departament de Matem\u00e0tiques de la UAB i [&hellip;]<\/p>\n","protected":false},"author":58,"featured_media":0,"parent":0,"menu_order":0,"comment_status":"closed","ping_status":"open","template":"","meta":{"footnotes":""},"class_list":["post-2","page","type-page","status-publish","hentry"],"_links":{"self":[{"href":"https:\/\/mat.uab.cat\/web\/mif\/wp-json\/wp\/v2\/pages\/2","targetHints":{"allow":["GET"]}}],"collection":[{"href":"https:\/\/mat.uab.cat\/web\/mif\/wp-json\/wp\/v2\/pages"}],"about":[{"href":"https:\/\/mat.uab.cat\/web\/mif\/wp-json\/wp\/v2\/types\/page"}],"author":[{"embeddable":true,"href":"https:\/\/mat.uab.cat\/web\/mif\/wp-json\/wp\/v2\/users\/58"}],"replies":[{"embeddable":true,"href":"https:\/\/mat.uab.cat\/web\/mif\/wp-json\/wp\/v2\/comments?post=2"}],"version-history":[{"count":25,"href":"https:\/\/mat.uab.cat\/web\/mif\/wp-json\/wp\/v2\/pages\/2\/revisions"}],"predecessor-version":[{"id":269,"href":"https:\/\/mat.uab.cat\/web\/mif\/wp-json\/wp\/v2\/pages\/2\/revisions\/269"}],"wp:attachment":[{"href":"https:\/\/mat.uab.cat\/web\/mif\/wp-json\/wp\/v2\/media?parent=2"}],"curies":[{"name":"wp","href":"https:\/\/api.w.org\/{rel}","templated":true}]}}