{"id":80,"date":"2019-12-10T14:18:56","date_gmt":"2019-12-10T14:18:56","guid":{"rendered":"http:\/\/mat.uab.cat\/web\/mif\/?page_id=80"},"modified":"2024-06-03T10:41:26","modified_gmt":"2024-06-03T10:41:26","slug":"horaris","status":"publish","type":"page","link":"https:\/\/mat.uab.cat\/web\/mif\/horaris\/","title":{"rendered":"Horaris"},"content":{"rendered":"<div style=\"text-align: justify\">Les classes es realitzen dimarts, dimecres i dijous de 16h a 20h.<\/div>\n<div style=\"text-align: justify\"><strong><br>Horari del primer semestre<\/strong><\/div>\n<div style=\"text-align: justify\">El primer semestre comen\u00e7a la darrera setmana de setembre.<\/div>\n<div style=\"text-align: justify\"><strong><br>Horari del segon semestre<\/strong><\/div>\n<div style=\"text-align: justify\">El segon semestre comen\u00e7a la primera setmana de febrer.<\/div>\n\n\n<h4 class=\"wp-block-heading\"> AULES<\/h4>\n\n\n\n<p style=\"text-align: justify\">El M\u00e0ster de Matem\u00e0tiques en Finances es realitza a les aules del Cente de Recerca Matem\u00e0tica, al laboratori docent (aula d\u2019inform\u00e0tica) del Departament de Matem\u00e0tiques de la UAB i a l\u2019aula d\u2019inform\u00e0tica de la Facultat de Ci\u00e8ncies de la UAB.<\/p>\n\n\n\n<figure class=\"wp-block-image\"><img loading=\"lazy\" decoding=\"async\" width=\"768\" height=\"576\" src=\"http:\/\/mat.uab.cat\/web\/mif\/wp-content\/uploads\/sites\/19\/2019\/12\/Class01.jpg\" alt=\"\" class=\"wp-image-84\" srcset=\"https:\/\/mat.uab.cat\/web\/mif\/wp-content\/uploads\/sites\/19\/2019\/12\/Class01.jpg 768w, https:\/\/mat.uab.cat\/web\/mif\/wp-content\/uploads\/sites\/19\/2019\/12\/Class01-300x225.jpg 300w, https:\/\/mat.uab.cat\/web\/mif\/wp-content\/uploads\/sites\/19\/2019\/12\/Class01-624x468.jpg 624w\" sizes=\"auto, (max-width: 768px) 100vw, 768px\" \/><\/figure>\n\n\n\n<figure class=\"wp-block-image\"><img loading=\"lazy\" decoding=\"async\" width=\"768\" height=\"576\" src=\"http:\/\/mat.uab.cat\/web\/mif\/wp-content\/uploads\/sites\/19\/2019\/12\/Class02.jpg\" alt=\"\" class=\"wp-image-85\" srcset=\"https:\/\/mat.uab.cat\/web\/mif\/wp-content\/uploads\/sites\/19\/2019\/12\/Class02.jpg 768w, https:\/\/mat.uab.cat\/web\/mif\/wp-content\/uploads\/sites\/19\/2019\/12\/Class02-300x225.jpg 300w, https:\/\/mat.uab.cat\/web\/mif\/wp-content\/uploads\/sites\/19\/2019\/12\/Class02-624x468.jpg 624w\" sizes=\"auto, (max-width: 768px) 100vw, 768px\" \/><\/figure>\n","protected":false},"excerpt":{"rendered":"<p>Les classes es realitzen dimarts, dimecres i dijous de 16h a 20h. Horari del primer semestre El primer semestre comen\u00e7a la darrera setmana de setembre. Horari del segon semestre El segon semestre comen\u00e7a la primera setmana de febrer. AULES El M\u00e0ster de Matem\u00e0tiques en Finances es realitza a les aules del Cente de Recerca Matem\u00e0tica, [&hellip;]<\/p>\n","protected":false},"author":58,"featured_media":0,"parent":0,"menu_order":1,"comment_status":"closed","ping_status":"closed","template":"","meta":{"footnotes":""},"class_list":["post-80","page","type-page","status-publish","hentry"],"_links":{"self":[{"href":"https:\/\/mat.uab.cat\/web\/mif\/wp-json\/wp\/v2\/pages\/80","targetHints":{"allow":["GET"]}}],"collection":[{"href":"https:\/\/mat.uab.cat\/web\/mif\/wp-json\/wp\/v2\/pages"}],"about":[{"href":"https:\/\/mat.uab.cat\/web\/mif\/wp-json\/wp\/v2\/types\/page"}],"author":[{"embeddable":true,"href":"https:\/\/mat.uab.cat\/web\/mif\/wp-json\/wp\/v2\/users\/58"}],"replies":[{"embeddable":true,"href":"https:\/\/mat.uab.cat\/web\/mif\/wp-json\/wp\/v2\/comments?post=80"}],"version-history":[{"count":9,"href":"https:\/\/mat.uab.cat\/web\/mif\/wp-json\/wp\/v2\/pages\/80\/revisions"}],"predecessor-version":[{"id":194,"href":"https:\/\/mat.uab.cat\/web\/mif\/wp-json\/wp\/v2\/pages\/80\/revisions\/194"}],"wp:attachment":[{"href":"https:\/\/mat.uab.cat\/web\/mif\/wp-json\/wp\/v2\/media?parent=80"}],"curies":[{"name":"wp","href":"https:\/\/api.w.org\/{rel}","templated":true}]}}