{"id":87,"date":"2019-12-10T14:30:08","date_gmt":"2019-12-10T14:30:08","guid":{"rendered":"http:\/\/mat.uab.cat\/web\/mif\/?page_id=87"},"modified":"2024-06-03T10:41:58","modified_gmt":"2024-06-03T10:41:58","slug":"institucions-collaboradores","status":"publish","type":"page","link":"https:\/\/mat.uab.cat\/web\/mif\/institucions-collaboradores\/","title":{"rendered":"Institucions col\u00b7laboradores"},"content":{"rendered":"\n<div style=\"text-align: justify\">Les institucions col\u00b7laboradores que donen suport a les pr\u00e0ctiques proporcionen el component necessari per a l\u2019aprenentatge pr\u00e0ctic.&nbsp;D\u2019aquesta manera, establim una l\u00ednia directa de col\u00b7laboraci\u00f3 entre el m\u00f3n acad\u00e8mic i professional, que ens permet desenvolupar i ensenyar les t\u00e8cniques m\u00e9s recents en la valoraci\u00f3 de derivats financers, les estrat\u00e8gies de cobertura i l\u2019avaluaci\u00f3 i el control de riscos.<\/div>\n<div>&nbsp;<\/div>\n<div>Les institucions que participen al M\u00e0ster de Matem\u00e0tiques en Finances tenen una molt bona opini\u00f3 de les compet\u00e8ncies adquirides al final del curs.<\/div>\n<div>&nbsp;<\/div>\n<div>Aquests s\u00f3n alguns exemples:<\/div>\n\n\n\n<div class=\"wp-block-image\"><figure class=\"aligncenter\"><img loading=\"lazy\" decoding=\"async\" width=\"381\" height=\"161\" src=\"http:\/\/mat.uab.cat\/web\/mif\/wp-content\/uploads\/sites\/19\/2019\/12\/01.logoCreditAndorra.png\" alt=\"\" class=\"wp-image-91\" srcset=\"https:\/\/mat.uab.cat\/web\/mif\/wp-content\/uploads\/sites\/19\/2019\/12\/01.logoCreditAndorra.png 381w, https:\/\/mat.uab.cat\/web\/mif\/wp-content\/uploads\/sites\/19\/2019\/12\/01.logoCreditAndorra-300x127.png 300w\" sizes=\"auto, (max-width: 381px) 100vw, 381px\" \/><\/figure><\/div>\n\n\n<p style=\"text-align: justify\"><span style=\"font-size: small\"><em>Cr\u00e8dit Andorr\u00e0<\/em><\/span><\/p>\n<p style=\"text-align: justify\"><span style=\"font-size: small\"><span>&#8220;La nostra percepci\u00f3 \u00e9s que aquest m\u00e0ster afegeix un valor singular i espec\u00edfic que cobreix, amb rigor i professionalitat, un espai sense atenci\u00f3 fins ara. Aquest m\u00e0ster ha aconseguit desenvolupar el vincle entre els mons acad\u00e8mic i bancari amb una idone\u00eftat particular, generant una rendibilitat per tot amb un particular inter\u00e8s de futur.&nbsp;<\/span><\/span><span style=\"font-size: small\"><span>&#8220;<\/span><br><\/span><\/p>\n\n\n<div class=\"wp-block-image\"><figure class=\"aligncenter is-resized\"><img loading=\"lazy\" decoding=\"async\" src=\"http:\/\/mat.uab.cat\/web\/mif\/wp-content\/uploads\/sites\/19\/2019\/12\/02.LogoBSabadell.png\" alt=\"\" class=\"wp-image-92\" width=\"405\" height=\"92\" srcset=\"https:\/\/mat.uab.cat\/web\/mif\/wp-content\/uploads\/sites\/19\/2019\/12\/02.LogoBSabadell.png 500w, https:\/\/mat.uab.cat\/web\/mif\/wp-content\/uploads\/sites\/19\/2019\/12\/02.LogoBSabadell-300x68.png 300w\" sizes=\"auto, (max-width: 405px) 100vw, 405px\" \/><\/figure><\/div>\n\n\n<div><em>Banc Sabadell<\/em><\/div>\n<div>&nbsp;<\/div>\n<div style=\"text-align: justify\">&#8220;Destaquem principalment la formaci\u00f3 i el coneixement quantitatiu dels mercats que ja tenen dels cursos de m\u00e0ster. Des de la nostra \u00e0rea, lligats a l&#8217;an\u00e0lisi dels mercats financers, s&#8217;avalua l&#8217;agilitat que han demostrat els estudiants per desenvolupar tasques i la voluntat de fer front als reptes associats amb aspectes quantitatius. &#8221;&nbsp; &nbsp; &nbsp; &nbsp; &nbsp; &nbsp; &nbsp; &nbsp; &nbsp; &nbsp; &nbsp; &nbsp; &nbsp; &nbsp; &nbsp; &nbsp; &nbsp; &nbsp; &nbsp; &nbsp; &nbsp; &nbsp; &nbsp; &nbsp; &nbsp; &nbsp; &nbsp; &nbsp; &nbsp; &nbsp; &nbsp; &nbsp; &nbsp; &nbsp; &nbsp; &nbsp; &nbsp; &nbsp; &nbsp; &nbsp; &nbsp; &nbsp; &nbsp; &nbsp; &nbsp; &nbsp; &nbsp; &nbsp; &nbsp; &nbsp; &nbsp; &nbsp; &nbsp; &nbsp; &nbsp; &nbsp; &nbsp; &nbsp; &nbsp; &nbsp; &nbsp; &nbsp; &nbsp; &nbsp; &nbsp; &nbsp; &nbsp; &nbsp; &nbsp;&nbsp;<\/div>\n<div>&nbsp;<\/div>\n\n\n<div class=\"wp-block-image\"><figure class=\"aligncenter\"><img loading=\"lazy\" decoding=\"async\" width=\"388\" height=\"130\" src=\"http:\/\/mat.uab.cat\/web\/mif\/wp-content\/uploads\/sites\/19\/2019\/12\/03.LogoCEnginyers.png\" alt=\"\" class=\"wp-image-93\" srcset=\"https:\/\/mat.uab.cat\/web\/mif\/wp-content\/uploads\/sites\/19\/2019\/12\/03.LogoCEnginyers.png 388w, https:\/\/mat.uab.cat\/web\/mif\/wp-content\/uploads\/sites\/19\/2019\/12\/03.LogoCEnginyers-300x101.png 300w\" sizes=\"auto, (max-width: 388px) 100vw, 388px\" \/><\/figure><\/div>\n\n\n<div>\n<div><em>Caixa d\u2019Enginyers<\/em><\/div>\n<div>&nbsp;<\/div>\n<div style=\"text-align: justify\">&#8220;El M\u00e0ster en Matem\u00e0tiques per als Instruments Finances ens ofereix una formaci\u00f3 de gran valor, donant resposta a una necessitat de perfils professionals en \u00e0rees com la gesti\u00f3 de riscos financers, la gesti\u00f3 de carteres, la gesti\u00f3 de fons i la valoraci\u00f3 d&#8217;inversions en productes financers.&#8221;<\/div>\n<p><\/p>\n<\/div>\n<div>&nbsp;<\/div>\n\n\n<div class=\"wp-block-image\"><figure class=\"aligncenter is-resized\"><img loading=\"lazy\" decoding=\"async\" src=\"http:\/\/mat.uab.cat\/web\/mif\/wp-content\/uploads\/sites\/19\/2019\/12\/vidacaixa-1.png\" alt=\"\" class=\"wp-image-100\" width=\"404\" height=\"270\" srcset=\"https:\/\/mat.uab.cat\/web\/mif\/wp-content\/uploads\/sites\/19\/2019\/12\/vidacaixa-1.png 341w, https:\/\/mat.uab.cat\/web\/mif\/wp-content\/uploads\/sites\/19\/2019\/12\/vidacaixa-1-300x201.png 300w\" sizes=\"auto, (max-width: 404px) 100vw, 404px\" \/><\/figure><\/div>\n\n\n<div>\n<div>\n<div><em>CaixaBank i VidaCaixa<\/em><\/div>\n<div>&nbsp;<\/div>\n<div style=\"text-align: justify\">&#8220;Els estudiants de m\u00e0ster han estat i esperem que puguin continuar sent un dels principals elements dels nostres equips especialitzats en tasques com a valoraci\u00f3 d&#8217;instruments financers, quantificaci\u00f3, seguiment i gesti\u00f3 de riscos. Experi\u00e8ncia combinada en l&#8217;\u00e0rea financera i rigor matem\u00e0tic, grans habilitats anal\u00edtiques i una forta motivaci\u00f3, fan que siguin molt valuosos en aquest \u00e0mbit, molt din\u00e0mics i exigents, sent una aposta segura per a l\u2019entitat&#8221;.&nbsp; &nbsp; &nbsp; &nbsp; &nbsp; &nbsp; &nbsp; &nbsp; &nbsp; &nbsp; &nbsp; &nbsp; &nbsp; &nbsp; &nbsp; &nbsp; &nbsp; &nbsp; &nbsp; &nbsp; &nbsp; &nbsp; &nbsp; &nbsp; &nbsp; &nbsp; &nbsp; &nbsp; &nbsp; &nbsp; &nbsp; &nbsp; &nbsp; &nbsp; &nbsp; &nbsp; &nbsp; &nbsp; &nbsp; &nbsp; &nbsp; &nbsp; &nbsp; &nbsp; &nbsp; &nbsp; &nbsp; &nbsp; &nbsp; &nbsp; &nbsp; &nbsp; &nbsp; &nbsp; &nbsp; &nbsp; &nbsp; &nbsp; &nbsp; &nbsp; &nbsp; &nbsp;&nbsp;<\/div>\n<\/div>\n<\/div>\n<div>&nbsp;<\/div>\n\n\n<div class=\"wp-block-image\"><figure class=\"aligncenter is-resized\"><img loading=\"lazy\" decoding=\"async\" src=\"http:\/\/mat.uab.cat\/web\/mif\/wp-content\/uploads\/sites\/19\/2019\/12\/05.LogoAxa.png\" alt=\"\" class=\"wp-image-95\" width=\"379\" height=\"176\" srcset=\"https:\/\/mat.uab.cat\/web\/mif\/wp-content\/uploads\/sites\/19\/2019\/12\/05.LogoAxa.png 715w, https:\/\/mat.uab.cat\/web\/mif\/wp-content\/uploads\/sites\/19\/2019\/12\/05.LogoAxa-300x139.png 300w, https:\/\/mat.uab.cat\/web\/mif\/wp-content\/uploads\/sites\/19\/2019\/12\/05.LogoAxa-624x290.png 624w\" sizes=\"auto, (max-width: 379px) 100vw, 379px\" \/><\/figure><\/div>\n\n\n<div>\n<div>\n<div><span style=\"font-family: Courier New;font-size: small\"><em>AXA<\/em><span style=\"text-align: justify\">&nbsp;<\/span><\/span><\/div>\n<div>&nbsp;<\/div>\n<div style=\"text-align: justify\"><span style=\"font-family: Courier New;font-size: small\">&#8220;<\/span>Les institucions financeres necessiten cada cop m\u00e9s perfils quantitatius per adaptar-se a les noves regulacions i a un mercat ambiental&nbsp;r\u00e0pidament canviant&nbsp;i exigent. El MMIF \u00e9s un programa adaptat a aquestes necessitats i creiem que les pr\u00e0ctiques s\u00f3n un element clau per donar una visi\u00f3 general de la ind\u00fastria als estudiants.&#8221;<span style=\"text-align: justify\">&nbsp; &nbsp; &nbsp; &nbsp; &nbsp; &nbsp; &nbsp; &nbsp; &nbsp; &nbsp; &nbsp; &nbsp; &nbsp; &nbsp; &nbsp; &nbsp; &nbsp; &nbsp; &nbsp; &nbsp; &nbsp; &nbsp; &nbsp; &nbsp; &nbsp; &nbsp; &nbsp; &nbsp; &nbsp; &nbsp; &nbsp; &nbsp; &nbsp; &nbsp; &nbsp; &nbsp; &nbsp; &nbsp; &nbsp; &nbsp; &nbsp; &nbsp; &nbsp; &nbsp; &nbsp; &nbsp; &nbsp; &nbsp; &nbsp; &nbsp; &nbsp; &nbsp; &nbsp; &nbsp; &nbsp; &nbsp;&nbsp;<\/span><\/div>\n<\/div>\n<\/div>\n<div>&nbsp;<\/div>\n\n\n<div class=\"wp-block-image\"><figure class=\"aligncenter is-resized\"><img loading=\"lazy\" decoding=\"async\" src=\"http:\/\/mat.uab.cat\/web\/mif\/wp-content\/uploads\/sites\/19\/2019\/12\/06.LogoEveris.png\" alt=\"\" class=\"wp-image-96\" width=\"379\" height=\"268\" srcset=\"https:\/\/mat.uab.cat\/web\/mif\/wp-content\/uploads\/sites\/19\/2019\/12\/06.LogoEveris.png 315w, https:\/\/mat.uab.cat\/web\/mif\/wp-content\/uploads\/sites\/19\/2019\/12\/06.LogoEveris-300x212.png 300w\" sizes=\"auto, (max-width: 379px) 100vw, 379px\" \/><\/figure><\/div>\n\n\n<div>\n<div>\n<div><em>Everis<\/em><\/div>\n<div>&nbsp;<\/div>\n<div style=\"text-align: justify\">&#8220;Els estudiants del MMIF col\u00b7laboren amb els nostres mercats de capital de pr\u00e0ctiques anuals. Normalment tenen una gran quantitat de coneixements i tenen bones habilitats anal\u00edtiques&#8221;.<\/div>\n<p><span style=\"text-align: justify\"> &nbsp; &nbsp; &nbsp; &nbsp; &nbsp; &nbsp; &nbsp; &nbsp; &nbsp; &nbsp; &nbsp; &nbsp; &nbsp; &nbsp; &nbsp; &nbsp; &nbsp; &nbsp; &nbsp; &nbsp; &nbsp; &nbsp; &nbsp; &nbsp; &nbsp; &nbsp; &nbsp; &nbsp; &nbsp;&nbsp;<\/span><\/p>\n<\/div>\n<\/div>\n<div>&nbsp;<\/div>\n\n\n<div class=\"wp-block-image\"><figure class=\"aligncenter\"><img loading=\"lazy\" decoding=\"async\" width=\"384\" height=\"131\" src=\"http:\/\/mat.uab.cat\/web\/mif\/wp-content\/uploads\/sites\/19\/2019\/12\/07.LogoCatOc.png\" alt=\"\" class=\"wp-image-98\" srcset=\"https:\/\/mat.uab.cat\/web\/mif\/wp-content\/uploads\/sites\/19\/2019\/12\/07.LogoCatOc.png 384w, https:\/\/mat.uab.cat\/web\/mif\/wp-content\/uploads\/sites\/19\/2019\/12\/07.LogoCatOc-300x102.png 300w\" sizes=\"auto, (max-width: 384px) 100vw, 384px\" \/><\/figure><\/div>\n\n\n<div>\n<div>\n<div>\n<div><span class=\"crm-rteThemeFontFace-1\"><em>Catalana Occident<\/em><\/span><\/div>\n<div>&nbsp;<\/div>\n<div><span class=\"crm-rteThemeFontFace-1\">&#8220;Estem molt satisfets amb el nivell dels estudiants que provenen del m\u00e0ster, la nostra empresa sempre aposta per aquests estudiants per la seva traject\u00f2ria quantitativa&#8221;.<\/span><span style=\"text-align: justify\">&nbsp; &nbsp; &nbsp; &nbsp; &nbsp; &nbsp; &nbsp; &nbsp; &nbsp; &nbsp; &nbsp; &nbsp; &nbsp; &nbsp; &nbsp; &nbsp; &nbsp; &nbsp; &nbsp; &nbsp; &nbsp; &nbsp; &nbsp; &nbsp; &nbsp; &nbsp; &nbsp; &nbsp; &nbsp;<\/span><\/div>\n<\/div>\n<\/div>\n<\/div>\n<div>&nbsp;<\/div>\n\n\n<div class=\"wp-block-image\"><figure class=\"aligncenter is-resized\"><img loading=\"lazy\" decoding=\"async\" src=\"http:\/\/mat.uab.cat\/web\/mif\/wp-content\/uploads\/sites\/19\/2019\/12\/07.LogoAIS.png\" alt=\"\" class=\"wp-image-97\" width=\"347\" height=\"268\" \/><\/figure><\/div>\n\n\n<div>\n<div>\n<div>\n<div><span><em>AIS &#8211; Aplicacions d&#8217;Intel\u00b7lig\u00e8ncia Artificial, SA<\/em><\/span><\/div>\n<div>&nbsp;<\/div>\n<div style=\"text-align: justify\"><span>&#8220;Estem molt satisfets amb els resultats. Els estudiants han demostrat que tenen coneixements extensos i s\u00f2lids,&nbsp;&nbsp;<\/span><span>que s&#8217;ajusten perfectament al nostre camp de treball&#8221;.<\/span><\/div>\n<\/div>\n<\/div>\n<p><span style=\"text-align: justify\"> &nbsp; &nbsp; &nbsp; &nbsp; &nbsp; &nbsp; &nbsp; &nbsp; &nbsp; &nbsp; &nbsp; &nbsp; &nbsp; &nbsp; &nbsp; &nbsp; &nbsp; &nbsp; &nbsp; &nbsp; &nbsp; &nbsp; &nbsp; &nbsp; &nbsp; &nbsp; &nbsp; &nbsp; &nbsp;&nbsp;<\/span><\/p>\n<\/div>\n<div>&nbsp;<\/div>","protected":false},"excerpt":{"rendered":"<p>Les institucions col\u00b7laboradores que donen suport a les pr\u00e0ctiques proporcionen el component necessari per a l\u2019aprenentatge pr\u00e0ctic.&nbsp;D\u2019aquesta manera, establim una l\u00ednia directa de col\u00b7laboraci\u00f3 entre el m\u00f3n acad\u00e8mic i professional, que ens permet desenvolupar i ensenyar les t\u00e8cniques m\u00e9s recents en la valoraci\u00f3 de derivats financers, les estrat\u00e8gies de cobertura i l\u2019avaluaci\u00f3 i el control [&hellip;]<\/p>\n","protected":false},"author":58,"featured_media":0,"parent":0,"menu_order":4,"comment_status":"closed","ping_status":"closed","template":"","meta":{"footnotes":""},"class_list":["post-87","page","type-page","status-publish","hentry"],"_links":{"self":[{"href":"https:\/\/mat.uab.cat\/web\/mif\/wp-json\/wp\/v2\/pages\/87","targetHints":{"allow":["GET"]}}],"collection":[{"href":"https:\/\/mat.uab.cat\/web\/mif\/wp-json\/wp\/v2\/pages"}],"about":[{"href":"https:\/\/mat.uab.cat\/web\/mif\/wp-json\/wp\/v2\/types\/page"}],"author":[{"embeddable":true,"href":"https:\/\/mat.uab.cat\/web\/mif\/wp-json\/wp\/v2\/users\/58"}],"replies":[{"embeddable":true,"href":"https:\/\/mat.uab.cat\/web\/mif\/wp-json\/wp\/v2\/comments?post=87"}],"version-history":[{"count":6,"href":"https:\/\/mat.uab.cat\/web\/mif\/wp-json\/wp\/v2\/pages\/87\/revisions"}],"predecessor-version":[{"id":230,"href":"https:\/\/mat.uab.cat\/web\/mif\/wp-json\/wp\/v2\/pages\/87\/revisions\/230"}],"wp:attachment":[{"href":"https:\/\/mat.uab.cat\/web\/mif\/wp-json\/wp\/v2\/media?parent=87"}],"curies":[{"name":"wp","href":"https:\/\/api.w.org\/{rel}","templated":true}]}}