{"id":9,"date":"2019-12-04T11:08:10","date_gmt":"2019-12-04T11:08:10","guid":{"rendered":"http:\/\/mat.uab.cat\/web\/mif\/?page_id=9"},"modified":"2025-02-04T08:14:19","modified_gmt":"2025-02-04T08:14:19","slug":"informacio","status":"publish","type":"page","link":"https:\/\/mat.uab.cat\/web\/mif\/informacio\/","title":{"rendered":"Informaci\u00f3 general"},"content":{"rendered":"\n<h4 class=\"wp-block-heading\"><strong>Informaci\u00f3 Principal<\/strong><\/h4>\n\n\n\n<p>L\u2019objectiu del MMIF \u00e9s formar analistes quantitatius amb una comprensi\u00f3 profunda i cr\u00edtica dels models i m\u00e8todes utilitzats en Finances, capa\u00e7os de treballar en recerca, desenvolupament i innovaci\u00f3 en aquest sector.<\/p>\n<p>Ens dirigim a joves amb talent matem\u00e0tic, tant si s\u00f3n llicenciats o graduats en Matem\u00e0tiques com si ho s\u00f3n en carreres afins com F\u00edsica, Estad\u00edstica, Economia, Enginyeria o altres equivalents. Les promocions que ja hem format mostren que els nostres titulats tenen una gran acceptaci\u00f3 en el mercat laboral.<\/p>\n\n\n\n<h4 class=\"wp-block-heading\"><strong> Estructura <\/strong><\/h4>\n\n\n\n<div style=\"text-align: justify\">La formaci\u00f3 est\u00e0 dividida en dues parts, amb un valor total de 60 ECTS:<\/div>\n<div>\n<ul>\n<li style=\"text-align: justify\">La primera part \u00e9s un programa acad\u00e8mic de formaci\u00f3 te\u00f2rica, de 36 ECTS, dividit en dos semestres. Cada semestre cobreix 7 assignatures diferents.<\/li>\n<li style=\"text-align: justify\">La segona part \u00e9s un per\u00edode de pr\u00e0ctiques curriculars de 450 hores, amb un valor de 18 ECTS, m\u00e9s un treball de final de m\u00e0ster de 6 ECTS.<\/li>\n<\/ul>\n<\/div>\n\n\n\n<h4 class=\"wp-block-heading\"> <strong>Acreditaci\u00f3 <\/strong><\/h4>\n\n\n\n<p style=\"text-align: justify\">Els estudiants que superen les dues parts reben el t\u00edtol m\u00e0ster atorgat per l\u2019Escola de Postgrau de la UAB. Els estudiants que superen la part acad\u00e8mica i no realitzen el per\u00edode de pr\u00e0ctiques reben el diploma d&#8217;especialitzaci\u00f3 em\u00e8s per l\u2019Escola de Postgrau de la UAB.<\/p>\n\n\n\n<h4 class=\"wp-block-heading\"><strong> Pre-requisits <\/strong><\/h4>\n\n\n\n<p style=\"text-align: justify\">El M\u00e0ster est\u00e0 dirigit a graduats en Matem\u00e0tiques, F\u00edsica, Estad\u00edstica, Economia, Enginyeria o estudis similars.&nbsp;No \u00e9s necessari tenir experi\u00e8ncia pr\u00e8via en finances.<\/p>\n\n\n\n<h4 class=\"wp-block-heading\"> <strong>Entrada <\/strong><\/h4>\n\n\n\n<p>Acceptem un m\u00e0xim de 20 estudiants.<\/p>\n\n\n\n<h4 class=\"wp-block-heading\"><strong> Pol\u00edtica acad\u00e8mica <\/strong><\/h4>\n\n\n\n<p style=\"text-align: justify\">Totes les assignatures s\u2019avaluen mitjan\u00e7ant examen o avaluaci\u00f3 continuada, en una sola convocat\u00f2ria.<\/p>\n\n\n\n<h4 class=\"wp-block-heading\"><strong> Pr\u00e0ctiques <\/strong><\/h4>\n\n\n\n<p style=\"text-align: justify\">Un cop finalitzada la part acad\u00e8mica, els estudiants podran iniciar pr\u00e0ctiques en una instituci\u00f3 financera.&nbsp;L\u2019entrada est\u00e0 subjecta a un proc\u00e9s de selecci\u00f3, inclosa una entrevista.&nbsp;Aquestes pr\u00e0ctiques es realitzen preferentment en una de les institucions associades, encara que en casos especials poden ser convalidades.<\/p>\n\n\n\n<h4 class=\"wp-block-heading\"><strong> Comissions <\/strong><\/h4>\n\n\n\n<p>El preu total del m\u00e0ster \u00e9s de 5550 \u20ac; part acad\u00e8mica (diploma d&#8217;especialitzaci\u00f3): 3.330 \u20ac.<\/p>\n\n\n\n<h4 class=\"wp-block-heading\"> <strong>Possibilitats de desenvolupament professional <\/strong><\/h4>\n\n\n\n<ul>\n<li>Bancs i altres institucions financeres.<\/li>\n<li>Consultories financeres.<\/li>\n<li>Companyies d&#8217;assegurances.<\/li>\n<li>Mercats financers.<\/li>\n<\/ul>\n\n\n\n<h4 class=\"wp-block-heading\"><strong> Contacte <\/strong><\/h4>\n\n\n\n<div>Xavier Bardina, coordinador de MMIF.<\/div>\n<div>N\u00famero de tel\u00e8fon: +34 93 586 85 63\n<div>Correu electr\u00f2nic: <a href=\"mailto:xavier.bardina@uab.cat\">xavier.bardina@uab.cat<\/a><\/div>\n<div>\u00a0<\/div>\n<\/div>\n<div>Correu electr\u00f2nic MIF: <a href=\"mailto:administracio.mif@uab.cat\">administracio.mif@uab.cat<\/a><\/div>\n<div>\u00a0<\/div>\n<div>\n<div><a href=\"http:\/\/www.uab.cat\/servlet\/Satellite\/postgrau\/master-en-matematiques-per-als-instruments-financers\/dades-basiques-1203328491238.html\/param1-1107_ca\/param2-2006\/\" target=\"_blank\" rel=\"noopener\">Escola de Postgrau<\/a>\u00a0<\/div>\n<\/div>\n","protected":false},"excerpt":{"rendered":"<p>Informaci\u00f3 Principal L\u2019objectiu del MMIF \u00e9s formar analistes quantitatius amb una comprensi\u00f3 profunda i cr\u00edtica dels models i m\u00e8todes utilitzats en Finances, capa\u00e7os de treballar en recerca, desenvolupament i innovaci\u00f3 en aquest sector. Ens dirigim a joves amb talent matem\u00e0tic, tant si s\u00f3n llicenciats o graduats en Matem\u00e0tiques com si ho s\u00f3n en carreres afins [&hellip;]<\/p>\n","protected":false},"author":1,"featured_media":0,"parent":0,"menu_order":2,"comment_status":"closed","ping_status":"closed","template":"","meta":{"footnotes":""},"class_list":["post-9","page","type-page","status-publish","hentry"],"_links":{"self":[{"href":"https:\/\/mat.uab.cat\/web\/mif\/wp-json\/wp\/v2\/pages\/9","targetHints":{"allow":["GET"]}}],"collection":[{"href":"https:\/\/mat.uab.cat\/web\/mif\/wp-json\/wp\/v2\/pages"}],"about":[{"href":"https:\/\/mat.uab.cat\/web\/mif\/wp-json\/wp\/v2\/types\/page"}],"author":[{"embeddable":true,"href":"https:\/\/mat.uab.cat\/web\/mif\/wp-json\/wp\/v2\/users\/1"}],"replies":[{"embeddable":true,"href":"https:\/\/mat.uab.cat\/web\/mif\/wp-json\/wp\/v2\/comments?post=9"}],"version-history":[{"count":19,"href":"https:\/\/mat.uab.cat\/web\/mif\/wp-json\/wp\/v2\/pages\/9\/revisions"}],"predecessor-version":[{"id":282,"href":"https:\/\/mat.uab.cat\/web\/mif\/wp-json\/wp\/v2\/pages\/9\/revisions\/282"}],"wp:attachment":[{"href":"https:\/\/mat.uab.cat\/web\/mif\/wp-json\/wp\/v2\/media?parent=9"}],"curies":[{"name":"wp","href":"https:\/\/api.w.org\/{rel}","templated":true}]}}