{"id":20,"date":"2019-09-17T15:25:43","date_gmt":"2019-09-17T15:25:43","guid":{"rendered":"https:\/\/francescperera.wordpress.com\/?page_id=20"},"modified":"2024-07-22T13:24:23","modified_gmt":"2024-07-22T13:24:23","slug":"students","status":"publish","type":"page","link":"https:\/\/mat.uab.cat\/web\/perera\/students\/","title":{"rendered":"Supervision"},"content":{"rendered":"\n<h3 class=\"wp-block-heading\">Current PhD Students <\/h3>\n\n\n\n<p>I am currently supervising one PhD student:<\/p>\n\n\n\n<ul class=\"wp-block-list\">\n<li>Guillem Quingles, co-supervised with Prof Pere Ara. Start date: December 2022.<\/li>\n<\/ul>\n\n\n\n<hr class=\"wp-block-separator has-css-opacity\" \/>\n\n\n\n<h3 class=\"wp-block-heading\">Past PhD Students<\/h3>\n\n\n\n<ul class=\"wp-block-list\">\n<li><a href=\"https:\/\/www.eduardvilalta.com\" data-type=\"link\" data-id=\"https:\/\/www.eduardvilalta.com\" target=\"_blank\" rel=\"noreferrer noopener\">Eduard Vilalta<\/a>. PhD Thesis: The range problem and dimension theory for the Cuntz semigroup, Universitat Aut\u00f2noma de Barcelona. Date of defense: June 21, 2022.<\/li>\n\n\n\n<li><a href=\"https:\/\/laurentcantier.fr\" target=\"_blank\" rel=\"noreferrer noopener\">Laurent Cantier<\/a>, co-supervised with Dr Ramon Antoine. PhD Thesis: <em>A new invariant for C*-algebras<\/em>, Universitat Aut\u00f2noma de Barcelona. Date of defense: Oct 2, 2020.<\/li>\n\n\n\n<li><a aria-label=\" (opens in a new tab)\" href=\"http:\/\/mat.uab.cat\/~jbosa\/\" target=\"_blank\" rel=\"noreferrer noopener\">Joan Bosa<\/a>. PhD Thesis: <em>Continuous fields of C*-algebras, their Cuntz semigroups, and the structure of dimension functions<\/em>, Universitat Aut\u00f2noma de Barcelona. Date of defense: Sept 23, 2013.<\/li>\n<\/ul>\n\n\n\n<hr class=\"wp-block-separator has-css-opacity\" \/>\n\n\n\n<h3 class=\"wp-block-heading\">Postdoctoral researchers<\/h3>\n\n\n\n<ul class=\"wp-block-list\">\n<li><a href=\"http:\/\/www.maths.lth.se\/sminchisescu\/research\/profile\/2\/henning-petzka\" target=\"_blank\" rel=\"noreferrer noopener\" aria-label=\" (opens in a new tab)\">Henning Petzka<\/a>, 2012-2013.<\/li>\n\n\n\n<li><a href=\"https:\/\/www.lakeheadu.ca\/users\/S\/lsantiag\" target=\"_blank\" rel=\"noreferrer noopener\" aria-label=\" (opens in a new tab)\">Luis Santiago<\/a>, Juan de la Cierva Postdoctoral Fellow, 2009-2011.<\/li>\n<\/ul>\n\n\n\n<hr class=\"wp-block-separator has-css-opacity\" \/>\n\n\n\n<h3 class=\"wp-block-heading\">Master students<\/h3>\n\n\n\n<ul class=\"wp-block-list\">\n<li>Eduard Vilalta. Master Thesis: <em>An overview of uniform Roe algebras: Asymtpotic dimension and Real Rank<\/em>, Universitat Polit\u00e8cnica de Catalunya, July 2019.<\/li>\n\n\n\n<li>Xavier Ba\u00f1os. Master Thesis: <em>Noncommutative dimension in C*-algebras<\/em>, Universitat Polit\u00e8cnica de Catalunya,  July 2017.<\/li>\n\n\n\n<li>Joan Bosa. Master Thesis: <em>Complecions de semigrups: aplicacions al semigrup de Cuntz<\/em>, Universitat Aut\u00f2noma de Barcelona, September 2009.<\/li>\n<\/ul>\n\n\n\n<hr class=\"wp-block-separator has-css-opacity\" \/>\n\n\n\n<h3 class=\"wp-block-heading\">Bachelor Students<\/h3>\n\n\n\n<ul class=\"wp-block-list\">\n<li>V\u00edctor Modenes Montero. <em>Una introducci\u00f3 a l&#8217;\u00c0lgebra Homol\u00f2gica<\/em>. July 2024. <\/li>\n\n\n\n<li>Marc Garc\u00eda Parra. <em>Monoides commutatius i condicions de refinament.<\/em> July 2023.<\/li>\n\n\n\n<li>David Mu\u00f1oz Lahoz. <em>The classification of finitely generated modules over a PID<\/em>. July 2022.<\/li>\n\n\n\n<li>Joan Campa\u00f1\u00e0 Poch. <em>Anells noetherians i anells de polinomis.<\/em> July 2022.<\/li>\n\n\n\n<li>Rafael Gal\u00e1n Mori\u00f1a. <em>Una introducci\u00f3 a la teoria K.<\/em> July 2022.<\/li>\n\n\n\n<li>Miquel Agull\u00f3 L\u00f3pez. <em>La condici\u00f3 de rang estable 1 en anells<\/em>. September 2020.<\/li>\n\n\n\n<li>David Fisac C\u00e1mara. <em>On C*-algebras and K-Theory: a complete introduction to the Cuntz semigroup.<\/em> July 2019.<\/li>\n\n\n\n<li>Francisco S\u00e1nchez Jorge. <em>Equival\u00e8ncies de Morita.<\/em> July 2019.<\/li>\n\n\n\n<li>Javier Armeijach Guijosa. <em>Funcionals: el seu paper en semigrups i anells.<\/em> September 2018.<\/li>\n\n\n\n<li>Eduard Vilalta Vila. <em>Teoria K per C*-\u00e0lgebres: La successi\u00f3 exacta de sis termes.<\/em> July 2018.<\/li>\n\n\n\n<li>Juan Enrique Garc\u00eda Morales. <em>Anells de fraccions.<\/em> September 2017.<\/li>\n\n\n\n<li>Xavier L\u00f3pez Espa\u00f1ol. <em>K-Teoria algebraica<\/em>. September 2017.<\/li>\n\n\n\n<li>Manel Rodr\u00edguez Soto. <em>C*-\u00e1lgebras complejas.<\/em> July 2017.<\/li>\n\n\n\n<li>Abel Rodr\u00edguez Bernat. <em>Grups abelians parcialment ordenats i classificaci\u00f3 d&#8217;\u00e0lgebres ultramatricials.<\/em> July 2017. <\/li>\n\n\n\n<li>Xavier Ba\u00f1os Boschmonart. <em>Anells de funcions cont\u00ednues i topologia no commutativa.<\/em> July 2016.<\/li>\n<\/ul>\n\n\n\n<p><\/p>\n","protected":false},"excerpt":{"rendered":"<p>Current PhD Students I am currently supervising one PhD student: Past PhD Students Postdoctoral researchers Master students Bachelor Students<\/p>\n","protected":false},"author":22,"featured_media":0,"parent":0,"menu_order":0,"comment_status":"closed","ping_status":"closed","template":"","meta":{"footnotes":""},"class_list":["post-20","page","type-page","status-publish","hentry"],"_links":{"self":[{"href":"https:\/\/mat.uab.cat\/web\/perera\/wp-json\/wp\/v2\/pages\/20","targetHints":{"allow":["GET"]}}],"collection":[{"href":"https:\/\/mat.uab.cat\/web\/perera\/wp-json\/wp\/v2\/pages"}],"about":[{"href":"https:\/\/mat.uab.cat\/web\/perera\/wp-json\/wp\/v2\/types\/page"}],"author":[{"embeddable":true,"href":"https:\/\/mat.uab.cat\/web\/perera\/wp-json\/wp\/v2\/users\/22"}],"replies":[{"embeddable":true,"href":"https:\/\/mat.uab.cat\/web\/perera\/wp-json\/wp\/v2\/comments?post=20"}],"version-history":[{"count":9,"href":"https:\/\/mat.uab.cat\/web\/perera\/wp-json\/wp\/v2\/pages\/20\/revisions"}],"predecessor-version":[{"id":1203,"href":"https:\/\/mat.uab.cat\/web\/perera\/wp-json\/wp\/v2\/pages\/20\/revisions\/1203"}],"wp:attachment":[{"href":"https:\/\/mat.uab.cat\/web\/perera\/wp-json\/wp\/v2\/media?parent=20"}],"curies":[{"name":"wp","href":"https:\/\/api.w.org\/{rel}","templated":true}]}}