{"id":44,"date":"2019-09-17T15:25:47","date_gmt":"2019-09-17T15:25:47","guid":{"rendered":"https:\/\/francescperera.wordpress.com\/?page_id=44"},"modified":"2024-07-22T13:31:12","modified_gmt":"2024-07-22T13:31:12","slug":"events","status":"publish","type":"page","link":"https:\/\/mat.uab.cat\/web\/perera\/events\/","title":{"rendered":"Events"},"content":{"rendered":"\n<div class=\"wp-block-button\"><a class=\"wp-block-button__link has-cyan-bluish-gray-background-color has-background wp-element-button\" href=\"http:\/\/mat.uab.cat\/web\/perera\/events#visits\">Visits &amp; Seminars<br><\/a><\/div>\n\n\n\n<div class=\"wp-block-button\"><a class=\"wp-block-button__link has-cyan-bluish-gray-background-color has-background wp-element-button\" href=\"http:\/\/mat.uab.cat\/web\/perera\/events#other\">Other<\/a><\/div>\n\n\n\n<h3 class=\"wp-block-heading\">(Co)organized events<\/h3>\n\n\n\n<h3 class=\"wp-block-heading\">2024<\/h3>\n\n\n\n<ul class=\"wp-block-list\">\n<li>Minisymposium on Operator Algebras in the <a href=\"https:\/\/www.ecm2024sevilla.com\" target=\"_blank\" rel=\"noreferrer noopener\">9th European Congress of Mathematics<\/a>, July 16-17, Sevilla (coorganized with Joan Bosa and Antonio Peralta).<\/li>\n<\/ul>\n\n\n\n<h3 class=\"wp-block-heading\">2023<\/h3>\n\n\n\n<ul class=\"wp-block-list\">\n<li><a href=\"https:\/\/scm.iec.cat\/sessions\/s14-logica\/\" target=\"_blank\" rel=\"noreferrer noopener\">Thematic session on Operator Algebras<\/a> in the meeting <a href=\"https:\/\/scm.iec.cat\/congres\/bmd-2023\/\" target=\"_blank\" rel=\"noreferrer noopener\">Barcelona Mathematical Days<\/a> (Societat Catalana de Matem\u00e0tiques), Institut d&#8217;Estudis Catalans, November 2-3, 2023 (coorganized with Ramon Antoine).<\/li>\n\n\n\n<li><a href=\"https:\/\/es-pl.math.uni.lodz.pl\/sessions.php\" target=\"_blank\" rel=\"noreferrer noopener\">Thematic session on Operator Algebras<\/a> in the <a href=\"https:\/\/es-pl.math.uni.lodz.pl\/index.php\" target=\"_blank\" rel=\"noreferrer noopener\">Spanish-Polish Mathematical Meeting<\/a>, Lodz, Poland, September 4-8, 2023 (coorganized with Joan Bosa, Stanislaw Goldstein, Bartosz Kwasniewski, and Mateusz Wasilewski).<\/li>\n\n\n\n<li><a href=\"https:\/\/www.crm.cat\/3rd-barcelona-weekend-on-operator-algebras\/\" target=\"_blank\" rel=\"noreferrer noopener\">III Barcelona Weekend on Operator Algebras<\/a>, Centre de Recerca Matem\u00e0tica (Barcelona), January 27-28, 2023 (coorganized with Ramon Antoine and Joan Bosa). <\/li>\n<\/ul>\n\n\n\n<h3 class=\"wp-block-heading\">2019<\/h3>\n\n\n\n<ul class=\"wp-block-list\">\n<li><a rel=\"noreferrer noopener\" aria-label=\"II Barcelona Weekend in Operator Algebras and Noncommutative Algebra (opens in a new tab)\" href=\"http:\/\/www.crm.cat\/en\/Activities\/Curs_2019-2020\/Pages\/BCN_2nd_Operator_Algebras.aspx\" target=\"_blank\">II Barcelona Weekend in Operator Algebras and Noncommutative Algebra<\/a>, Centre de Recerca Matem\u00e0tica (Barcelona), September 19-21, 2019 (coorganized with Joan Bosa).<\/li>\n\n\n\n<li><a rel=\"noreferrer noopener\" aria-label=\"Intensive Research Programme LIGAT (opens in a new tab)\" href=\"http:\/\/www.crm.cat\/en\/Activities\/Curs_2018-2019\/Pages\/IRP-LIGAT.aspx\" target=\"_blank\">Intensive Research Programme LIGAT<\/a>, Centre de Recerca Matem\u00e0tica (Barcelona), May 15 to July 15, 2019 (Member of the Organizing Committee).<\/li>\n\n\n\n<li><a rel=\"noreferrer noopener\" aria-label=\"Thematic Research Program: Operator Algebras, Groups, and applications to Quantum Information (opens in a new tab)\" href=\"https:\/\/www.icmat.es\/RT\/2019\/OAGAQI\/index.php\" target=\"_blank\">Thematic Research Program: Operator Algebras, Groups, and applications to Quantum Information<\/a>, ICMAT (Madrid), March 11-June 29, 2019 (Member of the Scientific Committee).<\/li>\n<\/ul>\n\n\n\n<h3 class=\"wp-block-heading\">2018<\/h3>\n\n\n\n<ul class=\"wp-block-list\">\n<li><a rel=\"noreferrer noopener\" aria-label=\"II Joint Meeting Brazil-Spain in Mathematics, (opens in a new tab)\" href=\"http:\/\/spabrazmathcadiz18.uca.es\/web\/Congreso\/?lang=en&amp;page=s\/s\/11\" target=\"_blank\">II Joint Meeting Brazil-Spain in Mathematics<\/a>, Special Session on Operator Algebras, Universidad de C\u00e1diz, December 11-14, 2018 (Member of the Organizing Committee).<\/li>\n\n\n\n<li><a rel=\"noreferrer noopener\" aria-label=\"Barcelona Weekend on Operator Algebras (opens in a new tab)\" href=\"http:\/\/www.crm.cat\/en\/Activities\/Curs_2018-2019\/Pages\/WK_Barcelona_Weekend_OA.aspx\" target=\"_blank\">Barcelona Weekend on Operator Algebras<\/a>, Centre de Recerca Matem\u00e0tica (Barcelona), November 16-17, 2018 (coorganizaed with Joan Bosa).<\/li>\n<\/ul>\n\n\n\n<h3 class=\"wp-block-heading\">2017<\/h3>\n\n\n\n<ul class=\"wp-block-list\">\n<li><a rel=\"noreferrer noopener\" aria-label=\"Meeting of the Edinburgh Mathematical Society and Catalan Mathematical Society (opens in a new tab)\" href=\"https:\/\/www.icms.org.uk\/workshops\/EMSSCM\" target=\"_blank\">Meeting of the Edinburgh Mathematical Society and Catalan Mathematical Society<\/a>, ICMS (Edinburgh), September 27-29, 2017  (coorganized a Special Session on Operator Algebras).<\/li>\n\n\n\n<li><a rel=\"noreferrer noopener\" aria-label=\"IRP Operator Algebras: Dynamics and Interactions (opens in a new tab)\" href=\"http:\/\/www.crm.cat\/en\/Activities\/Curs_2016-2017\/Pages\/IRP-OAL.aspx\" target=\"_blank\">IRP Operator Algebras: Dynamics and Interactions<\/a>, Centre de Recerca Matem\u00e0tica (Barcelona), March 6-July 21, 2017 (Program Coordinator).<\/li>\n\n\n\n<li><a rel=\"noreferrer noopener\" aria-label=\"An invitation to C*-algebras (course) (opens in a new tab)\" href=\"http:\/\/www.crm.cat\/en\/Activities\/Curs_2016-2017\/Pages\/An-invitation-to-C-algebras.aspx\" target=\"_blank\">An invitation to C*-algebras (course)<\/a>, Centre de Recerca Matem\u00e0tica (Barcelona), March 6-24, 2017 (Course organizer).<\/li>\n\n\n\n<li><a rel=\"noreferrer noopener\" aria-label=\"Advanced Course on Operator Algebras: Groupoids, crossed products, and Rokhlin dimension, (opens in a new tab)\" href=\"http:\/\/www.crm.cat\/en\/Activities\/Curs_2016-2017\/Pages\/Advanced-Course-on-Operator-algebras-and-dynamical-systems.aspx\" target=\"_blank\">Advanced Course on Operator Algebras: Groupoids, crossed products, and Rokhlin dimension,<\/a> Centre de Recerca Matem\u00e0tica (Barcelona), March 13-17, 2017 (Member of the Organizing and Scientific Committees).<\/li>\n\n\n\n<li><a rel=\"noreferrer noopener\" aria-label=\"\u2028Worskhop on C*-algebras and Dynamical Systems (opens in a new tab)\" href=\"http:\/\/www.crm.cat\/en\/Activities\/Curs_2016-2017\/Pages\/Workshop-Operator-Algebras-and-Dynamical-Systems.aspx\" target=\"_blank\">Worskhop on C*-algebras and Dynamical Systems<\/a>, Centre de Recerca Matem\u00e0tica (Barcelona), March 20-24, 2017 (Member of the Organizing and Scientific Committees).<\/li>\n\n\n\n<li><a rel=\"noreferrer noopener\" aria-label=\"Lecture series on von Neumann Algebras (course) (opens in a new tab)\" href=\"http:\/\/www.crm.cat\/en\/Activities\/Curs_2016-2017\/Pages\/Lecture-series-on-von-Neumann-algebras.aspx\" target=\"_blank\">Lecture series on von Neumann Algebras (course)<\/a>, Centre de Recerca Matem\u00e0tica (Barcelona), May 11-15, 2017 (Course organizer).<\/li>\n\n\n\n<li><a rel=\"noreferrer noopener\" aria-label=\"Barcelona Conference on C*-algebras: Structure, Classification, and Dynamics, (opens in a new tab)\" href=\"http:\/\/www.crm.cat\/en\/Activities\/Curs_2016-2017\/Pages\/Barcelona-Conference-on-C-algebras.aspx\" target=\"_blank\">Barcelona Conference on C*-algebras: Structure, Classification, and Dynamics,<\/a> Centre de Recerca Matem\u00e0tica (Barcelona), June 19-23, 2017 (Member of the Scientific and Organizing Committees).<\/li>\n<\/ul>\n\n\n\n<h3 class=\"wp-block-heading\">2011<\/h3>\n\n\n\n<ul class=\"wp-block-list\">\n<li>The Cuntz semigroup and the classification of C*-algebras, Centre de Recerca Matem\u00e0tica (Barcelona), February to July 2011 (Program Coordinator, jointly with Pere Ara).<\/li>\n\n\n\n<li>Workshop on Dynamics and C*-algebras, Centre de Recerca Matem\u00e0tica (Barcelona), April 6-8, 2011 (Member of the Organizing Committee).<\/li>\n\n\n\n<li>Advanced Course on Dynamical Systems, Centre de Recerca Matem\u00e0tica (Barcelona), June 14-23, 2011 (Member of the Organizing Committee).<\/li>\n\n\n\n<li>Conference on Structure and Classification of C*-algebras, Centre de Recerca Matem\u00e0tica (Barcelona), June 6-10, 2011 (Member of the Organizing Committee).<\/li>\n<\/ul>\n\n\n\n<h3 class=\"wp-block-heading\">2010<\/h3>\n\n\n\n<ul class=\"wp-block-list\">\n<li><a rel=\"noreferrer noopener\" aria-label=\"School and Workshop: Topics in Operator Algebras and Applications (opens in a new tab)\" href=\"https:\/\/www.icmat.es\/congresos\/toaa2013\/\" target=\"_blank\">School and Workshop: Topics in Operator Algebras and Applications<\/a>, ICMAT (Madrid), September 2-6, 2013 (Member of the Organizing Committee).<\/li>\n\n\n\n<li><a rel=\"noreferrer noopener\" href=\"http:\/\/www.mat.ucm.es\/imi\/web_workshop\/index.html\" target=\"_blank\">School and Workshop on Topics in Operator Algebras and some applications<\/a>, September 13-17, 2010, Universidad Complutense de Madrid (Member of the Organizing Committee).<\/li>\n\n\n\n<li>X Jornadas Espa\u00f1olas en Teor\u00eda de Anillos, Universitat Aut\u00f2noma de Barcelona, April 9-10, 2010.<\/li>\n<\/ul>\n\n\n\n<h3 class=\"wp-block-heading\">2008<\/h3>\n\n\n\n<ul class=\"wp-block-list\">\n<li><a href=\"https:\/\/www.rsme.es\/2008\/07\/escuela-de-matematicas-lluis-santalo-2008-algebras-de-operadores-y-aplicaciones\/\" target=\"_blank\" rel=\"noreferrer noopener\" aria-label=\"Escuela de Matem\u00e1ticas Llu\u00eds Santal\u00f3: Aspects of Operator Algebras and Applications (opens in a new tab)\">Escuela de Matem\u00e1ticas Llu\u00eds Santal\u00f3: Aspects of Operator Algebras and Applications<\/a>, UIMP (Santander), July 21-25, 2008 (coorganized with Pere Ara and Fernando Lled\u00f3). <\/li>\n<\/ul>\n\n\n\n<h3 class=\"wp-block-heading\">2007<\/h3>\n\n\n\n<ul class=\"wp-block-list\">\n<li>Discrete and Continuous Methods in Ring Theory, Centre de Recerca Matem\u00e0tica (Barcelona), September 2006-July 2007 (coordinated jointly with Prof Dolors Herbera).<\/li>\n\n\n\n<li>Barcelona Conference on C*-algebras and their invariants, Centre de Recerca Matem\u00e0tica (Barcelona), June 11-15, 2007  (Coordinator).<\/li>\n<\/ul>\n\n\n\n<h3 class=\"wp-block-heading\">2006<\/h3>\n\n\n\n<ul class=\"wp-block-list\">\n<li><a rel=\"noreferrer noopener\" aria-label=\"Workshop on Graph Algebras (opens in a new tab)\" href=\"http:\/\/agt.cie.uma.es\/~wga06\/\" target=\"_blank\">Workshop on Graph Algebras<\/a>, Universidad de M\u00e1laga, July 3-8, 2006 (coorganized with Gonzalo Aranda and Mercedes Siles Molina).<\/li>\n<\/ul>\n\n\n\n<h3 class=\"wp-block-heading\">2003-2007<\/h3>\n\n\n\n<ul class=\"wp-block-list\">\n<li>Ring Theory Seminar, Departament de Matem\u00e0tiques, Universitat Aut\u00f2noma de Barcelona (Coordinator).<\/li>\n<\/ul>\n\n\n\n<h3 class=\"wp-block-heading\">1996<\/h3>\n\n\n\n<ul class=\"wp-block-list\">\n<li>Segundas Jornadas Espa\u00f1olas en Teor\u00eda de Anillos, Centre de Recerca Matem\u00e0tica (Barcelona), April 1997 (Member of the Organizing Committee).<\/li>\n<\/ul>\n\n\n\n<hr class=\"wp-block-separator has-css-opacity is-style-default\" \/>\n\n\n\n<h3 class=\"wp-block-heading\" id=\"visits\">Research visits and Seminar talks<\/h3>\n\n\n\n<ul class=\"wp-block-list\">\n<li>The Fields Institute for Research in Mathematical Sciences, August 29-October 31, 2023, participated in the <a href=\"http:\/\/www.fields.utoronto.ca\/activities\/23-24\/operator-tp\" target=\"_blank\" rel=\"noreferrer noopener\">Thematic Program on Operator Algebras and Applications<\/a>. Seminar talk: <a href=\"http:\/\/www.fields.utoronto.ca\/talks\/Traces-ultrapowers-C-algebras\" target=\"_blank\" rel=\"noreferrer noopener\">Traces on ultrapowers of C*-algebras.<\/a><\/li>\n\n\n\n<li>University of Buffalo, October 18, 2023, to visit Prof. Hanfeng Li. Seminar talk: Traces on ultrapowers of C*-algebras.<\/li>\n\n\n\n<li>University of Kiel, December 5-9, 2022, to visit Prof Hannes Thiel. Seminar talk: Modern aspects of Cuntz semigroups.<\/li>\n\n\n\n<li>Universidad de M\u00e1laga, July 22-26, 2019, to visit Prof Mercedes Siles Molina. Seminar talk: <em>Ultraproductos de C*-\u00e1lgebras, su semigrupo de Cuntz, y sus (cuasi)trazas<\/em>.<\/li>\n\n\n\n<li>ICMAT (Madrid), March 18-29, 2019, partipated in the <a rel=\"noreferrer noopener\" aria-label=\"Thematic Research Program: Operator Algebras, Groups, and Applications to Quantum Information (opens in a new tab)\" href=\"https:\/\/www.icmat.es\/RT\/2019\/OAGAQI\/index.php\" target=\"_blank\">Thematic Research Program: Operator Algebras, Groups, and Applications to Quantum Information<\/a>. Seminar talk: <em>The beauty of the Cuntz semigroup<\/em>.<\/li>\n\n\n\n<li>Universitat Aut\u00f2noma de Barcelona, October 2018. Seminar talk: <em>Existence of infima in Cuntz semigroups and applications to the structure of C*-algebras with stable rank one<\/em>.<\/li>\n\n\n\n<li>University of Glasgow, April 16-20, 2018, to visit Prof Joachim Zacharias.<\/li>\n\n\n\n<li>NTNU (Trondheim), November 21-25, 2016, to visit Prof Eduard Ortega. Seminar talk: <em>Completeness of the category Cu and ultraproducts of C*-algebras<\/em>.<\/li>\n\n\n\n<li>Mittag-Leffler Institute (Stockholm), February 21 to March 18, 2016, participated in the <a rel=\"noreferrer noopener\" aria-label=\"Research Program Classification of Operator Algebras: Complexity, Rigidity, and Dynamics (opens in a new tab)\" href=\"http:\/\/www.mittag-leffler.se\/langa-program\/classification-operator-algebras-complexity-rigidity-and-dynamics\" target=\"_blank\">Research Program: Classification of Operator Algebras: Complexity, Rigidity, and Dynamics<\/a>.<\/li>\n\n\n\n<li>Research in Pairs at the Mathematical Research Institute of Oberwolfach, March 9-20, 2015, to work with Ramon Antoine and Hannes Thiel.<\/li>\n\n\n\n<li>The Fields Institute for Mathematical Sciences (Toronto), June 16-26, 2014, participated in the <a rel=\"noreferrer noopener\" aria-label=\"Thematic Program on Abstract Harmonic Analysis, Banach and Operator Algebras. (opens in a new tab)\" href=\"http:\/\/www.fields.utoronto.ca\/activities\/thematic\/thematic-program-abstract-harmonic-analysis-banach-and-operator-algebras\" target=\"_blank\">Thematic Program on Abstract Harmonic Analysis, Banach and Operator Algebras.<\/a><\/li>\n\n\n\n<li>University of Glasgow, May 5-9, 2014, to visit Dr Joan Bosa and Prof Joachim Zacharias. Seminar talk: <em>A new look at the category Cu<\/em>.<\/li>\n\n\n\n<li>M\u00fcnster Universit\u00e4t, July 2-6, 2012, to visit Prof. Wilhelm Winter. Seminar talk: <em>Strong products, almost unperforation, and almost divisibility<\/em>.<\/li>\n\n\n\n<li>Center for Operator Algebras (Shanghai), April 23-26, 2012, to visit Prof. Huaxin Lin. Seminar talk: <em>Semigroups in Cu with a strong product<\/em>.<\/li>\n\n\n\n<li>Purdue University, February 23-March 3, 2011, to visit Prof. Marius Dadarlat and Andrew S. Toms. Colloquium talk: <em>The Cuntz semigroup<\/em>.<\/li>\n\n\n\n<li>Wabash Extramural Modern Analysis Seminar, Feb 26, 2011. Seminar talk: <em>The Cuntz semigroup of pullbacks of C(X)-algebras<\/em>.<\/li>\n\n\n\n<li>University of Copenhagen, March 23-27, 2009, to visit Dr Eduard Ortega and Prof Mikael R\u00f8rdam. Seminar talk: <em>The corona factorization property and refinement monoids<\/em>.<\/li>\n\n\n\n<li>The Fields Institute for Mathematical Sciences (Toronto), October 22 to November 30, 2007, participated in the <a rel=\"noreferrer noopener\" aria-label=\"Thematic Program in Operator Algebras (opens in a new tab)\" href=\"https:\/\/www.fields.utoronto.ca\/programs\/scientific\/07-08\/operator_algebras\/\" target=\"_blank\">Thematic Program in Operator Algebras<\/a>. Seminar talk: <em>Purely infinite corona algebras<\/em>.<\/li>\n\n\n\n<li>University of New Brunswick (Fredericton), June 5-9, 2006, to visit Prof Andrew S. Toms. Mini-course (June 5-6): <em>K-Theory and C*-algebras<\/em>.<\/li>\n\n\n\n<li>University of Maribor, March 13-24 2006, to visit Prof Matej Bre\u0161ar. Seminar talk: <em>Recasting the Elliott Conjecture<\/em>.<\/li>\n\n\n\n<li>Universidad de M\u00e1laga, December 12-16, 2005, to visit Prof Mercedes Siles Molina. Seminar talk: <em>Una conjetura d\u00e9bil en la clasificaci\u00f3n de C*-\u00e1lgebras<\/em>.<\/li>\n\n\n\n<li>Universidad de Almer\u00eda, October 2004, Meeting of the Non-commutative Algebra Spanish Network. Seminar talk: <em>Anillos, grupos de Riesz y \u00e1lgebras de operadores<\/em>.<\/li>\n\n\n\n<li>Universidad de M\u00e1laga, September 2004, to visit Prof Mercedes Siles Molina. Seminar talk: <em>Divisibilidad d\u00e9bil en C*-\u00e1lgebras<\/em>.<\/li>\n\n\n\n<li>Universidad de Granada, December 2003. Seminar talk: <em>AF-embeddings en C*-\u00e1lgebras con rango real cero.<\/em><\/li>\n\n\n\n<li>Universidad de M\u00e1laga, December 9-12, 2003, to deliver the advanced course: <em>Una introducci\u00f3n a la teor\u00eda de C*-\u00e1lgebras<\/em>. <\/li>\n\n\n\n<li>University of Glasgow, May 2003. Seminar talk: <em>Multiplier algebras have algebraic relatives<\/em>.<\/li>\n\n\n\n<li>Trinity College Dublin, April 2003. Mathematical Colloquium talk: <em>Gromov&#8217;s translation algebras<\/em>.<\/li>\n\n\n\n<li>University of Copenhagen, April 2003, one month visit to Prof Gert K. Pedersen. Colloquim talk: <em>The exchange property for translation algebras<\/em>.<\/li>\n\n\n\n<li>University College Cork, December 2002. Mathematical Colloquium: <em>Non-stable K-Theory for two classes of rings<\/em>.<\/li>\n\n\n\n<li>Mathematical Institute Oxford, December 2002. Seminar talk: <em>Algebraic relatives of operator algebras of low dimension and their non-stable K-Theory<\/em>.<\/li>\n\n\n\n<li>University of Washington, July 2002, to visit Prof Ken R. Goodearl. Seminar talk: <em>Non-stable K-theory for two classes of rings<\/em>. <\/li>\n\n\n\n<li>Queen&#8217;s University Belfast, March 2002. Seminar talk: <em>Stable finiteness of group rings in arbitrary characteristic<\/em>.<\/li>\n\n\n\n<li>Queen&#8217;s University Belfast, November 2001. Seminar talk: <em>Extensions and pullbacks in QB-rings<\/em>.<\/li>\n\n\n\n<li>Queen&#8217;s University Belfast, March 2001. Seminar talk: <em>A closure operation in rings<\/em>.<\/li>\n\n\n\n<li>Queen&#8217;s University Belfast, Lecturer at the Pure Mathematics Department, 2001-03.<\/li>\n\n\n\n<li>University of Copenhagen, September 1999. Seminar talk: <em>An infinite analogue of rings with stable rank one<\/em>.<\/li>\n\n\n\n<li>University of Copenhagen and University of Southern Denmark. Seminar talks: <em>Lifting units modulo exchange ideals and C*-algebras with real rank zero.<\/em><\/li>\n\n\n\n<li>University of Copenhaguen, May 1999. Seminar talk: <em>Extremal richness of corona algebras of simple C*-algebras with real rank zero<\/em>. <\/li>\n\n\n\n<li>University of Copenhagen, February-September 1999, Postdoctoral Researcher with Prof. Gert K. Pedersen. <\/li>\n\n\n\n<li>University of California at Santa Barbara, October 1994, and October to December 1995, Graduate student, visiting Prof. Ken R. Goodearl. Seminar talks:  <em>Cuntz&#8217;s relations on positive elements in C*-algebras<\/em> (1994); <em>Some comparability relations for C*-algebras<\/em> (1995).<\/li>\n<\/ul>\n\n\n\n<hr class=\"wp-block-separator has-css-opacity is-style-default\" \/>\n\n\n\n<h3 class=\"wp-block-heading\" id=\"other\">Other attended events<\/h3>\n\n\n\n<ul class=\"wp-block-list\">\n<li><a href=\"http:\/\/www.fields.utoronto.ca\/activities\/23-24\/operator-groups\" target=\"_blank\" rel=\"noreferrer noopener\">Workshop on Operator Algebras and Applications: Groups and Group Actions<\/a>, The Fields Institute for Research in Mathematical Sciences, October 2 &#8211; 6, 2023<\/li>\n\n\n\n<li><a href=\"http:\/\/www.fields.utoronto.ca\/activities\/23-24\/operator-symmetry\" target=\"_blank\" rel=\"noreferrer noopener\">Workshop on Operator Algebras and Applications: Symmetry and Structure<\/a>, The Fields Institute for Research in Mathematical Sciences, September 18 &#8211; 22, 2023.<\/li>\n\n\n\n<li><a href=\"http:\/\/www.fields.utoronto.ca\/activities\/23-24\/operator-logic\">Workshop on Operator Algebras and Applications: Connections with Logic<\/a>, The Fields Institute for Research in Mathematical Sciences, August 28 &#8211; September 1, 2023.<\/li>\n\n\n\n<li><a href=\"https:\/\/www.8ecm.si\/\" target=\"_blank\" rel=\"noreferrer noopener\">8th European Congress of Mathematics<\/a>, June 20-26, 2021.<\/li>\n\n\n\n<li><a href=\"http:\/\/www.fields.utoronto.ca\/activities\/19-20\/COSy\" target=\"_blank\" rel=\"noreferrer noopener\">The 48th Canadian Operator Symposium<\/a>, May 25 &#8211; 29, 2020 (online).<\/li>\n\n\n\n<li><a href=\"https:\/\/web.math.pmf.unizg.hr\/ZWOT2020\/\" target=\"_blank\" rel=\"noreferrer noopener\">Zagreb Workshop on Operator Theory<\/a>, June 29-30, 2020 (online).<\/li>\n\n\n\n<li>NCGOA, M\u00fcnster Universit\u00e4t, May 14-18, 2018. <\/li>\n\n\n\n<li>C*-algebras, Dynamics, and Classification, MFO (Oberwolfach), October 28 to November 23, 2012.<\/li>\n\n\n\n<li>ICM, Madrid, August 22-30, 2006 .<\/li>\n\n\n\n<li>3rd European Congress of Mathematics, Barcelona, July 2000.<\/li>\n\n\n\n<li>Operator algebras and non-commutative geometry, CNRS Carg\u00e8se (Corsica), July 4-10, 1999.<\/li>\n\n\n\n<li>Ring Theory Conference, Miskolc, June 15-20, 1996.<\/li>\n\n\n\n<li>Some Trends in Algebra 95, Praha, September 4-8, 1995.<\/li>\n\n\n\n<li>Abelian Groups and Modules, Padova, June 27 to July 1st, 1994.<\/li>\n<\/ul>\n","protected":false},"excerpt":{"rendered":"<p>(Co)organized events 2024 2023 2019 2018 2017 2011 2010 2008 2007 2006 2003-2007 1996 Research visits and Seminar talks Other attended events<\/p>\n","protected":false},"author":22,"featured_media":0,"parent":0,"menu_order":0,"comment_status":"closed","ping_status":"closed","template":"","meta":{"footnotes":""},"class_list":["post-44","page","type-page","status-publish","hentry"],"_links":{"self":[{"href":"https:\/\/mat.uab.cat\/web\/perera\/wp-json\/wp\/v2\/pages\/44","targetHints":{"allow":["GET"]}}],"collection":[{"href":"https:\/\/mat.uab.cat\/web\/perera\/wp-json\/wp\/v2\/pages"}],"about":[{"href":"https:\/\/mat.uab.cat\/web\/perera\/wp-json\/wp\/v2\/types\/page"}],"author":[{"embeddable":true,"href":"https:\/\/mat.uab.cat\/web\/perera\/wp-json\/wp\/v2\/users\/22"}],"replies":[{"embeddable":true,"href":"https:\/\/mat.uab.cat\/web\/perera\/wp-json\/wp\/v2\/comments?post=44"}],"version-history":[{"count":24,"href":"https:\/\/mat.uab.cat\/web\/perera\/wp-json\/wp\/v2\/pages\/44\/revisions"}],"predecessor-version":[{"id":1205,"href":"https:\/\/mat.uab.cat\/web\/perera\/wp-json\/wp\/v2\/pages\/44\/revisions\/1205"}],"wp:attachment":[{"href":"https:\/\/mat.uab.cat\/web\/perera\/wp-json\/wp\/v2\/media?parent=44"}],"curies":[{"name":"wp","href":"https:\/\/api.w.org\/{rel}","templated":true}]}}